 {"id":101,"date":"2015-07-16T16:29:49","date_gmt":"2015-07-16T16:29:49","guid":{"rendered":"http:\/\/190.202.129.93:7600\/ucat\/?page_id=101"},"modified":"2017-05-26T09:32:28","modified_gmt":"2017-05-26T09:32:28","slug":"organos-colegiados","status":"publish","type":"page","link":"https:\/\/www.ucat.edu.ve\/web\/organos-colegiados\/","title":{"rendered":"\u00d3rganos Colegiados"},"content":{"rendered":"<p>&nbsp;<\/p>\n<p style=\"text-align: justify;\"><strong>Consejo Fundacional<\/strong><\/p>\n<p style=\"text-align: justify;\">El Consejo Fundacional de la Universidad Cat\u00f3lica del T\u00e1chira es el \u00f3rgano a trav\u00e9s del cual el Obispo de la Di\u00f3cesis de San Crist\u00f3bal, en su car\u00e1cter de Gran Canciller, ejerce el alto patronazgo de la instituci\u00f3n de conformidad con lo establecido en la Ley de Universidades y en el Estatuto Org\u00e1nico.<\/p>\n<p style=\"text-align: justify;\">El Consejo Fundacional est\u00e1 integrado por el Gran Canciller, quien lo presidir\u00e1, por el Prep\u00f3sito Provincial de la Compa\u00f1\u00eda de Jes\u00fas en Venezuela, por el Rector de la Universidad y por tres representantes de los profesores, cuatro de la Di\u00f3cesis de San Crist\u00f3bal y un representante de la Compa\u00f1\u00eda de Jes\u00fas, designado por su Provincial en Venezuela.<\/p>\n<p><strong>Consejo Universitario<\/strong><\/p>\n<p>Es el \u00f3rgano al cual le compete la conducci\u00f3n acad\u00e9mica y el gobierno de la Instituci\u00f3n. Es presidido por el Rector e integrado adem\u00e1s por los Vicerrectores, el Secretario General, los Decanos, tres representantes de los profesores electos por \u00e9stos, tres representantes de los estudiantes electos por \u00e9stos y tres profesores por designaci\u00f3n rectoral.<\/p>\n<p><strong>Consejo de Apelaciones<\/strong><\/p>\n<p>El Consejo de Apelaciones es el organismo superior de la Universidad Cat\u00f3lica del T\u00e1chira en materia disciplinaria y est\u00e1 integrado por tres profesores calificados, seg\u00fan lo establecido en la Ley de Universidad y el Estatuto Org\u00e1nico.<\/p>\n<p>El Consejo de Apelaciones decide en \u00faltima instancia administrativa, los recursos interpuestos por sanciones disciplinarias impuestas a los alumnos o al personal docente y de investigaci\u00f3n por los \u00f3rganos competentes de la Universidad. Sirve de Tribunal de Honor en todos los asuntos que le sean sometidos por v\u00eda de arbitraje.<\/p>\n<p><strong>Consejo de Administraci\u00f3n<\/strong><\/p>\n<p>Es el \u00f3rgano a quien compete la aprobaci\u00f3n y vigilancia de las actividades econ\u00f3micas y financieras de la Universidad, as\u00ed como la administraci\u00f3n de los bienes muebles e inmuebles que pertenecen a la Instituci\u00f3n de conformidad con lo establecido en el Estatuto Org\u00e1nico.<\/p>\n<p>El Consejo est\u00e1 conformado por el Gran Canciller, quien lo preside, el Rector, el Vicerrector Administrativo y tres miembros de reconocida prudencia y pericia en asuntos econ\u00f3micos, designados por el Gran Canciller.<\/p>\n<p><strong>Consejo Rectoral<\/strong><\/p>\n<p>El Consejo Rectoral de la Universidad Cat\u00f3lica del T\u00e1chira es un organismo de coordinaci\u00f3n, de estudios y de toma de decisiones. Est\u00e1 integrado por el Rector, los Vicerrectores y por el Secretario de la Universidad, de conformidad con lo establecido en el Estatuto Org\u00e1nico.<\/p>\n<p><strong>Consejos de Facultad<\/strong><\/p>\n<p>Es el \u00f3rgano colegiado de gobierno de cada una de las Facultades que integran la Universidad. Es presidido por el Decano e integrado adem\u00e1s por los Directores de Escuela, tres representantes de los profesores, electos por \u00e9stos, dos representantes estudiantiles, electos por \u00e9stos y tres profesores por designaci\u00f3n rectoral.<\/p>\n<p><strong>Consejo General de Estudios de Postgrado<\/strong><\/p>\n<p>El Consejo General de Estudios de Postgrado es el \u00f3rgano colegiado tutelar de los estudios de Postgrado de la Universidad Cat\u00f3lica del T\u00e1chira. Lo integran el Director General de Estudios de Postgrado quien lo convoca y preside, los directores de \u00e1reas de estudio, un representante designado por el Consejo de Desarrollo Cient\u00edfico Human\u00edstico y Tecnol\u00f3gico de la UCAT y dos representantes designados por el Vicerrector Acad\u00e9mico de entre los directores de institutos o centros de investigaci\u00f3n.<\/p>\n<p style=\"text-align: justify;\"><strong>Consejo del Medio Universitario<\/strong><\/p>\n<p style=\"text-align: justify;\">El Decanato del Medio Universitario surge como medio para fomentar y favorecer la realizaci\u00f3n de la misi\u00f3n e identidad de la UCAT a trav\u00e9s de la creaci\u00f3n del ambiente propicio para la formaci\u00f3n integral, pretendiendo el desarrollo arm\u00f3nico de todas las dimensiones de la persona, la construcci\u00f3n de la comunidad educativa y el mejoramiento de la calidad de vida de todos sus miembros.<\/p>\n<h3 style=\"text-align: justify;\"><\/h3>\n<h3 style=\"text-align: justify;\"><\/h3>\n<h3><\/h3>\n<h3><\/h3>\n<h3><\/h3>\n<h3><\/h3>\n","protected":false},"excerpt":{"rendered":"<p>&nbsp; Consejo Fundacional El Consejo Fundacional de la Universidad Cat\u00f3lica del T\u00e1chira es el \u00f3rgano a trav\u00e9s del cual el Obispo de la Di\u00f3cesis de San Crist\u00f3bal, en su car\u00e1cter de Gran Canciller, ejerce el alto patronazgo de la instituci\u00f3n de conformidad con lo establecido en la Ley de Universidades y en el Estatuto Org\u00e1nico.<\/p>\n","protected":false},"author":1,"featured_media":0,"parent":0,"menu_order":0,"comment_status":"closed","ping_status":"closed","template":"fullwidth.php","meta":[],"yoast_head":"<!-- This site is optimized with the Yoast SEO plugin v19.2 - https:\/\/yoast.com\/wordpress\/plugins\/seo\/ -->\n<title>\u00d3rganos Colegiados - Universidad Cat\u00f3lica del T\u00e1chira<\/title>\n<meta name=\"robots\" content=\"index, follow, max-snippet:-1, max-image-preview:large, max-video-preview:-1\" \/>\n<link rel=\"canonical\" href=\"https:\/\/www.ucat.edu.ve\/web\/organos-colegiados\/\" \/>\n<meta property=\"og:locale\" content=\"es_ES\" \/>\n<meta property=\"og:type\" content=\"article\" \/>\n<meta property=\"og:title\" content=\"\u00d3rganos Colegiados - Universidad Cat\u00f3lica del T\u00e1chira\" \/>\n<meta property=\"og:description\" content=\"&nbsp; Consejo Fundacional El Consejo Fundacional de la Universidad Cat\u00f3lica del T\u00e1chira es el \u00f3rgano a trav\u00e9s del cual el Obispo de la Di\u00f3cesis de San Crist\u00f3bal, en su car\u00e1cter de Gran Canciller, ejerce el alto patronazgo de la instituci\u00f3n de conformidad con lo establecido en la Ley de Universidades y en el Estatuto Org\u00e1nico.\" \/>\n<meta property=\"og:url\" content=\"https:\/\/www.ucat.edu.ve\/web\/organos-colegiados\/\" \/>\n<meta property=\"og:site_name\" content=\"Universidad Cat\u00f3lica del T\u00e1chira\" \/>\n<meta property=\"article:publisher\" content=\"https:\/\/www.facebook.com\/notiucat\/\" \/>\n<meta property=\"article:modified_time\" content=\"2017-05-26T09:32:28+00:00\" \/>\n<meta name=\"author\" content=\"Superadministrador\" \/>\n<meta name=\"twitter:card\" content=\"summary_large_image\" \/>\n<meta name=\"twitter:site\" content=\"@notiucat\" \/>\n<meta name=\"twitter:label1\" content=\"Est. reading time\" \/>\n\t<meta name=\"twitter:data1\" content=\"3 minutos\" \/>\n<script type=\"application\/ld+json\" class=\"yoast-schema-graph\">{\"@context\":\"https:\/\/schema.org\",\"@graph\":[{\"@type\":\"Organization\",\"@id\":\"https:\/\/www.ucat.edu.ve\/web\/#organization\",\"name\":\"Universidad Cat\u00f3lica Del T\u00e1chira UCAT\",\"url\":\"https:\/\/www.ucat.edu.ve\/web\/\",\"sameAs\":[\"https:\/\/www.instagram.com\/notiucat\/\",\"https:\/\/www.youtube.com\/channel\/UCwEbYSB1R9fzlII-8dcxuYA?view_as=subscriber\",\"https:\/\/www.facebook.com\/notiucat\/\",\"https:\/\/twitter.com\/notiucat\"],\"logo\":{\"@type\":\"ImageObject\",\"inLanguage\":\"es-ES\",\"@id\":\"https:\/\/www.ucat.edu.ve\/web\/#\/schema\/logo\/image\/\",\"url\":\"https:\/\/www.ucat.edu.ve\/web\/wp-content\/uploads\/2015\/07\/logoucat.gif\",\"contentUrl\":\"https:\/\/www.ucat.edu.ve\/web\/wp-content\/uploads\/2015\/07\/logoucat.gif\",\"width\":219,\"height\":155,\"caption\":\"Universidad Cat\u00f3lica Del T\u00e1chira UCAT\"},\"image\":{\"@id\":\"https:\/\/www.ucat.edu.ve\/web\/#\/schema\/logo\/image\/\"}},{\"@type\":\"WebSite\",\"@id\":\"https:\/\/www.ucat.edu.ve\/web\/#website\",\"url\":\"https:\/\/www.ucat.edu.ve\/web\/\",\"name\":\"Universidad Cat\u00f3lica del T\u00e1chira\",\"description\":\"\",\"publisher\":{\"@id\":\"https:\/\/www.ucat.edu.ve\/web\/#organization\"},\"potentialAction\":[{\"@type\":\"SearchAction\",\"target\":{\"@type\":\"EntryPoint\",\"urlTemplate\":\"https:\/\/www.ucat.edu.ve\/web\/?s={search_term_string}\"},\"query-input\":\"required name=search_term_string\"}],\"inLanguage\":\"es-ES\"},{\"@type\":\"WebPage\",\"@id\":\"https:\/\/www.ucat.edu.ve\/web\/organos-colegiados\/#webpage\",\"url\":\"https:\/\/www.ucat.edu.ve\/web\/organos-colegiados\/\",\"name\":\"\u00d3rganos Colegiados - Universidad Cat\u00f3lica del T\u00e1chira\",\"isPartOf\":{\"@id\":\"https:\/\/www.ucat.edu.ve\/web\/#website\"},\"datePublished\":\"2015-07-16T16:29:49+00:00\",\"dateModified\":\"2017-05-26T09:32:28+00:00\",\"breadcrumb\":{\"@id\":\"https:\/\/www.ucat.edu.ve\/web\/organos-colegiados\/#breadcrumb\"},\"inLanguage\":\"es-ES\",\"potentialAction\":[{\"@type\":\"ReadAction\",\"target\":[\"https:\/\/www.ucat.edu.ve\/web\/organos-colegiados\/\"]}]},{\"@type\":\"BreadcrumbList\",\"@id\":\"https:\/\/www.ucat.edu.ve\/web\/organos-colegiados\/#breadcrumb\",\"itemListElement\":[{\"@type\":\"ListItem\",\"position\":1,\"name\":\"Home\",\"item\":\"https:\/\/www.ucat.edu.ve\/web\/\"},{\"@type\":\"ListItem\",\"position\":2,\"name\":\"\u00d3rganos Colegiados\"}]}]}<\/script>\n<!-- \/ Yoast SEO plugin. -->","yoast_head_json":{"title":"\u00d3rganos Colegiados - Universidad Cat\u00f3lica del T\u00e1chira","robots":{"index":"index","follow":"follow","max-snippet":"max-snippet:-1","max-image-preview":"max-image-preview:large","max-video-preview":"max-video-preview:-1"},"canonical":"https:\/\/www.ucat.edu.ve\/web\/organos-colegiados\/","og_locale":"es_ES","og_type":"article","og_title":"\u00d3rganos Colegiados - Universidad Cat\u00f3lica del T\u00e1chira","og_description":"&nbsp; Consejo Fundacional El Consejo Fundacional de la Universidad Cat\u00f3lica del T\u00e1chira es el \u00f3rgano a trav\u00e9s del cual el Obispo de la Di\u00f3cesis de San Crist\u00f3bal, en su car\u00e1cter de Gran Canciller, ejerce el alto patronazgo de la instituci\u00f3n de conformidad con lo establecido en la Ley de Universidades y en el Estatuto Org\u00e1nico.","og_url":"https:\/\/www.ucat.edu.ve\/web\/organos-colegiados\/","og_site_name":"Universidad Cat\u00f3lica del T\u00e1chira","article_publisher":"https:\/\/www.facebook.com\/notiucat\/","article_modified_time":"2017-05-26T09:32:28+00:00","author":"Superadministrador","twitter_card":"summary_large_image","twitter_site":"@notiucat","twitter_misc":{"Est. reading time":"3 minutos"},"schema":{"@context":"https:\/\/schema.org","@graph":[{"@type":"Organization","@id":"https:\/\/www.ucat.edu.ve\/web\/#organization","name":"Universidad Cat\u00f3lica Del T\u00e1chira UCAT","url":"https:\/\/www.ucat.edu.ve\/web\/","sameAs":["https:\/\/www.instagram.com\/notiucat\/","https:\/\/www.youtube.com\/channel\/UCwEbYSB1R9fzlII-8dcxuYA?view_as=subscriber","https:\/\/www.facebook.com\/notiucat\/","https:\/\/twitter.com\/notiucat"],"logo":{"@type":"ImageObject","inLanguage":"es-ES","@id":"https:\/\/www.ucat.edu.ve\/web\/#\/schema\/logo\/image\/","url":"https:\/\/www.ucat.edu.ve\/web\/wp-content\/uploads\/2015\/07\/logoucat.gif","contentUrl":"https:\/\/www.ucat.edu.ve\/web\/wp-content\/uploads\/2015\/07\/logoucat.gif","width":219,"height":155,"caption":"Universidad Cat\u00f3lica Del T\u00e1chira UCAT"},"image":{"@id":"https:\/\/www.ucat.edu.ve\/web\/#\/schema\/logo\/image\/"}},{"@type":"WebSite","@id":"https:\/\/www.ucat.edu.ve\/web\/#website","url":"https:\/\/www.ucat.edu.ve\/web\/","name":"Universidad Cat\u00f3lica del T\u00e1chira","description":"","publisher":{"@id":"https:\/\/www.ucat.edu.ve\/web\/#organization"},"potentialAction":[{"@type":"SearchAction","target":{"@type":"EntryPoint","urlTemplate":"https:\/\/www.ucat.edu.ve\/web\/?s={search_term_string}"},"query-input":"required name=search_term_string"}],"inLanguage":"es-ES"},{"@type":"WebPage","@id":"https:\/\/www.ucat.edu.ve\/web\/organos-colegiados\/#webpage","url":"https:\/\/www.ucat.edu.ve\/web\/organos-colegiados\/","name":"\u00d3rganos Colegiados - Universidad Cat\u00f3lica del T\u00e1chira","isPartOf":{"@id":"https:\/\/www.ucat.edu.ve\/web\/#website"},"datePublished":"2015-07-16T16:29:49+00:00","dateModified":"2017-05-26T09:32:28+00:00","breadcrumb":{"@id":"https:\/\/www.ucat.edu.ve\/web\/organos-colegiados\/#breadcrumb"},"inLanguage":"es-ES","potentialAction":[{"@type":"ReadAction","target":["https:\/\/www.ucat.edu.ve\/web\/organos-colegiados\/"]}]},{"@type":"BreadcrumbList","@id":"https:\/\/www.ucat.edu.ve\/web\/organos-colegiados\/#breadcrumb","itemListElement":[{"@type":"ListItem","position":1,"name":"Home","item":"https:\/\/www.ucat.edu.ve\/web\/"},{"@type":"ListItem","position":2,"name":"\u00d3rganos Colegiados"}]}]}},"_links":{"self":[{"href":"https:\/\/www.ucat.edu.ve\/web\/wp-json\/wp\/v2\/pages\/101"}],"collection":[{"href":"https:\/\/www.ucat.edu.ve\/web\/wp-json\/wp\/v2\/pages"}],"about":[{"href":"https:\/\/www.ucat.edu.ve\/web\/wp-json\/wp\/v2\/types\/page"}],"author":[{"embeddable":true,"href":"https:\/\/www.ucat.edu.ve\/web\/wp-json\/wp\/v2\/users\/1"}],"replies":[{"embeddable":true,"href":"https:\/\/www.ucat.edu.ve\/web\/wp-json\/wp\/v2\/comments?post=101"}],"version-history":[{"count":0,"href":"https:\/\/www.ucat.edu.ve\/web\/wp-json\/wp\/v2\/pages\/101\/revisions"}],"wp:attachment":[{"href":"https:\/\/www.ucat.edu.ve\/web\/wp-json\/wp\/v2\/media?parent=101"}],"curies":[{"name":"wp","href":"https:\/\/api.w.org\/{rel}","templated":true}]}}