 {"id":106,"date":"2015-07-16T16:34:36","date_gmt":"2015-07-16T16:34:36","guid":{"rendered":"http:\/\/190.202.129.93:7600\/ucat\/?page_id=106"},"modified":"2017-05-26T09:39:53","modified_gmt":"2017-05-26T09:39:53","slug":"distinciones-honorificas","status":"publish","type":"page","link":"https:\/\/www.ucat.edu.ve\/web\/distinciones-honorificas\/","title":{"rendered":"Distinciones Honorificas"},"content":{"rendered":"<h1 style=\"text-align: center;\">Distinciones Honor\u00edficas de la UCAT<\/h1>\n<p>&nbsp;<\/p>\n<p style=\"text-align: justify;\">Corresponde a la Universidad reconocer los honores que merecen las instituciones y personas de sobresalientes m\u00e9ritos en el campo educacional, cient\u00edfico, cultural o profesional, a los graduandos que se hayan distinguido en sus estudios, a los miembros del personal acad\u00e9mico con relevante actuaci\u00f3n docente o de investigaci\u00f3n, as\u00ed como al personal administrativo que se hubiere destacado por su eficiencia, preparaci\u00f3n y perseverancia en el trabajo y su ejemplar conducta p\u00fablica y privada.<\/p>\n<p style=\"text-align: justify;\">Las distinciones honor\u00edficas que concede la UCAT, se rigen por lo establecido en el Reglamento de Distinciones Honor\u00edficas de la Universidad Cat\u00f3lica del T\u00e1chira (aprobado por el Consejo Universitario en su reuni\u00f3n de fecha 22 de mayo de 2007).<\/p>\n<p style=\"text-align: justify;\">De estos reconocimientos, el Doctorado \u00abHonoris Causa\u00bb es el grado acad\u00e9mico honorario y la m\u00e1s alta distinci\u00f3n extraordinaria que concede la Universidad Cat\u00f3lica del T\u00e1chira en reconocimiento y manifestaci\u00f3n de admiraci\u00f3n de la Universidad a personalidades nacionales y\/o extranjeras quienes, por su trayectoria y excepcionales m\u00e9ritos en sus labores cient\u00edficas, human\u00edsticas, culturales o profesionales, son un ejemplo de inspiraci\u00f3n y orientaci\u00f3n para la comunidad universitaria.<\/p>\n<p style=\"text-align: justify;\">En su historia institucional, la Universidad Cat\u00f3lica del T\u00e1chira ha concedido:<\/p>\n<h3 style=\"text-align: justify;\"><strong>Doctorado &#8220;Honoris Causa&#8221;<\/strong><\/h3>\n<p>&#8211; Su Eminencia Reverend\u00edsima Cardenal Jos\u00e9 Humberto Quintero, en Educaci\u00f3n, seg\u00fan acuerdo del Consejo Universitario de fecha 17 de septiembre de 1982.<br \/>\n&#8211; R. H. Gregorio Lanz S.I. Post-mortem, en Educaci\u00f3n, seg\u00fan acuerdo del Consejo Universitario de fecha 28 de mayo de 1985.<br \/>\n&#8211; Dr. Pedro Rinc\u00f3n Guti\u00e9rrez, en Derecho, seg\u00fan acuerdo Consejo Universitario de fecha 26 de febrero de 1988.<br \/>\n&#8211; Monse\u00f1or Carlos S\u00e1nchez Espejo, Protonotario Apost\u00f3lico supernumerario, en Derecho, seg\u00fan acuerdo del Consejo Universitario de fecha 7 de noviembre de 1988.<br \/>\n&#8211; Dr. Jos\u00e9 Antonio De Armas Chitty, en Educaci\u00f3n, seg\u00fan acuerdo del Consejo Universitario de fecha 13 de diciembre de 1990.<br \/>\n&#8211; Dr. Allan Randolph Brewer Car\u00edas, en Derecho, seg\u00fan acuerdo del Consejo Universitario de fecha 9 de marzo de 1992.<br \/>\n&#8211; Dr. Jos\u00e9 Luis Aguilar Gorrondona, en Educaci\u00f3n, seg\u00fan acuerdo del Consejo Universitario de fecha 25 de noviembre<br \/>\nde 1992.<br \/>\n&#8211; Dr. Rafael Fern\u00e1ndez Heres, en Educaci\u00f3n, seg\u00fan acuerdo del Consejo Universitario de fecha 31 de marzo de 1995.<br \/>\n&#8211; Excmo. Sr. Marco Tulio Ram\u00edrez Roa, en Ciencias de la Religi\u00f3n, seg\u00fan acuerdo del Consejo Universitario de fecha 7 de mayo de 1997.<br \/>\n&#8211; Dr. Luciano Parejo Alfonso, en Derecho, seg\u00fan acuerdo del Consejo Universitario de fecha 16 de diciembre de 1997.<br \/>\n&#8211; Dr. Eusebio Gonz\u00e1lez Garc\u00eda, en Derecho, seg\u00fan acuerdo del Consejo Universitario de fecha 6 de diciembre de 1999.<br \/>\n&#8211; R. P. Dr. Jos\u00e9 del Rey Fajardo, S.I., Rector fundador de la UCAT, en Derecho, seg\u00fan acuerdo del Consejo Universitario de fecha 14 de noviembre de 2002.<br \/>\n&#8211; Mons. Ra\u00fal M\u00e9ndez Moncada, Protonotario Apost\u00f3lico supernumerario, en Educaci\u00f3n, seg\u00fan acuerdo del Consejo Universitario de fecha 13 de abril de 2010.<br \/>\n&#8211; Su Eminencia Reverend\u00edsima Cardenal Zen\u00f3n Grocholewski, en Derecho, seg\u00fan acuerdo del Consejo Universitario de fecha 22 de noviembre de 2011.<\/p>\n<h3 style=\"text-align: justify;\"><strong>Orden \u00abUniversidad Cat\u00f3lica del T\u00e1chira\u00bb<\/strong><\/h3>\n<p>&#8211; Abog. H\u00e9ctor Jaime Mart\u00ednez, en su categor\u00eda de Gran Cord\u00f3n, seg\u00fan acuerdo del Consejo Universitario de fecha 4 de marzo de 2008.<br \/>\n&#8211; Abog. Jos\u00e9 Araujo Ju\u00e1rez, en su categor\u00eda de Gran Cord\u00f3n, seg\u00fan acuerdo del Consejo Universitario de fecha 13 de abril de 2010.<\/p>\n","protected":false},"excerpt":{"rendered":"<p>Distinciones Honor\u00edficas de la UCAT &nbsp; Corresponde a la Universidad reconocer los honores que merecen las instituciones y personas de sobresalientes m\u00e9ritos en el campo educacional, cient\u00edfico, cultural o profesional, a los graduandos que se hayan distinguido en sus estudios, a los miembros del personal acad\u00e9mico con relevante actuaci\u00f3n docente o de investigaci\u00f3n, as\u00ed como<\/p>\n","protected":false},"author":1,"featured_media":0,"parent":0,"menu_order":0,"comment_status":"closed","ping_status":"closed","template":"fullwidth.php","meta":[],"yoast_head":"<!-- This site is optimized with the Yoast SEO plugin v19.2 - https:\/\/yoast.com\/wordpress\/plugins\/seo\/ -->\n<title>Distinciones Honorificas - Universidad Cat\u00f3lica del T\u00e1chira<\/title>\n<meta name=\"robots\" content=\"index, follow, max-snippet:-1, max-image-preview:large, max-video-preview:-1\" \/>\n<link rel=\"canonical\" href=\"https:\/\/www.ucat.edu.ve\/web\/distinciones-honorificas\/\" \/>\n<meta property=\"og:locale\" content=\"es_ES\" \/>\n<meta property=\"og:type\" content=\"article\" \/>\n<meta property=\"og:title\" content=\"Distinciones Honorificas - Universidad Cat\u00f3lica del T\u00e1chira\" \/>\n<meta property=\"og:description\" content=\"Distinciones Honor\u00edficas de la UCAT &nbsp; Corresponde a la Universidad reconocer los honores que merecen las instituciones y personas de sobresalientes m\u00e9ritos en el campo educacional, cient\u00edfico, cultural o profesional, a los graduandos que se hayan distinguido en sus estudios, a los miembros del personal acad\u00e9mico con relevante actuaci\u00f3n docente o de investigaci\u00f3n, as\u00ed como\" \/>\n<meta property=\"og:url\" content=\"https:\/\/www.ucat.edu.ve\/web\/distinciones-honorificas\/\" \/>\n<meta property=\"og:site_name\" content=\"Universidad Cat\u00f3lica del T\u00e1chira\" \/>\n<meta property=\"article:publisher\" content=\"https:\/\/www.facebook.com\/notiucat\/\" \/>\n<meta property=\"article:modified_time\" content=\"2017-05-26T09:39:53+00:00\" \/>\n<meta name=\"author\" content=\"Superadministrador\" \/>\n<meta name=\"twitter:card\" content=\"summary_large_image\" \/>\n<meta name=\"twitter:site\" content=\"@notiucat\" \/>\n<meta name=\"twitter:label1\" content=\"Est. reading time\" \/>\n\t<meta name=\"twitter:data1\" content=\"3 minutos\" \/>\n<script type=\"application\/ld+json\" class=\"yoast-schema-graph\">{\"@context\":\"https:\/\/schema.org\",\"@graph\":[{\"@type\":\"Organization\",\"@id\":\"https:\/\/www.ucat.edu.ve\/web\/#organization\",\"name\":\"Universidad Cat\u00f3lica Del T\u00e1chira UCAT\",\"url\":\"https:\/\/www.ucat.edu.ve\/web\/\",\"sameAs\":[\"https:\/\/www.instagram.com\/notiucat\/\",\"https:\/\/www.youtube.com\/channel\/UCwEbYSB1R9fzlII-8dcxuYA?view_as=subscriber\",\"https:\/\/www.facebook.com\/notiucat\/\",\"https:\/\/twitter.com\/notiucat\"],\"logo\":{\"@type\":\"ImageObject\",\"inLanguage\":\"es-ES\",\"@id\":\"https:\/\/www.ucat.edu.ve\/web\/#\/schema\/logo\/image\/\",\"url\":\"https:\/\/www.ucat.edu.ve\/web\/wp-content\/uploads\/2015\/07\/logoucat.gif\",\"contentUrl\":\"https:\/\/www.ucat.edu.ve\/web\/wp-content\/uploads\/2015\/07\/logoucat.gif\",\"width\":219,\"height\":155,\"caption\":\"Universidad Cat\u00f3lica Del T\u00e1chira UCAT\"},\"image\":{\"@id\":\"https:\/\/www.ucat.edu.ve\/web\/#\/schema\/logo\/image\/\"}},{\"@type\":\"WebSite\",\"@id\":\"https:\/\/www.ucat.edu.ve\/web\/#website\",\"url\":\"https:\/\/www.ucat.edu.ve\/web\/\",\"name\":\"Universidad Cat\u00f3lica del T\u00e1chira\",\"description\":\"\",\"publisher\":{\"@id\":\"https:\/\/www.ucat.edu.ve\/web\/#organization\"},\"potentialAction\":[{\"@type\":\"SearchAction\",\"target\":{\"@type\":\"EntryPoint\",\"urlTemplate\":\"https:\/\/www.ucat.edu.ve\/web\/?s={search_term_string}\"},\"query-input\":\"required name=search_term_string\"}],\"inLanguage\":\"es-ES\"},{\"@type\":\"WebPage\",\"@id\":\"https:\/\/www.ucat.edu.ve\/web\/distinciones-honorificas\/#webpage\",\"url\":\"https:\/\/www.ucat.edu.ve\/web\/distinciones-honorificas\/\",\"name\":\"Distinciones Honorificas - Universidad Cat\u00f3lica del T\u00e1chira\",\"isPartOf\":{\"@id\":\"https:\/\/www.ucat.edu.ve\/web\/#website\"},\"datePublished\":\"2015-07-16T16:34:36+00:00\",\"dateModified\":\"2017-05-26T09:39:53+00:00\",\"breadcrumb\":{\"@id\":\"https:\/\/www.ucat.edu.ve\/web\/distinciones-honorificas\/#breadcrumb\"},\"inLanguage\":\"es-ES\",\"potentialAction\":[{\"@type\":\"ReadAction\",\"target\":[\"https:\/\/www.ucat.edu.ve\/web\/distinciones-honorificas\/\"]}]},{\"@type\":\"BreadcrumbList\",\"@id\":\"https:\/\/www.ucat.edu.ve\/web\/distinciones-honorificas\/#breadcrumb\",\"itemListElement\":[{\"@type\":\"ListItem\",\"position\":1,\"name\":\"Home\",\"item\":\"https:\/\/www.ucat.edu.ve\/web\/\"},{\"@type\":\"ListItem\",\"position\":2,\"name\":\"Distinciones Honorificas\"}]}]}<\/script>\n<!-- \/ Yoast SEO plugin. -->","yoast_head_json":{"title":"Distinciones Honorificas - Universidad Cat\u00f3lica del T\u00e1chira","robots":{"index":"index","follow":"follow","max-snippet":"max-snippet:-1","max-image-preview":"max-image-preview:large","max-video-preview":"max-video-preview:-1"},"canonical":"https:\/\/www.ucat.edu.ve\/web\/distinciones-honorificas\/","og_locale":"es_ES","og_type":"article","og_title":"Distinciones Honorificas - Universidad Cat\u00f3lica del T\u00e1chira","og_description":"Distinciones Honor\u00edficas de la UCAT &nbsp; Corresponde a la Universidad reconocer los honores que merecen las instituciones y personas de sobresalientes m\u00e9ritos en el campo educacional, cient\u00edfico, cultural o profesional, a los graduandos que se hayan distinguido en sus estudios, a los miembros del personal acad\u00e9mico con relevante actuaci\u00f3n docente o de investigaci\u00f3n, as\u00ed como","og_url":"https:\/\/www.ucat.edu.ve\/web\/distinciones-honorificas\/","og_site_name":"Universidad Cat\u00f3lica del T\u00e1chira","article_publisher":"https:\/\/www.facebook.com\/notiucat\/","article_modified_time":"2017-05-26T09:39:53+00:00","author":"Superadministrador","twitter_card":"summary_large_image","twitter_site":"@notiucat","twitter_misc":{"Est. reading time":"3 minutos"},"schema":{"@context":"https:\/\/schema.org","@graph":[{"@type":"Organization","@id":"https:\/\/www.ucat.edu.ve\/web\/#organization","name":"Universidad Cat\u00f3lica Del T\u00e1chira UCAT","url":"https:\/\/www.ucat.edu.ve\/web\/","sameAs":["https:\/\/www.instagram.com\/notiucat\/","https:\/\/www.youtube.com\/channel\/UCwEbYSB1R9fzlII-8dcxuYA?view_as=subscriber","https:\/\/www.facebook.com\/notiucat\/","https:\/\/twitter.com\/notiucat"],"logo":{"@type":"ImageObject","inLanguage":"es-ES","@id":"https:\/\/www.ucat.edu.ve\/web\/#\/schema\/logo\/image\/","url":"https:\/\/www.ucat.edu.ve\/web\/wp-content\/uploads\/2015\/07\/logoucat.gif","contentUrl":"https:\/\/www.ucat.edu.ve\/web\/wp-content\/uploads\/2015\/07\/logoucat.gif","width":219,"height":155,"caption":"Universidad Cat\u00f3lica Del T\u00e1chira UCAT"},"image":{"@id":"https:\/\/www.ucat.edu.ve\/web\/#\/schema\/logo\/image\/"}},{"@type":"WebSite","@id":"https:\/\/www.ucat.edu.ve\/web\/#website","url":"https:\/\/www.ucat.edu.ve\/web\/","name":"Universidad Cat\u00f3lica del T\u00e1chira","description":"","publisher":{"@id":"https:\/\/www.ucat.edu.ve\/web\/#organization"},"potentialAction":[{"@type":"SearchAction","target":{"@type":"EntryPoint","urlTemplate":"https:\/\/www.ucat.edu.ve\/web\/?s={search_term_string}"},"query-input":"required name=search_term_string"}],"inLanguage":"es-ES"},{"@type":"WebPage","@id":"https:\/\/www.ucat.edu.ve\/web\/distinciones-honorificas\/#webpage","url":"https:\/\/www.ucat.edu.ve\/web\/distinciones-honorificas\/","name":"Distinciones Honorificas - Universidad Cat\u00f3lica del T\u00e1chira","isPartOf":{"@id":"https:\/\/www.ucat.edu.ve\/web\/#website"},"datePublished":"2015-07-16T16:34:36+00:00","dateModified":"2017-05-26T09:39:53+00:00","breadcrumb":{"@id":"https:\/\/www.ucat.edu.ve\/web\/distinciones-honorificas\/#breadcrumb"},"inLanguage":"es-ES","potentialAction":[{"@type":"ReadAction","target":["https:\/\/www.ucat.edu.ve\/web\/distinciones-honorificas\/"]}]},{"@type":"BreadcrumbList","@id":"https:\/\/www.ucat.edu.ve\/web\/distinciones-honorificas\/#breadcrumb","itemListElement":[{"@type":"ListItem","position":1,"name":"Home","item":"https:\/\/www.ucat.edu.ve\/web\/"},{"@type":"ListItem","position":2,"name":"Distinciones Honorificas"}]}]}},"_links":{"self":[{"href":"https:\/\/www.ucat.edu.ve\/web\/wp-json\/wp\/v2\/pages\/106"}],"collection":[{"href":"https:\/\/www.ucat.edu.ve\/web\/wp-json\/wp\/v2\/pages"}],"about":[{"href":"https:\/\/www.ucat.edu.ve\/web\/wp-json\/wp\/v2\/types\/page"}],"author":[{"embeddable":true,"href":"https:\/\/www.ucat.edu.ve\/web\/wp-json\/wp\/v2\/users\/1"}],"replies":[{"embeddable":true,"href":"https:\/\/www.ucat.edu.ve\/web\/wp-json\/wp\/v2\/comments?post=106"}],"version-history":[{"count":0,"href":"https:\/\/www.ucat.edu.ve\/web\/wp-json\/wp\/v2\/pages\/106\/revisions"}],"wp:attachment":[{"href":"https:\/\/www.ucat.edu.ve\/web\/wp-json\/wp\/v2\/media?parent=106"}],"curies":[{"name":"wp","href":"https:\/\/api.w.org\/{rel}","templated":true}]}}