 {"id":1096,"date":"2016-07-11T20:12:42","date_gmt":"2016-07-11T20:12:42","guid":{"rendered":"http:\/\/www.ucat.edu.ve\/web\/?page_id=1096"},"modified":"2024-05-03T12:39:29","modified_gmt":"2024-05-03T12:39:29","slug":"coleccion-de-textos-virtuales-ciencias-sociales","status":"publish","type":"page","link":"https:\/\/www.ucat.edu.ve\/web\/investigacion-y-postgrado\/publicaciones\/coleccion-de-textos-virtuales-ciencias-sociales\/","title":{"rendered":"Colecci\u00f3n de textos virtuales: Ciencias Sociales"},"content":{"rendered":"<p>La Colecci\u00f3n de Textos Virtuales: Ciencias Sociales es un espacio destinado a la publicaci\u00f3n de investigaciones producto del trabajo que adelanten los docentes y estudiantes de pregrado y postgrado de la Universidad Cat\u00f3lica del T\u00e1chira.<\/p>\n<p>Para mayor informaci\u00f3n comunicarse con los siguientes contactos:<\/p>\n<table border=\"0\" width=\"100%\" cellspacing=\"0\" cellpadding=\"0\">\n<tbody>\n<tr>\n<td width=\"50%\">R.P. Dr. Eduardo Soto, S.J.<\/td>\n<td width=\"50%\">Lcda. Soveida Ni\u00f1o<\/td>\n<\/tr>\n<tr>\n<td>Director de Postgrado<\/td>\n<td>Coordiandora Administrativa<\/td>\n<\/tr>\n<tr>\n<td>esoto@ucat.edu.ve<\/td>\n<td>snino@ucat.edu.ve<\/td>\n<\/tr>\n<tr>\n<td>Tel\u00e9fono: +58-276-510.76.51<\/td>\n<td>Tel\u00e9fono: +58-276-510.76.44<\/td>\n<\/tr>\n<\/tbody>\n<\/table>\n<table border=\"0\" width=\"100%\" cellspacing=\"0\" cellpadding=\"0\">\n<tbody>\n<tr valign=\"top\">\n<td class=\"titulosazul\" style=\"text-align: left\" colspan=\"3\">ENLACES RECOMENDADOS<\/td>\n<td><\/td>\n<\/tr>\n<tr valign=\"top\">\n<td><\/td>\n<td class=\"bigtext\" colspan=\"3\">\n<ul>\n<li style=\"text-align: left\"><a href=\"https:\/\/issuu.com\/ucat\/docs\/001_contabilidad_de_costos_i\">001\u00a0Contabilidad de Costo I, Teor\u00eda y Pr\u00e1ctica<\/a><\/li>\n<li style=\"text-align: left\"><a class=\"NavSmallver\" href=\"http:\/\/issuu.com\/ucat\/docs\/002_las_competencias_del_poder_publ\" target=\"_blank\" rel=\"noopener\">002 Las competencias del Poder P\u00fablico Municipal<\/a><\/li>\n<li style=\"text-align: left\"><a class=\"NavSmallver\" href=\"http:\/\/issuu.com\/ucat\/docs\/003_estrategias_juridicas_de_sensib\/0\" target=\"_blank\" rel=\"noopener\">003 Estrategias jur\u00eddicas de sensibilizaci\u00f3n para la atenci\u00f3n de ni\u00f1as &#8230;<\/a><\/li>\n<li style=\"text-align: left\"><a class=\"NavSmallver\" href=\"http:\/\/issuu.com\/ucat\/docs\/004_cumplimiento_de_la_obligacion_d\/0\" target=\"_blank\" rel=\"noopener\">004 El cumplimiento de la obligaci\u00f3n de manutenci\u00f3n<\/a><\/li>\n<li style=\"text-align: left\"><a class=\"NavSmallver\" href=\"http:\/\/issuu.com\/ucat\/docs\/005_la_violencia_familiar_crisis_ma\" target=\"_blank\" rel=\"noopener\">005 La violencia familiar crisis matrimonial<\/a><\/li>\n<li style=\"text-align: left\"><a class=\"NavSmallver\" href=\"http:\/\/issuu.com\/ucat\/docs\/trabajo-final?e=1431494\/13161670\" target=\"_blank\" rel=\"noopener\">006 El Golpe de Estado. Destituci\u00f3n de Fernando Lugo&#8230;.<\/a><\/li>\n<li style=\"text-align: left\"><a class=\"NavSmallver\" href=\"http:\/\/issuu.com\/ucat\/docs\/texto_virtual_n___7_de_lizandro_gar\" target=\"_blank\" rel=\"noopener\">007 El valor actual contable y ajustado de Agropecuaria Pineda, C.A.<\/a><\/li>\n<li style=\"text-align: left\"><a class=\"NavSmallver\" href=\"http:\/\/issuu.com\/ucat\/docs\/texto_virtual_n___8_de_andreina_nah\" target=\"_blank\" rel=\"noopener\">008 La auditoria integral en el control de gesti\u00f3n ambiental del sector manufacturero de pl\u00e1stico<\/a><\/li>\n<li style=\"text-align: left\"><a class=\"NavSmallver\" href=\"https:\/\/issuu.com\/ucat\/docs\/texto_virtual_n___9_-_edgar_colmena\" target=\"_blank\" rel=\"noopener\">009 Influencia de los partidos pol\u00edticos en el desarrollo de una cultura pol\u00edtica personalista.<\/a><\/li>\n<li style=\"text-align: left\"><a href=\"http:\/\/www.ucat.edu.ve\/web\/wp-content\/uploads\/2019\/10\/Manual-de-Derecho-Civil-Personas.pdf\">Manual de Derecho Civil Personas<\/a><\/li>\n<li style=\"text-align: left\"><a href=\"https:\/\/www.ucat.edu.ve\/web\/wp-content\/uploads\/2021\/10\/Informe-de-Movilidad-Humana-Venezolana-III-caminantes-y-retornados-2021.pdf\" target=\"_blank\" rel=\"noopener\">Informe de Movilidad Humana Venezolana III, caminantes y retornados 2021<\/a><\/li>\n<li style=\"text-align: left\"><a href=\"https:\/\/www.ucat.edu.ve\/web\/wp-content\/uploads\/2021\/10\/Migracion-de-retorno-en-un-contexto-de-frontera-crisis-socioeconomica-y-pandemia.pdf\" target=\"_blank\" rel=\"noopener\">Migraci\u00f3n de retorno en un contexto de frontera, crisis socioecon\u00f3mica y pandemia<\/a><\/li>\n<li style=\"text-align: left\"><a href=\"https:\/\/www.ucat.edu.ve\/web\/wp-content\/uploads\/2021\/10\/Violencia-contra-la-mujer-venezolanas-y-colombianas-con-necesidad-de-proteccion-internacional.pdf\" target=\"_blank\" rel=\"noopener\">Violencia contra la mujer venezolanas y colombianas con necesidad de protecci\u00f3n internacional<\/a><\/li>\n<li style=\"text-align: left\"><a href=\"https:\/\/www.ucat.edu.ve\/web\/wp-content\/uploads\/2021\/10\/Familias-Vulnerables-en-el-Tachira-Venezuela-Caso..-pdf.pdf\" target=\"_blank\" rel=\"noopener\">Familias Vulnerables en el T\u00e1chira (Venezuela) Caso.<\/a><\/li>\n<li style=\"text-align: left\"><a href=\"https:\/\/www.ucat.edu.ve\/web\/wp-content\/uploads\/2022\/05\/Informe-de-movilidad-humana-venezolana-V-1.pdf\" target=\"_blank\" rel=\"noopener\">Informe de movilidad humana venezolana V. Caminantes: un peregrinaje que no se detiene.<\/a><\/li>\n<li style=\"text-align: left\"><a href=\"https:\/\/www.ucat.edu.ve\/web\/wp-content\/uploads\/2022\/06\/N18-el-Refugio-en-Venezuela-una-necesidad-Vigente.pdf\" target=\"_blank\" rel=\"noopener\">En Contexto 18. El refugio en Venezuela: una necesidad vigente.<\/a><\/li>\n<li style=\"text-align: left\"><a href=\"https:\/\/www.ucat.edu.ve\/web\/wp-content\/uploads\/2022\/06\/Tendencias-de-la-movilidad-humana-en-la-frontera-2022.pdf\" target=\"_blank\" rel=\"noopener\">Tendencias de la movilidad humana en la frontera colombo-venezolana: salida y retorno de los caminantes.<\/a><\/li>\n<li style=\"text-align: left\"><a href=\"https:\/\/www.ucat.edu.ve\/web\/wp-content\/uploads\/2022\/09\/Informe-de-Movilidad-Humana-Venezolana-VI-ODISEF.pdf\" target=\"_blank\" rel=\"noopener\">Informe de movilidad humana venezolana VI. Caminantes: salir o retornar en busca de una vida digna (1\u00ba de junio al 31 de agosto 2022).<\/a><\/li>\n<li style=\"text-align: left\"><a href=\"https:\/\/www.ucat.edu.ve\/web\/wp-content\/uploads\/2022\/10\/Informe-de-movilidad-humana-venezolana-VII.-ODISEF.pdf\" target=\"_blank\" rel=\"noopener\">Informe de movilidad humana venezolana VII. Caminantes en retorno: trabajo y ocupaci\u00f3n (1\u00ba de agosto al 30 de septiembre 2022).<\/a><\/li>\n<li style=\"text-align: left\"><a href=\"https:\/\/www.ucat.edu.ve\/web\/wp-content\/uploads\/2023\/03\/Informe-de-Movilidad-Humana-Venezolana-VIII-ODISEF.pdf\" target=\"_blank\" rel=\"noopener\">Informe de movilidad humana venezolana VIII. Caminar para emigrar: realidades y perspectivas (1\u00ba de septiembre al 30 de diciembre de 2022).<\/a><\/li>\n<li style=\"text-align: left\"><a href=\"https:\/\/www.ucat.edu.ve\/web\/wp-content\/uploads\/2024\/04\/Derecho-Administrativo-Reedicion-ampliada-de-la-edicion-de-Bogota-de-2005-del-profesor-Allan-R.-Brewer-Carias.pdf\" target=\"_blank\" rel=\"noopener\">Derecho Administrativo (Reedici\u00f3n ampliada de la edici\u00f3n de Bogot\u00e1 de 2005) del profesor Allan R. Brewer-Car\u00edas<\/a><\/li>\n<\/ul>\n<\/td>\n<\/tr>\n<\/tbody>\n<\/table>\n<h3 style=\"text-align: justify\"><\/h3>\n","protected":false},"excerpt":{"rendered":"<p>La Colecci\u00f3n de Textos Virtuales: Ciencias Sociales es un espacio destinado a la publicaci\u00f3n de investigaciones producto del trabajo que adelanten los docentes y estudiantes de pregrado y postgrado de la Universidad Cat\u00f3lica del T\u00e1chira. Para mayor informaci\u00f3n comunicarse con los siguientes contactos: R.P. Dr. Eduardo Soto, S.J. Lcda. Soveida Ni\u00f1o Director de Postgrado Coordiandora<\/p>\n","protected":false},"author":1,"featured_media":0,"parent":1093,"menu_order":0,"comment_status":"closed","ping_status":"closed","template":"fullwidth.php","meta":[],"yoast_head":"<!-- This site is optimized with the Yoast SEO plugin v19.2 - https:\/\/yoast.com\/wordpress\/plugins\/seo\/ -->\n<title>Colecci\u00f3n de textos virtuales: Ciencias Sociales - Universidad Cat\u00f3lica del T\u00e1chira<\/title>\n<meta name=\"robots\" content=\"index, follow, max-snippet:-1, max-image-preview:large, max-video-preview:-1\" \/>\n<link rel=\"canonical\" href=\"https:\/\/www.ucat.edu.ve\/web\/investigacion-y-postgrado\/publicaciones\/coleccion-de-textos-virtuales-ciencias-sociales\/\" \/>\n<meta property=\"og:locale\" content=\"es_ES\" \/>\n<meta property=\"og:type\" content=\"article\" \/>\n<meta property=\"og:title\" content=\"Colecci\u00f3n de textos virtuales: Ciencias Sociales - Universidad Cat\u00f3lica del T\u00e1chira\" \/>\n<meta property=\"og:description\" content=\"La Colecci\u00f3n de Textos Virtuales: Ciencias Sociales es un espacio destinado a la publicaci\u00f3n de investigaciones producto del trabajo que adelanten los docentes y estudiantes de pregrado y postgrado de la Universidad Cat\u00f3lica del T\u00e1chira. Para mayor informaci\u00f3n comunicarse con los siguientes contactos: R.P. Dr. Eduardo Soto, S.J. Lcda. Soveida Ni\u00f1o Director de Postgrado Coordiandora\" \/>\n<meta property=\"og:url\" content=\"https:\/\/www.ucat.edu.ve\/web\/investigacion-y-postgrado\/publicaciones\/coleccion-de-textos-virtuales-ciencias-sociales\/\" \/>\n<meta property=\"og:site_name\" content=\"Universidad Cat\u00f3lica del T\u00e1chira\" \/>\n<meta property=\"article:publisher\" content=\"https:\/\/www.facebook.com\/notiucat\/\" \/>\n<meta property=\"article:modified_time\" content=\"2024-05-03T12:39:29+00:00\" \/>\n<meta name=\"author\" content=\"Superadministrador\" \/>\n<meta name=\"twitter:card\" content=\"summary_large_image\" \/>\n<meta name=\"twitter:site\" content=\"@notiucat\" \/>\n<meta name=\"twitter:label1\" content=\"Est. reading time\" \/>\n\t<meta name=\"twitter:data1\" content=\"2 minutos\" \/>\n<script type=\"application\/ld+json\" class=\"yoast-schema-graph\">{\"@context\":\"https:\/\/schema.org\",\"@graph\":[{\"@type\":\"Organization\",\"@id\":\"https:\/\/www.ucat.edu.ve\/web\/#organization\",\"name\":\"Universidad Cat\u00f3lica Del T\u00e1chira UCAT\",\"url\":\"https:\/\/www.ucat.edu.ve\/web\/\",\"sameAs\":[\"https:\/\/www.instagram.com\/notiucat\/\",\"https:\/\/www.youtube.com\/channel\/UCwEbYSB1R9fzlII-8dcxuYA?view_as=subscriber\",\"https:\/\/www.facebook.com\/notiucat\/\",\"https:\/\/twitter.com\/notiucat\"],\"logo\":{\"@type\":\"ImageObject\",\"inLanguage\":\"es-ES\",\"@id\":\"https:\/\/www.ucat.edu.ve\/web\/#\/schema\/logo\/image\/\",\"url\":\"https:\/\/www.ucat.edu.ve\/web\/wp-content\/uploads\/2015\/07\/logoucat.gif\",\"contentUrl\":\"https:\/\/www.ucat.edu.ve\/web\/wp-content\/uploads\/2015\/07\/logoucat.gif\",\"width\":219,\"height\":155,\"caption\":\"Universidad Cat\u00f3lica Del T\u00e1chira UCAT\"},\"image\":{\"@id\":\"https:\/\/www.ucat.edu.ve\/web\/#\/schema\/logo\/image\/\"}},{\"@type\":\"WebSite\",\"@id\":\"https:\/\/www.ucat.edu.ve\/web\/#website\",\"url\":\"https:\/\/www.ucat.edu.ve\/web\/\",\"name\":\"Universidad Cat\u00f3lica del T\u00e1chira\",\"description\":\"\",\"publisher\":{\"@id\":\"https:\/\/www.ucat.edu.ve\/web\/#organization\"},\"potentialAction\":[{\"@type\":\"SearchAction\",\"target\":{\"@type\":\"EntryPoint\",\"urlTemplate\":\"https:\/\/www.ucat.edu.ve\/web\/?s={search_term_string}\"},\"query-input\":\"required name=search_term_string\"}],\"inLanguage\":\"es-ES\"},{\"@type\":\"WebPage\",\"@id\":\"https:\/\/www.ucat.edu.ve\/web\/investigacion-y-postgrado\/publicaciones\/coleccion-de-textos-virtuales-ciencias-sociales\/#webpage\",\"url\":\"https:\/\/www.ucat.edu.ve\/web\/investigacion-y-postgrado\/publicaciones\/coleccion-de-textos-virtuales-ciencias-sociales\/\",\"name\":\"Colecci\u00f3n de textos virtuales: Ciencias Sociales - Universidad Cat\u00f3lica del T\u00e1chira\",\"isPartOf\":{\"@id\":\"https:\/\/www.ucat.edu.ve\/web\/#website\"},\"datePublished\":\"2016-07-11T20:12:42+00:00\",\"dateModified\":\"2024-05-03T12:39:29+00:00\",\"breadcrumb\":{\"@id\":\"https:\/\/www.ucat.edu.ve\/web\/investigacion-y-postgrado\/publicaciones\/coleccion-de-textos-virtuales-ciencias-sociales\/#breadcrumb\"},\"inLanguage\":\"es-ES\",\"potentialAction\":[{\"@type\":\"ReadAction\",\"target\":[\"https:\/\/www.ucat.edu.ve\/web\/investigacion-y-postgrado\/publicaciones\/coleccion-de-textos-virtuales-ciencias-sociales\/\"]}]},{\"@type\":\"BreadcrumbList\",\"@id\":\"https:\/\/www.ucat.edu.ve\/web\/investigacion-y-postgrado\/publicaciones\/coleccion-de-textos-virtuales-ciencias-sociales\/#breadcrumb\",\"itemListElement\":[{\"@type\":\"ListItem\",\"position\":1,\"name\":\"Home\",\"item\":\"https:\/\/www.ucat.edu.ve\/web\/\"},{\"@type\":\"ListItem\",\"position\":2,\"name\":\"Investigaci\u00f3n y Postgrado\",\"item\":\"https:\/\/www.ucat.edu.ve\/web\/investigacion-y-postgrado\/\"},{\"@type\":\"ListItem\",\"position\":3,\"name\":\"Publicaciones\",\"item\":\"https:\/\/www.ucat.edu.ve\/web\/investigacion-y-postgrado\/publicaciones\/\"},{\"@type\":\"ListItem\",\"position\":4,\"name\":\"Colecci\u00f3n de textos virtuales: Ciencias Sociales\"}]}]}<\/script>\n<!-- \/ Yoast SEO plugin. -->","yoast_head_json":{"title":"Colecci\u00f3n de textos virtuales: Ciencias Sociales - Universidad Cat\u00f3lica del T\u00e1chira","robots":{"index":"index","follow":"follow","max-snippet":"max-snippet:-1","max-image-preview":"max-image-preview:large","max-video-preview":"max-video-preview:-1"},"canonical":"https:\/\/www.ucat.edu.ve\/web\/investigacion-y-postgrado\/publicaciones\/coleccion-de-textos-virtuales-ciencias-sociales\/","og_locale":"es_ES","og_type":"article","og_title":"Colecci\u00f3n de textos virtuales: Ciencias Sociales - Universidad Cat\u00f3lica del T\u00e1chira","og_description":"La Colecci\u00f3n de Textos Virtuales: Ciencias Sociales es un espacio destinado a la publicaci\u00f3n de investigaciones producto del trabajo que adelanten los docentes y estudiantes de pregrado y postgrado de la Universidad Cat\u00f3lica del T\u00e1chira. Para mayor informaci\u00f3n comunicarse con los siguientes contactos: R.P. Dr. Eduardo Soto, S.J. Lcda. Soveida Ni\u00f1o Director de Postgrado Coordiandora","og_url":"https:\/\/www.ucat.edu.ve\/web\/investigacion-y-postgrado\/publicaciones\/coleccion-de-textos-virtuales-ciencias-sociales\/","og_site_name":"Universidad Cat\u00f3lica del T\u00e1chira","article_publisher":"https:\/\/www.facebook.com\/notiucat\/","article_modified_time":"2024-05-03T12:39:29+00:00","author":"Superadministrador","twitter_card":"summary_large_image","twitter_site":"@notiucat","twitter_misc":{"Est. reading time":"2 minutos"},"schema":{"@context":"https:\/\/schema.org","@graph":[{"@type":"Organization","@id":"https:\/\/www.ucat.edu.ve\/web\/#organization","name":"Universidad Cat\u00f3lica Del T\u00e1chira UCAT","url":"https:\/\/www.ucat.edu.ve\/web\/","sameAs":["https:\/\/www.instagram.com\/notiucat\/","https:\/\/www.youtube.com\/channel\/UCwEbYSB1R9fzlII-8dcxuYA?view_as=subscriber","https:\/\/www.facebook.com\/notiucat\/","https:\/\/twitter.com\/notiucat"],"logo":{"@type":"ImageObject","inLanguage":"es-ES","@id":"https:\/\/www.ucat.edu.ve\/web\/#\/schema\/logo\/image\/","url":"https:\/\/www.ucat.edu.ve\/web\/wp-content\/uploads\/2015\/07\/logoucat.gif","contentUrl":"https:\/\/www.ucat.edu.ve\/web\/wp-content\/uploads\/2015\/07\/logoucat.gif","width":219,"height":155,"caption":"Universidad Cat\u00f3lica Del T\u00e1chira UCAT"},"image":{"@id":"https:\/\/www.ucat.edu.ve\/web\/#\/schema\/logo\/image\/"}},{"@type":"WebSite","@id":"https:\/\/www.ucat.edu.ve\/web\/#website","url":"https:\/\/www.ucat.edu.ve\/web\/","name":"Universidad Cat\u00f3lica del T\u00e1chira","description":"","publisher":{"@id":"https:\/\/www.ucat.edu.ve\/web\/#organization"},"potentialAction":[{"@type":"SearchAction","target":{"@type":"EntryPoint","urlTemplate":"https:\/\/www.ucat.edu.ve\/web\/?s={search_term_string}"},"query-input":"required name=search_term_string"}],"inLanguage":"es-ES"},{"@type":"WebPage","@id":"https:\/\/www.ucat.edu.ve\/web\/investigacion-y-postgrado\/publicaciones\/coleccion-de-textos-virtuales-ciencias-sociales\/#webpage","url":"https:\/\/www.ucat.edu.ve\/web\/investigacion-y-postgrado\/publicaciones\/coleccion-de-textos-virtuales-ciencias-sociales\/","name":"Colecci\u00f3n de textos virtuales: Ciencias Sociales - Universidad Cat\u00f3lica del T\u00e1chira","isPartOf":{"@id":"https:\/\/www.ucat.edu.ve\/web\/#website"},"datePublished":"2016-07-11T20:12:42+00:00","dateModified":"2024-05-03T12:39:29+00:00","breadcrumb":{"@id":"https:\/\/www.ucat.edu.ve\/web\/investigacion-y-postgrado\/publicaciones\/coleccion-de-textos-virtuales-ciencias-sociales\/#breadcrumb"},"inLanguage":"es-ES","potentialAction":[{"@type":"ReadAction","target":["https:\/\/www.ucat.edu.ve\/web\/investigacion-y-postgrado\/publicaciones\/coleccion-de-textos-virtuales-ciencias-sociales\/"]}]},{"@type":"BreadcrumbList","@id":"https:\/\/www.ucat.edu.ve\/web\/investigacion-y-postgrado\/publicaciones\/coleccion-de-textos-virtuales-ciencias-sociales\/#breadcrumb","itemListElement":[{"@type":"ListItem","position":1,"name":"Home","item":"https:\/\/www.ucat.edu.ve\/web\/"},{"@type":"ListItem","position":2,"name":"Investigaci\u00f3n y Postgrado","item":"https:\/\/www.ucat.edu.ve\/web\/investigacion-y-postgrado\/"},{"@type":"ListItem","position":3,"name":"Publicaciones","item":"https:\/\/www.ucat.edu.ve\/web\/investigacion-y-postgrado\/publicaciones\/"},{"@type":"ListItem","position":4,"name":"Colecci\u00f3n de textos virtuales: Ciencias Sociales"}]}]}},"_links":{"self":[{"href":"https:\/\/www.ucat.edu.ve\/web\/wp-json\/wp\/v2\/pages\/1096"}],"collection":[{"href":"https:\/\/www.ucat.edu.ve\/web\/wp-json\/wp\/v2\/pages"}],"about":[{"href":"https:\/\/www.ucat.edu.ve\/web\/wp-json\/wp\/v2\/types\/page"}],"author":[{"embeddable":true,"href":"https:\/\/www.ucat.edu.ve\/web\/wp-json\/wp\/v2\/users\/1"}],"replies":[{"embeddable":true,"href":"https:\/\/www.ucat.edu.ve\/web\/wp-json\/wp\/v2\/comments?post=1096"}],"version-history":[{"count":20,"href":"https:\/\/www.ucat.edu.ve\/web\/wp-json\/wp\/v2\/pages\/1096\/revisions"}],"predecessor-version":[{"id":12626,"href":"https:\/\/www.ucat.edu.ve\/web\/wp-json\/wp\/v2\/pages\/1096\/revisions\/12626"}],"up":[{"embeddable":true,"href":"https:\/\/www.ucat.edu.ve\/web\/wp-json\/wp\/v2\/pages\/1093"}],"wp:attachment":[{"href":"https:\/\/www.ucat.edu.ve\/web\/wp-json\/wp\/v2\/media?parent=1096"}],"curies":[{"name":"wp","href":"https:\/\/api.w.org\/{rel}","templated":true}]}}