 {"id":1130,"date":"2016-07-12T20:30:18","date_gmt":"2016-07-12T20:30:18","guid":{"rendered":"http:\/\/www.ucat.edu.ve\/web\/?page_id=1130"},"modified":"2016-11-17T14:03:53","modified_gmt":"2016-11-17T14:03:53","slug":"informacion","status":"publish","type":"page","link":"https:\/\/www.ucat.edu.ve\/web\/autoridades\/cariucat\/informacion\/","title":{"rendered":"Informaci\u00f3n"},"content":{"rendered":"<p style=\"text-align: justify;\">La Oficina de Cooperaci\u00f3n Acad\u00e9mica y Relaciones Interinstitucionales nace en el a\u00f1o 2003 debido a la necesidad de contar con una unidad u oficina que se responsabilizar\u00e1 por llevar las buenas relaciones de la Universidad Cat\u00f3lica del T\u00e1chira con otras instituciones educativas o de otra \u00edndole a nivel nacional e internacional.<\/p>\n<p style=\"text-align: justify;\">El objeto de CARIUCAT es servir como unidad de apoyo institucional en las \u00e1reas de: Cooperaci\u00f3n Acad\u00e9mica, comunicaci\u00f3n e imagen y relaciones interinstitucionales, promoviendo de esa manera la internacionalizaci\u00f3n de la UCAT a trav\u00e9s de la movilidad estudiantil y docente, servir como canal para el tr\u00e1mite y procesamiento de Convenios Interinstitucionales, generar mecanismos de fortalecimiento de los sistemas de Cooperaci\u00f3n Acad\u00e9mica de los que es parte la UCAT a nivel Nacional e Internacional, Promover la proyecci\u00f3n de la UCAT en medios de comunicaci\u00f3n, Asesorar y apoyar t\u00e9cnicamente el dise\u00f1o de proyectos institucionales que puedan ser ofertados para obtener financiamiento externo, generar un canal de comunicaci\u00f3n para el Apoyo al egresado UCAT y comunicar a la comunidad universitaria informaci\u00f3n pertinente en materia de becas, cursos y otras oportunidades acad\u00e9micas o de formaci\u00f3n persona.<\/p>\n<p style=\"text-align: justify;\">As\u00ed mismo, la Universidad Cat\u00f3lica del T\u00e1chira es parte de la RED AUSJAL como red interuniversitaria de car\u00e1cter voluntario que articula a 31 universidades e instituciones de educaci\u00f3n superior confiadas a la Compa\u00f1\u00eda de Jes\u00fas en 14 pa\u00edses de Am\u00e9rica Latina, en tal sentido CARIUCAT promueve la participaci\u00f3n de la UCAT en la red AUSJAL y hace seguimiento a los convenios y proyectos de AUSJAL.<\/p>\n<p style=\"text-align: justify;\">e-mail: <a href=\"mailto:emgarcia@ucat.edu.ve\">emgarcia@ucat.edu.ve<\/a><\/p>\n<p style=\"text-align: justify;\">Abg. Erika Garcia.<\/p>\n<p style=\"text-align: justify;\">Coordinadora de Cooperaci\u00f3n Acad\u00e9mica y Relaciones Interinstitucionales UCAT.<\/p>\n","protected":false},"excerpt":{"rendered":"<p>La Oficina de Cooperaci\u00f3n Acad\u00e9mica y Relaciones Interinstitucionales nace en el a\u00f1o 2003 debido a la necesidad de contar con una unidad u oficina que se responsabilizar\u00e1 por llevar las buenas relaciones de la Universidad Cat\u00f3lica del T\u00e1chira con otras instituciones educativas o de otra \u00edndole a nivel nacional e internacional. El objeto de CARIUCAT<\/p>\n","protected":false},"author":1,"featured_media":0,"parent":1128,"menu_order":0,"comment_status":"closed","ping_status":"closed","template":"fullwidth.php","meta":[],"yoast_head":"<!-- This site is optimized with the Yoast SEO plugin v19.2 - https:\/\/yoast.com\/wordpress\/plugins\/seo\/ -->\n<title>Informaci\u00f3n - Universidad Cat\u00f3lica del T\u00e1chira<\/title>\n<meta name=\"robots\" content=\"index, follow, max-snippet:-1, max-image-preview:large, max-video-preview:-1\" \/>\n<link rel=\"canonical\" href=\"https:\/\/www.ucat.edu.ve\/web\/autoridades\/cariucat\/informacion\/\" \/>\n<meta property=\"og:locale\" content=\"es_ES\" \/>\n<meta property=\"og:type\" content=\"article\" \/>\n<meta property=\"og:title\" content=\"Informaci\u00f3n - Universidad Cat\u00f3lica del T\u00e1chira\" \/>\n<meta property=\"og:description\" content=\"La Oficina de Cooperaci\u00f3n Acad\u00e9mica y Relaciones Interinstitucionales nace en el a\u00f1o 2003 debido a la necesidad de contar con una unidad u oficina que se responsabilizar\u00e1 por llevar las buenas relaciones de la Universidad Cat\u00f3lica del T\u00e1chira con otras instituciones educativas o de otra \u00edndole a nivel nacional e internacional. El objeto de CARIUCAT\" \/>\n<meta property=\"og:url\" content=\"https:\/\/www.ucat.edu.ve\/web\/autoridades\/cariucat\/informacion\/\" \/>\n<meta property=\"og:site_name\" content=\"Universidad Cat\u00f3lica del T\u00e1chira\" \/>\n<meta property=\"article:publisher\" content=\"https:\/\/www.facebook.com\/notiucat\/\" \/>\n<meta property=\"article:modified_time\" content=\"2016-11-17T14:03:53+00:00\" \/>\n<meta name=\"author\" content=\"Superadministrador\" \/>\n<meta name=\"twitter:card\" content=\"summary_large_image\" \/>\n<meta name=\"twitter:site\" content=\"@notiucat\" \/>\n<meta name=\"twitter:label1\" content=\"Est. reading time\" \/>\n\t<meta name=\"twitter:data1\" content=\"1 minuto\" \/>\n<script type=\"application\/ld+json\" class=\"yoast-schema-graph\">{\"@context\":\"https:\/\/schema.org\",\"@graph\":[{\"@type\":\"Organization\",\"@id\":\"https:\/\/www.ucat.edu.ve\/web\/#organization\",\"name\":\"Universidad Cat\u00f3lica Del T\u00e1chira UCAT\",\"url\":\"https:\/\/www.ucat.edu.ve\/web\/\",\"sameAs\":[\"https:\/\/www.instagram.com\/notiucat\/\",\"https:\/\/www.youtube.com\/channel\/UCwEbYSB1R9fzlII-8dcxuYA?view_as=subscriber\",\"https:\/\/www.facebook.com\/notiucat\/\",\"https:\/\/twitter.com\/notiucat\"],\"logo\":{\"@type\":\"ImageObject\",\"inLanguage\":\"es-ES\",\"@id\":\"https:\/\/www.ucat.edu.ve\/web\/#\/schema\/logo\/image\/\",\"url\":\"https:\/\/www.ucat.edu.ve\/web\/wp-content\/uploads\/2015\/07\/logoucat.gif\",\"contentUrl\":\"https:\/\/www.ucat.edu.ve\/web\/wp-content\/uploads\/2015\/07\/logoucat.gif\",\"width\":219,\"height\":155,\"caption\":\"Universidad Cat\u00f3lica Del T\u00e1chira UCAT\"},\"image\":{\"@id\":\"https:\/\/www.ucat.edu.ve\/web\/#\/schema\/logo\/image\/\"}},{\"@type\":\"WebSite\",\"@id\":\"https:\/\/www.ucat.edu.ve\/web\/#website\",\"url\":\"https:\/\/www.ucat.edu.ve\/web\/\",\"name\":\"Universidad Cat\u00f3lica del T\u00e1chira\",\"description\":\"\",\"publisher\":{\"@id\":\"https:\/\/www.ucat.edu.ve\/web\/#organization\"},\"potentialAction\":[{\"@type\":\"SearchAction\",\"target\":{\"@type\":\"EntryPoint\",\"urlTemplate\":\"https:\/\/www.ucat.edu.ve\/web\/?s={search_term_string}\"},\"query-input\":\"required name=search_term_string\"}],\"inLanguage\":\"es-ES\"},{\"@type\":\"WebPage\",\"@id\":\"https:\/\/www.ucat.edu.ve\/web\/autoridades\/cariucat\/informacion\/#webpage\",\"url\":\"https:\/\/www.ucat.edu.ve\/web\/autoridades\/cariucat\/informacion\/\",\"name\":\"Informaci\u00f3n - Universidad Cat\u00f3lica del T\u00e1chira\",\"isPartOf\":{\"@id\":\"https:\/\/www.ucat.edu.ve\/web\/#website\"},\"datePublished\":\"2016-07-12T20:30:18+00:00\",\"dateModified\":\"2016-11-17T14:03:53+00:00\",\"breadcrumb\":{\"@id\":\"https:\/\/www.ucat.edu.ve\/web\/autoridades\/cariucat\/informacion\/#breadcrumb\"},\"inLanguage\":\"es-ES\",\"potentialAction\":[{\"@type\":\"ReadAction\",\"target\":[\"https:\/\/www.ucat.edu.ve\/web\/autoridades\/cariucat\/informacion\/\"]}]},{\"@type\":\"BreadcrumbList\",\"@id\":\"https:\/\/www.ucat.edu.ve\/web\/autoridades\/cariucat\/informacion\/#breadcrumb\",\"itemListElement\":[{\"@type\":\"ListItem\",\"position\":1,\"name\":\"Home\",\"item\":\"https:\/\/www.ucat.edu.ve\/web\/\"},{\"@type\":\"ListItem\",\"position\":2,\"name\":\"Autoridades\",\"item\":\"https:\/\/www.ucat.edu.ve\/web\/autoridades\/\"},{\"@type\":\"ListItem\",\"position\":3,\"name\":\"CARIUCAT\",\"item\":\"https:\/\/www.ucat.edu.ve\/web\/autoridades\/cariucat\/\"},{\"@type\":\"ListItem\",\"position\":4,\"name\":\"Informaci\u00f3n\"}]}]}<\/script>\n<!-- \/ Yoast SEO plugin. -->","yoast_head_json":{"title":"Informaci\u00f3n - Universidad Cat\u00f3lica del T\u00e1chira","robots":{"index":"index","follow":"follow","max-snippet":"max-snippet:-1","max-image-preview":"max-image-preview:large","max-video-preview":"max-video-preview:-1"},"canonical":"https:\/\/www.ucat.edu.ve\/web\/autoridades\/cariucat\/informacion\/","og_locale":"es_ES","og_type":"article","og_title":"Informaci\u00f3n - Universidad Cat\u00f3lica del T\u00e1chira","og_description":"La Oficina de Cooperaci\u00f3n Acad\u00e9mica y Relaciones Interinstitucionales nace en el a\u00f1o 2003 debido a la necesidad de contar con una unidad u oficina que se responsabilizar\u00e1 por llevar las buenas relaciones de la Universidad Cat\u00f3lica del T\u00e1chira con otras instituciones educativas o de otra \u00edndole a nivel nacional e internacional. El objeto de CARIUCAT","og_url":"https:\/\/www.ucat.edu.ve\/web\/autoridades\/cariucat\/informacion\/","og_site_name":"Universidad Cat\u00f3lica del T\u00e1chira","article_publisher":"https:\/\/www.facebook.com\/notiucat\/","article_modified_time":"2016-11-17T14:03:53+00:00","author":"Superadministrador","twitter_card":"summary_large_image","twitter_site":"@notiucat","twitter_misc":{"Est. reading time":"1 minuto"},"schema":{"@context":"https:\/\/schema.org","@graph":[{"@type":"Organization","@id":"https:\/\/www.ucat.edu.ve\/web\/#organization","name":"Universidad Cat\u00f3lica Del T\u00e1chira UCAT","url":"https:\/\/www.ucat.edu.ve\/web\/","sameAs":["https:\/\/www.instagram.com\/notiucat\/","https:\/\/www.youtube.com\/channel\/UCwEbYSB1R9fzlII-8dcxuYA?view_as=subscriber","https:\/\/www.facebook.com\/notiucat\/","https:\/\/twitter.com\/notiucat"],"logo":{"@type":"ImageObject","inLanguage":"es-ES","@id":"https:\/\/www.ucat.edu.ve\/web\/#\/schema\/logo\/image\/","url":"https:\/\/www.ucat.edu.ve\/web\/wp-content\/uploads\/2015\/07\/logoucat.gif","contentUrl":"https:\/\/www.ucat.edu.ve\/web\/wp-content\/uploads\/2015\/07\/logoucat.gif","width":219,"height":155,"caption":"Universidad Cat\u00f3lica Del T\u00e1chira UCAT"},"image":{"@id":"https:\/\/www.ucat.edu.ve\/web\/#\/schema\/logo\/image\/"}},{"@type":"WebSite","@id":"https:\/\/www.ucat.edu.ve\/web\/#website","url":"https:\/\/www.ucat.edu.ve\/web\/","name":"Universidad Cat\u00f3lica del T\u00e1chira","description":"","publisher":{"@id":"https:\/\/www.ucat.edu.ve\/web\/#organization"},"potentialAction":[{"@type":"SearchAction","target":{"@type":"EntryPoint","urlTemplate":"https:\/\/www.ucat.edu.ve\/web\/?s={search_term_string}"},"query-input":"required name=search_term_string"}],"inLanguage":"es-ES"},{"@type":"WebPage","@id":"https:\/\/www.ucat.edu.ve\/web\/autoridades\/cariucat\/informacion\/#webpage","url":"https:\/\/www.ucat.edu.ve\/web\/autoridades\/cariucat\/informacion\/","name":"Informaci\u00f3n - Universidad Cat\u00f3lica del T\u00e1chira","isPartOf":{"@id":"https:\/\/www.ucat.edu.ve\/web\/#website"},"datePublished":"2016-07-12T20:30:18+00:00","dateModified":"2016-11-17T14:03:53+00:00","breadcrumb":{"@id":"https:\/\/www.ucat.edu.ve\/web\/autoridades\/cariucat\/informacion\/#breadcrumb"},"inLanguage":"es-ES","potentialAction":[{"@type":"ReadAction","target":["https:\/\/www.ucat.edu.ve\/web\/autoridades\/cariucat\/informacion\/"]}]},{"@type":"BreadcrumbList","@id":"https:\/\/www.ucat.edu.ve\/web\/autoridades\/cariucat\/informacion\/#breadcrumb","itemListElement":[{"@type":"ListItem","position":1,"name":"Home","item":"https:\/\/www.ucat.edu.ve\/web\/"},{"@type":"ListItem","position":2,"name":"Autoridades","item":"https:\/\/www.ucat.edu.ve\/web\/autoridades\/"},{"@type":"ListItem","position":3,"name":"CARIUCAT","item":"https:\/\/www.ucat.edu.ve\/web\/autoridades\/cariucat\/"},{"@type":"ListItem","position":4,"name":"Informaci\u00f3n"}]}]}},"_links":{"self":[{"href":"https:\/\/www.ucat.edu.ve\/web\/wp-json\/wp\/v2\/pages\/1130"}],"collection":[{"href":"https:\/\/www.ucat.edu.ve\/web\/wp-json\/wp\/v2\/pages"}],"about":[{"href":"https:\/\/www.ucat.edu.ve\/web\/wp-json\/wp\/v2\/types\/page"}],"author":[{"embeddable":true,"href":"https:\/\/www.ucat.edu.ve\/web\/wp-json\/wp\/v2\/users\/1"}],"replies":[{"embeddable":true,"href":"https:\/\/www.ucat.edu.ve\/web\/wp-json\/wp\/v2\/comments?post=1130"}],"version-history":[{"count":0,"href":"https:\/\/www.ucat.edu.ve\/web\/wp-json\/wp\/v2\/pages\/1130\/revisions"}],"up":[{"embeddable":true,"href":"https:\/\/www.ucat.edu.ve\/web\/wp-json\/wp\/v2\/pages\/1128"}],"wp:attachment":[{"href":"https:\/\/www.ucat.edu.ve\/web\/wp-json\/wp\/v2\/media?parent=1130"}],"curies":[{"name":"wp","href":"https:\/\/api.w.org\/{rel}","templated":true}]}}