 {"id":117,"date":"2015-07-16T19:24:53","date_gmt":"2015-07-16T19:24:53","guid":{"rendered":"http:\/\/190.202.129.93:7600\/ucat\/?page_id=117"},"modified":"2016-03-04T18:48:38","modified_gmt":"2016-03-04T18:48:38","slug":"wifi-ucat","status":"publish","type":"page","link":"https:\/\/www.ucat.edu.ve\/web\/identidad\/wifi-ucat\/","title":{"rendered":"WiFi UCAT"},"content":{"rendered":"<h3 style=\"text-align: center;\">\u00bfC\u00f3mo conectar tu laptop o equipo portatil a Internet haciendo uso de la red Wi-Fi de la UCAT?<\/h3>\n<p><strong>1.-<\/strong>\u00a0Aseg\u00farese que su tarjeta inal\u00e1mbrica est\u00e9 encendida. Si la tarjeta inal\u00e1mbrica esta integrada en su computadora port\u00e1til, tal vez necesite apretar un bot\u00f3n para encenderla. Por favor verifique la documentaci\u00f3n que viene con su computadora port\u00e1til.<\/p>\n<p><strong>2.-<\/strong>\u00a0Configure su computadora inal\u00e1mbrica de modo que obtenga una direcci\u00f3n IP autom\u00e1ticamente. Para instrucciones detalladas sobre c\u00f3mo realizar esto,\u00a0<a href=\"http:\/\/www.ucat.edu.ve\/wifiucat\/ip_automaticamente.htm\"><strong>haga clic aqu\u00ed<\/strong><\/a>.<\/p>\n<p><strong>3.-<\/strong>\u00a0Si tiene configuraciones proxy, necesitar\u00e1 deshabilitarlas en su computadora port\u00e1til.<a href=\"http:\/\/www.ucat.edu.ve\/wifiucat\/deshabilitando_proxy.htm\"><strong>Haga clic aqu\u00ed<\/strong><\/a>\u00a0para deshabilitar las configuraciones Proxy en el Navegador \u201cInternet Explorer\u201d y \u201cMozilla Firefox\u201d.<\/p>\n<p><strong>4.-<\/strong>\u00a0Conectarse a la red inal\u00e1mbrica identificada como\u00a0<strong>WIFIUCAT<\/strong>. Siga los pasos que se\u00a0<a href=\"http:\/\/www.ucat.edu.ve\/wifiucat\/conexion_zero_xp.htm\"><strong>describen aqu\u00ed\u00a0<\/strong><\/a>para conectarse a la red inal\u00e1mbrica usando Configuraci\u00f3n Zero Inal\u00e1mbrica de XP.<\/p>\n<p><strong>5.-<\/strong>\u00a0Una vez conectado abra un navegador de Internet (Internet Explorer o Firefox). \u00c9ste le redirigir\u00e1 a una p\u00e1gina en la que deber\u00e1 autenticarse. Deber\u00e1 introducir un nombre de usuario y contrase\u00f1a, que corresponde exactamente con la cuenta de usuario utilizada en los Laboratorios de Computaci\u00f3n. Si no dispone de una cuenta deber\u00e1 dirigirse a los Laboratorios de Computaci\u00f3n de la Universidad para solicitar una.<\/p>\n<p><strong>6.-<\/strong>\u00a0Si tiene problemas para autenticarse en el Portal Wi-Fi, aseg\u00farese de lo siguiente:<br \/>\n\u2013\u00a0Escribir correctamente su contrase\u00f1a, respetando may\u00fasculas y min\u00fasculas<br \/>\n\u2013\u00a0La tecla\u00a0<strong>Bloq May\u00fas<\/strong>\u00a0no est\u00e9 activada<br \/>\n\u2013\u00a0La tecla\u00a0<strong>Bloq Num\u00a0<\/strong>est\u00e9 activada<\/p>\n<p>El servicio de Internet WI-FI es un privilegio conferido por la UCAT. Como tal, se puede monitorear, limitar o revocar. El usuario acepta que el incumplimiento y la violaci\u00f3n de las disposiciones de esta Pol\u00edtica podr\u00edan anular este privilegio y conllevar otras sanciones disciplinarias.<\/p>\n<p style=\"text-align: center;\">Para m\u00e1s informaci\u00f3n, puede escribirnos a:\u00a0<a href=\"mailto:wifi@ucat.edu.ve\">wifi@ucat.edu.ve<\/a><\/p>\n","protected":false},"excerpt":{"rendered":"<p>\u00bfC\u00f3mo conectar tu laptop o equipo portatil a Internet haciendo uso de la red Wi-Fi de la UCAT? 1.-\u00a0Aseg\u00farese que su tarjeta inal\u00e1mbrica est\u00e9 encendida. Si la tarjeta inal\u00e1mbrica esta integrada en su computadora port\u00e1til, tal vez necesite apretar un bot\u00f3n para encenderla. Por favor verifique la documentaci\u00f3n que viene con su computadora port\u00e1til. 2.-\u00a0Configure<\/p>\n","protected":false},"author":1,"featured_media":0,"parent":36,"menu_order":0,"comment_status":"closed","ping_status":"closed","template":"fullwidth.php","meta":[],"yoast_head":"<!-- This site is optimized with the Yoast SEO plugin v19.2 - https:\/\/yoast.com\/wordpress\/plugins\/seo\/ -->\n<title>WiFi UCAT - Universidad Cat\u00f3lica del T\u00e1chira<\/title>\n<meta name=\"robots\" content=\"index, follow, max-snippet:-1, max-image-preview:large, max-video-preview:-1\" \/>\n<link rel=\"canonical\" href=\"https:\/\/www.ucat.edu.ve\/web\/identidad\/wifi-ucat\/\" \/>\n<meta property=\"og:locale\" content=\"es_ES\" \/>\n<meta property=\"og:type\" content=\"article\" \/>\n<meta property=\"og:title\" content=\"WiFi UCAT - Universidad Cat\u00f3lica del T\u00e1chira\" \/>\n<meta property=\"og:description\" content=\"\u00bfC\u00f3mo conectar tu laptop o equipo portatil a Internet haciendo uso de la red Wi-Fi de la UCAT? 1.-\u00a0Aseg\u00farese que su tarjeta inal\u00e1mbrica est\u00e9 encendida. Si la tarjeta inal\u00e1mbrica esta integrada en su computadora port\u00e1til, tal vez necesite apretar un bot\u00f3n para encenderla. Por favor verifique la documentaci\u00f3n que viene con su computadora port\u00e1til. 2.-\u00a0Configure\" \/>\n<meta property=\"og:url\" content=\"https:\/\/www.ucat.edu.ve\/web\/identidad\/wifi-ucat\/\" \/>\n<meta property=\"og:site_name\" content=\"Universidad Cat\u00f3lica del T\u00e1chira\" \/>\n<meta property=\"article:publisher\" content=\"https:\/\/www.facebook.com\/notiucat\/\" \/>\n<meta property=\"article:modified_time\" content=\"2016-03-04T18:48:38+00:00\" \/>\n<meta name=\"author\" content=\"Superadministrador\" \/>\n<meta name=\"twitter:card\" content=\"summary_large_image\" \/>\n<meta name=\"twitter:site\" content=\"@notiucat\" \/>\n<meta name=\"twitter:label1\" content=\"Est. reading time\" \/>\n\t<meta name=\"twitter:data1\" content=\"2 minutos\" \/>\n<script type=\"application\/ld+json\" class=\"yoast-schema-graph\">{\"@context\":\"https:\/\/schema.org\",\"@graph\":[{\"@type\":\"Organization\",\"@id\":\"https:\/\/www.ucat.edu.ve\/web\/#organization\",\"name\":\"Universidad Cat\u00f3lica Del T\u00e1chira UCAT\",\"url\":\"https:\/\/www.ucat.edu.ve\/web\/\",\"sameAs\":[\"https:\/\/www.instagram.com\/notiucat\/\",\"https:\/\/www.youtube.com\/channel\/UCwEbYSB1R9fzlII-8dcxuYA?view_as=subscriber\",\"https:\/\/www.facebook.com\/notiucat\/\",\"https:\/\/twitter.com\/notiucat\"],\"logo\":{\"@type\":\"ImageObject\",\"inLanguage\":\"es-ES\",\"@id\":\"https:\/\/www.ucat.edu.ve\/web\/#\/schema\/logo\/image\/\",\"url\":\"https:\/\/www.ucat.edu.ve\/web\/wp-content\/uploads\/2015\/07\/logoucat.gif\",\"contentUrl\":\"https:\/\/www.ucat.edu.ve\/web\/wp-content\/uploads\/2015\/07\/logoucat.gif\",\"width\":219,\"height\":155,\"caption\":\"Universidad Cat\u00f3lica Del T\u00e1chira UCAT\"},\"image\":{\"@id\":\"https:\/\/www.ucat.edu.ve\/web\/#\/schema\/logo\/image\/\"}},{\"@type\":\"WebSite\",\"@id\":\"https:\/\/www.ucat.edu.ve\/web\/#website\",\"url\":\"https:\/\/www.ucat.edu.ve\/web\/\",\"name\":\"Universidad Cat\u00f3lica del T\u00e1chira\",\"description\":\"\",\"publisher\":{\"@id\":\"https:\/\/www.ucat.edu.ve\/web\/#organization\"},\"potentialAction\":[{\"@type\":\"SearchAction\",\"target\":{\"@type\":\"EntryPoint\",\"urlTemplate\":\"https:\/\/www.ucat.edu.ve\/web\/?s={search_term_string}\"},\"query-input\":\"required name=search_term_string\"}],\"inLanguage\":\"es-ES\"},{\"@type\":\"WebPage\",\"@id\":\"https:\/\/www.ucat.edu.ve\/web\/identidad\/wifi-ucat\/#webpage\",\"url\":\"https:\/\/www.ucat.edu.ve\/web\/identidad\/wifi-ucat\/\",\"name\":\"WiFi UCAT - Universidad Cat\u00f3lica del T\u00e1chira\",\"isPartOf\":{\"@id\":\"https:\/\/www.ucat.edu.ve\/web\/#website\"},\"datePublished\":\"2015-07-16T19:24:53+00:00\",\"dateModified\":\"2016-03-04T18:48:38+00:00\",\"breadcrumb\":{\"@id\":\"https:\/\/www.ucat.edu.ve\/web\/identidad\/wifi-ucat\/#breadcrumb\"},\"inLanguage\":\"es-ES\",\"potentialAction\":[{\"@type\":\"ReadAction\",\"target\":[\"https:\/\/www.ucat.edu.ve\/web\/identidad\/wifi-ucat\/\"]}]},{\"@type\":\"BreadcrumbList\",\"@id\":\"https:\/\/www.ucat.edu.ve\/web\/identidad\/wifi-ucat\/#breadcrumb\",\"itemListElement\":[{\"@type\":\"ListItem\",\"position\":1,\"name\":\"Home\",\"item\":\"https:\/\/www.ucat.edu.ve\/web\/\"},{\"@type\":\"ListItem\",\"position\":2,\"name\":\"Identidad\",\"item\":\"https:\/\/www.ucat.edu.ve\/web\/identidad\/\"},{\"@type\":\"ListItem\",\"position\":3,\"name\":\"WiFi UCAT\"}]}]}<\/script>\n<!-- \/ Yoast SEO plugin. -->","yoast_head_json":{"title":"WiFi UCAT - Universidad Cat\u00f3lica del T\u00e1chira","robots":{"index":"index","follow":"follow","max-snippet":"max-snippet:-1","max-image-preview":"max-image-preview:large","max-video-preview":"max-video-preview:-1"},"canonical":"https:\/\/www.ucat.edu.ve\/web\/identidad\/wifi-ucat\/","og_locale":"es_ES","og_type":"article","og_title":"WiFi UCAT - Universidad Cat\u00f3lica del T\u00e1chira","og_description":"\u00bfC\u00f3mo conectar tu laptop o equipo portatil a Internet haciendo uso de la red Wi-Fi de la UCAT? 1.-\u00a0Aseg\u00farese que su tarjeta inal\u00e1mbrica est\u00e9 encendida. Si la tarjeta inal\u00e1mbrica esta integrada en su computadora port\u00e1til, tal vez necesite apretar un bot\u00f3n para encenderla. Por favor verifique la documentaci\u00f3n que viene con su computadora port\u00e1til. 2.-\u00a0Configure","og_url":"https:\/\/www.ucat.edu.ve\/web\/identidad\/wifi-ucat\/","og_site_name":"Universidad Cat\u00f3lica del T\u00e1chira","article_publisher":"https:\/\/www.facebook.com\/notiucat\/","article_modified_time":"2016-03-04T18:48:38+00:00","author":"Superadministrador","twitter_card":"summary_large_image","twitter_site":"@notiucat","twitter_misc":{"Est. reading time":"2 minutos"},"schema":{"@context":"https:\/\/schema.org","@graph":[{"@type":"Organization","@id":"https:\/\/www.ucat.edu.ve\/web\/#organization","name":"Universidad Cat\u00f3lica Del T\u00e1chira UCAT","url":"https:\/\/www.ucat.edu.ve\/web\/","sameAs":["https:\/\/www.instagram.com\/notiucat\/","https:\/\/www.youtube.com\/channel\/UCwEbYSB1R9fzlII-8dcxuYA?view_as=subscriber","https:\/\/www.facebook.com\/notiucat\/","https:\/\/twitter.com\/notiucat"],"logo":{"@type":"ImageObject","inLanguage":"es-ES","@id":"https:\/\/www.ucat.edu.ve\/web\/#\/schema\/logo\/image\/","url":"https:\/\/www.ucat.edu.ve\/web\/wp-content\/uploads\/2015\/07\/logoucat.gif","contentUrl":"https:\/\/www.ucat.edu.ve\/web\/wp-content\/uploads\/2015\/07\/logoucat.gif","width":219,"height":155,"caption":"Universidad Cat\u00f3lica Del T\u00e1chira UCAT"},"image":{"@id":"https:\/\/www.ucat.edu.ve\/web\/#\/schema\/logo\/image\/"}},{"@type":"WebSite","@id":"https:\/\/www.ucat.edu.ve\/web\/#website","url":"https:\/\/www.ucat.edu.ve\/web\/","name":"Universidad Cat\u00f3lica del T\u00e1chira","description":"","publisher":{"@id":"https:\/\/www.ucat.edu.ve\/web\/#organization"},"potentialAction":[{"@type":"SearchAction","target":{"@type":"EntryPoint","urlTemplate":"https:\/\/www.ucat.edu.ve\/web\/?s={search_term_string}"},"query-input":"required name=search_term_string"}],"inLanguage":"es-ES"},{"@type":"WebPage","@id":"https:\/\/www.ucat.edu.ve\/web\/identidad\/wifi-ucat\/#webpage","url":"https:\/\/www.ucat.edu.ve\/web\/identidad\/wifi-ucat\/","name":"WiFi UCAT - Universidad Cat\u00f3lica del T\u00e1chira","isPartOf":{"@id":"https:\/\/www.ucat.edu.ve\/web\/#website"},"datePublished":"2015-07-16T19:24:53+00:00","dateModified":"2016-03-04T18:48:38+00:00","breadcrumb":{"@id":"https:\/\/www.ucat.edu.ve\/web\/identidad\/wifi-ucat\/#breadcrumb"},"inLanguage":"es-ES","potentialAction":[{"@type":"ReadAction","target":["https:\/\/www.ucat.edu.ve\/web\/identidad\/wifi-ucat\/"]}]},{"@type":"BreadcrumbList","@id":"https:\/\/www.ucat.edu.ve\/web\/identidad\/wifi-ucat\/#breadcrumb","itemListElement":[{"@type":"ListItem","position":1,"name":"Home","item":"https:\/\/www.ucat.edu.ve\/web\/"},{"@type":"ListItem","position":2,"name":"Identidad","item":"https:\/\/www.ucat.edu.ve\/web\/identidad\/"},{"@type":"ListItem","position":3,"name":"WiFi UCAT"}]}]}},"_links":{"self":[{"href":"https:\/\/www.ucat.edu.ve\/web\/wp-json\/wp\/v2\/pages\/117"}],"collection":[{"href":"https:\/\/www.ucat.edu.ve\/web\/wp-json\/wp\/v2\/pages"}],"about":[{"href":"https:\/\/www.ucat.edu.ve\/web\/wp-json\/wp\/v2\/types\/page"}],"author":[{"embeddable":true,"href":"https:\/\/www.ucat.edu.ve\/web\/wp-json\/wp\/v2\/users\/1"}],"replies":[{"embeddable":true,"href":"https:\/\/www.ucat.edu.ve\/web\/wp-json\/wp\/v2\/comments?post=117"}],"version-history":[{"count":0,"href":"https:\/\/www.ucat.edu.ve\/web\/wp-json\/wp\/v2\/pages\/117\/revisions"}],"up":[{"embeddable":true,"href":"https:\/\/www.ucat.edu.ve\/web\/wp-json\/wp\/v2\/pages\/36"}],"wp:attachment":[{"href":"https:\/\/www.ucat.edu.ve\/web\/wp-json\/wp\/v2\/media?parent=117"}],"curies":[{"name":"wp","href":"https:\/\/api.w.org\/{rel}","templated":true}]}}