 {"id":12544,"date":"2024-04-24T12:00:46","date_gmt":"2024-04-24T12:00:46","guid":{"rendered":"https:\/\/www.ucat.edu.ve\/web\/?page_id=12544"},"modified":"2025-11-19T14:26:48","modified_gmt":"2025-11-19T14:26:48","slug":"licenciatura-en-psicologia","status":"publish","type":"page","link":"https:\/\/www.ucat.edu.ve\/web\/admisiones-nueva\/licenciatura-en-psicologia\/","title":{"rendered":"Licenciatura en Psicolog\u00eda"},"content":{"rendered":"<div class=\"su-heading su-heading-style-default su-heading-align-center\" id=\"\" style=\"font-size:18px;margin-bottom:20px\"><div class=\"su-heading-inner\"> <strong>LICENCIATURA EN PSICOLOG\u00cdA <\/strong><\/div><\/div>\n<p style=\"text-align: center\"><img loading=\"lazy\" class=\"alignnone wp-image-7463\" src=\"http:\/\/www.ucat.edu.ve\/web\/wp-content\/uploads\/2021\/06\/carreras-322x322.png\" alt=\"\" width=\"90\" height=\"90\" srcset=\"https:\/\/www.ucat.edu.ve\/web\/wp-content\/uploads\/2021\/06\/carreras-322x322.png 322w, https:\/\/www.ucat.edu.ve\/web\/wp-content\/uploads\/2021\/06\/carreras.png 512w\" sizes=\"(max-width: 90px) 100vw, 90px\" \/><\/p>\n<p><strong>T\u00edtulo que se otorga: <\/strong>Licenciado en Psicolog\u00eda.<br \/><strong>R\u00e9gimen de estudios: <\/strong>Semestral.<br \/><strong>Duraci\u00f3n: <\/strong>10 semestres. <br \/><strong>Turno: <\/strong>Matutino y Vespertino.<\/p>\n<p style=\"text-align: justify\">El egresado como Licenciado en Psicolog\u00eda, dispondr\u00e1 de una formaci\u00f3n cient\u00edfica, de las capacidades t\u00e9cnicas y cl\u00ednicas necesarias para la descripci\u00f3n, explicaci\u00f3n, predicci\u00f3n, resoluci\u00f3n de problemas psicol\u00f3gicos en los diversos \u00e1mbitos de lo individual, grupal, organizacional, comunitario, como en cualquier otro que, generado por la din\u00e1mica social en interacci\u00f3n con los avances de las ciencias del comportamiento, exija de su intervenci\u00f3n; tanto en la prevenci\u00f3n como en la optimizaci\u00f3n de los recursos personales y sociales.<\/p>\n<p><strong>Pensum:\u00a0<\/strong><a href=\"https:\/\/www.ucat.edu.ve\/web\/download\/facultades\/humanidades_y_educacion\/humanidades_y_educacion\/pensum_de_estudios\/Pensum-Licenciatura-de-Psicologia.pdf\" target=\"_blank\" rel=\"noopener\">Descargar<\/a><\/p>\n<p><span style=\"color: #ff0000\"><strong>Los aspirantes a cursar estudios de Psicolog\u00eda, deber\u00e1n presentar una prueba de aptitud psicol\u00f3gica.\u00a0<\/strong><\/span><\/p>\n<p><span style=\"color: #ff0000\"><strong>Considere que, en la carrera de Licenciatura en Psicolog\u00eda, se abrir\u00e1 el turno por el que hayan optado el mayor n\u00famero de aspirantes durante las preinscripciones.<\/strong><\/span><\/p>\n<div class=\"su-heading su-heading-style-default su-heading-align-center\" id=\"\" style=\"font-size:18px;margin-bottom:20px\"><div class=\"su-heading-inner\"> <strong>POR QU\u00c9 ESTUDIAR PSICOLOG\u00cdA EN LA UCAT\u00a0<\/strong><\/div><\/div>\n<p>1 &#8211; S\u00f3lida y amplia formaci\u00f3n en el \u00e1rea de neurociencias e investigaci\u00f3n psicol\u00f3gica, con \u00e9nfasis en el campo cl\u00ednico.<\/p>\n<p>2 &#8211; Clases pr\u00e1cticas en el laboratorio de investigaci\u00f3n psicol\u00f3gica, as\u00ed como experiencias de campo en las m\u00e1s diversas \u00e1reas de la psicolog\u00eda.<\/p>\n<p>3 &#8211; Pensum de estudio con temas novedosos de alto impacto social, impartido por un excelente equipo de docentes especialistas en cada una de las \u00e1reas.<\/p>\n<p>4 &#8211; En el moderno campus UCAT, podr\u00e1s vivir una experiencia \u00fanica como estudiante universitario.<\/p>\n<div class=\"su-heading su-heading-style-default su-heading-align-center\" id=\"\" style=\"font-size:18px;margin-bottom:20px\"><div class=\"su-heading-inner\"> <strong>PLAN DE ESTUDIOS DE LA CARRERA DE PSICOLOG\u00cdA<\/strong><b> <\/b><\/div><\/div>\n<p style=\"text-align: center\"><img loading=\"lazy\" class=\"aligncenter wp-image-7475\" src=\"https:\/\/www.ucat.edu.ve\/web\/wp-content\/uploads\/2021\/06\/requisitos-322x322.png\" alt=\"\" width=\"90\" height=\"90\" srcset=\"https:\/\/www.ucat.edu.ve\/web\/wp-content\/uploads\/2021\/06\/requisitos-322x322.png 322w, https:\/\/www.ucat.edu.ve\/web\/wp-content\/uploads\/2021\/06\/requisitos.png 512w\" sizes=\"(max-width: 90px) 100vw, 90px\" \/><\/p>\n<div class=\"su-tabs su-tabs-style-default su-tabs-mobile-stack\" data-active=\"1\" data-scroll-offset=\"0\" data-anchor-in-url=\"no\"><div class=\"su-tabs-nav\"><span class=\"\" data-url=\"\" data-target=\"blank\" tabindex=\"0\" role=\"button\">\u00c1rea de Formaci\u00f3n Especializada<\/span><span class=\"\" data-url=\"\" data-target=\"blank\" tabindex=\"0\" role=\"button\">\u00c1rea de Formaci\u00f3n Experiencial o Pr\u00e1ctica<\/span><span class=\"\" data-url=\"\" data-target=\"blank\" tabindex=\"0\" role=\"button\">\u00c1rea de Formaci\u00f3n Integral<\/span><span class=\"\" data-url=\"\" data-target=\"blank\" tabindex=\"0\" role=\"button\">\u00c1rea de Investigaci\u00f3n<\/span><\/div><div class=\"su-tabs-panes\"><div class=\"su-tabs-pane su-u-clearfix su-u-trim\" data-title=\"\u00c1rea de Formaci\u00f3n Especializada\"><\/strong><\/h3>\n<p>&#8211;\u00a0Psicolog\u00eda General I &#8211; II &#8211; III<br \/>&#8211;\u00a0Psicolog\u00eda Evolutiva I &#8211; II<br \/>&#8211;\u00a0Psicolog\u00eda Organizacional<br \/>&#8211;\u00a0Psicolog\u00eda de la Personalidad<br \/>&#8211;\u00a0Psicolog\u00eda Escolar<br \/>&#8211;\u00a0Psicolog\u00eda Social<br \/>&#8211;\u00a0Psicolog\u00eda Experimental<br \/>&#8211;\u00a0Psicolog\u00eda de la Diversidad Funcional<br \/>&#8211;\u00a0Psicolog\u00eda Cl\u00ednica General<br \/>&#8211;\u00a0Psicolog\u00eda Cl\u00ednica Infantil<br \/>&#8211;\u00a0Psicolog\u00eda Cl\u00ednica Juvenil<br \/>&#8211;\u00a0Psicolog\u00eda Cl\u00ednica de Adultos<br \/>&#8211;\u00a0Psicogerontolog\u00eda Cl\u00ednica<br \/>&#8211;\u00a0Neurofisiolog\u00eda<br \/>&#8211;\u00a0Neuropsicolog\u00eda<br \/>&#8211;\u00a0Psicofarmacolog\u00eda<br \/>&#8211;\u00a0Psicoterapia<br \/>&#8211;\u00a0Psicometr\u00eda<br \/>&#8211;\u00a0Psicopatolog\u00eda<br \/>&#8211;\u00a0Psicoinmunolog\u00eda<br \/>&#8211;\u00a0Dificultades en el Desarrollo y en el Aprendizaje<br \/>&#8211;\u00a0Psicolog\u00eda y Sociedad<br \/>&#8211;\u00a0Psicoesatd\u00edstica<\/p>\n<\/div>\n<div class=\"su-tabs-pane su-u-clearfix su-u-trim\" data-title=\"\u00c1rea de Formaci\u00f3n Experiencial o Pr\u00e1ctica\"><\/strong><\/h3>\n<p>&#8211;\u00a0Pr\u00e1ctica de Psicolog\u00eda Escolar<br \/>&#8211;\u00a0Pr\u00e1ctica de Psicolog\u00eda Social<br \/>&#8211;\u00a0Pr\u00e1ctica de Psicolog\u00eda Cl\u00ednica Infantil<br \/>&#8211;\u00a0Pr\u00e1ctica de Psicolog\u00eda Cl\u00ednica Juvenil<br \/>&#8211;\u00a0Pr\u00e1ctica de Psicolog\u00eda Cl\u00ednica de Adultos<br \/>&#8211;\u00a0Pr\u00e1ctica de Psicogerontolog\u00eda<br \/>&#8211;\u00a0Pr\u00e1ctica Profesional I &#8211; II<br \/>&#8211;\u00a0Trabajo Comunitario<br \/>&#8211;\u00a0Evaluaci\u00f3n Psicol\u00f3gica I &#8211; II<br \/>&#8211;\u00a0Intervenci\u00f3n Psicol\u00f3gica I &#8211; II<\/p>\n<\/div>\n<div class=\"su-tabs-pane su-u-clearfix su-u-trim\" data-title=\"\u00c1rea de Formaci\u00f3n Integral\"><\/strong><\/h3>\n<p>&#8211; Estad\u00edstica I &#8211; II<br \/>&#8211; Lenguaje y Comunicaci\u00f3n<br \/>&#8211; Ingl\u00e9s<br \/>&#8211; Educaci\u00f3n F\u00edsica, Deporte y Recreaci\u00f3n<br \/>&#8211; Pensamiento Social<br \/>&#8211; \u00c9tica Profesional<\/p>\n<p style=\"text-align: justify\">\u00a0<\/p>\n<\/div>\n<div class=\"su-tabs-pane su-u-clearfix su-u-trim\" data-title=\"\u00c1rea de Investigaci\u00f3n\"><\/h3>\n<p>&#8211; Metodolog\u00eda de la Investigaci\u00f3n<br \/>&#8211; Proyecto de Grado<br \/>&#8211; Trabajo de Grado<\/p>\n<p style=\"text-align: justify\">\u00a0<\/p>\n<\/div><\/div><\/div>\n<p>\u00a0<\/p>\n<p style=\"text-align: justify\"><div class=\"su-heading su-heading-style-default su-heading-align-center\" id=\"\" style=\"font-size:18px;margin-bottom:20px\"><div class=\"su-heading-inner\">\u00a0<strong>\u00bfQU\u00c9 DOCUMENTOS SOLICITA LA UCAT PARA LA PREINSCRIPCI\u00d3N? <\/strong><\/div><\/div>\n<p style=\"text-align: center\"><img loading=\"lazy\" class=\"aligncenter wp-image-10923\" src=\"https:\/\/www.ucat.edu.ve\/web\/wp-content\/uploads\/2023\/04\/documentosucat.png\" alt=\"\" width=\"90\" height=\"90\" \/><\/p>\n<div class=\"su-tabs su-tabs-style-default su-tabs-mobile-stack\" data-active=\"1\" data-scroll-offset=\"0\" data-anchor-in-url=\"no\"><div class=\"su-tabs-nav\"><span class=\"\" data-url=\"\" data-target=\"blank\" tabindex=\"0\" role=\"button\"><strong>Aspirantes Nuevo Ingreso<\/strong><\/span><span class=\"\" data-url=\"\" data-target=\"blank\" tabindex=\"0\" role=\"button\"><strong>Aspirantes Nuevo Ingreso - Extranjero<\/strong><\/span><span class=\"\" data-url=\"\" data-target=\"blank\" tabindex=\"0\" role=\"button\"><strong>Aspirantes por Readmisi\u00f3n<\/strong><\/span><\/div><div class=\"su-tabs-panes\"><div class=\"su-tabs-pane su-u-clearfix su-u-trim\" data-title=\"&lt;strong&gt;Aspirantes Nuevo Ingreso&lt;\/strong&gt;\"><\/h3>\n<p><em>(Aquellos aspirantes que no han estudiado con anterioridad en la UCAT y no tienen asignado n\u00famero de expediente acad\u00e9mico)<\/em><\/p>\n<p>\u2013 Fotocopia de la C\u00e9dula de identidad.<br \/>\u2013 Factura de Pago.<\/p>\n<\/div>\n<div class=\"su-tabs-pane su-u-clearfix su-u-trim\" data-title=\"&lt;strong&gt;Aspirantes Nuevo Ingreso - Extranjero&lt;\/strong&gt;\"><\/h3>\n<p><em>(Aquellos aspirantes que no han estudiado con anterioridad en la UCAT y no tienen asignado n\u00famero de expediente acad\u00e9mico)<\/em><\/p>\n<p style=\"margin: 0cm;margin-bottom: .0001pt;line-height: 20.25pt\">\u2013 Fotocopia de la C\u00e9dula de identidad.<br \/>\u2013 Factura de Pago.<\/p>\n<p>En caso de quedar admitido, la Universidad te exigir\u00e1 el Visado tipo TE (Transe\u00fante Estudiante)<\/p>\n<p>Sus notas certificadas y t\u00edtulo de pregrado deben pasar por un proceso de \u201c<strong>Reconocimiento de <\/strong><strong>Estudios Realizados en el Extranjero<\/strong>\u201d, para lo cual necesita consignar en la oficina de la Zona Educativa que se encarga de esos tr\u00e1mites, cuya direcci\u00f3n es la siguiente: carrera 6 entre calles 11 y 12, detr\u00e1s de plastihogar, los siguientes requisitos:<\/p>\n<p><strong>1. Si es venezolano y se gradu\u00f3 en el exterior:<\/strong><br \/>1.1. Notas Certificadas del Bachillerato legalizadas y apostilladas.<br \/>1.2. T\u00edtulo de Bachiller, legalizado y apostillado.<\/p>\n<p><strong>2. Si es extranjero:<\/strong><br \/>2.1. Notas Certificadas del Bachillerato legalizadas y apostilladas.<br \/>2.2. T\u00edtulo de Bachiller, legalizado y apostillado.<br \/>2.3. Pasaporte.<br \/>2.4. En el caso de no ser procedente de los siguientes pa\u00edses: Colombia, Bolivia, Chile, Ecuador, Espa\u00f1a, Panam\u00e1, Per\u00fa, Uruguay, Brasil, Guatemala, Argentina, Rep\u00fablica Dominicana, deben anexar la tabla de conversi\u00f3n de grados y de calificaciones.<br \/>2.5. Si el pa\u00eds de procedencia tiene un idioma diferente al espa\u00f1ol, debe consignar los documentos debidamente traducidos por un int\u00e9rprete colegiado\/p\u00fablico.<\/p>\n<p>Una vez consigne los documentos antes mencionados le dar\u00e1n un soporte en el cual le informan el d\u00eda de retirar dicho tr\u00e1mite, con una copia de esa constancia puede formalizar inscripci\u00f3n con nosotros.<\/p>\n<\/div>\n<div class=\"su-tabs-pane su-u-clearfix su-u-trim\" data-title=\"&lt;strong&gt;Aspirantes por Readmisi\u00f3n&lt;\/strong&gt;\"><\/h3>\n<p><em>(aquellos aspirantes que han estudiado con anterioridad en la UCAT y tienen asignado un n\u00famero de expediente acad\u00e9mico.)<\/em><\/p>\n<p style=\"text-align: justify\">En esta categor\u00eda quedan incluidos quienes soliciten estudiar carreras simult\u00e1neas, quienes provengan de un R\u00e9gimen de Repitencia (RR) y\/o los traslados internos en una misma Facultad o para otra Facultad, y los profesionales egresados de la UCAT)<\/p>\n<p>\u2013 Fotocopia de la C\u00e9dula de identidad.<br \/>\u2013 Factura de Pago.<\/p>\n<p><strong>Para la condici\u00f3n de carrera simult\u00e1nea en la UCAT, debes agregar:<\/strong><\/p>\n<p>-(1) Una Fotocopia de la autorizaci\u00f3n del Consejo Universitario si el aspirante cursa 2do, 3ero, o 4to a\u00f1o de una carrera larga y 2do a\u00f1o de una carrera corta y aspira inscribirse en una carrera de una Facultad diferente a la que est\u00e1 cursando actualmente. La condici\u00f3n de carrera simult\u00e1nea tiene a su vez la condici\u00f3n administrativa (inscripci\u00f3n y mensualidad) doble, o en su defecto.<\/p>\n<p>-(1) Una Fotocopia de la autorizaci\u00f3n del Consejo de Facultad si el aspirante cursa 2do, 3ero, o 4to a\u00f1o de una carrera larga y 2do a\u00f1o de una carrera corta y aspira inscribirse en una carrera que pertenece a la misma Facultad en la cual est\u00e1 estudiando. La condici\u00f3n de carrera simult\u00e1nea tiene a su vez la condici\u00f3n administrativa (inscripci\u00f3n y mensualidad) doble.<\/p>\n<p style=\"text-align: justify\"><strong>Profesional Egresado de la UCAT<\/strong><\/p>\n<p><em>(aquellos aspirantes que han estudiado con anterioridad en la UCAT y tienen asignado un n\u00famero de expediente acad\u00e9mico.)<\/em><\/p>\n<p>\u2013 Fotocopia de la C\u00e9dula de identidad.<br \/>\u2013 Factura de Pago.<br \/>&#8211; Copia del T\u00edtulo Profesional.<\/p>\n<\/div><\/div><\/div>\n<div class=\"su-heading su-heading-style-default su-heading-align-center\" id=\"\" style=\"font-size:18px;margin-bottom:20px\"><div class=\"su-heading-inner\">\u00a0<strong>\u00bfQU\u00c9 DOCUMENTOS SOLICITA LA UCAT PARA LA INSCRIPCI\u00d3N? <\/strong><\/div><\/div>\n<p>Los documentos que solicitamos a continuaci\u00f3n deben ser entregados en f\u00edsico.<\/p>\n<p>Una (1) fotograf\u00eda del admitido, reciente, tama\u00f1o carn\u00e9 en fondo azul o blanco.<\/p>\n<p>Fotocopia de la c\u00e9dula de identidad del admitido, ampliada, apaisada, tama\u00f1o carta y sin recortar.<\/p>\n<p>Fotocopia del T\u00edtulo de Bachiller y de su respectivo timbre fiscal. (El valor de los timbres fiscales debe ser no menor al 10% del valor de la Unidad Tributaria).<\/p>\n<p>Fotocopia de la Certificaci\u00f3n de Calificaciones y de su respectivo timbre fiscal. (El valor de los timbres fiscales debe ser no menor al 30% del valor de la Unidad Tributaria para cada folio).<\/p>\n<p>Fotocopia del Certificado de Participaci\u00f3n en el Sistema Nacional de Ingreso a la Educaci\u00f3n Universitaria (CNU\/OPSU\/SNI\/RUSNIEU\/RUSNIES). Gaceta Oficial No. 39.190 de fecha 1 de junio de 2009.<\/p>\n<p>Fotocopia de la Partida de Nacimiento reciente (emitida del a\u00f1o 2000 en adelante).<\/p>\n<p>Fotocopia de la Constancia de Inscripci\u00f3n Militar, o en su defecto la imagen del carn\u00e9 militar o de la baja militar (Requisito s\u00f3lo para admitidos mayores de edad).<\/p>\n<p>Dos (2) juegos de la Constancia de Inscripci\u00f3n, Compromiso de Inscripci\u00f3n y Hoja de Consignaci\u00f3n de Documento de Inscripci\u00f3n (Requisito emitido en el sistema de Inscripciones en l\u00ednea).<\/p>\n<p>Fotocopia de la C\u00e9dula de identidad del representante legal (S\u00f3lo en caso que el admitido sea menor de edad).<\/p>\n<p style=\"text-align: center\">\u00a0<\/p>\n\n\n<p><\/p>\n","protected":false},"excerpt":{"rendered":"<p>T\u00edtulo que se otorga: Licenciado en Psicolog\u00eda.R\u00e9gimen de estudios: Semestral.Duraci\u00f3n: 10 semestres. Turno: Matutino y Vespertino. El egresado como Licenciado en Psicolog\u00eda, dispondr\u00e1 de una formaci\u00f3n cient\u00edfica, de las capacidades t\u00e9cnicas y cl\u00ednicas necesarias para la descripci\u00f3n, explicaci\u00f3n, predicci\u00f3n, resoluci\u00f3n de problemas psicol\u00f3gicos en los diversos \u00e1mbitos de lo individual, grupal, organizacional, comunitario, como en<\/p>\n","protected":false},"author":1,"featured_media":0,"parent":1946,"menu_order":0,"comment_status":"closed","ping_status":"closed","template":"fullwidth.php","meta":[],"yoast_head":"<!-- This site is optimized with the Yoast SEO plugin v19.2 - https:\/\/yoast.com\/wordpress\/plugins\/seo\/ -->\n<title>Licenciatura en Psicolog\u00eda - Universidad Cat\u00f3lica del T\u00e1chira<\/title>\n<meta name=\"robots\" content=\"index, follow, max-snippet:-1, max-image-preview:large, max-video-preview:-1\" \/>\n<link rel=\"canonical\" href=\"https:\/\/www.ucat.edu.ve\/web\/admisiones-nueva\/licenciatura-en-psicologia\/\" \/>\n<meta property=\"og:locale\" content=\"es_ES\" \/>\n<meta property=\"og:type\" content=\"article\" \/>\n<meta property=\"og:title\" content=\"Licenciatura en Psicolog\u00eda - Universidad Cat\u00f3lica del T\u00e1chira\" \/>\n<meta property=\"og:description\" content=\"T\u00edtulo que se otorga: Licenciado en Psicolog\u00eda.R\u00e9gimen de estudios: Semestral.Duraci\u00f3n: 10 semestres. Turno: Matutino y Vespertino. El egresado como Licenciado en Psicolog\u00eda, dispondr\u00e1 de una formaci\u00f3n cient\u00edfica, de las capacidades t\u00e9cnicas y cl\u00ednicas necesarias para la descripci\u00f3n, explicaci\u00f3n, predicci\u00f3n, resoluci\u00f3n de problemas psicol\u00f3gicos en los diversos \u00e1mbitos de lo individual, grupal, organizacional, comunitario, como en\" \/>\n<meta property=\"og:url\" content=\"https:\/\/www.ucat.edu.ve\/web\/admisiones-nueva\/licenciatura-en-psicologia\/\" \/>\n<meta property=\"og:site_name\" content=\"Universidad Cat\u00f3lica del T\u00e1chira\" \/>\n<meta property=\"article:publisher\" content=\"https:\/\/www.facebook.com\/notiucat\/\" \/>\n<meta property=\"article:modified_time\" content=\"2025-11-19T14:26:48+00:00\" \/>\n<meta property=\"og:image\" content=\"http:\/\/www.ucat.edu.ve\/web\/wp-content\/uploads\/2021\/06\/carreras-322x322.png\" \/>\n<meta name=\"author\" content=\"Superadministrador\" \/>\n<meta name=\"twitter:card\" content=\"summary_large_image\" \/>\n<meta name=\"twitter:site\" content=\"@notiucat\" \/>\n<meta name=\"twitter:label1\" content=\"Est. reading time\" \/>\n\t<meta name=\"twitter:data1\" content=\"6 minutos\" \/>\n<script type=\"application\/ld+json\" class=\"yoast-schema-graph\">{\"@context\":\"https:\/\/schema.org\",\"@graph\":[{\"@type\":\"Organization\",\"@id\":\"https:\/\/www.ucat.edu.ve\/web\/#organization\",\"name\":\"Universidad Cat\u00f3lica Del T\u00e1chira UCAT\",\"url\":\"https:\/\/www.ucat.edu.ve\/web\/\",\"sameAs\":[\"https:\/\/www.instagram.com\/notiucat\/\",\"https:\/\/www.youtube.com\/channel\/UCwEbYSB1R9fzlII-8dcxuYA?view_as=subscriber\",\"https:\/\/www.facebook.com\/notiucat\/\",\"https:\/\/twitter.com\/notiucat\"],\"logo\":{\"@type\":\"ImageObject\",\"inLanguage\":\"es-ES\",\"@id\":\"https:\/\/www.ucat.edu.ve\/web\/#\/schema\/logo\/image\/\",\"url\":\"https:\/\/www.ucat.edu.ve\/web\/wp-content\/uploads\/2015\/07\/logoucat.gif\",\"contentUrl\":\"https:\/\/www.ucat.edu.ve\/web\/wp-content\/uploads\/2015\/07\/logoucat.gif\",\"width\":219,\"height\":155,\"caption\":\"Universidad Cat\u00f3lica Del T\u00e1chira UCAT\"},\"image\":{\"@id\":\"https:\/\/www.ucat.edu.ve\/web\/#\/schema\/logo\/image\/\"}},{\"@type\":\"WebSite\",\"@id\":\"https:\/\/www.ucat.edu.ve\/web\/#website\",\"url\":\"https:\/\/www.ucat.edu.ve\/web\/\",\"name\":\"Universidad Cat\u00f3lica del T\u00e1chira\",\"description\":\"\",\"publisher\":{\"@id\":\"https:\/\/www.ucat.edu.ve\/web\/#organization\"},\"potentialAction\":[{\"@type\":\"SearchAction\",\"target\":{\"@type\":\"EntryPoint\",\"urlTemplate\":\"https:\/\/www.ucat.edu.ve\/web\/?s={search_term_string}\"},\"query-input\":\"required name=search_term_string\"}],\"inLanguage\":\"es-ES\"},{\"@type\":\"ImageObject\",\"inLanguage\":\"es-ES\",\"@id\":\"https:\/\/www.ucat.edu.ve\/web\/admisiones-nueva\/licenciatura-en-psicologia\/#primaryimage\",\"url\":\"http:\/\/www.ucat.edu.ve\/web\/wp-content\/uploads\/2021\/06\/carreras-322x322.png\",\"contentUrl\":\"http:\/\/www.ucat.edu.ve\/web\/wp-content\/uploads\/2021\/06\/carreras-322x322.png\"},{\"@type\":\"WebPage\",\"@id\":\"https:\/\/www.ucat.edu.ve\/web\/admisiones-nueva\/licenciatura-en-psicologia\/#webpage\",\"url\":\"https:\/\/www.ucat.edu.ve\/web\/admisiones-nueva\/licenciatura-en-psicologia\/\",\"name\":\"Licenciatura en Psicolog\u00eda - Universidad Cat\u00f3lica del T\u00e1chira\",\"isPartOf\":{\"@id\":\"https:\/\/www.ucat.edu.ve\/web\/#website\"},\"primaryImageOfPage\":{\"@id\":\"https:\/\/www.ucat.edu.ve\/web\/admisiones-nueva\/licenciatura-en-psicologia\/#primaryimage\"},\"datePublished\":\"2024-04-24T12:00:46+00:00\",\"dateModified\":\"2025-11-19T14:26:48+00:00\",\"breadcrumb\":{\"@id\":\"https:\/\/www.ucat.edu.ve\/web\/admisiones-nueva\/licenciatura-en-psicologia\/#breadcrumb\"},\"inLanguage\":\"es-ES\",\"potentialAction\":[{\"@type\":\"ReadAction\",\"target\":[\"https:\/\/www.ucat.edu.ve\/web\/admisiones-nueva\/licenciatura-en-psicologia\/\"]}]},{\"@type\":\"BreadcrumbList\",\"@id\":\"https:\/\/www.ucat.edu.ve\/web\/admisiones-nueva\/licenciatura-en-psicologia\/#breadcrumb\",\"itemListElement\":[{\"@type\":\"ListItem\",\"position\":1,\"name\":\"Home\",\"item\":\"https:\/\/www.ucat.edu.ve\/web\/\"},{\"@type\":\"ListItem\",\"position\":2,\"name\":\"Admisiones\",\"item\":\"https:\/\/www.ucat.edu.ve\/web\/admisiones-nueva\/\"},{\"@type\":\"ListItem\",\"position\":3,\"name\":\"Licenciatura en Psicolog\u00eda\"}]}]}<\/script>\n<!-- \/ Yoast SEO plugin. -->","yoast_head_json":{"title":"Licenciatura en Psicolog\u00eda - Universidad Cat\u00f3lica del T\u00e1chira","robots":{"index":"index","follow":"follow","max-snippet":"max-snippet:-1","max-image-preview":"max-image-preview:large","max-video-preview":"max-video-preview:-1"},"canonical":"https:\/\/www.ucat.edu.ve\/web\/admisiones-nueva\/licenciatura-en-psicologia\/","og_locale":"es_ES","og_type":"article","og_title":"Licenciatura en Psicolog\u00eda - Universidad Cat\u00f3lica del T\u00e1chira","og_description":"T\u00edtulo que se otorga: Licenciado en Psicolog\u00eda.R\u00e9gimen de estudios: Semestral.Duraci\u00f3n: 10 semestres. Turno: Matutino y Vespertino. El egresado como Licenciado en Psicolog\u00eda, dispondr\u00e1 de una formaci\u00f3n cient\u00edfica, de las capacidades t\u00e9cnicas y cl\u00ednicas necesarias para la descripci\u00f3n, explicaci\u00f3n, predicci\u00f3n, resoluci\u00f3n de problemas psicol\u00f3gicos en los diversos \u00e1mbitos de lo individual, grupal, organizacional, comunitario, como en","og_url":"https:\/\/www.ucat.edu.ve\/web\/admisiones-nueva\/licenciatura-en-psicologia\/","og_site_name":"Universidad Cat\u00f3lica del T\u00e1chira","article_publisher":"https:\/\/www.facebook.com\/notiucat\/","article_modified_time":"2025-11-19T14:26:48+00:00","og_image":[{"url":"http:\/\/www.ucat.edu.ve\/web\/wp-content\/uploads\/2021\/06\/carreras-322x322.png"}],"author":"Superadministrador","twitter_card":"summary_large_image","twitter_site":"@notiucat","twitter_misc":{"Est. reading time":"6 minutos"},"schema":{"@context":"https:\/\/schema.org","@graph":[{"@type":"Organization","@id":"https:\/\/www.ucat.edu.ve\/web\/#organization","name":"Universidad Cat\u00f3lica Del T\u00e1chira UCAT","url":"https:\/\/www.ucat.edu.ve\/web\/","sameAs":["https:\/\/www.instagram.com\/notiucat\/","https:\/\/www.youtube.com\/channel\/UCwEbYSB1R9fzlII-8dcxuYA?view_as=subscriber","https:\/\/www.facebook.com\/notiucat\/","https:\/\/twitter.com\/notiucat"],"logo":{"@type":"ImageObject","inLanguage":"es-ES","@id":"https:\/\/www.ucat.edu.ve\/web\/#\/schema\/logo\/image\/","url":"https:\/\/www.ucat.edu.ve\/web\/wp-content\/uploads\/2015\/07\/logoucat.gif","contentUrl":"https:\/\/www.ucat.edu.ve\/web\/wp-content\/uploads\/2015\/07\/logoucat.gif","width":219,"height":155,"caption":"Universidad Cat\u00f3lica Del T\u00e1chira UCAT"},"image":{"@id":"https:\/\/www.ucat.edu.ve\/web\/#\/schema\/logo\/image\/"}},{"@type":"WebSite","@id":"https:\/\/www.ucat.edu.ve\/web\/#website","url":"https:\/\/www.ucat.edu.ve\/web\/","name":"Universidad Cat\u00f3lica del T\u00e1chira","description":"","publisher":{"@id":"https:\/\/www.ucat.edu.ve\/web\/#organization"},"potentialAction":[{"@type":"SearchAction","target":{"@type":"EntryPoint","urlTemplate":"https:\/\/www.ucat.edu.ve\/web\/?s={search_term_string}"},"query-input":"required name=search_term_string"}],"inLanguage":"es-ES"},{"@type":"ImageObject","inLanguage":"es-ES","@id":"https:\/\/www.ucat.edu.ve\/web\/admisiones-nueva\/licenciatura-en-psicologia\/#primaryimage","url":"http:\/\/www.ucat.edu.ve\/web\/wp-content\/uploads\/2021\/06\/carreras-322x322.png","contentUrl":"http:\/\/www.ucat.edu.ve\/web\/wp-content\/uploads\/2021\/06\/carreras-322x322.png"},{"@type":"WebPage","@id":"https:\/\/www.ucat.edu.ve\/web\/admisiones-nueva\/licenciatura-en-psicologia\/#webpage","url":"https:\/\/www.ucat.edu.ve\/web\/admisiones-nueva\/licenciatura-en-psicologia\/","name":"Licenciatura en Psicolog\u00eda - Universidad Cat\u00f3lica del T\u00e1chira","isPartOf":{"@id":"https:\/\/www.ucat.edu.ve\/web\/#website"},"primaryImageOfPage":{"@id":"https:\/\/www.ucat.edu.ve\/web\/admisiones-nueva\/licenciatura-en-psicologia\/#primaryimage"},"datePublished":"2024-04-24T12:00:46+00:00","dateModified":"2025-11-19T14:26:48+00:00","breadcrumb":{"@id":"https:\/\/www.ucat.edu.ve\/web\/admisiones-nueva\/licenciatura-en-psicologia\/#breadcrumb"},"inLanguage":"es-ES","potentialAction":[{"@type":"ReadAction","target":["https:\/\/www.ucat.edu.ve\/web\/admisiones-nueva\/licenciatura-en-psicologia\/"]}]},{"@type":"BreadcrumbList","@id":"https:\/\/www.ucat.edu.ve\/web\/admisiones-nueva\/licenciatura-en-psicologia\/#breadcrumb","itemListElement":[{"@type":"ListItem","position":1,"name":"Home","item":"https:\/\/www.ucat.edu.ve\/web\/"},{"@type":"ListItem","position":2,"name":"Admisiones","item":"https:\/\/www.ucat.edu.ve\/web\/admisiones-nueva\/"},{"@type":"ListItem","position":3,"name":"Licenciatura en Psicolog\u00eda"}]}]}},"_links":{"self":[{"href":"https:\/\/www.ucat.edu.ve\/web\/wp-json\/wp\/v2\/pages\/12544"}],"collection":[{"href":"https:\/\/www.ucat.edu.ve\/web\/wp-json\/wp\/v2\/pages"}],"about":[{"href":"https:\/\/www.ucat.edu.ve\/web\/wp-json\/wp\/v2\/types\/page"}],"author":[{"embeddable":true,"href":"https:\/\/www.ucat.edu.ve\/web\/wp-json\/wp\/v2\/users\/1"}],"replies":[{"embeddable":true,"href":"https:\/\/www.ucat.edu.ve\/web\/wp-json\/wp\/v2\/comments?post=12544"}],"version-history":[{"count":53,"href":"https:\/\/www.ucat.edu.ve\/web\/wp-json\/wp\/v2\/pages\/12544\/revisions"}],"predecessor-version":[{"id":15133,"href":"https:\/\/www.ucat.edu.ve\/web\/wp-json\/wp\/v2\/pages\/12544\/revisions\/15133"}],"up":[{"embeddable":true,"href":"https:\/\/www.ucat.edu.ve\/web\/wp-json\/wp\/v2\/pages\/1946"}],"wp:attachment":[{"href":"https:\/\/www.ucat.edu.ve\/web\/wp-json\/wp\/v2\/media?parent=12544"}],"curies":[{"name":"wp","href":"https:\/\/api.w.org\/{rel}","templated":true}]}}