 {"id":12893,"date":"2024-06-07T12:35:34","date_gmt":"2024-06-07T12:35:34","guid":{"rendered":"https:\/\/www.ucat.edu.ve\/web\/?page_id=12893"},"modified":"2024-06-07T16:01:00","modified_gmt":"2024-06-07T16:01:00","slug":"test-de-orientacion-vocacional-chaside","status":"publish","type":"page","link":"https:\/\/www.ucat.edu.ve\/web\/test-de-orientacion-vocacional-chaside\/","title":{"rendered":"Test de Orientaci\u00f3n Vocacional CHASIDE"},"content":{"rendered":"<div class=\"su-heading su-heading-style-default su-heading-align-center\" id=\"\" style=\"font-size:18px;margin-bottom:20px\"><div class=\"su-heading-inner\"> <strong>TEST DE ORIENTACI\u00d3N VOCACIONAL<\/strong><\/div><\/div>\n<p style=\"text-align: justify\">Para el futuro estudiante, el proceso de elecci\u00f3n de una carrera universitaria implica la consideraci\u00f3n de aspectos tendentes a descubrir sus intereses, gustos y aptitudes; as\u00ed como tambi\u00e9n conocer las posibles alternativas relacionadas a las propuestas acad\u00e9micas disponibles.<\/p>\n<p style=\"text-align: justify\">Un test de orientaci\u00f3n vocacional puede ser una herramienta \u00fatil, aunque no definitiva, para contar con una primera aproximaci\u00f3n a la b\u00fasqueda vocacional. Es por ello que, con la finalidad de contribuir al proceso de la elecci\u00f3n de una carrera universitaria, ponemos a disposici\u00f3n, de forma <em>online<\/em> gratuita, este test que consta de 98 preguntas relacionadas a tus intereses y aptitudes.<\/p>\n<p style=\"text-align: justify\">Para conocer tu orientaci\u00f3n vocacional, puedes responder siguiendo las instrucciones indicadas:<\/p>\n<p><strong>&#8211; Lee atentamente cada pregunta.<\/strong><br \/><strong>&#8211; Selecciona la respuesta SI o No seg\u00fan tu criterio.<\/strong><br \/><strong>&#8211; Responde\u00a0 a todas las preguntas sin omitir ninguna.<\/strong><\/p>\n<p style=\"text-align: justify\">Con base en tus respuestas, puedes tener una primera aproximaci\u00f3n a tu orientaci\u00f3n vocacional.<\/p>\n<p style=\"text-align: center\"><a class=\"maxbutton-1 maxbutton maxbutton-nuevos\" target=\"_blank\" rel=\"noopener\" href=\"https:\/\/forms.gle\/6boQQS3S5KzgNCCTA\"><span class='mb-text'>Realizar Test<\/span><\/a>\n<p>\u00a0<\/p>\n\n\n<div class=\"wp-container-1 wp-block-buttons\"><\/div>\n","protected":false},"excerpt":{"rendered":"<p>Para el futuro estudiante, el proceso de elecci\u00f3n de una carrera universitaria implica la consideraci\u00f3n de aspectos tendentes a descubrir sus intereses, gustos y aptitudes; as\u00ed como tambi\u00e9n conocer las posibles alternativas relacionadas a las propuestas acad\u00e9micas disponibles. Un test de orientaci\u00f3n vocacional puede ser una herramienta \u00fatil, aunque no definitiva, para contar con una<\/p>\n","protected":false},"author":1,"featured_media":0,"parent":0,"menu_order":0,"comment_status":"closed","ping_status":"closed","template":"fullwidth.php","meta":[],"yoast_head":"<!-- This site is optimized with the Yoast SEO plugin v19.2 - https:\/\/yoast.com\/wordpress\/plugins\/seo\/ -->\n<title>Test de Orientaci\u00f3n Vocacional CHASIDE - Universidad Cat\u00f3lica del T\u00e1chira<\/title>\n<meta name=\"robots\" content=\"index, follow, max-snippet:-1, max-image-preview:large, max-video-preview:-1\" \/>\n<link rel=\"canonical\" href=\"https:\/\/www.ucat.edu.ve\/web\/test-de-orientacion-vocacional-chaside\/\" \/>\n<meta property=\"og:locale\" content=\"es_ES\" \/>\n<meta property=\"og:type\" content=\"article\" \/>\n<meta property=\"og:title\" content=\"Test de Orientaci\u00f3n Vocacional CHASIDE - Universidad Cat\u00f3lica del T\u00e1chira\" \/>\n<meta property=\"og:description\" content=\"Para el futuro estudiante, el proceso de elecci\u00f3n de una carrera universitaria implica la consideraci\u00f3n de aspectos tendentes a descubrir sus intereses, gustos y aptitudes; as\u00ed como tambi\u00e9n conocer las posibles alternativas relacionadas a las propuestas acad\u00e9micas disponibles. Un test de orientaci\u00f3n vocacional puede ser una herramienta \u00fatil, aunque no definitiva, para contar con una\" \/>\n<meta property=\"og:url\" content=\"https:\/\/www.ucat.edu.ve\/web\/test-de-orientacion-vocacional-chaside\/\" \/>\n<meta property=\"og:site_name\" content=\"Universidad Cat\u00f3lica del T\u00e1chira\" \/>\n<meta property=\"article:publisher\" content=\"https:\/\/www.facebook.com\/notiucat\/\" \/>\n<meta property=\"article:modified_time\" content=\"2024-06-07T16:01:00+00:00\" \/>\n<meta name=\"author\" content=\"Superadministrador\" \/>\n<meta name=\"twitter:card\" content=\"summary_large_image\" \/>\n<meta name=\"twitter:site\" content=\"@notiucat\" \/>\n<meta name=\"twitter:label1\" content=\"Est. reading time\" \/>\n\t<meta name=\"twitter:data1\" content=\"1 minuto\" \/>\n<script type=\"application\/ld+json\" class=\"yoast-schema-graph\">{\"@context\":\"https:\/\/schema.org\",\"@graph\":[{\"@type\":\"Organization\",\"@id\":\"https:\/\/www.ucat.edu.ve\/web\/#organization\",\"name\":\"Universidad Cat\u00f3lica Del T\u00e1chira UCAT\",\"url\":\"https:\/\/www.ucat.edu.ve\/web\/\",\"sameAs\":[\"https:\/\/www.instagram.com\/notiucat\/\",\"https:\/\/www.youtube.com\/channel\/UCwEbYSB1R9fzlII-8dcxuYA?view_as=subscriber\",\"https:\/\/www.facebook.com\/notiucat\/\",\"https:\/\/twitter.com\/notiucat\"],\"logo\":{\"@type\":\"ImageObject\",\"inLanguage\":\"es-ES\",\"@id\":\"https:\/\/www.ucat.edu.ve\/web\/#\/schema\/logo\/image\/\",\"url\":\"https:\/\/www.ucat.edu.ve\/web\/wp-content\/uploads\/2015\/07\/logoucat.gif\",\"contentUrl\":\"https:\/\/www.ucat.edu.ve\/web\/wp-content\/uploads\/2015\/07\/logoucat.gif\",\"width\":219,\"height\":155,\"caption\":\"Universidad Cat\u00f3lica Del T\u00e1chira UCAT\"},\"image\":{\"@id\":\"https:\/\/www.ucat.edu.ve\/web\/#\/schema\/logo\/image\/\"}},{\"@type\":\"WebSite\",\"@id\":\"https:\/\/www.ucat.edu.ve\/web\/#website\",\"url\":\"https:\/\/www.ucat.edu.ve\/web\/\",\"name\":\"Universidad Cat\u00f3lica del T\u00e1chira\",\"description\":\"\",\"publisher\":{\"@id\":\"https:\/\/www.ucat.edu.ve\/web\/#organization\"},\"potentialAction\":[{\"@type\":\"SearchAction\",\"target\":{\"@type\":\"EntryPoint\",\"urlTemplate\":\"https:\/\/www.ucat.edu.ve\/web\/?s={search_term_string}\"},\"query-input\":\"required name=search_term_string\"}],\"inLanguage\":\"es-ES\"},{\"@type\":\"WebPage\",\"@id\":\"https:\/\/www.ucat.edu.ve\/web\/test-de-orientacion-vocacional-chaside\/#webpage\",\"url\":\"https:\/\/www.ucat.edu.ve\/web\/test-de-orientacion-vocacional-chaside\/\",\"name\":\"Test de Orientaci\u00f3n Vocacional CHASIDE - Universidad Cat\u00f3lica del T\u00e1chira\",\"isPartOf\":{\"@id\":\"https:\/\/www.ucat.edu.ve\/web\/#website\"},\"datePublished\":\"2024-06-07T12:35:34+00:00\",\"dateModified\":\"2024-06-07T16:01:00+00:00\",\"breadcrumb\":{\"@id\":\"https:\/\/www.ucat.edu.ve\/web\/test-de-orientacion-vocacional-chaside\/#breadcrumb\"},\"inLanguage\":\"es-ES\",\"potentialAction\":[{\"@type\":\"ReadAction\",\"target\":[\"https:\/\/www.ucat.edu.ve\/web\/test-de-orientacion-vocacional-chaside\/\"]}]},{\"@type\":\"BreadcrumbList\",\"@id\":\"https:\/\/www.ucat.edu.ve\/web\/test-de-orientacion-vocacional-chaside\/#breadcrumb\",\"itemListElement\":[{\"@type\":\"ListItem\",\"position\":1,\"name\":\"Home\",\"item\":\"https:\/\/www.ucat.edu.ve\/web\/\"},{\"@type\":\"ListItem\",\"position\":2,\"name\":\"Test de Orientaci\u00f3n Vocacional CHASIDE\"}]}]}<\/script>\n<!-- \/ Yoast SEO plugin. -->","yoast_head_json":{"title":"Test de Orientaci\u00f3n Vocacional CHASIDE - Universidad Cat\u00f3lica del T\u00e1chira","robots":{"index":"index","follow":"follow","max-snippet":"max-snippet:-1","max-image-preview":"max-image-preview:large","max-video-preview":"max-video-preview:-1"},"canonical":"https:\/\/www.ucat.edu.ve\/web\/test-de-orientacion-vocacional-chaside\/","og_locale":"es_ES","og_type":"article","og_title":"Test de Orientaci\u00f3n Vocacional CHASIDE - Universidad Cat\u00f3lica del T\u00e1chira","og_description":"Para el futuro estudiante, el proceso de elecci\u00f3n de una carrera universitaria implica la consideraci\u00f3n de aspectos tendentes a descubrir sus intereses, gustos y aptitudes; as\u00ed como tambi\u00e9n conocer las posibles alternativas relacionadas a las propuestas acad\u00e9micas disponibles. Un test de orientaci\u00f3n vocacional puede ser una herramienta \u00fatil, aunque no definitiva, para contar con una","og_url":"https:\/\/www.ucat.edu.ve\/web\/test-de-orientacion-vocacional-chaside\/","og_site_name":"Universidad Cat\u00f3lica del T\u00e1chira","article_publisher":"https:\/\/www.facebook.com\/notiucat\/","article_modified_time":"2024-06-07T16:01:00+00:00","author":"Superadministrador","twitter_card":"summary_large_image","twitter_site":"@notiucat","twitter_misc":{"Est. reading time":"1 minuto"},"schema":{"@context":"https:\/\/schema.org","@graph":[{"@type":"Organization","@id":"https:\/\/www.ucat.edu.ve\/web\/#organization","name":"Universidad Cat\u00f3lica Del T\u00e1chira UCAT","url":"https:\/\/www.ucat.edu.ve\/web\/","sameAs":["https:\/\/www.instagram.com\/notiucat\/","https:\/\/www.youtube.com\/channel\/UCwEbYSB1R9fzlII-8dcxuYA?view_as=subscriber","https:\/\/www.facebook.com\/notiucat\/","https:\/\/twitter.com\/notiucat"],"logo":{"@type":"ImageObject","inLanguage":"es-ES","@id":"https:\/\/www.ucat.edu.ve\/web\/#\/schema\/logo\/image\/","url":"https:\/\/www.ucat.edu.ve\/web\/wp-content\/uploads\/2015\/07\/logoucat.gif","contentUrl":"https:\/\/www.ucat.edu.ve\/web\/wp-content\/uploads\/2015\/07\/logoucat.gif","width":219,"height":155,"caption":"Universidad Cat\u00f3lica Del T\u00e1chira UCAT"},"image":{"@id":"https:\/\/www.ucat.edu.ve\/web\/#\/schema\/logo\/image\/"}},{"@type":"WebSite","@id":"https:\/\/www.ucat.edu.ve\/web\/#website","url":"https:\/\/www.ucat.edu.ve\/web\/","name":"Universidad Cat\u00f3lica del T\u00e1chira","description":"","publisher":{"@id":"https:\/\/www.ucat.edu.ve\/web\/#organization"},"potentialAction":[{"@type":"SearchAction","target":{"@type":"EntryPoint","urlTemplate":"https:\/\/www.ucat.edu.ve\/web\/?s={search_term_string}"},"query-input":"required name=search_term_string"}],"inLanguage":"es-ES"},{"@type":"WebPage","@id":"https:\/\/www.ucat.edu.ve\/web\/test-de-orientacion-vocacional-chaside\/#webpage","url":"https:\/\/www.ucat.edu.ve\/web\/test-de-orientacion-vocacional-chaside\/","name":"Test de Orientaci\u00f3n Vocacional CHASIDE - Universidad Cat\u00f3lica del T\u00e1chira","isPartOf":{"@id":"https:\/\/www.ucat.edu.ve\/web\/#website"},"datePublished":"2024-06-07T12:35:34+00:00","dateModified":"2024-06-07T16:01:00+00:00","breadcrumb":{"@id":"https:\/\/www.ucat.edu.ve\/web\/test-de-orientacion-vocacional-chaside\/#breadcrumb"},"inLanguage":"es-ES","potentialAction":[{"@type":"ReadAction","target":["https:\/\/www.ucat.edu.ve\/web\/test-de-orientacion-vocacional-chaside\/"]}]},{"@type":"BreadcrumbList","@id":"https:\/\/www.ucat.edu.ve\/web\/test-de-orientacion-vocacional-chaside\/#breadcrumb","itemListElement":[{"@type":"ListItem","position":1,"name":"Home","item":"https:\/\/www.ucat.edu.ve\/web\/"},{"@type":"ListItem","position":2,"name":"Test de Orientaci\u00f3n Vocacional CHASIDE"}]}]}},"_links":{"self":[{"href":"https:\/\/www.ucat.edu.ve\/web\/wp-json\/wp\/v2\/pages\/12893"}],"collection":[{"href":"https:\/\/www.ucat.edu.ve\/web\/wp-json\/wp\/v2\/pages"}],"about":[{"href":"https:\/\/www.ucat.edu.ve\/web\/wp-json\/wp\/v2\/types\/page"}],"author":[{"embeddable":true,"href":"https:\/\/www.ucat.edu.ve\/web\/wp-json\/wp\/v2\/users\/1"}],"replies":[{"embeddable":true,"href":"https:\/\/www.ucat.edu.ve\/web\/wp-json\/wp\/v2\/comments?post=12893"}],"version-history":[{"count":23,"href":"https:\/\/www.ucat.edu.ve\/web\/wp-json\/wp\/v2\/pages\/12893\/revisions"}],"predecessor-version":[{"id":12932,"href":"https:\/\/www.ucat.edu.ve\/web\/wp-json\/wp\/v2\/pages\/12893\/revisions\/12932"}],"wp:attachment":[{"href":"https:\/\/www.ucat.edu.ve\/web\/wp-json\/wp\/v2\/media?parent=12893"}],"curies":[{"name":"wp","href":"https:\/\/api.w.org\/{rel}","templated":true}]}}