 {"id":1438,"date":"2017-02-21T23:06:40","date_gmt":"2017-02-21T23:06:40","guid":{"rendered":"http:\/\/www.ucat.edu.ve\/web\/?page_id=1438"},"modified":"2017-12-12T20:57:43","modified_gmt":"2017-12-12T20:57:43","slug":"consulta-en-linea","status":"publish","type":"page","link":"https:\/\/www.ucat.edu.ve\/web\/biblioteca\/recursos-electronicos\/consulta-en-linea\/","title":{"rendered":"Consulta en L\u00ednea"},"content":{"rendered":"<p>Biblioteca Ucat cuenta con un sistema automatizado en l\u00ednea, que permite realizar procesos de b\u00fasqueda de material bibliogr\u00e1fico o hemerogr\u00e1fico, por cota, autor, t\u00edtulo o materia. a los que puede acceder por los siguientes enlaces.<\/p>\n<p style=\"text-align: center;\"><a href=\"http:\/\/www.ucat.edu.ve\/biblioteca\/sistema\/menu.php\" target=\"_blank\">SISTEMA DE CONSULTA EN L\u00cdNEA DE MATERIAL BIBLIOGR\u00c1FICO<\/a><\/p>\n<p style=\"text-align: center;\"><a href=\"http:\/\/www.ucat.edu.ve\/biblioteca\/sistema\/hemeroteca\/menu_hemer.htm\" target=\"_blank\">SISTEMA DE CONSULTA EN L\u00cdNEA DE MATERIAL HEMEROGR\u00c1FICO<\/a><\/p>\n<p style=\"text-align: center;\">\n","protected":false},"excerpt":{"rendered":"<p>Biblioteca Ucat cuenta con un sistema automatizado en l\u00ednea, que permite realizar procesos de b\u00fasqueda de material bibliogr\u00e1fico o hemerogr\u00e1fico, por cota, autor, t\u00edtulo o materia. a los que puede acceder por los siguientes enlaces. SISTEMA DE CONSULTA EN L\u00cdNEA DE MATERIAL BIBLIOGR\u00c1FICO SISTEMA DE CONSULTA EN L\u00cdNEA DE MATERIAL HEMEROGR\u00c1FICO<\/p>\n","protected":false},"author":1,"featured_media":0,"parent":1467,"menu_order":0,"comment_status":"closed","ping_status":"closed","template":"fullwidth.php","meta":[],"yoast_head":"<!-- This site is optimized with the Yoast SEO plugin v19.2 - https:\/\/yoast.com\/wordpress\/plugins\/seo\/ -->\n<title>Consulta en L\u00ednea - Universidad Cat\u00f3lica del T\u00e1chira<\/title>\n<meta name=\"robots\" content=\"index, follow, max-snippet:-1, max-image-preview:large, max-video-preview:-1\" \/>\n<link rel=\"canonical\" href=\"https:\/\/www.ucat.edu.ve\/web\/biblioteca\/recursos-electronicos\/consulta-en-linea\/\" \/>\n<meta property=\"og:locale\" content=\"es_ES\" \/>\n<meta property=\"og:type\" content=\"article\" \/>\n<meta property=\"og:title\" content=\"Consulta en L\u00ednea - Universidad Cat\u00f3lica del T\u00e1chira\" \/>\n<meta property=\"og:description\" content=\"Biblioteca Ucat cuenta con un sistema automatizado en l\u00ednea, que permite realizar procesos de b\u00fasqueda de material bibliogr\u00e1fico o hemerogr\u00e1fico, por cota, autor, t\u00edtulo o materia. a los que puede acceder por los siguientes enlaces. SISTEMA DE CONSULTA EN L\u00cdNEA DE MATERIAL BIBLIOGR\u00c1FICO SISTEMA DE CONSULTA EN L\u00cdNEA DE MATERIAL HEMEROGR\u00c1FICO\" \/>\n<meta property=\"og:url\" content=\"https:\/\/www.ucat.edu.ve\/web\/biblioteca\/recursos-electronicos\/consulta-en-linea\/\" \/>\n<meta property=\"og:site_name\" content=\"Universidad Cat\u00f3lica del T\u00e1chira\" \/>\n<meta property=\"article:publisher\" content=\"https:\/\/www.facebook.com\/notiucat\/\" \/>\n<meta property=\"article:modified_time\" content=\"2017-12-12T20:57:43+00:00\" \/>\n<meta name=\"author\" content=\"Superadministrador\" \/>\n<meta name=\"twitter:card\" content=\"summary_large_image\" \/>\n<meta name=\"twitter:site\" content=\"@notiucat\" \/>\n<script type=\"application\/ld+json\" class=\"yoast-schema-graph\">{\"@context\":\"https:\/\/schema.org\",\"@graph\":[{\"@type\":\"Organization\",\"@id\":\"https:\/\/www.ucat.edu.ve\/web\/#organization\",\"name\":\"Universidad Cat\u00f3lica Del T\u00e1chira UCAT\",\"url\":\"https:\/\/www.ucat.edu.ve\/web\/\",\"sameAs\":[\"https:\/\/www.instagram.com\/notiucat\/\",\"https:\/\/www.youtube.com\/channel\/UCwEbYSB1R9fzlII-8dcxuYA?view_as=subscriber\",\"https:\/\/www.facebook.com\/notiucat\/\",\"https:\/\/twitter.com\/notiucat\"],\"logo\":{\"@type\":\"ImageObject\",\"inLanguage\":\"es-ES\",\"@id\":\"https:\/\/www.ucat.edu.ve\/web\/#\/schema\/logo\/image\/\",\"url\":\"https:\/\/www.ucat.edu.ve\/web\/wp-content\/uploads\/2015\/07\/logoucat.gif\",\"contentUrl\":\"https:\/\/www.ucat.edu.ve\/web\/wp-content\/uploads\/2015\/07\/logoucat.gif\",\"width\":219,\"height\":155,\"caption\":\"Universidad Cat\u00f3lica Del T\u00e1chira UCAT\"},\"image\":{\"@id\":\"https:\/\/www.ucat.edu.ve\/web\/#\/schema\/logo\/image\/\"}},{\"@type\":\"WebSite\",\"@id\":\"https:\/\/www.ucat.edu.ve\/web\/#website\",\"url\":\"https:\/\/www.ucat.edu.ve\/web\/\",\"name\":\"Universidad Cat\u00f3lica del T\u00e1chira\",\"description\":\"\",\"publisher\":{\"@id\":\"https:\/\/www.ucat.edu.ve\/web\/#organization\"},\"potentialAction\":[{\"@type\":\"SearchAction\",\"target\":{\"@type\":\"EntryPoint\",\"urlTemplate\":\"https:\/\/www.ucat.edu.ve\/web\/?s={search_term_string}\"},\"query-input\":\"required name=search_term_string\"}],\"inLanguage\":\"es-ES\"},{\"@type\":\"WebPage\",\"@id\":\"https:\/\/www.ucat.edu.ve\/web\/biblioteca\/recursos-electronicos\/consulta-en-linea\/#webpage\",\"url\":\"https:\/\/www.ucat.edu.ve\/web\/biblioteca\/recursos-electronicos\/consulta-en-linea\/\",\"name\":\"Consulta en L\u00ednea - Universidad Cat\u00f3lica del T\u00e1chira\",\"isPartOf\":{\"@id\":\"https:\/\/www.ucat.edu.ve\/web\/#website\"},\"datePublished\":\"2017-02-21T23:06:40+00:00\",\"dateModified\":\"2017-12-12T20:57:43+00:00\",\"breadcrumb\":{\"@id\":\"https:\/\/www.ucat.edu.ve\/web\/biblioteca\/recursos-electronicos\/consulta-en-linea\/#breadcrumb\"},\"inLanguage\":\"es-ES\",\"potentialAction\":[{\"@type\":\"ReadAction\",\"target\":[\"https:\/\/www.ucat.edu.ve\/web\/biblioteca\/recursos-electronicos\/consulta-en-linea\/\"]}]},{\"@type\":\"BreadcrumbList\",\"@id\":\"https:\/\/www.ucat.edu.ve\/web\/biblioteca\/recursos-electronicos\/consulta-en-linea\/#breadcrumb\",\"itemListElement\":[{\"@type\":\"ListItem\",\"position\":1,\"name\":\"Home\",\"item\":\"https:\/\/www.ucat.edu.ve\/web\/\"},{\"@type\":\"ListItem\",\"position\":2,\"name\":\"Biblioteca\",\"item\":\"https:\/\/www.ucat.edu.ve\/web\/biblioteca\/\"},{\"@type\":\"ListItem\",\"position\":3,\"name\":\"Recursos Electr\u00f3nicos\",\"item\":\"https:\/\/www.ucat.edu.ve\/web\/biblioteca\/recursos-electronicos\/\"},{\"@type\":\"ListItem\",\"position\":4,\"name\":\"Consulta en L\u00ednea\"}]}]}<\/script>\n<!-- \/ Yoast SEO plugin. -->","yoast_head_json":{"title":"Consulta en L\u00ednea - Universidad Cat\u00f3lica del T\u00e1chira","robots":{"index":"index","follow":"follow","max-snippet":"max-snippet:-1","max-image-preview":"max-image-preview:large","max-video-preview":"max-video-preview:-1"},"canonical":"https:\/\/www.ucat.edu.ve\/web\/biblioteca\/recursos-electronicos\/consulta-en-linea\/","og_locale":"es_ES","og_type":"article","og_title":"Consulta en L\u00ednea - Universidad Cat\u00f3lica del T\u00e1chira","og_description":"Biblioteca Ucat cuenta con un sistema automatizado en l\u00ednea, que permite realizar procesos de b\u00fasqueda de material bibliogr\u00e1fico o hemerogr\u00e1fico, por cota, autor, t\u00edtulo o materia. a los que puede acceder por los siguientes enlaces. SISTEMA DE CONSULTA EN L\u00cdNEA DE MATERIAL BIBLIOGR\u00c1FICO SISTEMA DE CONSULTA EN L\u00cdNEA DE MATERIAL HEMEROGR\u00c1FICO","og_url":"https:\/\/www.ucat.edu.ve\/web\/biblioteca\/recursos-electronicos\/consulta-en-linea\/","og_site_name":"Universidad Cat\u00f3lica del T\u00e1chira","article_publisher":"https:\/\/www.facebook.com\/notiucat\/","article_modified_time":"2017-12-12T20:57:43+00:00","author":"Superadministrador","twitter_card":"summary_large_image","twitter_site":"@notiucat","schema":{"@context":"https:\/\/schema.org","@graph":[{"@type":"Organization","@id":"https:\/\/www.ucat.edu.ve\/web\/#organization","name":"Universidad Cat\u00f3lica Del T\u00e1chira UCAT","url":"https:\/\/www.ucat.edu.ve\/web\/","sameAs":["https:\/\/www.instagram.com\/notiucat\/","https:\/\/www.youtube.com\/channel\/UCwEbYSB1R9fzlII-8dcxuYA?view_as=subscriber","https:\/\/www.facebook.com\/notiucat\/","https:\/\/twitter.com\/notiucat"],"logo":{"@type":"ImageObject","inLanguage":"es-ES","@id":"https:\/\/www.ucat.edu.ve\/web\/#\/schema\/logo\/image\/","url":"https:\/\/www.ucat.edu.ve\/web\/wp-content\/uploads\/2015\/07\/logoucat.gif","contentUrl":"https:\/\/www.ucat.edu.ve\/web\/wp-content\/uploads\/2015\/07\/logoucat.gif","width":219,"height":155,"caption":"Universidad Cat\u00f3lica Del T\u00e1chira UCAT"},"image":{"@id":"https:\/\/www.ucat.edu.ve\/web\/#\/schema\/logo\/image\/"}},{"@type":"WebSite","@id":"https:\/\/www.ucat.edu.ve\/web\/#website","url":"https:\/\/www.ucat.edu.ve\/web\/","name":"Universidad Cat\u00f3lica del T\u00e1chira","description":"","publisher":{"@id":"https:\/\/www.ucat.edu.ve\/web\/#organization"},"potentialAction":[{"@type":"SearchAction","target":{"@type":"EntryPoint","urlTemplate":"https:\/\/www.ucat.edu.ve\/web\/?s={search_term_string}"},"query-input":"required name=search_term_string"}],"inLanguage":"es-ES"},{"@type":"WebPage","@id":"https:\/\/www.ucat.edu.ve\/web\/biblioteca\/recursos-electronicos\/consulta-en-linea\/#webpage","url":"https:\/\/www.ucat.edu.ve\/web\/biblioteca\/recursos-electronicos\/consulta-en-linea\/","name":"Consulta en L\u00ednea - Universidad Cat\u00f3lica del T\u00e1chira","isPartOf":{"@id":"https:\/\/www.ucat.edu.ve\/web\/#website"},"datePublished":"2017-02-21T23:06:40+00:00","dateModified":"2017-12-12T20:57:43+00:00","breadcrumb":{"@id":"https:\/\/www.ucat.edu.ve\/web\/biblioteca\/recursos-electronicos\/consulta-en-linea\/#breadcrumb"},"inLanguage":"es-ES","potentialAction":[{"@type":"ReadAction","target":["https:\/\/www.ucat.edu.ve\/web\/biblioteca\/recursos-electronicos\/consulta-en-linea\/"]}]},{"@type":"BreadcrumbList","@id":"https:\/\/www.ucat.edu.ve\/web\/biblioteca\/recursos-electronicos\/consulta-en-linea\/#breadcrumb","itemListElement":[{"@type":"ListItem","position":1,"name":"Home","item":"https:\/\/www.ucat.edu.ve\/web\/"},{"@type":"ListItem","position":2,"name":"Biblioteca","item":"https:\/\/www.ucat.edu.ve\/web\/biblioteca\/"},{"@type":"ListItem","position":3,"name":"Recursos Electr\u00f3nicos","item":"https:\/\/www.ucat.edu.ve\/web\/biblioteca\/recursos-electronicos\/"},{"@type":"ListItem","position":4,"name":"Consulta en L\u00ednea"}]}]}},"_links":{"self":[{"href":"https:\/\/www.ucat.edu.ve\/web\/wp-json\/wp\/v2\/pages\/1438"}],"collection":[{"href":"https:\/\/www.ucat.edu.ve\/web\/wp-json\/wp\/v2\/pages"}],"about":[{"href":"https:\/\/www.ucat.edu.ve\/web\/wp-json\/wp\/v2\/types\/page"}],"author":[{"embeddable":true,"href":"https:\/\/www.ucat.edu.ve\/web\/wp-json\/wp\/v2\/users\/1"}],"replies":[{"embeddable":true,"href":"https:\/\/www.ucat.edu.ve\/web\/wp-json\/wp\/v2\/comments?post=1438"}],"version-history":[{"count":0,"href":"https:\/\/www.ucat.edu.ve\/web\/wp-json\/wp\/v2\/pages\/1438\/revisions"}],"up":[{"embeddable":true,"href":"https:\/\/www.ucat.edu.ve\/web\/wp-json\/wp\/v2\/pages\/1467"}],"wp:attachment":[{"href":"https:\/\/www.ucat.edu.ve\/web\/wp-json\/wp\/v2\/media?parent=1438"}],"curies":[{"name":"wp","href":"https:\/\/api.w.org\/{rel}","templated":true}]}}