 {"id":1467,"date":"2017-03-17T08:01:44","date_gmt":"2017-03-17T08:01:44","guid":{"rendered":"http:\/\/www.ucat.edu.ve\/web\/?page_id=1467"},"modified":"2017-03-22T12:14:26","modified_gmt":"2017-03-22T12:14:26","slug":"recursos-electronicos","status":"publish","type":"page","link":"https:\/\/www.ucat.edu.ve\/web\/biblioteca\/recursos-electronicos\/","title":{"rendered":"Recursos Electr\u00f3nicos"},"content":{"rendered":"<h2 align=\"center\"><strong>Recurso en l\u00ednea EBSCO<\/strong><\/h2>\n<p align=\"justify\">El Recurso en l\u00ednea EBSCO, provee el acceso a miles de revistas acad\u00e9micas a texto completo, as\u00ed como a los \u00edndices tem\u00e1ticos principales. Los recursos acad\u00e9micos cubren todas las \u00e1reas de estudio: las ciencias, ingenier\u00edas, tecnolog\u00eda, matem\u00e1ticas, artes y humanidades, ciencias sociales, derecho, administraci\u00f3n, filosof\u00eda y religi\u00f3n.<\/p>\n<p>&nbsp;<\/p>\n<p><center><img loading=\"lazy\" class=\"aligncenter size-full wp-image-1477\" src=\"http:\/\/www.ucat.edu.ve\/web\/wp-content\/uploads\/2017\/03\/ebsco.jpg\" alt=\"ebsco\" width=\"260\" height=\"260\" \/><\/center><\/p>\n<p style=\"text-align: center;\">Para ingresar al recurso EBSCO, vaya al link: <a href=\"http:\/\/search.ebscohost.com\/\" target=\"_blank\"><strong>http:\/\/search.ebscohost.com<\/strong><\/a>\u00a0 y all\u00ed deber\u00e1 colocar el usuario y contrase\u00f1a, que Biblioteca UCAT le indic\u00f3.<\/p>\n<p style=\"text-align: center;\">En el caso de la UCAT, la suscripci\u00f3n permite el acceso a 12 bases de datos, las cuales se describen a continuaci\u00f3n:<\/p>\n<p>&nbsp;<\/p>\n<p align=\"justify\"><img loading=\"lazy\" class=\"\" src=\"http:\/\/www.ucat.edu.ve\/nuevo\/files\/academicsearch.jpg\" alt=\"http:\/\/avl.interamerica.org\/wp-content\/uploads\/2016\/08\/logo_academic_search_complete.png\" width=\"168\" height=\"84\" align=\"left\" hspace=\"12\" \/><strong>Academic Search Complete<\/strong>:\u00a0es la base de datos acad\u00e9mica multidisciplinaria de textos completos m\u00e1s exhaustiva y valiosa del mundo. Incluye m\u00e1s de 8.500 textos completos de publicaciones peri\u00f3dicas, entre las que se incluyen 7.300 publicaciones arbitradas, y ofrece adem\u00e1s \u00edndices y res\u00famenes de m\u00e1s de 12.500 publicaciones y un total de m\u00e1s de 13.200 publicaciones diversas, entre las que se incluyen monograf\u00edas, informes, actas de conferencias, etc. La base de datos presenta contenidos en PDF que se remontan hasta 1887, con la mayor\u00eda de los t\u00edtulos de texto completo en formato PDF nativo (con opci\u00f3n de b\u00fasqueda). Adem\u00e1s, se proveen referencias citadas con opci\u00f3n de b\u00fasqueda para m\u00e1s de 1.400 publicaciones.<\/p>\n<p align=\"justify\"><div class=\"su-spacer\" style=\"height:20px\"><\/div>\n<p align=\"justify\"><img loading=\"lazy\" src=\"http:\/\/www.ucat.edu.ve\/nuevo\/files\/businesssource.jpg\" alt=\"Resultado de imagen para Business Source Complete imagen\" width=\"170\" height=\"106\" align=\"left\" hspace=\"12\" \/><strong>Business Source Complete<\/strong>:\u00a0contiene la principal colecci\u00f3n de textos completos y registros bibliogr\u00e1ficos de publicaciones acad\u00e9micas sobre temas empresariales. Cubre ampliamente numerosos temas, e incluye los res\u00famenes e \u00edndices de las principales publicaciones acad\u00e9micas sobre negocios que se remontan a 1886. Adem\u00e1s, permite buscar referencias citadas de m\u00e1s de 1.300 revistas especializadas.<\/p>\n<p align=\"justify\"><div class=\"su-spacer\" style=\"height:20px\"><\/div>\n<p align=\"justify\"><img loading=\"lazy\" src=\"http:\/\/www.ucat.edu.ve\/nuevo\/files\/fuenteacademica.jpg\" alt=\"http:\/\/avl.interamerica.org\/images\/dblogos\/FuenteAcademica.gif\" width=\"168\" height=\"102\" align=\"left\" hspace=\"12\" \/><strong>Fuente Acad\u00e9mica Premier<\/strong>:\u00a0es una colecci\u00f3n de r\u00e1pido crecimiento que contiene m\u00e1s de 570 publicaciones acad\u00e9micas provenientes de Latino Am\u00e9rica, Portugal y Espa\u00f1a. Se cubren todas las \u00e1reas tem\u00e1ticas principales, con mayor \u00e9nfasis en agricultura, biolog\u00eda, econom\u00eda, historia, leyes, literatura, filosof\u00eda, psicolog\u00eda, administraci\u00f3n p\u00fablica, religi\u00f3n y sociolog\u00eda. Es una herramienta indispensable de un alcance excepcional que est\u00e1 dise\u00f1ada para realizar investigaciones acad\u00e9micas accesibles en formato PDF. La base de datos se actualiza semanalmente.<\/p>\n<p align=\"justify\"><div class=\"su-spacer\" style=\"height:20px\"><\/div>\n<p align=\"justify\"><img loading=\"lazy\" src=\"http:\/\/www.ucat.edu.ve\/nuevo\/files\/ebooks.jpg\" alt=\"http:\/\/avl.interamerica.org\/images\/dblogos\/eBooks_200x100.gif\" width=\"170\" height=\"96\" align=\"left\" hspace=\"12\" \/><strong>eBook Academic Collection (EBSCOhost):<\/strong> Este creciente paquete de suscripci\u00f3n contiene una amplia selecci\u00f3n de t\u00edtulos de libros electr\u00f3nicos multidisciplinarios que representan una gran variedad de temas acad\u00e9micos. La amplitud de informaci\u00f3n disponible por medio de este paquete asegura que los usuarios tengan acceso a la informaci\u00f3n relevante para sus necesidades de investigaci\u00f3n.<\/p>\n<p align=\"justify\"><div class=\"su-spacer\" style=\"height:20px\"><\/div>\n<p align=\"justify\"><img loading=\"lazy\" src=\"http:\/\/www.ucat.edu.ve\/nuevo\/files\/socindex.jpg\" alt=\"Resultado de imagen para SocINDEX with Full Text\" width=\"182\" height=\"101\" align=\"left\" hspace=\"12\" \/><strong>SocINDEX with Full Text<\/strong>: es la base de datos sobre investigaci\u00f3n sociol\u00f3gica m\u00e1s completa y prestigiosa del mundo. Dispone de m\u00e1s de 2.100.000 registros. Los encabezamientos de tema se han extra\u00eddo de un tesauro realizado por lexic\u00f3grafos y expertos en la materia que cuenta con m\u00e1s de 20.000 t\u00e9rminos espec\u00edficos de sociolog\u00eda.\u00a0SocINDEX with Full Text\u00a0contiene textos completos de 860 publicaciones que datan de 1908. La base de datos cuenta tambi\u00e9n con textos completos de m\u00e1s de 830 libros y monograf\u00edas, y texto completo de m\u00e1s de 16.800 ponencias.<\/p>\n<p align=\"justify\"><div class=\"su-spacer\" style=\"height:20px\"><\/div>\n<p align=\"justify\"><img loading=\"lazy\" src=\"http:\/\/www.ucat.edu.ve\/nuevo\/files\/lista.jpg\" alt=\"http:\/\/avl.interamerica.org\/images\/dblogos\/lista.gif\" width=\"170\" height=\"120\" align=\"left\" hspace=\"12\" \/><strong>Library, Information Science &amp; Technology Abstracts with Full Text<\/strong>:\u00a0indexa m\u00e1s de 560 publicaciones fundamentales, aproximadamente 50 publicaciones prioritarias y cerca de 125 publicaciones seleccionadas, adem\u00e1s de libros, informes de investigaci\u00f3n y actas. Esta base de datos tambi\u00e9n contiene el texto completo de m\u00e1s de 330 publicaciones. La cobertura tem\u00e1tica incluye biblioteconom\u00eda, clasificaci\u00f3n, catalogaci\u00f3n, bibliometr\u00eda, recolecci\u00f3n de informaci\u00f3n en l\u00ednea, administraci\u00f3n de informaci\u00f3n, etc. La cobertura de la base de datos se remonta hasta mediados de la d\u00e9cada de 1960.<\/p>\n<p align=\"justify\"><div class=\"su-spacer\" style=\"height:20px\"><\/div>\n<p align=\"justify\"><img loading=\"lazy\" src=\"http:\/\/www.ucat.edu.ve\/nuevo\/files\/regionalbusiness.jpg\" alt=\"Resultado de imagen para Regional Business News\" width=\"167\" height=\"115\" align=\"left\" hspace=\"12\" \/><strong>Regional Business News<\/strong>: Esta base de datos provee una amplia cobertura en texto completo de publicaciones de negocios a nivel regional.\u00a0Regional Business News\u00a0incluye m\u00e1s de 80 publicaciones de negocios regionales que abarcan todas las \u00e1reas metropolitanas y rurales de Estados Unidos. Haga clic aqu\u00ed para ver una lista de t\u00edtulos completa. Haga clic aqu\u00ed para obtener m\u00e1s informaci\u00f3n.<\/p>\n<p align=\"justify\"><div class=\"su-spacer\" style=\"height:20px\"><\/div>\n<p align=\"justify\"><img loading=\"lazy\" src=\"http:\/\/www.ucat.edu.ve\/nuevo\/files\/computersource.jpg\" alt=\"http:\/\/avl.interamerica.org\/images\/dblogos\/computersource.png\" width=\"174\" height=\"108\" align=\"left\" hspace=\"12\" \/><strong>Computer Source<\/strong>: proporciona a los investigadores la \u00faltima informaci\u00f3n y tendencias m\u00e1s recientes de la tecnolog\u00eda m\u00e1s avanzada. La base de datos cuenta con el texto completo de cerca de 300 publicaciones, as\u00ed como \u00edndices y res\u00famenes de casi 450 publicaciones.<\/p>\n<p align=\"justify\"><div class=\"su-spacer\" style=\"height:20px\"><\/div>\n<p align=\"justify\"><img loading=\"lazy\" src=\"http:\/\/www.ucat.edu.ve\/nuevo\/files\/eric.jpg\" alt=\"http:\/\/avl.interamerica.org\/wp-content\/uploads\/2016\/08\/ERIC_button_200x100.gif\" width=\"178\" height=\"104\" align=\"left\" hspace=\"12\" \/><strong>ERIC<\/strong>:\u00a0ofrece acceso a literatura y recursos educativos. La base de datos contiene m\u00e1s de 1.300.000 registros y ofrece acceso a la informaci\u00f3n de las publicaciones incluidas en\u00a0Current Index of Journals in Education\u00a0y\u00a0Resources in Education Index.<\/p>\n<p align=\"justify\"><div class=\"su-spacer\" style=\"height:20px\"><\/div>\n<p align=\"justify\"><img loading=\"lazy\" src=\"http:\/\/www.ucat.edu.ve\/nuevo\/files\/legalcollection.jpg\" alt=\"Resultado de imagen para Legal Collection ebsco\" width=\"182\" height=\"119\" align=\"left\" hspace=\"12\" \/><strong>Legal Collection:<\/strong> Esta base de datos contiene el texto completo de m\u00e1s de 250 de las publicaciones acad\u00e9micas sobre derecho m\u00e1s prestigiosas del mundo.\u00a0Legal Collection\u00a0es una fuente fidedigna de informaci\u00f3n sobre problemas, estudios, pensamientos y tendencias del mundo del derecho.<\/p>\n<p align=\"justify\"><div class=\"su-spacer\" style=\"height:20px\"><\/div>\n<p align=\"justify\"><img loading=\"lazy\" src=\"http:\/\/www.ucat.edu.ve\/nuevo\/files\/psycologydatabases.jpg\" alt=\"http:\/\/avl.interamerica.org\/images\/dblogos\/Psych_button_200.gif\" width=\"178\" height=\"111\" align=\"left\" hspace=\"12\" \/><strong>\u00a0Psychology &amp; Behavioral Sciences Collection<\/strong>:\u00a0es una base de datos integral que contiene informaci\u00f3n sobre temas relacionados con caracter\u00edsticas emocionales y del comportamiento, psiquiatr\u00eda y psicolog\u00eda, procesos mentales, antropolog\u00eda, y m\u00e9todos de observaci\u00f3n y experimentales. Es la base de datos de textos completos de psicolog\u00eda m\u00e1s grande del mundo, e incluye el texto completo de alrededor de 400 publicaciones.<\/p>\n<p align=\"justify\"><div class=\"su-spacer\" style=\"height:20px\"><\/div>\n<p align=\"justify\"><img loading=\"lazy\" src=\"http:\/\/www.ucat.edu.ve\/nuevo\/files\/religionphilosophy.jpg\" alt=\"http:\/\/avl.interamerica.org\/images\/dblogos\/religionandphilosophy.png\" width=\"175\" height=\"111\" align=\"left\" hspace=\"12\" \/><strong>Religion &amp; Philosophy Collection<\/strong>:\u00a0ofrece una cobertura exhaustiva de temas, como las religiones del mundo, las principales denominaciones, los estudios b\u00edblicos, la historia religiosa, la epistemolog\u00eda, la filosof\u00eda pol\u00edtica, la filosof\u00eda del lenguaje, la filosof\u00eda moral y la historia de la filosof\u00eda.\u00a0Religion &amp; Philosophy Collection\u00a0presenta m\u00e1s de 300 publicaciones de texto completo, lo que la hace indispensable para los investigadores y estudiantes de teolog\u00eda y filosof\u00eda.<\/p>\n<p style=\"text-align: left;\">\n","protected":false},"excerpt":{"rendered":"<p>Recurso en l\u00ednea EBSCO El Recurso en l\u00ednea EBSCO, provee el acceso a miles de revistas acad\u00e9micas a texto completo, as\u00ed como a los \u00edndices tem\u00e1ticos principales. Los recursos acad\u00e9micos cubren todas las \u00e1reas de estudio: las ciencias, ingenier\u00edas, tecnolog\u00eda, matem\u00e1ticas, artes y humanidades, ciencias sociales, derecho, administraci\u00f3n, filosof\u00eda y religi\u00f3n. &nbsp; Para ingresar al<\/p>\n","protected":false},"author":1,"featured_media":0,"parent":1481,"menu_order":0,"comment_status":"closed","ping_status":"closed","template":"fullwidth.php","meta":[],"yoast_head":"<!-- This site is optimized with the Yoast SEO plugin v19.2 - https:\/\/yoast.com\/wordpress\/plugins\/seo\/ -->\n<title>Recursos Electr\u00f3nicos - Universidad Cat\u00f3lica del T\u00e1chira<\/title>\n<meta name=\"robots\" content=\"index, follow, max-snippet:-1, max-image-preview:large, max-video-preview:-1\" \/>\n<link rel=\"canonical\" href=\"https:\/\/www.ucat.edu.ve\/web\/biblioteca\/recursos-electronicos\/\" \/>\n<meta property=\"og:locale\" content=\"es_ES\" \/>\n<meta property=\"og:type\" content=\"article\" \/>\n<meta property=\"og:title\" content=\"Recursos Electr\u00f3nicos - Universidad Cat\u00f3lica del T\u00e1chira\" \/>\n<meta property=\"og:description\" content=\"Recurso en l\u00ednea EBSCO El Recurso en l\u00ednea EBSCO, provee el acceso a miles de revistas acad\u00e9micas a texto completo, as\u00ed como a los \u00edndices tem\u00e1ticos principales. Los recursos acad\u00e9micos cubren todas las \u00e1reas de estudio: las ciencias, ingenier\u00edas, tecnolog\u00eda, matem\u00e1ticas, artes y humanidades, ciencias sociales, derecho, administraci\u00f3n, filosof\u00eda y religi\u00f3n. &nbsp; Para ingresar al\" \/>\n<meta property=\"og:url\" content=\"https:\/\/www.ucat.edu.ve\/web\/biblioteca\/recursos-electronicos\/\" \/>\n<meta property=\"og:site_name\" content=\"Universidad Cat\u00f3lica del T\u00e1chira\" \/>\n<meta property=\"article:publisher\" content=\"https:\/\/www.facebook.com\/notiucat\/\" \/>\n<meta property=\"article:modified_time\" content=\"2017-03-22T12:14:26+00:00\" \/>\n<meta property=\"og:image\" content=\"http:\/\/www.ucat.edu.ve\/web\/wp-content\/uploads\/2017\/03\/ebsco.jpg\" \/>\n<meta name=\"author\" content=\"Superadministrador\" \/>\n<meta name=\"twitter:card\" content=\"summary_large_image\" \/>\n<meta name=\"twitter:site\" content=\"@notiucat\" \/>\n<meta name=\"twitter:label1\" content=\"Est. reading time\" \/>\n\t<meta name=\"twitter:data1\" content=\"5 minutos\" \/>\n<script type=\"application\/ld+json\" class=\"yoast-schema-graph\">{\"@context\":\"https:\/\/schema.org\",\"@graph\":[{\"@type\":\"Organization\",\"@id\":\"https:\/\/www.ucat.edu.ve\/web\/#organization\",\"name\":\"Universidad Cat\u00f3lica Del T\u00e1chira UCAT\",\"url\":\"https:\/\/www.ucat.edu.ve\/web\/\",\"sameAs\":[\"https:\/\/www.instagram.com\/notiucat\/\",\"https:\/\/www.youtube.com\/channel\/UCwEbYSB1R9fzlII-8dcxuYA?view_as=subscriber\",\"https:\/\/www.facebook.com\/notiucat\/\",\"https:\/\/twitter.com\/notiucat\"],\"logo\":{\"@type\":\"ImageObject\",\"inLanguage\":\"es-ES\",\"@id\":\"https:\/\/www.ucat.edu.ve\/web\/#\/schema\/logo\/image\/\",\"url\":\"https:\/\/www.ucat.edu.ve\/web\/wp-content\/uploads\/2015\/07\/logoucat.gif\",\"contentUrl\":\"https:\/\/www.ucat.edu.ve\/web\/wp-content\/uploads\/2015\/07\/logoucat.gif\",\"width\":219,\"height\":155,\"caption\":\"Universidad Cat\u00f3lica Del T\u00e1chira UCAT\"},\"image\":{\"@id\":\"https:\/\/www.ucat.edu.ve\/web\/#\/schema\/logo\/image\/\"}},{\"@type\":\"WebSite\",\"@id\":\"https:\/\/www.ucat.edu.ve\/web\/#website\",\"url\":\"https:\/\/www.ucat.edu.ve\/web\/\",\"name\":\"Universidad Cat\u00f3lica del T\u00e1chira\",\"description\":\"\",\"publisher\":{\"@id\":\"https:\/\/www.ucat.edu.ve\/web\/#organization\"},\"potentialAction\":[{\"@type\":\"SearchAction\",\"target\":{\"@type\":\"EntryPoint\",\"urlTemplate\":\"https:\/\/www.ucat.edu.ve\/web\/?s={search_term_string}\"},\"query-input\":\"required name=search_term_string\"}],\"inLanguage\":\"es-ES\"},{\"@type\":\"ImageObject\",\"inLanguage\":\"es-ES\",\"@id\":\"https:\/\/www.ucat.edu.ve\/web\/biblioteca\/recursos-electronicos\/#primaryimage\",\"url\":\"http:\/\/www.ucat.edu.ve\/web\/wp-content\/uploads\/2017\/03\/ebsco.jpg\",\"contentUrl\":\"http:\/\/www.ucat.edu.ve\/web\/wp-content\/uploads\/2017\/03\/ebsco.jpg\"},{\"@type\":\"WebPage\",\"@id\":\"https:\/\/www.ucat.edu.ve\/web\/biblioteca\/recursos-electronicos\/#webpage\",\"url\":\"https:\/\/www.ucat.edu.ve\/web\/biblioteca\/recursos-electronicos\/\",\"name\":\"Recursos Electr\u00f3nicos - Universidad Cat\u00f3lica del T\u00e1chira\",\"isPartOf\":{\"@id\":\"https:\/\/www.ucat.edu.ve\/web\/#website\"},\"primaryImageOfPage\":{\"@id\":\"https:\/\/www.ucat.edu.ve\/web\/biblioteca\/recursos-electronicos\/#primaryimage\"},\"datePublished\":\"2017-03-17T08:01:44+00:00\",\"dateModified\":\"2017-03-22T12:14:26+00:00\",\"breadcrumb\":{\"@id\":\"https:\/\/www.ucat.edu.ve\/web\/biblioteca\/recursos-electronicos\/#breadcrumb\"},\"inLanguage\":\"es-ES\",\"potentialAction\":[{\"@type\":\"ReadAction\",\"target\":[\"https:\/\/www.ucat.edu.ve\/web\/biblioteca\/recursos-electronicos\/\"]}]},{\"@type\":\"BreadcrumbList\",\"@id\":\"https:\/\/www.ucat.edu.ve\/web\/biblioteca\/recursos-electronicos\/#breadcrumb\",\"itemListElement\":[{\"@type\":\"ListItem\",\"position\":1,\"name\":\"Home\",\"item\":\"https:\/\/www.ucat.edu.ve\/web\/\"},{\"@type\":\"ListItem\",\"position\":2,\"name\":\"Biblioteca\",\"item\":\"https:\/\/www.ucat.edu.ve\/web\/biblioteca\/\"},{\"@type\":\"ListItem\",\"position\":3,\"name\":\"Recursos Electr\u00f3nicos\"}]}]}<\/script>\n<!-- \/ Yoast SEO plugin. -->","yoast_head_json":{"title":"Recursos Electr\u00f3nicos - Universidad Cat\u00f3lica del T\u00e1chira","robots":{"index":"index","follow":"follow","max-snippet":"max-snippet:-1","max-image-preview":"max-image-preview:large","max-video-preview":"max-video-preview:-1"},"canonical":"https:\/\/www.ucat.edu.ve\/web\/biblioteca\/recursos-electronicos\/","og_locale":"es_ES","og_type":"article","og_title":"Recursos Electr\u00f3nicos - Universidad Cat\u00f3lica del T\u00e1chira","og_description":"Recurso en l\u00ednea EBSCO El Recurso en l\u00ednea EBSCO, provee el acceso a miles de revistas acad\u00e9micas a texto completo, as\u00ed como a los \u00edndices tem\u00e1ticos principales. Los recursos acad\u00e9micos cubren todas las \u00e1reas de estudio: las ciencias, ingenier\u00edas, tecnolog\u00eda, matem\u00e1ticas, artes y humanidades, ciencias sociales, derecho, administraci\u00f3n, filosof\u00eda y religi\u00f3n. &nbsp; Para ingresar al","og_url":"https:\/\/www.ucat.edu.ve\/web\/biblioteca\/recursos-electronicos\/","og_site_name":"Universidad Cat\u00f3lica del T\u00e1chira","article_publisher":"https:\/\/www.facebook.com\/notiucat\/","article_modified_time":"2017-03-22T12:14:26+00:00","og_image":[{"url":"http:\/\/www.ucat.edu.ve\/web\/wp-content\/uploads\/2017\/03\/ebsco.jpg"}],"author":"Superadministrador","twitter_card":"summary_large_image","twitter_site":"@notiucat","twitter_misc":{"Est. reading time":"5 minutos"},"schema":{"@context":"https:\/\/schema.org","@graph":[{"@type":"Organization","@id":"https:\/\/www.ucat.edu.ve\/web\/#organization","name":"Universidad Cat\u00f3lica Del T\u00e1chira UCAT","url":"https:\/\/www.ucat.edu.ve\/web\/","sameAs":["https:\/\/www.instagram.com\/notiucat\/","https:\/\/www.youtube.com\/channel\/UCwEbYSB1R9fzlII-8dcxuYA?view_as=subscriber","https:\/\/www.facebook.com\/notiucat\/","https:\/\/twitter.com\/notiucat"],"logo":{"@type":"ImageObject","inLanguage":"es-ES","@id":"https:\/\/www.ucat.edu.ve\/web\/#\/schema\/logo\/image\/","url":"https:\/\/www.ucat.edu.ve\/web\/wp-content\/uploads\/2015\/07\/logoucat.gif","contentUrl":"https:\/\/www.ucat.edu.ve\/web\/wp-content\/uploads\/2015\/07\/logoucat.gif","width":219,"height":155,"caption":"Universidad Cat\u00f3lica Del T\u00e1chira UCAT"},"image":{"@id":"https:\/\/www.ucat.edu.ve\/web\/#\/schema\/logo\/image\/"}},{"@type":"WebSite","@id":"https:\/\/www.ucat.edu.ve\/web\/#website","url":"https:\/\/www.ucat.edu.ve\/web\/","name":"Universidad Cat\u00f3lica del T\u00e1chira","description":"","publisher":{"@id":"https:\/\/www.ucat.edu.ve\/web\/#organization"},"potentialAction":[{"@type":"SearchAction","target":{"@type":"EntryPoint","urlTemplate":"https:\/\/www.ucat.edu.ve\/web\/?s={search_term_string}"},"query-input":"required name=search_term_string"}],"inLanguage":"es-ES"},{"@type":"ImageObject","inLanguage":"es-ES","@id":"https:\/\/www.ucat.edu.ve\/web\/biblioteca\/recursos-electronicos\/#primaryimage","url":"http:\/\/www.ucat.edu.ve\/web\/wp-content\/uploads\/2017\/03\/ebsco.jpg","contentUrl":"http:\/\/www.ucat.edu.ve\/web\/wp-content\/uploads\/2017\/03\/ebsco.jpg"},{"@type":"WebPage","@id":"https:\/\/www.ucat.edu.ve\/web\/biblioteca\/recursos-electronicos\/#webpage","url":"https:\/\/www.ucat.edu.ve\/web\/biblioteca\/recursos-electronicos\/","name":"Recursos Electr\u00f3nicos - Universidad Cat\u00f3lica del T\u00e1chira","isPartOf":{"@id":"https:\/\/www.ucat.edu.ve\/web\/#website"},"primaryImageOfPage":{"@id":"https:\/\/www.ucat.edu.ve\/web\/biblioteca\/recursos-electronicos\/#primaryimage"},"datePublished":"2017-03-17T08:01:44+00:00","dateModified":"2017-03-22T12:14:26+00:00","breadcrumb":{"@id":"https:\/\/www.ucat.edu.ve\/web\/biblioteca\/recursos-electronicos\/#breadcrumb"},"inLanguage":"es-ES","potentialAction":[{"@type":"ReadAction","target":["https:\/\/www.ucat.edu.ve\/web\/biblioteca\/recursos-electronicos\/"]}]},{"@type":"BreadcrumbList","@id":"https:\/\/www.ucat.edu.ve\/web\/biblioteca\/recursos-electronicos\/#breadcrumb","itemListElement":[{"@type":"ListItem","position":1,"name":"Home","item":"https:\/\/www.ucat.edu.ve\/web\/"},{"@type":"ListItem","position":2,"name":"Biblioteca","item":"https:\/\/www.ucat.edu.ve\/web\/biblioteca\/"},{"@type":"ListItem","position":3,"name":"Recursos Electr\u00f3nicos"}]}]}},"_links":{"self":[{"href":"https:\/\/www.ucat.edu.ve\/web\/wp-json\/wp\/v2\/pages\/1467"}],"collection":[{"href":"https:\/\/www.ucat.edu.ve\/web\/wp-json\/wp\/v2\/pages"}],"about":[{"href":"https:\/\/www.ucat.edu.ve\/web\/wp-json\/wp\/v2\/types\/page"}],"author":[{"embeddable":true,"href":"https:\/\/www.ucat.edu.ve\/web\/wp-json\/wp\/v2\/users\/1"}],"replies":[{"embeddable":true,"href":"https:\/\/www.ucat.edu.ve\/web\/wp-json\/wp\/v2\/comments?post=1467"}],"version-history":[{"count":3,"href":"https:\/\/www.ucat.edu.ve\/web\/wp-json\/wp\/v2\/pages\/1467\/revisions"}],"predecessor-version":[{"id":11148,"href":"https:\/\/www.ucat.edu.ve\/web\/wp-json\/wp\/v2\/pages\/1467\/revisions\/11148"}],"up":[{"embeddable":true,"href":"https:\/\/www.ucat.edu.ve\/web\/wp-json\/wp\/v2\/pages\/1481"}],"wp:attachment":[{"href":"https:\/\/www.ucat.edu.ve\/web\/wp-json\/wp\/v2\/media?parent=1467"}],"curies":[{"name":"wp","href":"https:\/\/api.w.org\/{rel}","templated":true}]}}