 {"id":1481,"date":"2017-03-17T09:33:45","date_gmt":"2017-03-17T09:33:45","guid":{"rendered":"http:\/\/www.ucat.edu.ve\/web\/?page_id=1481"},"modified":"2019-11-04T15:46:19","modified_gmt":"2019-11-04T15:46:19","slug":"biblioteca","status":"publish","type":"page","link":"https:\/\/www.ucat.edu.ve\/web\/biblioteca\/","title":{"rendered":"Biblioteca"},"content":{"rendered":"<div style=\"text-align: center !important;\"><img loading=\"lazy\" class=\"wp-image-626 aligncenter\" src=\"http:\/\/www.ucat.edu.ve\/web\/wp-content\/uploads\/2016\/02\/Sin-t\u00edt123.jpg\" alt=\"Sin t\u00edt123\" width=\"482\" height=\"296\" srcset=\"https:\/\/www.ucat.edu.ve\/web\/wp-content\/uploads\/2016\/02\/Sin-t\u00edt123.jpg 868w, https:\/\/www.ucat.edu.ve\/web\/wp-content\/uploads\/2016\/02\/Sin-t\u00edt123-521x320.jpg 521w, https:\/\/www.ucat.edu.ve\/web\/wp-content\/uploads\/2016\/02\/Sin-t\u00edt123-340x210.jpg 340w, https:\/\/www.ucat.edu.ve\/web\/wp-content\/uploads\/2016\/02\/Sin-t\u00edt123-570x350.jpg 570w\" sizes=\"(max-width: 482px) 100vw, 482px\" \/><\/div>\n<div style=\"text-align: center !important;\"><div class=\"su-spacer\" style=\"height:20px\"><\/div><\/div>\n<p style=\"text-align: justify;\">La Biblioteca de la Universidad Cat\u00f3lica del T\u00e1chira es una unidad operativa adscrita al Vicerrectorado Acad\u00e9mico, destinada a adquirir, procesar y asegurar la disponibilidad de las diferentes fuentes de informaci\u00f3n que sirven de apoyo a los programas acad\u00e9micos de la universidad, bajo la forma de publicaciones bibliogr\u00e1ficas, hemerogr\u00e1ficas, trabajos de seminario, trabajos de grado, trabajos de ascenso, documentos o en cualquier formato escrito, gr\u00e1fico, impreso o electr\u00f3nico.<\/p>\n<p style=\"text-align: justify;\">Presta servicios de Lunes a Viernes en horario comprendido de 8:00 a.m a 12:00 p.m y de 1:00 p.m a 5:00 p.m. En sus dos sedes: Loma del Tejar y Sabana Larga.<\/p>\n<p style=\"text-align: justify;\">En la actualidad la Direcci\u00f3n de la Biblioteca est\u00e1 a cargo de la Abg. Vanessa Palmar de Balza <a href=\"mailto:vpalmar@ucat.edu.ve\">vpalmar@ucat.edu.ve<\/a><\/p>\n<p style=\"text-align: justify;\"><div class=\"su-tabs su-tabs-style-default su-tabs-mobile-stack\" data-active=\"1\" data-scroll-offset=\"0\" data-anchor-in-url=\"no\"><div class=\"su-tabs-nav\"><span class=\"\" data-url=\"\" data-target=\"blank\" tabindex=\"0\" role=\"button\"><strong>Misi\u00f3n<\/strong><\/span><span class=\"\" data-url=\"\" data-target=\"blank\" tabindex=\"0\" role=\"button\"><strong>Visi\u00f3n<\/strong><\/span><span class=\"\" data-url=\"\" data-target=\"blank\" tabindex=\"0\" role=\"button\"><strong>Objetivos<\/strong><\/span><\/div><div class=\"su-tabs-panes\"><div class=\"su-tabs-pane su-u-clearfix su-u-trim\" data-title=\"&lt;strong&gt;Misi\u00f3n&lt;\/strong&gt;\">\n<p style=\"text-align: justify;\">Brindar acceso a la informaci\u00f3n y al conocimiento necesario para el quehacer intelectual de los miembros de la comunidad universitaria y prestar apoyo b\u00e1sico a las actividades docentes, de investigaci\u00f3n y de extensi\u00f3n, a trav\u00e9s del desarrollo de colecciones ajustadas a normas establecidas, la organizaci\u00f3n t\u00e9cnica de las mismas y la prestaci\u00f3n de servicios capaces de satisfacer las demandas de dicha comunidad.<\/p>\n<p style=\"text-align: justify;\"><\/div>\n<div class=\"su-tabs-pane su-u-clearfix su-u-trim\" data-title=\"&lt;strong&gt;Visi\u00f3n&lt;\/strong&gt;\">\n<p style=\"text-align: justify;\">Ser una red de informaci\u00f3n tecnificada, con un equipo de trabajo formado y actualizado en las nuevas competencias de servicios de la informaci\u00f3n, sustentada en una arquitectura de conocimiento integral e interactiva, que permita el acceso a la informaci\u00f3n oportuna y relevante; en condiciones infraestructurales y ambientales id\u00f3neas que garanticen la conservaci\u00f3n y preservaci\u00f3n, enriquecimiento y difusi\u00f3n del patrimonio intelectual de la Universidad Cat\u00f3lica del T\u00e1chira, que preste servicios especializados con la m\u00e1s alta actividad acad\u00e9mica y de investigaci\u00f3n.<\/p>\n<p style=\"text-align: justify;\"><\/div>\n<div class=\"su-tabs-pane su-u-clearfix su-u-trim\" data-title=\"&lt;strong&gt;Objetivos&lt;\/strong&gt;\">\n<p style=\"text-align: justify;\">Facilitar y promover el uso efectivo de las fuentes de informaci\u00f3n, garantizar el acceso y manejo de la misma, a trav\u00e9s del empleo de tecnolog\u00eda y el servicio de personal calificado. \u00a0Para lograr este objetivo, la Direcci\u00f3n de Biblioteca se esfuerza por proporcionar a sus usuarios los instrumentos m\u00e1s modernos y la atenci\u00f3n personalizada que faciliten el acceso a la informaci\u00f3n y la recuperaci\u00f3n de datos<\/p>\n<p style=\"text-align: justify;\"><\/div><\/div><\/div>\n","protected":false},"excerpt":{"rendered":"<p>La Biblioteca de la Universidad Cat\u00f3lica del T\u00e1chira es una unidad operativa adscrita al Vicerrectorado Acad\u00e9mico, destinada a adquirir, procesar y asegurar la disponibilidad de las diferentes fuentes de informaci\u00f3n que sirven de apoyo a los programas acad\u00e9micos de la universidad, bajo la forma de publicaciones bibliogr\u00e1ficas, hemerogr\u00e1ficas, trabajos de seminario, trabajos de grado, trabajos<\/p>\n","protected":false},"author":1,"featured_media":0,"parent":0,"menu_order":0,"comment_status":"closed","ping_status":"closed","template":"fullwidth.php","meta":[],"yoast_head":"<!-- This site is optimized with the Yoast SEO plugin v19.2 - https:\/\/yoast.com\/wordpress\/plugins\/seo\/ -->\n<title>Biblioteca - Universidad Cat\u00f3lica del T\u00e1chira<\/title>\n<meta name=\"robots\" content=\"index, follow, max-snippet:-1, max-image-preview:large, max-video-preview:-1\" \/>\n<link rel=\"canonical\" href=\"https:\/\/www.ucat.edu.ve\/web\/biblioteca\/\" \/>\n<meta property=\"og:locale\" content=\"es_ES\" \/>\n<meta property=\"og:type\" content=\"article\" \/>\n<meta property=\"og:title\" content=\"Biblioteca - Universidad Cat\u00f3lica del T\u00e1chira\" \/>\n<meta property=\"og:description\" content=\"La Biblioteca de la Universidad Cat\u00f3lica del T\u00e1chira es una unidad operativa adscrita al Vicerrectorado Acad\u00e9mico, destinada a adquirir, procesar y asegurar la disponibilidad de las diferentes fuentes de informaci\u00f3n que sirven de apoyo a los programas acad\u00e9micos de la universidad, bajo la forma de publicaciones bibliogr\u00e1ficas, hemerogr\u00e1ficas, trabajos de seminario, trabajos de grado, trabajos\" \/>\n<meta property=\"og:url\" content=\"https:\/\/www.ucat.edu.ve\/web\/biblioteca\/\" \/>\n<meta property=\"og:site_name\" content=\"Universidad Cat\u00f3lica del T\u00e1chira\" \/>\n<meta property=\"article:publisher\" content=\"https:\/\/www.facebook.com\/notiucat\/\" \/>\n<meta property=\"article:modified_time\" content=\"2019-11-04T15:46:19+00:00\" \/>\n<meta name=\"author\" content=\"Superadministrador\" \/>\n<meta name=\"twitter:card\" content=\"summary_large_image\" \/>\n<meta name=\"twitter:site\" content=\"@notiucat\" \/>\n<meta name=\"twitter:label1\" content=\"Est. reading time\" \/>\n\t<meta name=\"twitter:data1\" content=\"2 minutos\" \/>\n<script type=\"application\/ld+json\" class=\"yoast-schema-graph\">{\"@context\":\"https:\/\/schema.org\",\"@graph\":[{\"@type\":\"Organization\",\"@id\":\"https:\/\/www.ucat.edu.ve\/web\/#organization\",\"name\":\"Universidad Cat\u00f3lica Del T\u00e1chira UCAT\",\"url\":\"https:\/\/www.ucat.edu.ve\/web\/\",\"sameAs\":[\"https:\/\/www.instagram.com\/notiucat\/\",\"https:\/\/www.youtube.com\/channel\/UCwEbYSB1R9fzlII-8dcxuYA?view_as=subscriber\",\"https:\/\/www.facebook.com\/notiucat\/\",\"https:\/\/twitter.com\/notiucat\"],\"logo\":{\"@type\":\"ImageObject\",\"inLanguage\":\"es-ES\",\"@id\":\"https:\/\/www.ucat.edu.ve\/web\/#\/schema\/logo\/image\/\",\"url\":\"https:\/\/www.ucat.edu.ve\/web\/wp-content\/uploads\/2015\/07\/logoucat.gif\",\"contentUrl\":\"https:\/\/www.ucat.edu.ve\/web\/wp-content\/uploads\/2015\/07\/logoucat.gif\",\"width\":219,\"height\":155,\"caption\":\"Universidad Cat\u00f3lica Del T\u00e1chira UCAT\"},\"image\":{\"@id\":\"https:\/\/www.ucat.edu.ve\/web\/#\/schema\/logo\/image\/\"}},{\"@type\":\"WebSite\",\"@id\":\"https:\/\/www.ucat.edu.ve\/web\/#website\",\"url\":\"https:\/\/www.ucat.edu.ve\/web\/\",\"name\":\"Universidad Cat\u00f3lica del T\u00e1chira\",\"description\":\"\",\"publisher\":{\"@id\":\"https:\/\/www.ucat.edu.ve\/web\/#organization\"},\"potentialAction\":[{\"@type\":\"SearchAction\",\"target\":{\"@type\":\"EntryPoint\",\"urlTemplate\":\"https:\/\/www.ucat.edu.ve\/web\/?s={search_term_string}\"},\"query-input\":\"required name=search_term_string\"}],\"inLanguage\":\"es-ES\"},{\"@type\":\"WebPage\",\"@id\":\"https:\/\/www.ucat.edu.ve\/web\/biblioteca\/#webpage\",\"url\":\"https:\/\/www.ucat.edu.ve\/web\/biblioteca\/\",\"name\":\"Biblioteca - Universidad Cat\u00f3lica del T\u00e1chira\",\"isPartOf\":{\"@id\":\"https:\/\/www.ucat.edu.ve\/web\/#website\"},\"datePublished\":\"2017-03-17T09:33:45+00:00\",\"dateModified\":\"2019-11-04T15:46:19+00:00\",\"breadcrumb\":{\"@id\":\"https:\/\/www.ucat.edu.ve\/web\/biblioteca\/#breadcrumb\"},\"inLanguage\":\"es-ES\",\"potentialAction\":[{\"@type\":\"ReadAction\",\"target\":[\"https:\/\/www.ucat.edu.ve\/web\/biblioteca\/\"]}]},{\"@type\":\"BreadcrumbList\",\"@id\":\"https:\/\/www.ucat.edu.ve\/web\/biblioteca\/#breadcrumb\",\"itemListElement\":[{\"@type\":\"ListItem\",\"position\":1,\"name\":\"Home\",\"item\":\"https:\/\/www.ucat.edu.ve\/web\/\"},{\"@type\":\"ListItem\",\"position\":2,\"name\":\"Biblioteca\"}]}]}<\/script>\n<!-- \/ Yoast SEO plugin. -->","yoast_head_json":{"title":"Biblioteca - Universidad Cat\u00f3lica del T\u00e1chira","robots":{"index":"index","follow":"follow","max-snippet":"max-snippet:-1","max-image-preview":"max-image-preview:large","max-video-preview":"max-video-preview:-1"},"canonical":"https:\/\/www.ucat.edu.ve\/web\/biblioteca\/","og_locale":"es_ES","og_type":"article","og_title":"Biblioteca - Universidad Cat\u00f3lica del T\u00e1chira","og_description":"La Biblioteca de la Universidad Cat\u00f3lica del T\u00e1chira es una unidad operativa adscrita al Vicerrectorado Acad\u00e9mico, destinada a adquirir, procesar y asegurar la disponibilidad de las diferentes fuentes de informaci\u00f3n que sirven de apoyo a los programas acad\u00e9micos de la universidad, bajo la forma de publicaciones bibliogr\u00e1ficas, hemerogr\u00e1ficas, trabajos de seminario, trabajos de grado, trabajos","og_url":"https:\/\/www.ucat.edu.ve\/web\/biblioteca\/","og_site_name":"Universidad Cat\u00f3lica del T\u00e1chira","article_publisher":"https:\/\/www.facebook.com\/notiucat\/","article_modified_time":"2019-11-04T15:46:19+00:00","author":"Superadministrador","twitter_card":"summary_large_image","twitter_site":"@notiucat","twitter_misc":{"Est. reading time":"2 minutos"},"schema":{"@context":"https:\/\/schema.org","@graph":[{"@type":"Organization","@id":"https:\/\/www.ucat.edu.ve\/web\/#organization","name":"Universidad Cat\u00f3lica Del T\u00e1chira UCAT","url":"https:\/\/www.ucat.edu.ve\/web\/","sameAs":["https:\/\/www.instagram.com\/notiucat\/","https:\/\/www.youtube.com\/channel\/UCwEbYSB1R9fzlII-8dcxuYA?view_as=subscriber","https:\/\/www.facebook.com\/notiucat\/","https:\/\/twitter.com\/notiucat"],"logo":{"@type":"ImageObject","inLanguage":"es-ES","@id":"https:\/\/www.ucat.edu.ve\/web\/#\/schema\/logo\/image\/","url":"https:\/\/www.ucat.edu.ve\/web\/wp-content\/uploads\/2015\/07\/logoucat.gif","contentUrl":"https:\/\/www.ucat.edu.ve\/web\/wp-content\/uploads\/2015\/07\/logoucat.gif","width":219,"height":155,"caption":"Universidad Cat\u00f3lica Del T\u00e1chira UCAT"},"image":{"@id":"https:\/\/www.ucat.edu.ve\/web\/#\/schema\/logo\/image\/"}},{"@type":"WebSite","@id":"https:\/\/www.ucat.edu.ve\/web\/#website","url":"https:\/\/www.ucat.edu.ve\/web\/","name":"Universidad Cat\u00f3lica del T\u00e1chira","description":"","publisher":{"@id":"https:\/\/www.ucat.edu.ve\/web\/#organization"},"potentialAction":[{"@type":"SearchAction","target":{"@type":"EntryPoint","urlTemplate":"https:\/\/www.ucat.edu.ve\/web\/?s={search_term_string}"},"query-input":"required name=search_term_string"}],"inLanguage":"es-ES"},{"@type":"WebPage","@id":"https:\/\/www.ucat.edu.ve\/web\/biblioteca\/#webpage","url":"https:\/\/www.ucat.edu.ve\/web\/biblioteca\/","name":"Biblioteca - Universidad Cat\u00f3lica del T\u00e1chira","isPartOf":{"@id":"https:\/\/www.ucat.edu.ve\/web\/#website"},"datePublished":"2017-03-17T09:33:45+00:00","dateModified":"2019-11-04T15:46:19+00:00","breadcrumb":{"@id":"https:\/\/www.ucat.edu.ve\/web\/biblioteca\/#breadcrumb"},"inLanguage":"es-ES","potentialAction":[{"@type":"ReadAction","target":["https:\/\/www.ucat.edu.ve\/web\/biblioteca\/"]}]},{"@type":"BreadcrumbList","@id":"https:\/\/www.ucat.edu.ve\/web\/biblioteca\/#breadcrumb","itemListElement":[{"@type":"ListItem","position":1,"name":"Home","item":"https:\/\/www.ucat.edu.ve\/web\/"},{"@type":"ListItem","position":2,"name":"Biblioteca"}]}]}},"_links":{"self":[{"href":"https:\/\/www.ucat.edu.ve\/web\/wp-json\/wp\/v2\/pages\/1481"}],"collection":[{"href":"https:\/\/www.ucat.edu.ve\/web\/wp-json\/wp\/v2\/pages"}],"about":[{"href":"https:\/\/www.ucat.edu.ve\/web\/wp-json\/wp\/v2\/types\/page"}],"author":[{"embeddable":true,"href":"https:\/\/www.ucat.edu.ve\/web\/wp-json\/wp\/v2\/users\/1"}],"replies":[{"embeddable":true,"href":"https:\/\/www.ucat.edu.ve\/web\/wp-json\/wp\/v2\/comments?post=1481"}],"version-history":[{"count":17,"href":"https:\/\/www.ucat.edu.ve\/web\/wp-json\/wp\/v2\/pages\/1481\/revisions"}],"predecessor-version":[{"id":15463,"href":"https:\/\/www.ucat.edu.ve\/web\/wp-json\/wp\/v2\/pages\/1481\/revisions\/15463"}],"wp:attachment":[{"href":"https:\/\/www.ucat.edu.ve\/web\/wp-json\/wp\/v2\/media?parent=1481"}],"curies":[{"name":"wp","href":"https:\/\/api.w.org\/{rel}","templated":true}]}}