 {"id":1484,"date":"2017-03-17T09:38:49","date_gmt":"2017-03-17T09:38:49","guid":{"rendered":"http:\/\/www.ucat.edu.ve\/web\/?page_id=1484"},"modified":"2019-11-04T15:48:17","modified_gmt":"2019-11-04T15:48:17","slug":"instalaciones","status":"publish","type":"page","link":"https:\/\/www.ucat.edu.ve\/web\/biblioteca\/instalaciones\/","title":{"rendered":"Instalaciones"},"content":{"rendered":"<p style=\"text-align: justify;\">La Biblioteca de la Universidad Cat\u00f3lica del T\u00e1chira para cumplir con sus objetivos, dispone de dos sedes que brinda sus servicios tanto a la comunidad universitaria de la UCAT, como a la comunidad en general.<\/p>\n<p style=\"text-align: justify;\"><strong>\u00a0<\/strong><\/p>\n<p style=\"text-align: justify;\"><strong>Sede Loma del Tejar:<\/strong><\/p>\n<p style=\"text-align: justify;\">Actualmente presta servicio de lunes a viernes en horario\u00a0comprendido entre las\u00a08:00 a.m a 12:00 p.m y de 1:00 p.m a 5:00 p.m<\/p>\n<p style=\"text-align: justify;\"><img loading=\"lazy\" class=\"aligncenter size-full wp-image-38\" src=\"http:\/\/www.ucat.edu.ve\/web\/wp-content\/uploads\/2015\/07\/fachada.jpg\" alt=\"fachada\" width=\"213\" height=\"283\" \/><\/p>\n<p style=\"text-align: justify;\">Esta sede cuenta con las siguientes \u00e1reas:<\/p>\n<p style=\"text-align: justify;\"><strong>Direcci\u00f3n:<\/strong><strong><br \/>\n<\/strong>Es el \u00e1rea destinada a la oficina del Director o Directora, quien dirige, supervisa y coordina las actividades propias de biblioteca, en ambas sedes.<\/p>\n<p style=\"text-align: justify;\">Responsable:<\/p>\n<p style=\"text-align: justify;\">Vanessa Palmar de Balza<\/p>\n<p style=\"text-align: justify;\"><a href=\"mailto:vpalmar@ucat.edu.ve\">vpalmar@ucat.edu.ve<\/a><\/p>\n<p style=\"text-align: justify;\"><a href=\"mailto:biblio@ucat.edu.ve\">biblio@ucat.edu.ve<\/a><\/p>\n<p style=\"text-align: justify;\">(+58)0276-5107219<\/p>\n<p style=\"text-align: justify;\"><strong>\u00a0<\/strong><\/p>\n<p style=\"text-align: justify;\"><strong>\u00a0<\/strong><\/p>\n<p style=\"text-align: justify;\"><strong>Secretar\u00eda<\/strong>:<\/p>\n<p style=\"text-align: justify;\">Es el \u00e1rea destinada a los trabajos administrativos, de canje, donaciones y venta de publicaciones.<\/p>\n<p style=\"text-align: justify;\"><strong>Cub\u00edculo de Profesores:<\/strong><\/p>\n<p style=\"text-align: justify;\">Lugar donde el cuerpo profesoral podr\u00e1n realizar sus consultas y sesiones de estudio e investigaci\u00f3n.<br \/>\nResponsable:<\/p>\n<p style=\"text-align: justify;\">Delcida Pe\u00f1a<\/p>\n<p style=\"text-align: justify;\"><a href=\"mailto:dpena@ucat.edu.ve\">dpena@ucat.edu.ve<\/a><\/p>\n<p style=\"text-align: justify;\"><a href=\"mailto:bibloacuse@ucat.edu.ve\">bibloacuse@ucat.edu.ve<\/a><\/p>\n<p style=\"text-align: justify;\">(+58)0276-5107220<\/p>\n<p style=\"text-align: justify;\"><strong>\u00a0<\/strong><\/p>\n<p style=\"text-align: justify;\"><strong>Procesos T\u00e9cnicos:<\/strong><\/p>\n<p style=\"text-align: justify;\">\u00c1rea donde se lleva a cabo la catalogaci\u00f3n y distribuci\u00f3n del material Bibliohemerogr\u00e1fico que ingresa a la Biblioteca.<\/p>\n<p style=\"text-align: justify;\">Responsables:<\/p>\n<p style=\"text-align: justify;\">Rosxana Moncada<\/p>\n<p style=\"text-align: justify;\"><a href=\"mailto:rmoncada@ucat.edu.ve\">rmoncada@ucat.edu.ve<\/a><\/p>\n<p style=\"text-align: justify;\">(+58)0276-5107220<\/p>\n<p style=\"text-align: justify;\">Martha Montilla<\/p>\n<p style=\"text-align: justify;\"><a href=\"mailto:mmontilla@ucat.edu.ve\">mmontilla@ucat.edu.ve<\/a><\/p>\n<p style=\"text-align: justify;\">(+58)0276-5107220<\/p>\n<p style=\"text-align: justify;\"><strong>Recepci\u00f3n I:<\/strong><strong><br \/>\n<\/strong>Es el \u00e1rea destinada a la custodia del material de los alumnos.<\/p>\n<p style=\"text-align: justify;\"><strong>\u00a0<\/strong><\/p>\n<p style=\"text-align: justify;\"><strong>Recepci\u00f3n II:<\/strong><br \/>\nEs el \u00e1rea destinada a los usuarios para la consulta en l\u00ednea del acervo bibliogr\u00e1fico y hemerogr\u00e1fico disponible, as\u00ed como para la entrega y recepci\u00f3n del material solicitado.<\/p>\n<p style=\"text-align: justify;\"><strong>\u00a0<\/strong><\/p>\n<p style=\"text-align: justify;\"><strong>Estanter\u00eda:<\/strong><strong><br \/>\n<\/strong>Es el \u00e1rea destinada a la custodia del material Bibliohemerogr\u00e1fico que forma parte del fondo de la Biblioteca.<\/p>\n<p style=\"text-align: justify;\"><strong>Sala de consulta:<\/strong><strong><br \/>\n<\/strong>Lugar donde el usuario podr\u00e1 examinar o estudiar individualmente las obras que recibe en calidad de pr\u00e9stamo.<br \/>\n<strong>Sala de Lectura:<\/strong><\/p>\n<p style=\"text-align: justify;\">Es el \u00e1rea destinada para que los alumnos efect\u00faen sus sesiones de lectura o estudio individual o grupal.<\/p>\n<p style=\"text-align: justify;\"><strong>\u00a0<\/strong><\/p>\n<p style=\"text-align: justify;\"><strong>Responsable:<\/strong><\/p>\n<p style=\"text-align: justify;\">Pedro M\u00e1rquez<br \/>\npmarquez<a href=\"mailto:mmontilla@ucat.edu.ve\">@ucat.edu.ve<\/a><\/p>\n<p style=\"text-align: justify;\">(+58)0276-5107242<\/p>\n<p style=\"text-align: justify;\">Apoyo: Becas cooperantes<\/p>\n<p style=\"text-align: justify;\"><strong>Sede Sabana Larga:<\/strong><\/p>\n<p style=\"text-align: justify;\">Actualmente presta servicio de lunes a viernes en horario\u00a0comprendido entre las 8:00 am a 12:00 pm y 2:00 pm a 6:00 pm<\/p>\n<p style=\"text-align: justify;\"><img loading=\"lazy\" class=\"aligncenter size-full wp-image-196\" src=\"http:\/\/www.ucat.edu.ve\/web\/wp-content\/uploads\/2015\/07\/postgrad.jpg\" alt=\"postgrad\" width=\"219\" height=\"155\" \/><\/p>\n<p style=\"text-align: justify;\">En esta sede cuenta con las siguientes \u00e1reas:<\/p>\n<p style=\"text-align: justify;\"><strong>Recepci\u00f3n:<\/strong><br \/>\nEs el \u00e1rea destinada a los usuarios para la consulta en l\u00ednea del acervo bibliogr\u00e1fico y hemerogr\u00e1fico disponible, as\u00ed como para la entrega y recepci\u00f3n del material solicitado.<\/p>\n<p style=\"text-align: justify;\"><strong>\u00a0<\/strong><\/p>\n<p style=\"text-align: justify;\"><strong>Estanter\u00eda:<\/strong><strong><br \/>\n<\/strong>Es el \u00e1rea destinada a la custodia del material Bibliogr\u00e1fico que forma parte del fondo de la Biblioteca.<\/p>\n<p style=\"text-align: justify;\"><strong>Sala de consulta y lectura:<\/strong><strong><br \/>\n<\/strong>Lugar donde el usuario podr\u00e1 examinar o estudiar individualmente las obras que recibe en calidad de pr\u00e9stamo y efectuar sus sesiones de lectura o estudio individual o grupal.<\/p>\n<p style=\"text-align: justify;\">Responsable:<\/p>\n<p style=\"text-align: justify;\"><strong>\u00a0<\/strong><strong>\u00a0<\/strong><strong>Carolina Arellano<\/strong><\/p>\n<p style=\"text-align: justify;\"><strong>\u00a0<\/strong><strong>carellano@ucat.edu.ve<\/strong><\/p>\n<p style=\"text-align: justify;\">(+58)0276-5107621- 622<\/p>\n<p style=\"text-align: justify;\">Apoyo: Becas cooperantes<\/p>\n","protected":false},"excerpt":{"rendered":"<p>La Biblioteca de la Universidad Cat\u00f3lica del T\u00e1chira para cumplir con sus objetivos, dispone de dos sedes que brinda sus servicios tanto a la comunidad universitaria de la UCAT, como a la comunidad en general. \u00a0 Sede Loma del Tejar: Actualmente presta servicio de lunes a viernes en horario\u00a0comprendido entre las\u00a08:00 a.m a 12:00 p.m<\/p>\n","protected":false},"author":1,"featured_media":0,"parent":1481,"menu_order":0,"comment_status":"closed","ping_status":"closed","template":"fullwidth.php","meta":[],"yoast_head":"<!-- This site is optimized with the Yoast SEO plugin v19.2 - https:\/\/yoast.com\/wordpress\/plugins\/seo\/ -->\n<title>Instalaciones - Universidad Cat\u00f3lica del T\u00e1chira<\/title>\n<meta name=\"robots\" content=\"index, follow, max-snippet:-1, max-image-preview:large, max-video-preview:-1\" \/>\n<link rel=\"canonical\" href=\"https:\/\/www.ucat.edu.ve\/web\/biblioteca\/instalaciones\/\" \/>\n<meta property=\"og:locale\" content=\"es_ES\" \/>\n<meta property=\"og:type\" content=\"article\" \/>\n<meta property=\"og:title\" content=\"Instalaciones - Universidad Cat\u00f3lica del T\u00e1chira\" \/>\n<meta property=\"og:description\" content=\"La Biblioteca de la Universidad Cat\u00f3lica del T\u00e1chira para cumplir con sus objetivos, dispone de dos sedes que brinda sus servicios tanto a la comunidad universitaria de la UCAT, como a la comunidad en general. \u00a0 Sede Loma del Tejar: Actualmente presta servicio de lunes a viernes en horario\u00a0comprendido entre las\u00a08:00 a.m a 12:00 p.m\" \/>\n<meta property=\"og:url\" content=\"https:\/\/www.ucat.edu.ve\/web\/biblioteca\/instalaciones\/\" \/>\n<meta property=\"og:site_name\" content=\"Universidad Cat\u00f3lica del T\u00e1chira\" \/>\n<meta property=\"article:publisher\" content=\"https:\/\/www.facebook.com\/notiucat\/\" \/>\n<meta property=\"article:modified_time\" content=\"2019-11-04T15:48:17+00:00\" \/>\n<meta property=\"og:image\" content=\"http:\/\/www.ucat.edu.ve\/web\/wp-content\/uploads\/2015\/07\/fachada.jpg\" \/>\n<meta name=\"author\" content=\"Superadministrador\" \/>\n<meta name=\"twitter:card\" content=\"summary_large_image\" \/>\n<meta name=\"twitter:site\" content=\"@notiucat\" \/>\n<meta name=\"twitter:label1\" content=\"Est. reading time\" \/>\n\t<meta name=\"twitter:data1\" content=\"2 minutos\" \/>\n<script type=\"application\/ld+json\" class=\"yoast-schema-graph\">{\"@context\":\"https:\/\/schema.org\",\"@graph\":[{\"@type\":\"Organization\",\"@id\":\"https:\/\/www.ucat.edu.ve\/web\/#organization\",\"name\":\"Universidad Cat\u00f3lica Del T\u00e1chira UCAT\",\"url\":\"https:\/\/www.ucat.edu.ve\/web\/\",\"sameAs\":[\"https:\/\/www.instagram.com\/notiucat\/\",\"https:\/\/www.youtube.com\/channel\/UCwEbYSB1R9fzlII-8dcxuYA?view_as=subscriber\",\"https:\/\/www.facebook.com\/notiucat\/\",\"https:\/\/twitter.com\/notiucat\"],\"logo\":{\"@type\":\"ImageObject\",\"inLanguage\":\"es-ES\",\"@id\":\"https:\/\/www.ucat.edu.ve\/web\/#\/schema\/logo\/image\/\",\"url\":\"https:\/\/www.ucat.edu.ve\/web\/wp-content\/uploads\/2015\/07\/logoucat.gif\",\"contentUrl\":\"https:\/\/www.ucat.edu.ve\/web\/wp-content\/uploads\/2015\/07\/logoucat.gif\",\"width\":219,\"height\":155,\"caption\":\"Universidad Cat\u00f3lica Del T\u00e1chira UCAT\"},\"image\":{\"@id\":\"https:\/\/www.ucat.edu.ve\/web\/#\/schema\/logo\/image\/\"}},{\"@type\":\"WebSite\",\"@id\":\"https:\/\/www.ucat.edu.ve\/web\/#website\",\"url\":\"https:\/\/www.ucat.edu.ve\/web\/\",\"name\":\"Universidad Cat\u00f3lica del T\u00e1chira\",\"description\":\"\",\"publisher\":{\"@id\":\"https:\/\/www.ucat.edu.ve\/web\/#organization\"},\"potentialAction\":[{\"@type\":\"SearchAction\",\"target\":{\"@type\":\"EntryPoint\",\"urlTemplate\":\"https:\/\/www.ucat.edu.ve\/web\/?s={search_term_string}\"},\"query-input\":\"required name=search_term_string\"}],\"inLanguage\":\"es-ES\"},{\"@type\":\"ImageObject\",\"inLanguage\":\"es-ES\",\"@id\":\"https:\/\/www.ucat.edu.ve\/web\/biblioteca\/instalaciones\/#primaryimage\",\"url\":\"http:\/\/www.ucat.edu.ve\/web\/wp-content\/uploads\/2015\/07\/fachada.jpg\",\"contentUrl\":\"http:\/\/www.ucat.edu.ve\/web\/wp-content\/uploads\/2015\/07\/fachada.jpg\"},{\"@type\":\"WebPage\",\"@id\":\"https:\/\/www.ucat.edu.ve\/web\/biblioteca\/instalaciones\/#webpage\",\"url\":\"https:\/\/www.ucat.edu.ve\/web\/biblioteca\/instalaciones\/\",\"name\":\"Instalaciones - Universidad Cat\u00f3lica del T\u00e1chira\",\"isPartOf\":{\"@id\":\"https:\/\/www.ucat.edu.ve\/web\/#website\"},\"primaryImageOfPage\":{\"@id\":\"https:\/\/www.ucat.edu.ve\/web\/biblioteca\/instalaciones\/#primaryimage\"},\"datePublished\":\"2017-03-17T09:38:49+00:00\",\"dateModified\":\"2019-11-04T15:48:17+00:00\",\"breadcrumb\":{\"@id\":\"https:\/\/www.ucat.edu.ve\/web\/biblioteca\/instalaciones\/#breadcrumb\"},\"inLanguage\":\"es-ES\",\"potentialAction\":[{\"@type\":\"ReadAction\",\"target\":[\"https:\/\/www.ucat.edu.ve\/web\/biblioteca\/instalaciones\/\"]}]},{\"@type\":\"BreadcrumbList\",\"@id\":\"https:\/\/www.ucat.edu.ve\/web\/biblioteca\/instalaciones\/#breadcrumb\",\"itemListElement\":[{\"@type\":\"ListItem\",\"position\":1,\"name\":\"Home\",\"item\":\"https:\/\/www.ucat.edu.ve\/web\/\"},{\"@type\":\"ListItem\",\"position\":2,\"name\":\"Biblioteca\",\"item\":\"https:\/\/www.ucat.edu.ve\/web\/biblioteca\/\"},{\"@type\":\"ListItem\",\"position\":3,\"name\":\"Instalaciones\"}]}]}<\/script>\n<!-- \/ Yoast SEO plugin. -->","yoast_head_json":{"title":"Instalaciones - Universidad Cat\u00f3lica del T\u00e1chira","robots":{"index":"index","follow":"follow","max-snippet":"max-snippet:-1","max-image-preview":"max-image-preview:large","max-video-preview":"max-video-preview:-1"},"canonical":"https:\/\/www.ucat.edu.ve\/web\/biblioteca\/instalaciones\/","og_locale":"es_ES","og_type":"article","og_title":"Instalaciones - Universidad Cat\u00f3lica del T\u00e1chira","og_description":"La Biblioteca de la Universidad Cat\u00f3lica del T\u00e1chira para cumplir con sus objetivos, dispone de dos sedes que brinda sus servicios tanto a la comunidad universitaria de la UCAT, como a la comunidad en general. \u00a0 Sede Loma del Tejar: Actualmente presta servicio de lunes a viernes en horario\u00a0comprendido entre las\u00a08:00 a.m a 12:00 p.m","og_url":"https:\/\/www.ucat.edu.ve\/web\/biblioteca\/instalaciones\/","og_site_name":"Universidad Cat\u00f3lica del T\u00e1chira","article_publisher":"https:\/\/www.facebook.com\/notiucat\/","article_modified_time":"2019-11-04T15:48:17+00:00","og_image":[{"url":"http:\/\/www.ucat.edu.ve\/web\/wp-content\/uploads\/2015\/07\/fachada.jpg"}],"author":"Superadministrador","twitter_card":"summary_large_image","twitter_site":"@notiucat","twitter_misc":{"Est. reading time":"2 minutos"},"schema":{"@context":"https:\/\/schema.org","@graph":[{"@type":"Organization","@id":"https:\/\/www.ucat.edu.ve\/web\/#organization","name":"Universidad Cat\u00f3lica Del T\u00e1chira UCAT","url":"https:\/\/www.ucat.edu.ve\/web\/","sameAs":["https:\/\/www.instagram.com\/notiucat\/","https:\/\/www.youtube.com\/channel\/UCwEbYSB1R9fzlII-8dcxuYA?view_as=subscriber","https:\/\/www.facebook.com\/notiucat\/","https:\/\/twitter.com\/notiucat"],"logo":{"@type":"ImageObject","inLanguage":"es-ES","@id":"https:\/\/www.ucat.edu.ve\/web\/#\/schema\/logo\/image\/","url":"https:\/\/www.ucat.edu.ve\/web\/wp-content\/uploads\/2015\/07\/logoucat.gif","contentUrl":"https:\/\/www.ucat.edu.ve\/web\/wp-content\/uploads\/2015\/07\/logoucat.gif","width":219,"height":155,"caption":"Universidad Cat\u00f3lica Del T\u00e1chira UCAT"},"image":{"@id":"https:\/\/www.ucat.edu.ve\/web\/#\/schema\/logo\/image\/"}},{"@type":"WebSite","@id":"https:\/\/www.ucat.edu.ve\/web\/#website","url":"https:\/\/www.ucat.edu.ve\/web\/","name":"Universidad Cat\u00f3lica del T\u00e1chira","description":"","publisher":{"@id":"https:\/\/www.ucat.edu.ve\/web\/#organization"},"potentialAction":[{"@type":"SearchAction","target":{"@type":"EntryPoint","urlTemplate":"https:\/\/www.ucat.edu.ve\/web\/?s={search_term_string}"},"query-input":"required name=search_term_string"}],"inLanguage":"es-ES"},{"@type":"ImageObject","inLanguage":"es-ES","@id":"https:\/\/www.ucat.edu.ve\/web\/biblioteca\/instalaciones\/#primaryimage","url":"http:\/\/www.ucat.edu.ve\/web\/wp-content\/uploads\/2015\/07\/fachada.jpg","contentUrl":"http:\/\/www.ucat.edu.ve\/web\/wp-content\/uploads\/2015\/07\/fachada.jpg"},{"@type":"WebPage","@id":"https:\/\/www.ucat.edu.ve\/web\/biblioteca\/instalaciones\/#webpage","url":"https:\/\/www.ucat.edu.ve\/web\/biblioteca\/instalaciones\/","name":"Instalaciones - Universidad Cat\u00f3lica del T\u00e1chira","isPartOf":{"@id":"https:\/\/www.ucat.edu.ve\/web\/#website"},"primaryImageOfPage":{"@id":"https:\/\/www.ucat.edu.ve\/web\/biblioteca\/instalaciones\/#primaryimage"},"datePublished":"2017-03-17T09:38:49+00:00","dateModified":"2019-11-04T15:48:17+00:00","breadcrumb":{"@id":"https:\/\/www.ucat.edu.ve\/web\/biblioteca\/instalaciones\/#breadcrumb"},"inLanguage":"es-ES","potentialAction":[{"@type":"ReadAction","target":["https:\/\/www.ucat.edu.ve\/web\/biblioteca\/instalaciones\/"]}]},{"@type":"BreadcrumbList","@id":"https:\/\/www.ucat.edu.ve\/web\/biblioteca\/instalaciones\/#breadcrumb","itemListElement":[{"@type":"ListItem","position":1,"name":"Home","item":"https:\/\/www.ucat.edu.ve\/web\/"},{"@type":"ListItem","position":2,"name":"Biblioteca","item":"https:\/\/www.ucat.edu.ve\/web\/biblioteca\/"},{"@type":"ListItem","position":3,"name":"Instalaciones"}]}]}},"_links":{"self":[{"href":"https:\/\/www.ucat.edu.ve\/web\/wp-json\/wp\/v2\/pages\/1484"}],"collection":[{"href":"https:\/\/www.ucat.edu.ve\/web\/wp-json\/wp\/v2\/pages"}],"about":[{"href":"https:\/\/www.ucat.edu.ve\/web\/wp-json\/wp\/v2\/types\/page"}],"author":[{"embeddable":true,"href":"https:\/\/www.ucat.edu.ve\/web\/wp-json\/wp\/v2\/users\/1"}],"replies":[{"embeddable":true,"href":"https:\/\/www.ucat.edu.ve\/web\/wp-json\/wp\/v2\/comments?post=1484"}],"version-history":[{"count":0,"href":"https:\/\/www.ucat.edu.ve\/web\/wp-json\/wp\/v2\/pages\/1484\/revisions"}],"up":[{"embeddable":true,"href":"https:\/\/www.ucat.edu.ve\/web\/wp-json\/wp\/v2\/pages\/1481"}],"wp:attachment":[{"href":"https:\/\/www.ucat.edu.ve\/web\/wp-json\/wp\/v2\/media?parent=1484"}],"curies":[{"name":"wp","href":"https:\/\/api.w.org\/{rel}","templated":true}]}}