 {"id":1488,"date":"2017-03-17T09:52:27","date_gmt":"2017-03-17T09:52:27","guid":{"rendered":"http:\/\/www.ucat.edu.ve\/web\/?page_id=1488"},"modified":"2019-11-04T16:15:49","modified_gmt":"2019-11-04T16:15:49","slug":"servicios-que-ofrece","status":"publish","type":"page","link":"https:\/\/www.ucat.edu.ve\/web\/biblioteca\/servicios-que-ofrece\/","title":{"rendered":"Servicios que Ofrece"},"content":{"rendered":"<p><\/p>\n<p style=\"text-align: justify;\">Para dar respuesta a las necesidades de informaci\u00f3n de los integrantes de la Comunidad Ucatense, la Biblioteca UCAT, cuenta con los siguientes servicios:<\/p>\n<p style=\"text-align: justify;\"><strong>\u00a0<\/strong><\/p>\n<p style=\"text-align: justify;\"><strong>Pr\u00e9stamo Interno:<\/strong><strong>\u00a0<\/strong><strong><br \/>\n<\/strong>Permite al usuario ucatense y p\u00fablico en general, utilizar las obras de car\u00e1cter general y especializado, que conforman el fondo bibliogr\u00e1fico.\u00a0 Para facilitar este servicio, la Biblioteca UCAT posee un sistema automatizado de consulta en pantalla, que permite la b\u00fasqueda de material bibliogr\u00e1fico o hemerogr\u00e1fico, por cota, autor, t\u00edtulo o materia.<\/p>\n<p style=\"text-align: justify;\"><strong>Pr\u00e9stamo externo:<\/strong><\/p>\n<p style=\"text-align: justify;\"><strong>\u00a0<\/strong>Exclusivo para docentes y personal administrativo. Este servicio se ofrece el d\u00eda viernes para consultas de fin de semana.<\/p>\n<p style=\"text-align: justify;\"><strong>Referencia:<\/strong><strong>\u00a0<\/strong><strong><br \/>\n<\/strong>Servicio de acci\u00f3n inmediata al usuario, conformada por Diccionarios, Enciclopedias, Atlas, Bibliograf\u00edas e \u00cdndices.<\/p>\n<p style=\"text-align: justify;\"><strong>Fotocopiado:<\/strong><br \/>\nBrinda al usuario la posibilidad de reproducir el documento u obra perteneciente al fondo bibliogr\u00e1fico y hemerogr\u00e1fico requerido, para su uso personal, con las limitantes legales en materia de Derechos de Autor.<\/p>\n<p style=\"text-align: justify;\"><strong>Hemeroteca:<\/strong><br \/>\nPr\u00e9stamo interno de publicaciones peri\u00f3dicas actualizadas. Contiene colecciones de revistas cient\u00edficas, tecnol\u00f3gicas y human\u00edsticas, folletos, gacetas, anuarios, repertorios jurisprudenciales y colecciones de publicaciones oficiales nacionales e internacionales.<\/p>\n<p style=\"text-align: justify;\"><strong>Mapoteca:<\/strong><br \/>\nContiene gran variedad de mapas, globos terr\u00e1queos, planetarios, telurios y atriles.\u00a0 El usuario puede beneficiarse de este servicio a trav\u00e9s del pr\u00e9stamo interno.<strong>\u00a0<\/strong><\/p>\n<p style=\"text-align: justify;\"><strong>Sala de Estudio y lectura<\/strong>:<br \/>\nEs el lugar donde el usuario podr\u00e1 efectuar la lectura o estudio los recursos documentales que integran el acervo de la biblioteca.<\/p>\n<p style=\"text-align: justify;\"><strong>Cub\u00edculo para Docentes:<\/strong><br \/>\nDonde el cuerpo profesoral podr\u00e1 realizar sus consultas y sesiones de estudio e investigaci\u00f3n.<\/p>\n<p style=\"text-align: justify;\"><strong>Venta:<\/strong><br \/>\nLibros y Revistas Especializadas.<\/p>\n<p style=\"text-align: justify;\"><strong>Donaci\u00f3n:<\/strong><br \/>\nDe material bibliogr\u00e1fico y hemerografico a trav\u00e9s de solicitud por el correo electr\u00f3nico <a href=\"mailto:biblio@ucat.edu.ve\">biblio@ucat.edu.ve<\/a><\/p>\n<p style=\"text-align: justify;\"><strong>Pr\u00e9stamo Externo:<\/strong><br \/>\nExclusivo para Docentes y Personal Administrativo, se efect\u00faa los d\u00edas Viernes por un lapso de siete (07) d\u00edas, prorrogables por el mismo per\u00edodo previa solicitud ante la Direcci\u00f3n.<\/p>\n","protected":false},"excerpt":{"rendered":"<p>Para dar respuesta a las necesidades de informaci\u00f3n de los integrantes de la Comunidad Ucatense, la Biblioteca UCAT, cuenta con los siguientes servicios: \u00a0 Pr\u00e9stamo Interno:\u00a0 Permite al usuario ucatense y p\u00fablico en general, utilizar las obras de car\u00e1cter general y especializado, que conforman el fondo bibliogr\u00e1fico.\u00a0 Para facilitar este servicio, la Biblioteca UCAT posee<\/p>\n","protected":false},"author":1,"featured_media":0,"parent":1481,"menu_order":0,"comment_status":"closed","ping_status":"closed","template":"fullwidth.php","meta":[],"yoast_head":"<!-- This site is optimized with the Yoast SEO plugin v19.2 - https:\/\/yoast.com\/wordpress\/plugins\/seo\/ -->\n<title>Servicios que Ofrece - Universidad Cat\u00f3lica del T\u00e1chira<\/title>\n<meta name=\"robots\" content=\"index, follow, max-snippet:-1, max-image-preview:large, max-video-preview:-1\" \/>\n<link rel=\"canonical\" href=\"https:\/\/www.ucat.edu.ve\/web\/biblioteca\/servicios-que-ofrece\/\" \/>\n<meta property=\"og:locale\" content=\"es_ES\" \/>\n<meta property=\"og:type\" content=\"article\" \/>\n<meta property=\"og:title\" content=\"Servicios que Ofrece - Universidad Cat\u00f3lica del T\u00e1chira\" \/>\n<meta property=\"og:description\" content=\"Para dar respuesta a las necesidades de informaci\u00f3n de los integrantes de la Comunidad Ucatense, la Biblioteca UCAT, cuenta con los siguientes servicios: \u00a0 Pr\u00e9stamo Interno:\u00a0 Permite al usuario ucatense y p\u00fablico en general, utilizar las obras de car\u00e1cter general y especializado, que conforman el fondo bibliogr\u00e1fico.\u00a0 Para facilitar este servicio, la Biblioteca UCAT posee\" \/>\n<meta property=\"og:url\" content=\"https:\/\/www.ucat.edu.ve\/web\/biblioteca\/servicios-que-ofrece\/\" \/>\n<meta property=\"og:site_name\" content=\"Universidad Cat\u00f3lica del T\u00e1chira\" \/>\n<meta property=\"article:publisher\" content=\"https:\/\/www.facebook.com\/notiucat\/\" \/>\n<meta property=\"article:modified_time\" content=\"2019-11-04T16:15:49+00:00\" \/>\n<meta name=\"author\" content=\"Superadministrador\" \/>\n<meta name=\"twitter:card\" content=\"summary_large_image\" \/>\n<meta name=\"twitter:site\" content=\"@notiucat\" \/>\n<meta name=\"twitter:label1\" content=\"Est. reading time\" \/>\n\t<meta name=\"twitter:data1\" content=\"2 minutos\" \/>\n<script type=\"application\/ld+json\" class=\"yoast-schema-graph\">{\"@context\":\"https:\/\/schema.org\",\"@graph\":[{\"@type\":\"Organization\",\"@id\":\"https:\/\/www.ucat.edu.ve\/web\/#organization\",\"name\":\"Universidad Cat\u00f3lica Del T\u00e1chira UCAT\",\"url\":\"https:\/\/www.ucat.edu.ve\/web\/\",\"sameAs\":[\"https:\/\/www.instagram.com\/notiucat\/\",\"https:\/\/www.youtube.com\/channel\/UCwEbYSB1R9fzlII-8dcxuYA?view_as=subscriber\",\"https:\/\/www.facebook.com\/notiucat\/\",\"https:\/\/twitter.com\/notiucat\"],\"logo\":{\"@type\":\"ImageObject\",\"inLanguage\":\"es-ES\",\"@id\":\"https:\/\/www.ucat.edu.ve\/web\/#\/schema\/logo\/image\/\",\"url\":\"https:\/\/www.ucat.edu.ve\/web\/wp-content\/uploads\/2015\/07\/logoucat.gif\",\"contentUrl\":\"https:\/\/www.ucat.edu.ve\/web\/wp-content\/uploads\/2015\/07\/logoucat.gif\",\"width\":219,\"height\":155,\"caption\":\"Universidad Cat\u00f3lica Del T\u00e1chira UCAT\"},\"image\":{\"@id\":\"https:\/\/www.ucat.edu.ve\/web\/#\/schema\/logo\/image\/\"}},{\"@type\":\"WebSite\",\"@id\":\"https:\/\/www.ucat.edu.ve\/web\/#website\",\"url\":\"https:\/\/www.ucat.edu.ve\/web\/\",\"name\":\"Universidad Cat\u00f3lica del T\u00e1chira\",\"description\":\"\",\"publisher\":{\"@id\":\"https:\/\/www.ucat.edu.ve\/web\/#organization\"},\"potentialAction\":[{\"@type\":\"SearchAction\",\"target\":{\"@type\":\"EntryPoint\",\"urlTemplate\":\"https:\/\/www.ucat.edu.ve\/web\/?s={search_term_string}\"},\"query-input\":\"required name=search_term_string\"}],\"inLanguage\":\"es-ES\"},{\"@type\":\"WebPage\",\"@id\":\"https:\/\/www.ucat.edu.ve\/web\/biblioteca\/servicios-que-ofrece\/#webpage\",\"url\":\"https:\/\/www.ucat.edu.ve\/web\/biblioteca\/servicios-que-ofrece\/\",\"name\":\"Servicios que Ofrece - Universidad Cat\u00f3lica del T\u00e1chira\",\"isPartOf\":{\"@id\":\"https:\/\/www.ucat.edu.ve\/web\/#website\"},\"datePublished\":\"2017-03-17T09:52:27+00:00\",\"dateModified\":\"2019-11-04T16:15:49+00:00\",\"breadcrumb\":{\"@id\":\"https:\/\/www.ucat.edu.ve\/web\/biblioteca\/servicios-que-ofrece\/#breadcrumb\"},\"inLanguage\":\"es-ES\",\"potentialAction\":[{\"@type\":\"ReadAction\",\"target\":[\"https:\/\/www.ucat.edu.ve\/web\/biblioteca\/servicios-que-ofrece\/\"]}]},{\"@type\":\"BreadcrumbList\",\"@id\":\"https:\/\/www.ucat.edu.ve\/web\/biblioteca\/servicios-que-ofrece\/#breadcrumb\",\"itemListElement\":[{\"@type\":\"ListItem\",\"position\":1,\"name\":\"Home\",\"item\":\"https:\/\/www.ucat.edu.ve\/web\/\"},{\"@type\":\"ListItem\",\"position\":2,\"name\":\"Biblioteca\",\"item\":\"https:\/\/www.ucat.edu.ve\/web\/biblioteca\/\"},{\"@type\":\"ListItem\",\"position\":3,\"name\":\"Servicios que Ofrece\"}]}]}<\/script>\n<!-- \/ Yoast SEO plugin. -->","yoast_head_json":{"title":"Servicios que Ofrece - Universidad Cat\u00f3lica del T\u00e1chira","robots":{"index":"index","follow":"follow","max-snippet":"max-snippet:-1","max-image-preview":"max-image-preview:large","max-video-preview":"max-video-preview:-1"},"canonical":"https:\/\/www.ucat.edu.ve\/web\/biblioteca\/servicios-que-ofrece\/","og_locale":"es_ES","og_type":"article","og_title":"Servicios que Ofrece - Universidad Cat\u00f3lica del T\u00e1chira","og_description":"Para dar respuesta a las necesidades de informaci\u00f3n de los integrantes de la Comunidad Ucatense, la Biblioteca UCAT, cuenta con los siguientes servicios: \u00a0 Pr\u00e9stamo Interno:\u00a0 Permite al usuario ucatense y p\u00fablico en general, utilizar las obras de car\u00e1cter general y especializado, que conforman el fondo bibliogr\u00e1fico.\u00a0 Para facilitar este servicio, la Biblioteca UCAT posee","og_url":"https:\/\/www.ucat.edu.ve\/web\/biblioteca\/servicios-que-ofrece\/","og_site_name":"Universidad Cat\u00f3lica del T\u00e1chira","article_publisher":"https:\/\/www.facebook.com\/notiucat\/","article_modified_time":"2019-11-04T16:15:49+00:00","author":"Superadministrador","twitter_card":"summary_large_image","twitter_site":"@notiucat","twitter_misc":{"Est. reading time":"2 minutos"},"schema":{"@context":"https:\/\/schema.org","@graph":[{"@type":"Organization","@id":"https:\/\/www.ucat.edu.ve\/web\/#organization","name":"Universidad Cat\u00f3lica Del T\u00e1chira UCAT","url":"https:\/\/www.ucat.edu.ve\/web\/","sameAs":["https:\/\/www.instagram.com\/notiucat\/","https:\/\/www.youtube.com\/channel\/UCwEbYSB1R9fzlII-8dcxuYA?view_as=subscriber","https:\/\/www.facebook.com\/notiucat\/","https:\/\/twitter.com\/notiucat"],"logo":{"@type":"ImageObject","inLanguage":"es-ES","@id":"https:\/\/www.ucat.edu.ve\/web\/#\/schema\/logo\/image\/","url":"https:\/\/www.ucat.edu.ve\/web\/wp-content\/uploads\/2015\/07\/logoucat.gif","contentUrl":"https:\/\/www.ucat.edu.ve\/web\/wp-content\/uploads\/2015\/07\/logoucat.gif","width":219,"height":155,"caption":"Universidad Cat\u00f3lica Del T\u00e1chira UCAT"},"image":{"@id":"https:\/\/www.ucat.edu.ve\/web\/#\/schema\/logo\/image\/"}},{"@type":"WebSite","@id":"https:\/\/www.ucat.edu.ve\/web\/#website","url":"https:\/\/www.ucat.edu.ve\/web\/","name":"Universidad Cat\u00f3lica del T\u00e1chira","description":"","publisher":{"@id":"https:\/\/www.ucat.edu.ve\/web\/#organization"},"potentialAction":[{"@type":"SearchAction","target":{"@type":"EntryPoint","urlTemplate":"https:\/\/www.ucat.edu.ve\/web\/?s={search_term_string}"},"query-input":"required name=search_term_string"}],"inLanguage":"es-ES"},{"@type":"WebPage","@id":"https:\/\/www.ucat.edu.ve\/web\/biblioteca\/servicios-que-ofrece\/#webpage","url":"https:\/\/www.ucat.edu.ve\/web\/biblioteca\/servicios-que-ofrece\/","name":"Servicios que Ofrece - Universidad Cat\u00f3lica del T\u00e1chira","isPartOf":{"@id":"https:\/\/www.ucat.edu.ve\/web\/#website"},"datePublished":"2017-03-17T09:52:27+00:00","dateModified":"2019-11-04T16:15:49+00:00","breadcrumb":{"@id":"https:\/\/www.ucat.edu.ve\/web\/biblioteca\/servicios-que-ofrece\/#breadcrumb"},"inLanguage":"es-ES","potentialAction":[{"@type":"ReadAction","target":["https:\/\/www.ucat.edu.ve\/web\/biblioteca\/servicios-que-ofrece\/"]}]},{"@type":"BreadcrumbList","@id":"https:\/\/www.ucat.edu.ve\/web\/biblioteca\/servicios-que-ofrece\/#breadcrumb","itemListElement":[{"@type":"ListItem","position":1,"name":"Home","item":"https:\/\/www.ucat.edu.ve\/web\/"},{"@type":"ListItem","position":2,"name":"Biblioteca","item":"https:\/\/www.ucat.edu.ve\/web\/biblioteca\/"},{"@type":"ListItem","position":3,"name":"Servicios que Ofrece"}]}]}},"_links":{"self":[{"href":"https:\/\/www.ucat.edu.ve\/web\/wp-json\/wp\/v2\/pages\/1488"}],"collection":[{"href":"https:\/\/www.ucat.edu.ve\/web\/wp-json\/wp\/v2\/pages"}],"about":[{"href":"https:\/\/www.ucat.edu.ve\/web\/wp-json\/wp\/v2\/types\/page"}],"author":[{"embeddable":true,"href":"https:\/\/www.ucat.edu.ve\/web\/wp-json\/wp\/v2\/users\/1"}],"replies":[{"embeddable":true,"href":"https:\/\/www.ucat.edu.ve\/web\/wp-json\/wp\/v2\/comments?post=1488"}],"version-history":[{"count":0,"href":"https:\/\/www.ucat.edu.ve\/web\/wp-json\/wp\/v2\/pages\/1488\/revisions"}],"up":[{"embeddable":true,"href":"https:\/\/www.ucat.edu.ve\/web\/wp-json\/wp\/v2\/pages\/1481"}],"wp:attachment":[{"href":"https:\/\/www.ucat.edu.ve\/web\/wp-json\/wp\/v2\/media?parent=1488"}],"curies":[{"name":"wp","href":"https:\/\/api.w.org\/{rel}","templated":true}]}}