 {"id":1711,"date":"2017-04-03T15:52:18","date_gmt":"2017-04-03T15:52:18","guid":{"rendered":"http:\/\/www.ucat.edu.ve\/web\/?page_id=1711"},"modified":"2023-05-31T18:23:27","modified_gmt":"2023-05-31T18:23:27","slug":"nuestros-simbolos","status":"publish","type":"page","link":"https:\/\/www.ucat.edu.ve\/web\/identidad\/nuestros-simbolos\/","title":{"rendered":"Nuestros S\u00edmbolos"},"content":{"rendered":"<h3 style=\"text-align: center\"><img loading=\"lazy\" class=\"alignnone size-full wp-image-4872\" src=\"http:\/\/www.ucat.edu.ve\/web\/wp-content\/uploads\/2017\/04\/bandera_UCAT.jpg\" alt=\"bandera_UCAT\" width=\"219\" height=\"155\" \/><\/h3>\n<h3 style=\"text-align: center\">La Bandera<\/h3>\n<p style=\"text-align: justify\">La Bandera de la Universidad Cat\u00f3lica del T\u00e1chira es un pa\u00f1o de forma rectangular, de color beige claro, que lleva en su anverso y en su reverso, en el centro de su campo, impreso o bordado en sus colores, el Escudo Universitario.<\/p>\n<p style=\"text-align: justify\"><div class=\"su-spacer\" style=\"height:10px\"><\/div>\n<p style=\"text-align: center\"><img loading=\"lazy\" class=\"alignnone size-full wp-image-11239\" src=\"https:\/\/www.ucat.edu.ve\/web\/wp-content\/uploads\/2023\/05\/escudo.jpg\" alt=\"\" width=\"219\" height=\"155\" \/><\/p>\n<h3 style=\"text-align: center\">El Escudo<\/h3>\n<p style=\"text-align: justify\">De forma espa\u00f1ol, cortado y medio partido. En el primer cuartel y en campo de gules, una estrella de oro de cuatro puntas, s\u00edmbolo de la Inmaculada Concepci\u00f3n, bajo cuyo patronazgo se encuentra la Universidad. En el segundo cuartel y en campo de azur, una cruz en gules perfilada en oro con los brazos y remates ancorados, indicando la fe combativa. Este cuartel es en recuerdo de la cruz que ostentaba en su escudo episcopal Monse\u00f1or Alejandro Fern\u00e1ndez Feo, en cuya gesti\u00f3n episcopal se dio inicio a la Extensi\u00f3n T\u00e1chira de la Universidad Cat\u00f3lica Andr\u00e9s Bello en 1962. En el cuartel que ocupa la mitad inferior del escudo, ondas de azur y plata entre dos franjas en s\u00ednople, representaci\u00f3n her\u00e1ldica del r\u00edo T\u00e1chira que da nombre al Estado sede de la Universidad Cat\u00f3lica del T\u00e1chira, y que es comienzo de la frontera venezolana por el occidente. Las dos franjas en s\u00ednople, en memoria de las tierras hermanas que les sirven de riberas. Fuera del escudo y en su base, una cinta flotante de gules con la inscripci\u00f3n latina, en letras de oro, del lema de la Universidad: Sapientia auro melior est. Por timbre y corona, un sol naciente con rayos de oro, s\u00edmbolo de la sabidur\u00eda.<\/p>\n<p style=\"text-align: justify\"><strong>Autor: Dr. Aurelio Ferrero Tamayo (1982)<\/strong><\/p>\n<p style=\"text-align: justify\"><div class=\"su-spacer\" style=\"height:10px\"><\/div>\n<p style=\"text-align: center\"><img loading=\"lazy\" class=\"alignnone size-full wp-image-11241\" src=\"https:\/\/www.ucat.edu.ve\/web\/wp-content\/uploads\/2023\/05\/botonUCAT.jpg\" alt=\"\" width=\"100\" height=\"100\" \/><\/p>\n<h3 style=\"text-align: center\">El Himno<\/h3>\n<table style=\"height: 462px\" width=\"600\">\n<tbody>\n<tr>\n<td>\n<h3 style=\"text-align: center\"><\/h3>\n<p style=\"text-align: center\"><strong>Coro<\/strong><\/p>\n<p style=\"text-align: center\">Patria m\u00eda, por ti somos<\/p>\n<p style=\"text-align: center\">en los Andes un basti\u00f3n;<\/p>\n<p style=\"text-align: center\">la Cat\u00f3lica del T\u00e1chira<\/p>\n<p style=\"text-align: center\">nuevo im\u00e1n de la naci\u00f3n.<\/p>\n<p style=\"text-align: center\">Amarillo, azul y rojo<\/p>\n<p style=\"text-align: center\">de un brillante amanecer,<\/p>\n<p style=\"text-align: center\">que despierta con clarines<\/p>\n<p style=\"text-align: center\">la conciencia del deber.<\/p>\n<\/td>\n<td>\n<p style=\"text-align: center\"><strong>I<\/strong><\/p>\n<p style=\"text-align: center\">Por la paz y la justicia<\/p>\n<p style=\"text-align: center\">se ilumina el provenir,<\/p>\n<p style=\"text-align: center\">encendiendo en cada pecho<\/p>\n<p style=\"text-align: center\">la nobleza del servir<\/p>\n<p style=\"text-align: center\">En las aulas tachirenses<\/p>\n<p style=\"text-align: center\">el estudio es un crisol,<\/p>\n<p style=\"text-align: center\">y en los campos de la patria<\/p>\n<p style=\"text-align: center\">nos alumbra el mismo sol.<\/p>\n<\/td>\n<td>\n<p style=\"text-align: center\"><strong>II<\/strong><\/p>\n<p style=\"text-align: center\">El arcano de los libros<\/p>\n<p style=\"text-align: center\">enriquece el coraz\u00f3n,<\/p>\n<p style=\"text-align: center\">y supera la indolencia<\/p>\n<p style=\"text-align: center\">con en\u00e9rgico tes\u00f3n.<\/p>\n<p style=\"text-align: center\">El sentido de la vida<\/p>\n<p style=\"text-align: center\">es m\u00e1s hondo cada vez,<\/p>\n<p style=\"text-align: center\">y Bol\u00edvar nos anima<\/p>\n<p style=\"text-align: center\">con lib\u00e9rrima altivez.<\/p>\n<\/td>\n<\/tr>\n<\/tbody>\n<\/table>\n<p style=\"text-align: left\"><strong>Letra: R.P. Manuel Brice\u00f1o, S.J.<\/strong><\/p>\n<p style=\"text-align: left\"><strong>M\u00fasica:\u00a0R.P. Juan Jos\u00e9 Brice\u00f1o, S.J.<\/strong><\/p>\n<p style=\"text-align: center\"><div class=\"su-spacer\" style=\"height:10px\"><\/div>\n<!--[if lt IE 9]><script>document.createElement('audio');<\/script><![endif]-->\n<audio class=\"wp-audio-shortcode\" id=\"audio-1711-1\" preload=\"none\" style=\"width: 100%;\" controls=\"controls\"><source type=\"audio\/mpeg\" src=\"https:\/\/www.ucat.edu.ve\/web\/wp-content\/uploads\/2021\/11\/HimnoUCAT.mp3?_=1\" \/><a href=\"https:\/\/www.ucat.edu.ve\/web\/wp-content\/uploads\/2021\/11\/HimnoUCAT.mp3\">https:\/\/www.ucat.edu.ve\/web\/wp-content\/uploads\/2021\/11\/HimnoUCAT.mp3<\/a><\/audio>\n<hr \/>\n<h3><\/h3>\n<h3 style=\"text-align: center\"><img loading=\"lazy\" class=\"alignnone size-full wp-image-11242\" src=\"https:\/\/www.ucat.edu.ve\/web\/wp-content\/uploads\/2023\/05\/botonhimno.jpg\" alt=\"\" width=\"100\" height=\"100\" \/><\/h3>\n<h3 style=\"text-align: center\">Himno Gaudeamus Igitur<br \/>\nEl Himno de los Universitarios<\/h3>\n<p style=\"text-align: center\">Gaudeamus igitur, iuvenes dum sumus. (bis)<\/p>\n<p style=\"text-align: center\">Post iucundam iuventutem, post molestam senectutem, nos habebit humus.<\/p>\n<hr \/>\n<p style=\"text-align: center\">Ubi sunt qui ante nos in mundo fuere?<\/p>\n<p style=\"text-align: center\">Vadite ad superos, transite ad inferos, ubi iam fuere.<\/p>\n<hr \/>\n<p style=\"text-align: center\">Vivat Academia, vivant professores.<\/p>\n<p style=\"text-align: center\">Vivat membrum quodlibet, vivant membra quaelibet, semper sint in flore.<\/p>\n<hr \/>\n<p style=\"text-align: center\">Vita nostra brevis est, breve finietur. Venit mors velociter,<\/p>\n<p style=\"text-align: center\">rapit nos atrociter, nemini parcetur<\/p>\n<hr \/>\n<p style=\"text-align: center\">Vivat nostra societas! Vivant studiosi!<\/p>\n<p style=\"text-align: center\">Crescat una veritas, floreat fraternitas, patriae prosperitas.<\/p>\n<hr \/>\n<p style=\"text-align: center\">Vivat et Republica, et qui illam regit.<\/p>\n<p style=\"text-align: center\">Vivat nostra civitas, Maecenatum charitas, quae nos hic protegit.<\/p>\n<hr \/>\n<p style=\"text-align: center\">Pereat tristitia, pereant osores. Pereat diabolus, quivis antiburschius, atque irrisores.<\/p>\n<hr \/>\n<p style=\"text-align: center\">Alma Mater floreat quae nos educavit, caros et conmilitones dissitas in regiones sparsos congregavit.<\/p>\n<audio class=\"wp-audio-shortcode\" id=\"audio-1711-2\" preload=\"none\" style=\"width: 100%;\" controls=\"controls\"><source type=\"audio\/mpeg\" src=\"https:\/\/www.ucat.edu.ve\/web\/wp-content\/uploads\/2021\/11\/HimnoGaudeamusIgitur.mp3?_=2\" \/><a href=\"https:\/\/www.ucat.edu.ve\/web\/wp-content\/uploads\/2021\/11\/HimnoGaudeamusIgitur.mp3\">https:\/\/www.ucat.edu.ve\/web\/wp-content\/uploads\/2021\/11\/HimnoGaudeamusIgitur.mp3<\/a><\/audio>\n","protected":false},"excerpt":{"rendered":"<p>La Bandera La Bandera de la Universidad Cat\u00f3lica del T\u00e1chira es un pa\u00f1o de forma rectangular, de color beige claro, que lleva en su anverso y en su reverso, en el centro de su campo, impreso o bordado en sus colores, el Escudo Universitario. El Escudo De forma espa\u00f1ol, cortado y medio partido. En el<\/p>\n","protected":false},"author":1,"featured_media":0,"parent":36,"menu_order":0,"comment_status":"closed","ping_status":"closed","template":"fullwidth.php","meta":[],"yoast_head":"<!-- This site is optimized with the Yoast SEO plugin v19.2 - https:\/\/yoast.com\/wordpress\/plugins\/seo\/ -->\n<title>Nuestros S\u00edmbolos - Universidad Cat\u00f3lica del T\u00e1chira<\/title>\n<meta name=\"robots\" content=\"index, follow, max-snippet:-1, max-image-preview:large, max-video-preview:-1\" \/>\n<link rel=\"canonical\" href=\"https:\/\/www.ucat.edu.ve\/web\/identidad\/nuestros-simbolos\/\" \/>\n<meta property=\"og:locale\" content=\"es_ES\" \/>\n<meta property=\"og:type\" content=\"article\" \/>\n<meta property=\"og:title\" content=\"Nuestros S\u00edmbolos - Universidad Cat\u00f3lica del T\u00e1chira\" \/>\n<meta property=\"og:description\" content=\"La Bandera La Bandera de la Universidad Cat\u00f3lica del T\u00e1chira es un pa\u00f1o de forma rectangular, de color beige claro, que lleva en su anverso y en su reverso, en el centro de su campo, impreso o bordado en sus colores, el Escudo Universitario. El Escudo De forma espa\u00f1ol, cortado y medio partido. En el\" \/>\n<meta property=\"og:url\" content=\"https:\/\/www.ucat.edu.ve\/web\/identidad\/nuestros-simbolos\/\" \/>\n<meta property=\"og:site_name\" content=\"Universidad Cat\u00f3lica del T\u00e1chira\" \/>\n<meta property=\"article:publisher\" content=\"https:\/\/www.facebook.com\/notiucat\/\" \/>\n<meta property=\"article:modified_time\" content=\"2023-05-31T18:23:27+00:00\" \/>\n<meta property=\"og:image\" content=\"http:\/\/www.ucat.edu.ve\/web\/wp-content\/uploads\/2017\/04\/bandera_UCAT.jpg\" \/>\n<meta name=\"author\" content=\"Superadministrador\" \/>\n<meta name=\"twitter:card\" content=\"summary_large_image\" \/>\n<meta name=\"twitter:site\" content=\"@notiucat\" \/>\n<meta name=\"twitter:label1\" content=\"Est. reading time\" \/>\n\t<meta name=\"twitter:data1\" content=\"4 minutos\" \/>\n<script type=\"application\/ld+json\" class=\"yoast-schema-graph\">{\"@context\":\"https:\/\/schema.org\",\"@graph\":[{\"@type\":\"Organization\",\"@id\":\"https:\/\/www.ucat.edu.ve\/web\/#organization\",\"name\":\"Universidad Cat\u00f3lica Del T\u00e1chira UCAT\",\"url\":\"https:\/\/www.ucat.edu.ve\/web\/\",\"sameAs\":[\"https:\/\/www.instagram.com\/notiucat\/\",\"https:\/\/www.youtube.com\/channel\/UCwEbYSB1R9fzlII-8dcxuYA?view_as=subscriber\",\"https:\/\/www.facebook.com\/notiucat\/\",\"https:\/\/twitter.com\/notiucat\"],\"logo\":{\"@type\":\"ImageObject\",\"inLanguage\":\"es-ES\",\"@id\":\"https:\/\/www.ucat.edu.ve\/web\/#\/schema\/logo\/image\/\",\"url\":\"https:\/\/www.ucat.edu.ve\/web\/wp-content\/uploads\/2015\/07\/logoucat.gif\",\"contentUrl\":\"https:\/\/www.ucat.edu.ve\/web\/wp-content\/uploads\/2015\/07\/logoucat.gif\",\"width\":219,\"height\":155,\"caption\":\"Universidad Cat\u00f3lica Del T\u00e1chira UCAT\"},\"image\":{\"@id\":\"https:\/\/www.ucat.edu.ve\/web\/#\/schema\/logo\/image\/\"}},{\"@type\":\"WebSite\",\"@id\":\"https:\/\/www.ucat.edu.ve\/web\/#website\",\"url\":\"https:\/\/www.ucat.edu.ve\/web\/\",\"name\":\"Universidad Cat\u00f3lica del T\u00e1chira\",\"description\":\"\",\"publisher\":{\"@id\":\"https:\/\/www.ucat.edu.ve\/web\/#organization\"},\"potentialAction\":[{\"@type\":\"SearchAction\",\"target\":{\"@type\":\"EntryPoint\",\"urlTemplate\":\"https:\/\/www.ucat.edu.ve\/web\/?s={search_term_string}\"},\"query-input\":\"required name=search_term_string\"}],\"inLanguage\":\"es-ES\"},{\"@type\":\"ImageObject\",\"inLanguage\":\"es-ES\",\"@id\":\"https:\/\/www.ucat.edu.ve\/web\/identidad\/nuestros-simbolos\/#primaryimage\",\"url\":\"http:\/\/www.ucat.edu.ve\/web\/wp-content\/uploads\/2017\/04\/bandera_UCAT.jpg\",\"contentUrl\":\"http:\/\/www.ucat.edu.ve\/web\/wp-content\/uploads\/2017\/04\/bandera_UCAT.jpg\"},{\"@type\":\"WebPage\",\"@id\":\"https:\/\/www.ucat.edu.ve\/web\/identidad\/nuestros-simbolos\/#webpage\",\"url\":\"https:\/\/www.ucat.edu.ve\/web\/identidad\/nuestros-simbolos\/\",\"name\":\"Nuestros S\u00edmbolos - Universidad Cat\u00f3lica del T\u00e1chira\",\"isPartOf\":{\"@id\":\"https:\/\/www.ucat.edu.ve\/web\/#website\"},\"primaryImageOfPage\":{\"@id\":\"https:\/\/www.ucat.edu.ve\/web\/identidad\/nuestros-simbolos\/#primaryimage\"},\"datePublished\":\"2017-04-03T15:52:18+00:00\",\"dateModified\":\"2023-05-31T18:23:27+00:00\",\"breadcrumb\":{\"@id\":\"https:\/\/www.ucat.edu.ve\/web\/identidad\/nuestros-simbolos\/#breadcrumb\"},\"inLanguage\":\"es-ES\",\"potentialAction\":[{\"@type\":\"ReadAction\",\"target\":[\"https:\/\/www.ucat.edu.ve\/web\/identidad\/nuestros-simbolos\/\"]}]},{\"@type\":\"BreadcrumbList\",\"@id\":\"https:\/\/www.ucat.edu.ve\/web\/identidad\/nuestros-simbolos\/#breadcrumb\",\"itemListElement\":[{\"@type\":\"ListItem\",\"position\":1,\"name\":\"Home\",\"item\":\"https:\/\/www.ucat.edu.ve\/web\/\"},{\"@type\":\"ListItem\",\"position\":2,\"name\":\"Identidad\",\"item\":\"https:\/\/www.ucat.edu.ve\/web\/identidad\/\"},{\"@type\":\"ListItem\",\"position\":3,\"name\":\"Nuestros S\u00edmbolos\"}]}]}<\/script>\n<!-- \/ Yoast SEO plugin. -->","yoast_head_json":{"title":"Nuestros S\u00edmbolos - Universidad Cat\u00f3lica del T\u00e1chira","robots":{"index":"index","follow":"follow","max-snippet":"max-snippet:-1","max-image-preview":"max-image-preview:large","max-video-preview":"max-video-preview:-1"},"canonical":"https:\/\/www.ucat.edu.ve\/web\/identidad\/nuestros-simbolos\/","og_locale":"es_ES","og_type":"article","og_title":"Nuestros S\u00edmbolos - Universidad Cat\u00f3lica del T\u00e1chira","og_description":"La Bandera La Bandera de la Universidad Cat\u00f3lica del T\u00e1chira es un pa\u00f1o de forma rectangular, de color beige claro, que lleva en su anverso y en su reverso, en el centro de su campo, impreso o bordado en sus colores, el Escudo Universitario. El Escudo De forma espa\u00f1ol, cortado y medio partido. En el","og_url":"https:\/\/www.ucat.edu.ve\/web\/identidad\/nuestros-simbolos\/","og_site_name":"Universidad Cat\u00f3lica del T\u00e1chira","article_publisher":"https:\/\/www.facebook.com\/notiucat\/","article_modified_time":"2023-05-31T18:23:27+00:00","og_image":[{"url":"http:\/\/www.ucat.edu.ve\/web\/wp-content\/uploads\/2017\/04\/bandera_UCAT.jpg"}],"author":"Superadministrador","twitter_card":"summary_large_image","twitter_site":"@notiucat","twitter_misc":{"Est. reading time":"4 minutos"},"schema":{"@context":"https:\/\/schema.org","@graph":[{"@type":"Organization","@id":"https:\/\/www.ucat.edu.ve\/web\/#organization","name":"Universidad Cat\u00f3lica Del T\u00e1chira UCAT","url":"https:\/\/www.ucat.edu.ve\/web\/","sameAs":["https:\/\/www.instagram.com\/notiucat\/","https:\/\/www.youtube.com\/channel\/UCwEbYSB1R9fzlII-8dcxuYA?view_as=subscriber","https:\/\/www.facebook.com\/notiucat\/","https:\/\/twitter.com\/notiucat"],"logo":{"@type":"ImageObject","inLanguage":"es-ES","@id":"https:\/\/www.ucat.edu.ve\/web\/#\/schema\/logo\/image\/","url":"https:\/\/www.ucat.edu.ve\/web\/wp-content\/uploads\/2015\/07\/logoucat.gif","contentUrl":"https:\/\/www.ucat.edu.ve\/web\/wp-content\/uploads\/2015\/07\/logoucat.gif","width":219,"height":155,"caption":"Universidad Cat\u00f3lica Del T\u00e1chira UCAT"},"image":{"@id":"https:\/\/www.ucat.edu.ve\/web\/#\/schema\/logo\/image\/"}},{"@type":"WebSite","@id":"https:\/\/www.ucat.edu.ve\/web\/#website","url":"https:\/\/www.ucat.edu.ve\/web\/","name":"Universidad Cat\u00f3lica del T\u00e1chira","description":"","publisher":{"@id":"https:\/\/www.ucat.edu.ve\/web\/#organization"},"potentialAction":[{"@type":"SearchAction","target":{"@type":"EntryPoint","urlTemplate":"https:\/\/www.ucat.edu.ve\/web\/?s={search_term_string}"},"query-input":"required name=search_term_string"}],"inLanguage":"es-ES"},{"@type":"ImageObject","inLanguage":"es-ES","@id":"https:\/\/www.ucat.edu.ve\/web\/identidad\/nuestros-simbolos\/#primaryimage","url":"http:\/\/www.ucat.edu.ve\/web\/wp-content\/uploads\/2017\/04\/bandera_UCAT.jpg","contentUrl":"http:\/\/www.ucat.edu.ve\/web\/wp-content\/uploads\/2017\/04\/bandera_UCAT.jpg"},{"@type":"WebPage","@id":"https:\/\/www.ucat.edu.ve\/web\/identidad\/nuestros-simbolos\/#webpage","url":"https:\/\/www.ucat.edu.ve\/web\/identidad\/nuestros-simbolos\/","name":"Nuestros S\u00edmbolos - Universidad Cat\u00f3lica del T\u00e1chira","isPartOf":{"@id":"https:\/\/www.ucat.edu.ve\/web\/#website"},"primaryImageOfPage":{"@id":"https:\/\/www.ucat.edu.ve\/web\/identidad\/nuestros-simbolos\/#primaryimage"},"datePublished":"2017-04-03T15:52:18+00:00","dateModified":"2023-05-31T18:23:27+00:00","breadcrumb":{"@id":"https:\/\/www.ucat.edu.ve\/web\/identidad\/nuestros-simbolos\/#breadcrumb"},"inLanguage":"es-ES","potentialAction":[{"@type":"ReadAction","target":["https:\/\/www.ucat.edu.ve\/web\/identidad\/nuestros-simbolos\/"]}]},{"@type":"BreadcrumbList","@id":"https:\/\/www.ucat.edu.ve\/web\/identidad\/nuestros-simbolos\/#breadcrumb","itemListElement":[{"@type":"ListItem","position":1,"name":"Home","item":"https:\/\/www.ucat.edu.ve\/web\/"},{"@type":"ListItem","position":2,"name":"Identidad","item":"https:\/\/www.ucat.edu.ve\/web\/identidad\/"},{"@type":"ListItem","position":3,"name":"Nuestros S\u00edmbolos"}]}]}},"_links":{"self":[{"href":"https:\/\/www.ucat.edu.ve\/web\/wp-json\/wp\/v2\/pages\/1711"}],"collection":[{"href":"https:\/\/www.ucat.edu.ve\/web\/wp-json\/wp\/v2\/pages"}],"about":[{"href":"https:\/\/www.ucat.edu.ve\/web\/wp-json\/wp\/v2\/types\/page"}],"author":[{"embeddable":true,"href":"https:\/\/www.ucat.edu.ve\/web\/wp-json\/wp\/v2\/users\/1"}],"replies":[{"embeddable":true,"href":"https:\/\/www.ucat.edu.ve\/web\/wp-json\/wp\/v2\/comments?post=1711"}],"version-history":[{"count":7,"href":"https:\/\/www.ucat.edu.ve\/web\/wp-json\/wp\/v2\/pages\/1711\/revisions"}],"predecessor-version":[{"id":11243,"href":"https:\/\/www.ucat.edu.ve\/web\/wp-json\/wp\/v2\/pages\/1711\/revisions\/11243"}],"up":[{"embeddable":true,"href":"https:\/\/www.ucat.edu.ve\/web\/wp-json\/wp\/v2\/pages\/36"}],"wp:attachment":[{"href":"https:\/\/www.ucat.edu.ve\/web\/wp-json\/wp\/v2\/media?parent=1711"}],"curies":[{"name":"wp","href":"https:\/\/api.w.org\/{rel}","templated":true}]}}