 {"id":1745,"date":"2017-04-05T08:36:57","date_gmt":"2017-04-05T08:36:57","guid":{"rendered":"http:\/\/www.ucat.edu.ve\/web\/?page_id=1745"},"modified":"2018-06-07T14:49:04","modified_gmt":"2018-06-07T14:49:04","slug":"lomas-del-tejar","status":"publish","type":"page","link":"https:\/\/www.ucat.edu.ve\/web\/lomas-del-tejar\/","title":{"rendered":"Loma del Tejar"},"content":{"rendered":"<p style=\"text-align: center;\"><img loading=\"lazy\" class=\"size-full aligncenter\" src=\"http:\/\/www.ucat.edu.ve\/web\/wp-content\/uploads\/2017\/04\/Sede-loma-del-tejar.png\" alt=\"UCAT\" width=\"1600\" height=\"600\" \/><\/p>\n<p style=\"text-align: justify;\">La historia de las edificaciones universitarias de la UCAT, en el primigenio sitio de la Loma del Tejar (Barrio San Carlos, San Crist\u00f3bal), se retrotraen hasta 1687 cuando Mons. Gregorio Jaimes de Pastrana y Baz\u00e1n, el primer obispo venezolano, naci\u00f3 en San Crist\u00f3bal en 1626, donada su estancia de ganados, conocido como \u201cHato de la Virgen\u201d, a la Iglesia Parroquial de la Villa de San Crist\u00f3bal.<\/p>\n<p style=\"text-align: justify;\">En enero de 1928, Mons. Tom\u00e1s Antonio Sanmiguel, primer Obispo de San Crist\u00f3bal, vendi\u00f3 el hato para adquirir el actual terreno de Loma del Tejar \u2013denominada as\u00ed por ubicarse all\u00ed una alfarer\u00eda cuyo primer propietario fue el Padre Juan Mart\u00ednez en 1680-. Con lo recibido por la venta, se edific\u00f3 la sede propia del Seminario Diocesano \u201cSan Tom\u00e1s de Aquino\u201d, bendecida en 1930 y conformada por una neobarroca edificaci\u00f3n claustral de dos plantas, patio con jard\u00edn central y capilla anexa (actualmente sede de la Biblioteca).<\/p>\n<p style=\"text-align: justify;\">En 1950, es inaugurado por el Obispo Rafael Arias Blanco, un nuevo edificio claustral de aulas, anexo al anterior, de id\u00e9ntico dise\u00f1o, pero siguiendo el estilo lineal neocl\u00e1sico alem\u00e1n de gran pesadez, propia de la \u00e9poca. All\u00ed funcionaria el seminario hasta 1963, cuando pasa a ocupar esa sede la Universidad Cat\u00f3lica Andr\u00e9s Bello Extensi\u00f3n T\u00e1chira (UCABET), luego Universidad Cat\u00f3lica del T\u00e1chira desde 1982<\/p>\n<p style=\"text-align: justify;\">Entre 1997 y 1979, se da una nueva fase de ampliaci\u00f3n de la sede con la construcci\u00f3n del denominado \u201cEdificio Nuevo\u201d, moderna obra en concreto y refuerzo met\u00e1lico, situada frente a las edificaciones antiguas y que a su vez dio origen al actual boulevard de la carrera 14 que permite la conexi\u00f3n entre ambos edificios.<\/p>\n<p>&nbsp;<\/p>\n<p style=\"text-align: center;\"><iframe loading=\"lazy\" style=\"border: 0;\" src=\"https:\/\/www.google.com\/maps\/embed?pb=!1m18!1m12!1m3!1d3953.1526147213795!2d-72.22824188552867!3d7.773636809524854!2m3!1f0!2f0!3f0!3m2!1i1024!2i768!4f13.1!3m3!1m2!1s0x8e666c98358162ab%3A0x4a168af10b1bbf84!2sUniversidad+Cat%C3%B3lica+Del+Tachira+UCAT!5e0!3m2!1ses!2sve!4v1456449243965\" width=\"80%\" height=\"450\" frameborder=\"0\" allowfullscreen=\"allowfullscreen\"><\/iframe><\/p>\n","protected":false},"excerpt":{"rendered":"<p>La historia de las edificaciones universitarias de la UCAT, en el primigenio sitio de la Loma del Tejar (Barrio San Carlos, San Crist\u00f3bal), se retrotraen hasta 1687 cuando Mons. Gregorio Jaimes de Pastrana y Baz\u00e1n, el primer obispo venezolano, naci\u00f3 en San Crist\u00f3bal en 1626, donada su estancia de ganados, conocido como \u201cHato de la<\/p>\n","protected":false},"author":1,"featured_media":0,"parent":0,"menu_order":0,"comment_status":"closed","ping_status":"closed","template":"fullwidth.php","meta":[],"yoast_head":"<!-- This site is optimized with the Yoast SEO plugin v19.2 - https:\/\/yoast.com\/wordpress\/plugins\/seo\/ -->\n<title>Loma del Tejar - Universidad Cat\u00f3lica del T\u00e1chira<\/title>\n<meta name=\"robots\" content=\"index, follow, max-snippet:-1, max-image-preview:large, max-video-preview:-1\" \/>\n<link rel=\"canonical\" href=\"https:\/\/www.ucat.edu.ve\/web\/lomas-del-tejar\/\" \/>\n<meta property=\"og:locale\" content=\"es_ES\" \/>\n<meta property=\"og:type\" content=\"article\" \/>\n<meta property=\"og:title\" content=\"Loma del Tejar - Universidad Cat\u00f3lica del T\u00e1chira\" \/>\n<meta property=\"og:description\" content=\"La historia de las edificaciones universitarias de la UCAT, en el primigenio sitio de la Loma del Tejar (Barrio San Carlos, San Crist\u00f3bal), se retrotraen hasta 1687 cuando Mons. Gregorio Jaimes de Pastrana y Baz\u00e1n, el primer obispo venezolano, naci\u00f3 en San Crist\u00f3bal en 1626, donada su estancia de ganados, conocido como \u201cHato de la\" \/>\n<meta property=\"og:url\" content=\"https:\/\/www.ucat.edu.ve\/web\/lomas-del-tejar\/\" \/>\n<meta property=\"og:site_name\" content=\"Universidad Cat\u00f3lica del T\u00e1chira\" \/>\n<meta property=\"article:publisher\" content=\"https:\/\/www.facebook.com\/notiucat\/\" \/>\n<meta property=\"article:modified_time\" content=\"2018-06-07T14:49:04+00:00\" \/>\n<meta property=\"og:image\" content=\"http:\/\/www.ucat.edu.ve\/web\/wp-content\/uploads\/2017\/04\/Sede-loma-del-tejar.png\" \/>\n<meta name=\"author\" content=\"Superadministrador\" \/>\n<meta name=\"twitter:card\" content=\"summary_large_image\" \/>\n<meta name=\"twitter:site\" content=\"@notiucat\" \/>\n<meta name=\"twitter:label1\" content=\"Est. reading time\" \/>\n\t<meta name=\"twitter:data1\" content=\"1 minuto\" \/>\n<script type=\"application\/ld+json\" class=\"yoast-schema-graph\">{\"@context\":\"https:\/\/schema.org\",\"@graph\":[{\"@type\":\"Organization\",\"@id\":\"https:\/\/www.ucat.edu.ve\/web\/#organization\",\"name\":\"Universidad Cat\u00f3lica Del T\u00e1chira UCAT\",\"url\":\"https:\/\/www.ucat.edu.ve\/web\/\",\"sameAs\":[\"https:\/\/www.instagram.com\/notiucat\/\",\"https:\/\/www.youtube.com\/channel\/UCwEbYSB1R9fzlII-8dcxuYA?view_as=subscriber\",\"https:\/\/www.facebook.com\/notiucat\/\",\"https:\/\/twitter.com\/notiucat\"],\"logo\":{\"@type\":\"ImageObject\",\"inLanguage\":\"es-ES\",\"@id\":\"https:\/\/www.ucat.edu.ve\/web\/#\/schema\/logo\/image\/\",\"url\":\"https:\/\/www.ucat.edu.ve\/web\/wp-content\/uploads\/2015\/07\/logoucat.gif\",\"contentUrl\":\"https:\/\/www.ucat.edu.ve\/web\/wp-content\/uploads\/2015\/07\/logoucat.gif\",\"width\":219,\"height\":155,\"caption\":\"Universidad Cat\u00f3lica Del T\u00e1chira UCAT\"},\"image\":{\"@id\":\"https:\/\/www.ucat.edu.ve\/web\/#\/schema\/logo\/image\/\"}},{\"@type\":\"WebSite\",\"@id\":\"https:\/\/www.ucat.edu.ve\/web\/#website\",\"url\":\"https:\/\/www.ucat.edu.ve\/web\/\",\"name\":\"Universidad Cat\u00f3lica del T\u00e1chira\",\"description\":\"\",\"publisher\":{\"@id\":\"https:\/\/www.ucat.edu.ve\/web\/#organization\"},\"potentialAction\":[{\"@type\":\"SearchAction\",\"target\":{\"@type\":\"EntryPoint\",\"urlTemplate\":\"https:\/\/www.ucat.edu.ve\/web\/?s={search_term_string}\"},\"query-input\":\"required name=search_term_string\"}],\"inLanguage\":\"es-ES\"},{\"@type\":\"ImageObject\",\"inLanguage\":\"es-ES\",\"@id\":\"https:\/\/www.ucat.edu.ve\/web\/lomas-del-tejar\/#primaryimage\",\"url\":\"http:\/\/www.ucat.edu.ve\/web\/wp-content\/uploads\/2017\/04\/Sede-loma-del-tejar.png\",\"contentUrl\":\"http:\/\/www.ucat.edu.ve\/web\/wp-content\/uploads\/2017\/04\/Sede-loma-del-tejar.png\"},{\"@type\":\"WebPage\",\"@id\":\"https:\/\/www.ucat.edu.ve\/web\/lomas-del-tejar\/#webpage\",\"url\":\"https:\/\/www.ucat.edu.ve\/web\/lomas-del-tejar\/\",\"name\":\"Loma del Tejar - Universidad Cat\u00f3lica del T\u00e1chira\",\"isPartOf\":{\"@id\":\"https:\/\/www.ucat.edu.ve\/web\/#website\"},\"primaryImageOfPage\":{\"@id\":\"https:\/\/www.ucat.edu.ve\/web\/lomas-del-tejar\/#primaryimage\"},\"datePublished\":\"2017-04-05T08:36:57+00:00\",\"dateModified\":\"2018-06-07T14:49:04+00:00\",\"breadcrumb\":{\"@id\":\"https:\/\/www.ucat.edu.ve\/web\/lomas-del-tejar\/#breadcrumb\"},\"inLanguage\":\"es-ES\",\"potentialAction\":[{\"@type\":\"ReadAction\",\"target\":[\"https:\/\/www.ucat.edu.ve\/web\/lomas-del-tejar\/\"]}]},{\"@type\":\"BreadcrumbList\",\"@id\":\"https:\/\/www.ucat.edu.ve\/web\/lomas-del-tejar\/#breadcrumb\",\"itemListElement\":[{\"@type\":\"ListItem\",\"position\":1,\"name\":\"Home\",\"item\":\"https:\/\/www.ucat.edu.ve\/web\/\"},{\"@type\":\"ListItem\",\"position\":2,\"name\":\"Loma del Tejar\"}]}]}<\/script>\n<!-- \/ Yoast SEO plugin. -->","yoast_head_json":{"title":"Loma del Tejar - Universidad Cat\u00f3lica del T\u00e1chira","robots":{"index":"index","follow":"follow","max-snippet":"max-snippet:-1","max-image-preview":"max-image-preview:large","max-video-preview":"max-video-preview:-1"},"canonical":"https:\/\/www.ucat.edu.ve\/web\/lomas-del-tejar\/","og_locale":"es_ES","og_type":"article","og_title":"Loma del Tejar - Universidad Cat\u00f3lica del T\u00e1chira","og_description":"La historia de las edificaciones universitarias de la UCAT, en el primigenio sitio de la Loma del Tejar (Barrio San Carlos, San Crist\u00f3bal), se retrotraen hasta 1687 cuando Mons. Gregorio Jaimes de Pastrana y Baz\u00e1n, el primer obispo venezolano, naci\u00f3 en San Crist\u00f3bal en 1626, donada su estancia de ganados, conocido como \u201cHato de la","og_url":"https:\/\/www.ucat.edu.ve\/web\/lomas-del-tejar\/","og_site_name":"Universidad Cat\u00f3lica del T\u00e1chira","article_publisher":"https:\/\/www.facebook.com\/notiucat\/","article_modified_time":"2018-06-07T14:49:04+00:00","og_image":[{"url":"http:\/\/www.ucat.edu.ve\/web\/wp-content\/uploads\/2017\/04\/Sede-loma-del-tejar.png"}],"author":"Superadministrador","twitter_card":"summary_large_image","twitter_site":"@notiucat","twitter_misc":{"Est. reading time":"1 minuto"},"schema":{"@context":"https:\/\/schema.org","@graph":[{"@type":"Organization","@id":"https:\/\/www.ucat.edu.ve\/web\/#organization","name":"Universidad Cat\u00f3lica Del T\u00e1chira UCAT","url":"https:\/\/www.ucat.edu.ve\/web\/","sameAs":["https:\/\/www.instagram.com\/notiucat\/","https:\/\/www.youtube.com\/channel\/UCwEbYSB1R9fzlII-8dcxuYA?view_as=subscriber","https:\/\/www.facebook.com\/notiucat\/","https:\/\/twitter.com\/notiucat"],"logo":{"@type":"ImageObject","inLanguage":"es-ES","@id":"https:\/\/www.ucat.edu.ve\/web\/#\/schema\/logo\/image\/","url":"https:\/\/www.ucat.edu.ve\/web\/wp-content\/uploads\/2015\/07\/logoucat.gif","contentUrl":"https:\/\/www.ucat.edu.ve\/web\/wp-content\/uploads\/2015\/07\/logoucat.gif","width":219,"height":155,"caption":"Universidad Cat\u00f3lica Del T\u00e1chira UCAT"},"image":{"@id":"https:\/\/www.ucat.edu.ve\/web\/#\/schema\/logo\/image\/"}},{"@type":"WebSite","@id":"https:\/\/www.ucat.edu.ve\/web\/#website","url":"https:\/\/www.ucat.edu.ve\/web\/","name":"Universidad Cat\u00f3lica del T\u00e1chira","description":"","publisher":{"@id":"https:\/\/www.ucat.edu.ve\/web\/#organization"},"potentialAction":[{"@type":"SearchAction","target":{"@type":"EntryPoint","urlTemplate":"https:\/\/www.ucat.edu.ve\/web\/?s={search_term_string}"},"query-input":"required name=search_term_string"}],"inLanguage":"es-ES"},{"@type":"ImageObject","inLanguage":"es-ES","@id":"https:\/\/www.ucat.edu.ve\/web\/lomas-del-tejar\/#primaryimage","url":"http:\/\/www.ucat.edu.ve\/web\/wp-content\/uploads\/2017\/04\/Sede-loma-del-tejar.png","contentUrl":"http:\/\/www.ucat.edu.ve\/web\/wp-content\/uploads\/2017\/04\/Sede-loma-del-tejar.png"},{"@type":"WebPage","@id":"https:\/\/www.ucat.edu.ve\/web\/lomas-del-tejar\/#webpage","url":"https:\/\/www.ucat.edu.ve\/web\/lomas-del-tejar\/","name":"Loma del Tejar - Universidad Cat\u00f3lica del T\u00e1chira","isPartOf":{"@id":"https:\/\/www.ucat.edu.ve\/web\/#website"},"primaryImageOfPage":{"@id":"https:\/\/www.ucat.edu.ve\/web\/lomas-del-tejar\/#primaryimage"},"datePublished":"2017-04-05T08:36:57+00:00","dateModified":"2018-06-07T14:49:04+00:00","breadcrumb":{"@id":"https:\/\/www.ucat.edu.ve\/web\/lomas-del-tejar\/#breadcrumb"},"inLanguage":"es-ES","potentialAction":[{"@type":"ReadAction","target":["https:\/\/www.ucat.edu.ve\/web\/lomas-del-tejar\/"]}]},{"@type":"BreadcrumbList","@id":"https:\/\/www.ucat.edu.ve\/web\/lomas-del-tejar\/#breadcrumb","itemListElement":[{"@type":"ListItem","position":1,"name":"Home","item":"https:\/\/www.ucat.edu.ve\/web\/"},{"@type":"ListItem","position":2,"name":"Loma del Tejar"}]}]}},"_links":{"self":[{"href":"https:\/\/www.ucat.edu.ve\/web\/wp-json\/wp\/v2\/pages\/1745"}],"collection":[{"href":"https:\/\/www.ucat.edu.ve\/web\/wp-json\/wp\/v2\/pages"}],"about":[{"href":"https:\/\/www.ucat.edu.ve\/web\/wp-json\/wp\/v2\/types\/page"}],"author":[{"embeddable":true,"href":"https:\/\/www.ucat.edu.ve\/web\/wp-json\/wp\/v2\/users\/1"}],"replies":[{"embeddable":true,"href":"https:\/\/www.ucat.edu.ve\/web\/wp-json\/wp\/v2\/comments?post=1745"}],"version-history":[{"count":0,"href":"https:\/\/www.ucat.edu.ve\/web\/wp-json\/wp\/v2\/pages\/1745\/revisions"}],"wp:attachment":[{"href":"https:\/\/www.ucat.edu.ve\/web\/wp-json\/wp\/v2\/media?parent=1745"}],"curies":[{"name":"wp","href":"https:\/\/api.w.org\/{rel}","templated":true}]}}