 {"id":1926,"date":"2017-05-31T08:28:44","date_gmt":"2017-05-31T08:28:44","guid":{"rendered":"http:\/\/www.ucat.edu.ve\/web\/?page_id=1926"},"modified":"2017-05-31T08:33:19","modified_gmt":"2017-05-31T08:33:19","slug":"historia-2","status":"publish","type":"page","link":"https:\/\/www.ucat.edu.ve\/web\/identidad\/historia-2\/","title":{"rendered":"Historia"},"content":{"rendered":"<p>&nbsp;<\/p>\n<p><center><img loading=\"lazy\" class=\"size-full wp-image-45 aligncenter\" src=\"http:\/\/www.ucat.edu.ve\/web\/wp-content\/uploads\/2015\/07\/historia.gif\" alt=\"historia\" width=\"219\" height=\"155\" \/><\/center><\/p>\n<p>&nbsp;<\/p>\n<p style=\"text-align: justify;\">La Universidad Cat\u00f3lica del T\u00e1chira es una instituci\u00f3n de educaci\u00f3n universitaria nacida de la audacia apost\u00f3lica de la Di\u00f3cesis de San Crist\u00f3bal que vio la necesidad de contar con este instrumento de evangelizaci\u00f3n de la cultura en la regi\u00f3n tachirense. La misma recibi\u00f3 el apoyo y el compromiso de la Compa\u00f1\u00eda de Jes\u00fas, a trav\u00e9s de la Universidad Cat\u00f3lica Andr\u00e9s Bello, quien a los pocos a\u00f1os de haber sido fundada, en 1953, se lanz\u00f3 a iniciar la Extensi\u00f3n T\u00e1chira (UCABET), creada por resoluci\u00f3n del Consejo Nacional de Universidades de fecha 10 de julio de 1962. La Extensi\u00f3n inici\u00f3 sus actividades el 22 de septiembre de 1962, convirti\u00e9ndose en la primera instituci\u00f3n de educaci\u00f3n superior en el Estado T\u00e1chira.<\/p>\n<p style=\"text-align: justify;\">La autonom\u00eda universitaria de la Extensi\u00f3n T\u00e1chira de la Universidad Andr\u00e9s Bello, fue autorizada por decreto de la Presidencia de la Rep\u00fablica, No. 1567 de fecha 26 de julio de 1982, publicado en Gaceta Oficial n\u00famero extraordinario 32.524, disposici\u00f3n legal que da origen a la Universidad Cat\u00f3lica del T\u00e1chira, la UCAT. La reci\u00e9n creada Universidad, con la confianza de la Di\u00f3cesis de San Crist\u00f3bal, sigui\u00f3 contando con la presencia inspiradora y la direcci\u00f3n de los jesuitas, y se traz\u00f3 por meta el contribuir a enriquecer a toda Venezuela, ser una Universidad con ra\u00edces en la cultura de la regi\u00f3n en la que est\u00e1 inserta, teniendo por desaf\u00edo contribuir eficazmente a su desarrollo y desde ella al desarrollo de Venezuela y de Am\u00e9rica Latina.<\/p>\n<p style=\"text-align: justify;\">En el 2012, a\u00f1o del Jubileo, la Universidad recibi\u00f3 la erecci\u00f3n can\u00f3nica por el Papa Benedicto XVI, en virtud del decreto No. 775\/1998 del 16 de abril de 2012, a trav\u00e9s de la Congregaci\u00f3n para la Educaci\u00f3n Cat\u00f3lica, presidida por el Cardenal Zen\u00f3n Grocholewski. Los edificios de la Universidad Cat\u00f3lica del T\u00e1chira se levantan sobre la antigua Loma del Tejar y en la sede de Sabana Larga, en la ciudad de San Crist\u00f3bal, capital del Estado T\u00e1chira y centro de la vida pol\u00edtica, econ\u00f3mica y cultural de la regi\u00f3n. Desde all\u00ed, siguiendo la orientaci\u00f3n de un proyecto propio de universidad, busca la formaci\u00f3n de profesionales e investigadores con calidad humana y acad\u00e9mica, comprometidos en el servicio para el logro de una sociedad justa, productiva y solidaria.<\/p>\n","protected":false},"excerpt":{"rendered":"<p>&nbsp; &nbsp; La Universidad Cat\u00f3lica del T\u00e1chira es una instituci\u00f3n de educaci\u00f3n universitaria nacida de la audacia apost\u00f3lica de la Di\u00f3cesis de San Crist\u00f3bal que vio la necesidad de contar con este instrumento de evangelizaci\u00f3n de la cultura en la regi\u00f3n tachirense. La misma recibi\u00f3 el apoyo y el compromiso de la Compa\u00f1\u00eda de Jes\u00fas,<\/p>\n","protected":false},"author":1,"featured_media":0,"parent":36,"menu_order":0,"comment_status":"closed","ping_status":"closed","template":"fullwidth.php","meta":[],"yoast_head":"<!-- This site is optimized with the Yoast SEO plugin v19.2 - https:\/\/yoast.com\/wordpress\/plugins\/seo\/ -->\n<title>Historia - Universidad Cat\u00f3lica del T\u00e1chira<\/title>\n<meta name=\"robots\" content=\"index, follow, max-snippet:-1, max-image-preview:large, max-video-preview:-1\" \/>\n<link rel=\"canonical\" href=\"https:\/\/www.ucat.edu.ve\/web\/identidad\/historia-2\/\" \/>\n<meta property=\"og:locale\" content=\"es_ES\" \/>\n<meta property=\"og:type\" content=\"article\" \/>\n<meta property=\"og:title\" content=\"Historia - Universidad Cat\u00f3lica del T\u00e1chira\" \/>\n<meta property=\"og:description\" content=\"&nbsp; &nbsp; La Universidad Cat\u00f3lica del T\u00e1chira es una instituci\u00f3n de educaci\u00f3n universitaria nacida de la audacia apost\u00f3lica de la Di\u00f3cesis de San Crist\u00f3bal que vio la necesidad de contar con este instrumento de evangelizaci\u00f3n de la cultura en la regi\u00f3n tachirense. La misma recibi\u00f3 el apoyo y el compromiso de la Compa\u00f1\u00eda de Jes\u00fas,\" \/>\n<meta property=\"og:url\" content=\"https:\/\/www.ucat.edu.ve\/web\/identidad\/historia-2\/\" \/>\n<meta property=\"og:site_name\" content=\"Universidad Cat\u00f3lica del T\u00e1chira\" \/>\n<meta property=\"article:publisher\" content=\"https:\/\/www.facebook.com\/notiucat\/\" \/>\n<meta property=\"article:modified_time\" content=\"2017-05-31T08:33:19+00:00\" \/>\n<meta property=\"og:image\" content=\"http:\/\/www.ucat.edu.ve\/web\/wp-content\/uploads\/2015\/07\/historia.gif\" \/>\n<meta name=\"author\" content=\"Superadministrador\" \/>\n<meta name=\"twitter:card\" content=\"summary_large_image\" \/>\n<meta name=\"twitter:site\" content=\"@notiucat\" \/>\n<meta name=\"twitter:label1\" content=\"Est. reading time\" \/>\n\t<meta name=\"twitter:data1\" content=\"2 minutos\" \/>\n<script type=\"application\/ld+json\" class=\"yoast-schema-graph\">{\"@context\":\"https:\/\/schema.org\",\"@graph\":[{\"@type\":\"Organization\",\"@id\":\"https:\/\/www.ucat.edu.ve\/web\/#organization\",\"name\":\"Universidad Cat\u00f3lica Del T\u00e1chira UCAT\",\"url\":\"https:\/\/www.ucat.edu.ve\/web\/\",\"sameAs\":[\"https:\/\/www.instagram.com\/notiucat\/\",\"https:\/\/www.youtube.com\/channel\/UCwEbYSB1R9fzlII-8dcxuYA?view_as=subscriber\",\"https:\/\/www.facebook.com\/notiucat\/\",\"https:\/\/twitter.com\/notiucat\"],\"logo\":{\"@type\":\"ImageObject\",\"inLanguage\":\"es-ES\",\"@id\":\"https:\/\/www.ucat.edu.ve\/web\/#\/schema\/logo\/image\/\",\"url\":\"https:\/\/www.ucat.edu.ve\/web\/wp-content\/uploads\/2015\/07\/logoucat.gif\",\"contentUrl\":\"https:\/\/www.ucat.edu.ve\/web\/wp-content\/uploads\/2015\/07\/logoucat.gif\",\"width\":219,\"height\":155,\"caption\":\"Universidad Cat\u00f3lica Del T\u00e1chira UCAT\"},\"image\":{\"@id\":\"https:\/\/www.ucat.edu.ve\/web\/#\/schema\/logo\/image\/\"}},{\"@type\":\"WebSite\",\"@id\":\"https:\/\/www.ucat.edu.ve\/web\/#website\",\"url\":\"https:\/\/www.ucat.edu.ve\/web\/\",\"name\":\"Universidad Cat\u00f3lica del T\u00e1chira\",\"description\":\"\",\"publisher\":{\"@id\":\"https:\/\/www.ucat.edu.ve\/web\/#organization\"},\"potentialAction\":[{\"@type\":\"SearchAction\",\"target\":{\"@type\":\"EntryPoint\",\"urlTemplate\":\"https:\/\/www.ucat.edu.ve\/web\/?s={search_term_string}\"},\"query-input\":\"required name=search_term_string\"}],\"inLanguage\":\"es-ES\"},{\"@type\":\"ImageObject\",\"inLanguage\":\"es-ES\",\"@id\":\"https:\/\/www.ucat.edu.ve\/web\/identidad\/historia-2\/#primaryimage\",\"url\":\"http:\/\/www.ucat.edu.ve\/web\/wp-content\/uploads\/2015\/07\/historia.gif\",\"contentUrl\":\"http:\/\/www.ucat.edu.ve\/web\/wp-content\/uploads\/2015\/07\/historia.gif\"},{\"@type\":\"WebPage\",\"@id\":\"https:\/\/www.ucat.edu.ve\/web\/identidad\/historia-2\/#webpage\",\"url\":\"https:\/\/www.ucat.edu.ve\/web\/identidad\/historia-2\/\",\"name\":\"Historia - Universidad Cat\u00f3lica del T\u00e1chira\",\"isPartOf\":{\"@id\":\"https:\/\/www.ucat.edu.ve\/web\/#website\"},\"primaryImageOfPage\":{\"@id\":\"https:\/\/www.ucat.edu.ve\/web\/identidad\/historia-2\/#primaryimage\"},\"datePublished\":\"2017-05-31T08:28:44+00:00\",\"dateModified\":\"2017-05-31T08:33:19+00:00\",\"breadcrumb\":{\"@id\":\"https:\/\/www.ucat.edu.ve\/web\/identidad\/historia-2\/#breadcrumb\"},\"inLanguage\":\"es-ES\",\"potentialAction\":[{\"@type\":\"ReadAction\",\"target\":[\"https:\/\/www.ucat.edu.ve\/web\/identidad\/historia-2\/\"]}]},{\"@type\":\"BreadcrumbList\",\"@id\":\"https:\/\/www.ucat.edu.ve\/web\/identidad\/historia-2\/#breadcrumb\",\"itemListElement\":[{\"@type\":\"ListItem\",\"position\":1,\"name\":\"Home\",\"item\":\"https:\/\/www.ucat.edu.ve\/web\/\"},{\"@type\":\"ListItem\",\"position\":2,\"name\":\"Identidad\",\"item\":\"https:\/\/www.ucat.edu.ve\/web\/identidad\/\"},{\"@type\":\"ListItem\",\"position\":3,\"name\":\"Historia\"}]}]}<\/script>\n<!-- \/ Yoast SEO plugin. -->","yoast_head_json":{"title":"Historia - Universidad Cat\u00f3lica del T\u00e1chira","robots":{"index":"index","follow":"follow","max-snippet":"max-snippet:-1","max-image-preview":"max-image-preview:large","max-video-preview":"max-video-preview:-1"},"canonical":"https:\/\/www.ucat.edu.ve\/web\/identidad\/historia-2\/","og_locale":"es_ES","og_type":"article","og_title":"Historia - Universidad Cat\u00f3lica del T\u00e1chira","og_description":"&nbsp; &nbsp; La Universidad Cat\u00f3lica del T\u00e1chira es una instituci\u00f3n de educaci\u00f3n universitaria nacida de la audacia apost\u00f3lica de la Di\u00f3cesis de San Crist\u00f3bal que vio la necesidad de contar con este instrumento de evangelizaci\u00f3n de la cultura en la regi\u00f3n tachirense. La misma recibi\u00f3 el apoyo y el compromiso de la Compa\u00f1\u00eda de Jes\u00fas,","og_url":"https:\/\/www.ucat.edu.ve\/web\/identidad\/historia-2\/","og_site_name":"Universidad Cat\u00f3lica del T\u00e1chira","article_publisher":"https:\/\/www.facebook.com\/notiucat\/","article_modified_time":"2017-05-31T08:33:19+00:00","og_image":[{"url":"http:\/\/www.ucat.edu.ve\/web\/wp-content\/uploads\/2015\/07\/historia.gif"}],"author":"Superadministrador","twitter_card":"summary_large_image","twitter_site":"@notiucat","twitter_misc":{"Est. reading time":"2 minutos"},"schema":{"@context":"https:\/\/schema.org","@graph":[{"@type":"Organization","@id":"https:\/\/www.ucat.edu.ve\/web\/#organization","name":"Universidad Cat\u00f3lica Del T\u00e1chira UCAT","url":"https:\/\/www.ucat.edu.ve\/web\/","sameAs":["https:\/\/www.instagram.com\/notiucat\/","https:\/\/www.youtube.com\/channel\/UCwEbYSB1R9fzlII-8dcxuYA?view_as=subscriber","https:\/\/www.facebook.com\/notiucat\/","https:\/\/twitter.com\/notiucat"],"logo":{"@type":"ImageObject","inLanguage":"es-ES","@id":"https:\/\/www.ucat.edu.ve\/web\/#\/schema\/logo\/image\/","url":"https:\/\/www.ucat.edu.ve\/web\/wp-content\/uploads\/2015\/07\/logoucat.gif","contentUrl":"https:\/\/www.ucat.edu.ve\/web\/wp-content\/uploads\/2015\/07\/logoucat.gif","width":219,"height":155,"caption":"Universidad Cat\u00f3lica Del T\u00e1chira UCAT"},"image":{"@id":"https:\/\/www.ucat.edu.ve\/web\/#\/schema\/logo\/image\/"}},{"@type":"WebSite","@id":"https:\/\/www.ucat.edu.ve\/web\/#website","url":"https:\/\/www.ucat.edu.ve\/web\/","name":"Universidad Cat\u00f3lica del T\u00e1chira","description":"","publisher":{"@id":"https:\/\/www.ucat.edu.ve\/web\/#organization"},"potentialAction":[{"@type":"SearchAction","target":{"@type":"EntryPoint","urlTemplate":"https:\/\/www.ucat.edu.ve\/web\/?s={search_term_string}"},"query-input":"required name=search_term_string"}],"inLanguage":"es-ES"},{"@type":"ImageObject","inLanguage":"es-ES","@id":"https:\/\/www.ucat.edu.ve\/web\/identidad\/historia-2\/#primaryimage","url":"http:\/\/www.ucat.edu.ve\/web\/wp-content\/uploads\/2015\/07\/historia.gif","contentUrl":"http:\/\/www.ucat.edu.ve\/web\/wp-content\/uploads\/2015\/07\/historia.gif"},{"@type":"WebPage","@id":"https:\/\/www.ucat.edu.ve\/web\/identidad\/historia-2\/#webpage","url":"https:\/\/www.ucat.edu.ve\/web\/identidad\/historia-2\/","name":"Historia - Universidad Cat\u00f3lica del T\u00e1chira","isPartOf":{"@id":"https:\/\/www.ucat.edu.ve\/web\/#website"},"primaryImageOfPage":{"@id":"https:\/\/www.ucat.edu.ve\/web\/identidad\/historia-2\/#primaryimage"},"datePublished":"2017-05-31T08:28:44+00:00","dateModified":"2017-05-31T08:33:19+00:00","breadcrumb":{"@id":"https:\/\/www.ucat.edu.ve\/web\/identidad\/historia-2\/#breadcrumb"},"inLanguage":"es-ES","potentialAction":[{"@type":"ReadAction","target":["https:\/\/www.ucat.edu.ve\/web\/identidad\/historia-2\/"]}]},{"@type":"BreadcrumbList","@id":"https:\/\/www.ucat.edu.ve\/web\/identidad\/historia-2\/#breadcrumb","itemListElement":[{"@type":"ListItem","position":1,"name":"Home","item":"https:\/\/www.ucat.edu.ve\/web\/"},{"@type":"ListItem","position":2,"name":"Identidad","item":"https:\/\/www.ucat.edu.ve\/web\/identidad\/"},{"@type":"ListItem","position":3,"name":"Historia"}]}]}},"_links":{"self":[{"href":"https:\/\/www.ucat.edu.ve\/web\/wp-json\/wp\/v2\/pages\/1926"}],"collection":[{"href":"https:\/\/www.ucat.edu.ve\/web\/wp-json\/wp\/v2\/pages"}],"about":[{"href":"https:\/\/www.ucat.edu.ve\/web\/wp-json\/wp\/v2\/types\/page"}],"author":[{"embeddable":true,"href":"https:\/\/www.ucat.edu.ve\/web\/wp-json\/wp\/v2\/users\/1"}],"replies":[{"embeddable":true,"href":"https:\/\/www.ucat.edu.ve\/web\/wp-json\/wp\/v2\/comments?post=1926"}],"version-history":[{"count":0,"href":"https:\/\/www.ucat.edu.ve\/web\/wp-json\/wp\/v2\/pages\/1926\/revisions"}],"up":[{"embeddable":true,"href":"https:\/\/www.ucat.edu.ve\/web\/wp-json\/wp\/v2\/pages\/36"}],"wp:attachment":[{"href":"https:\/\/www.ucat.edu.ve\/web\/wp-json\/wp\/v2\/media?parent=1926"}],"curies":[{"name":"wp","href":"https:\/\/api.w.org\/{rel}","templated":true}]}}