 {"id":195,"date":"2015-07-17T19:51:04","date_gmt":"2015-07-17T19:51:04","guid":{"rendered":"http:\/\/190.202.129.93:7600\/ucat\/?page_id=195"},"modified":"2017-12-11T16:37:16","modified_gmt":"2017-12-11T16:37:16","slug":"investigacion-y-postgrado","status":"publish","type":"page","link":"https:\/\/www.ucat.edu.ve\/web\/investigacion-y-postgrado\/","title":{"rendered":"Investigaci\u00f3n y Postgrado"},"content":{"rendered":"<p style=\"text-align: center;\"><a href=\"http:\/\/www.ucat.edu.ve\/web\/wp-content\/uploads\/2015\/07\/postgrad.jpg\"><img loading=\"lazy\" class=\"alignnone size-full wp-image-196\" src=\"http:\/\/www.ucat.edu.ve\/web\/wp-content\/uploads\/2015\/07\/postgrad.jpg\" alt=\"postgrad\" width=\"219\" height=\"155\" \/><\/a><\/p>\n<p style=\"text-align: justify;\">La investigaci\u00f3n en la UCAT se concibe como una actividad humana, intelectual y compleja que conlleva condiciones esenciales:<br \/>\na) un compromiso \u00e9tico y acad\u00e9mico para la generaci\u00f3n de conocimiento;<br \/>\nb)\u00a0una capacidad cr\u00edtica-acad\u00e9mica que permita jerarquizar problemas, establecer causas y principios, as\u00ed como el esclarecimiento de la verdad;<br \/>\nc) la aplicaci\u00f3n del conocimiento a la superaci\u00f3n de los problemas del hombre.<\/p>\n<p>Los estudios de postgrado se proponen formar especialistas, magister e investigadores de alto nivel universitario, en las distintas ramas del conocimiento y est\u00e1n a cargo del Decanato de Investigaci\u00f3n y Postgrado, el Consejo General de Estudios de Postgrado y los Coordinadores de Programas.<\/p>\n<p>Programas de Postgrado:<\/p>\n<p>a) <u>Estudios de Especializaci\u00f3n:<\/u> Los estudios de Especializaci\u00f3n son aquellos destinados a la formaci\u00f3n de expertos de alta competencia para el mejor ejercicio de una profesi\u00f3n determinada en un \u00e1rea espec\u00edfica de la misma. Estos estudios conducen a la obtenci\u00f3n del t\u00edtulo de Especialista.<\/p>\n<p>b)<u> Estudios de Maestr\u00eda:<\/u> Los estudios de Maestr\u00eda son aquellos destinados al an\u00e1lisis profundo y sistematizado de un \u00e1rea espec\u00edfica del conocimiento y a la formaci\u00f3n metodol\u00f3gica para la investigaci\u00f3n. Estos estudios conducen a la obtenci\u00f3n del t\u00edtulo de Magister.<\/p>\n<p>c) <u>Estudios de Doctorado:<\/u> Los estudio de Doctorado son aquellos destinados a crear las condiciones \u00f3ptimas para que los aspirantes puedan elaborar una obra que signifique un aporte original, in\u00e9dito, profundo a una rama espec\u00edfica del saber.<\/p>\n<h3><\/h3>\n","protected":false},"excerpt":{"rendered":"<p>La investigaci\u00f3n en la UCAT se concibe como una actividad humana, intelectual y compleja que conlleva condiciones esenciales: a) un compromiso \u00e9tico y acad\u00e9mico para la generaci\u00f3n de conocimiento; b)\u00a0una capacidad cr\u00edtica-acad\u00e9mica que permita jerarquizar problemas, establecer causas y principios, as\u00ed como el esclarecimiento de la verdad; c) la aplicaci\u00f3n del conocimiento a la superaci\u00f3n<\/p>\n","protected":false},"author":1,"featured_media":0,"parent":0,"menu_order":0,"comment_status":"closed","ping_status":"closed","template":"fullwidth.php","meta":[],"yoast_head":"<!-- This site is optimized with the Yoast SEO plugin v19.2 - https:\/\/yoast.com\/wordpress\/plugins\/seo\/ -->\n<title>Investigaci\u00f3n y Postgrado - Universidad Cat\u00f3lica del T\u00e1chira<\/title>\n<meta name=\"robots\" content=\"index, follow, max-snippet:-1, max-image-preview:large, max-video-preview:-1\" \/>\n<link rel=\"canonical\" href=\"https:\/\/www.ucat.edu.ve\/web\/investigacion-y-postgrado\/\" \/>\n<meta property=\"og:locale\" content=\"es_ES\" \/>\n<meta property=\"og:type\" content=\"article\" \/>\n<meta property=\"og:title\" content=\"Investigaci\u00f3n y Postgrado - Universidad Cat\u00f3lica del T\u00e1chira\" \/>\n<meta property=\"og:description\" content=\"La investigaci\u00f3n en la UCAT se concibe como una actividad humana, intelectual y compleja que conlleva condiciones esenciales: a) un compromiso \u00e9tico y acad\u00e9mico para la generaci\u00f3n de conocimiento; b)\u00a0una capacidad cr\u00edtica-acad\u00e9mica que permita jerarquizar problemas, establecer causas y principios, as\u00ed como el esclarecimiento de la verdad; c) la aplicaci\u00f3n del conocimiento a la superaci\u00f3n\" \/>\n<meta property=\"og:url\" content=\"https:\/\/www.ucat.edu.ve\/web\/investigacion-y-postgrado\/\" \/>\n<meta property=\"og:site_name\" content=\"Universidad Cat\u00f3lica del T\u00e1chira\" \/>\n<meta property=\"article:publisher\" content=\"https:\/\/www.facebook.com\/notiucat\/\" \/>\n<meta property=\"article:modified_time\" content=\"2017-12-11T16:37:16+00:00\" \/>\n<meta property=\"og:image\" content=\"http:\/\/www.ucat.edu.ve\/web\/wp-content\/uploads\/2015\/07\/postgrad.jpg\" \/>\n<meta name=\"author\" content=\"Superadministrador\" \/>\n<meta name=\"twitter:card\" content=\"summary_large_image\" \/>\n<meta name=\"twitter:site\" content=\"@notiucat\" \/>\n<meta name=\"twitter:label1\" content=\"Est. reading time\" \/>\n\t<meta name=\"twitter:data1\" content=\"1 minuto\" \/>\n<script type=\"application\/ld+json\" class=\"yoast-schema-graph\">{\"@context\":\"https:\/\/schema.org\",\"@graph\":[{\"@type\":\"Organization\",\"@id\":\"https:\/\/www.ucat.edu.ve\/web\/#organization\",\"name\":\"Universidad Cat\u00f3lica Del T\u00e1chira UCAT\",\"url\":\"https:\/\/www.ucat.edu.ve\/web\/\",\"sameAs\":[\"https:\/\/www.instagram.com\/notiucat\/\",\"https:\/\/www.youtube.com\/channel\/UCwEbYSB1R9fzlII-8dcxuYA?view_as=subscriber\",\"https:\/\/www.facebook.com\/notiucat\/\",\"https:\/\/twitter.com\/notiucat\"],\"logo\":{\"@type\":\"ImageObject\",\"inLanguage\":\"es-ES\",\"@id\":\"https:\/\/www.ucat.edu.ve\/web\/#\/schema\/logo\/image\/\",\"url\":\"https:\/\/www.ucat.edu.ve\/web\/wp-content\/uploads\/2015\/07\/logoucat.gif\",\"contentUrl\":\"https:\/\/www.ucat.edu.ve\/web\/wp-content\/uploads\/2015\/07\/logoucat.gif\",\"width\":219,\"height\":155,\"caption\":\"Universidad Cat\u00f3lica Del T\u00e1chira UCAT\"},\"image\":{\"@id\":\"https:\/\/www.ucat.edu.ve\/web\/#\/schema\/logo\/image\/\"}},{\"@type\":\"WebSite\",\"@id\":\"https:\/\/www.ucat.edu.ve\/web\/#website\",\"url\":\"https:\/\/www.ucat.edu.ve\/web\/\",\"name\":\"Universidad Cat\u00f3lica del T\u00e1chira\",\"description\":\"\",\"publisher\":{\"@id\":\"https:\/\/www.ucat.edu.ve\/web\/#organization\"},\"potentialAction\":[{\"@type\":\"SearchAction\",\"target\":{\"@type\":\"EntryPoint\",\"urlTemplate\":\"https:\/\/www.ucat.edu.ve\/web\/?s={search_term_string}\"},\"query-input\":\"required name=search_term_string\"}],\"inLanguage\":\"es-ES\"},{\"@type\":\"ImageObject\",\"inLanguage\":\"es-ES\",\"@id\":\"https:\/\/www.ucat.edu.ve\/web\/investigacion-y-postgrado\/#primaryimage\",\"url\":\"http:\/\/www.ucat.edu.ve\/web\/wp-content\/uploads\/2015\/07\/postgrad.jpg\",\"contentUrl\":\"http:\/\/www.ucat.edu.ve\/web\/wp-content\/uploads\/2015\/07\/postgrad.jpg\"},{\"@type\":\"WebPage\",\"@id\":\"https:\/\/www.ucat.edu.ve\/web\/investigacion-y-postgrado\/#webpage\",\"url\":\"https:\/\/www.ucat.edu.ve\/web\/investigacion-y-postgrado\/\",\"name\":\"Investigaci\u00f3n y Postgrado - Universidad Cat\u00f3lica del T\u00e1chira\",\"isPartOf\":{\"@id\":\"https:\/\/www.ucat.edu.ve\/web\/#website\"},\"primaryImageOfPage\":{\"@id\":\"https:\/\/www.ucat.edu.ve\/web\/investigacion-y-postgrado\/#primaryimage\"},\"datePublished\":\"2015-07-17T19:51:04+00:00\",\"dateModified\":\"2017-12-11T16:37:16+00:00\",\"breadcrumb\":{\"@id\":\"https:\/\/www.ucat.edu.ve\/web\/investigacion-y-postgrado\/#breadcrumb\"},\"inLanguage\":\"es-ES\",\"potentialAction\":[{\"@type\":\"ReadAction\",\"target\":[\"https:\/\/www.ucat.edu.ve\/web\/investigacion-y-postgrado\/\"]}]},{\"@type\":\"BreadcrumbList\",\"@id\":\"https:\/\/www.ucat.edu.ve\/web\/investigacion-y-postgrado\/#breadcrumb\",\"itemListElement\":[{\"@type\":\"ListItem\",\"position\":1,\"name\":\"Home\",\"item\":\"https:\/\/www.ucat.edu.ve\/web\/\"},{\"@type\":\"ListItem\",\"position\":2,\"name\":\"Investigaci\u00f3n y Postgrado\"}]}]}<\/script>\n<!-- \/ Yoast SEO plugin. -->","yoast_head_json":{"title":"Investigaci\u00f3n y Postgrado - Universidad Cat\u00f3lica del T\u00e1chira","robots":{"index":"index","follow":"follow","max-snippet":"max-snippet:-1","max-image-preview":"max-image-preview:large","max-video-preview":"max-video-preview:-1"},"canonical":"https:\/\/www.ucat.edu.ve\/web\/investigacion-y-postgrado\/","og_locale":"es_ES","og_type":"article","og_title":"Investigaci\u00f3n y Postgrado - Universidad Cat\u00f3lica del T\u00e1chira","og_description":"La investigaci\u00f3n en la UCAT se concibe como una actividad humana, intelectual y compleja que conlleva condiciones esenciales: a) un compromiso \u00e9tico y acad\u00e9mico para la generaci\u00f3n de conocimiento; b)\u00a0una capacidad cr\u00edtica-acad\u00e9mica que permita jerarquizar problemas, establecer causas y principios, as\u00ed como el esclarecimiento de la verdad; c) la aplicaci\u00f3n del conocimiento a la superaci\u00f3n","og_url":"https:\/\/www.ucat.edu.ve\/web\/investigacion-y-postgrado\/","og_site_name":"Universidad Cat\u00f3lica del T\u00e1chira","article_publisher":"https:\/\/www.facebook.com\/notiucat\/","article_modified_time":"2017-12-11T16:37:16+00:00","og_image":[{"url":"http:\/\/www.ucat.edu.ve\/web\/wp-content\/uploads\/2015\/07\/postgrad.jpg"}],"author":"Superadministrador","twitter_card":"summary_large_image","twitter_site":"@notiucat","twitter_misc":{"Est. reading time":"1 minuto"},"schema":{"@context":"https:\/\/schema.org","@graph":[{"@type":"Organization","@id":"https:\/\/www.ucat.edu.ve\/web\/#organization","name":"Universidad Cat\u00f3lica Del T\u00e1chira UCAT","url":"https:\/\/www.ucat.edu.ve\/web\/","sameAs":["https:\/\/www.instagram.com\/notiucat\/","https:\/\/www.youtube.com\/channel\/UCwEbYSB1R9fzlII-8dcxuYA?view_as=subscriber","https:\/\/www.facebook.com\/notiucat\/","https:\/\/twitter.com\/notiucat"],"logo":{"@type":"ImageObject","inLanguage":"es-ES","@id":"https:\/\/www.ucat.edu.ve\/web\/#\/schema\/logo\/image\/","url":"https:\/\/www.ucat.edu.ve\/web\/wp-content\/uploads\/2015\/07\/logoucat.gif","contentUrl":"https:\/\/www.ucat.edu.ve\/web\/wp-content\/uploads\/2015\/07\/logoucat.gif","width":219,"height":155,"caption":"Universidad Cat\u00f3lica Del T\u00e1chira UCAT"},"image":{"@id":"https:\/\/www.ucat.edu.ve\/web\/#\/schema\/logo\/image\/"}},{"@type":"WebSite","@id":"https:\/\/www.ucat.edu.ve\/web\/#website","url":"https:\/\/www.ucat.edu.ve\/web\/","name":"Universidad Cat\u00f3lica del T\u00e1chira","description":"","publisher":{"@id":"https:\/\/www.ucat.edu.ve\/web\/#organization"},"potentialAction":[{"@type":"SearchAction","target":{"@type":"EntryPoint","urlTemplate":"https:\/\/www.ucat.edu.ve\/web\/?s={search_term_string}"},"query-input":"required name=search_term_string"}],"inLanguage":"es-ES"},{"@type":"ImageObject","inLanguage":"es-ES","@id":"https:\/\/www.ucat.edu.ve\/web\/investigacion-y-postgrado\/#primaryimage","url":"http:\/\/www.ucat.edu.ve\/web\/wp-content\/uploads\/2015\/07\/postgrad.jpg","contentUrl":"http:\/\/www.ucat.edu.ve\/web\/wp-content\/uploads\/2015\/07\/postgrad.jpg"},{"@type":"WebPage","@id":"https:\/\/www.ucat.edu.ve\/web\/investigacion-y-postgrado\/#webpage","url":"https:\/\/www.ucat.edu.ve\/web\/investigacion-y-postgrado\/","name":"Investigaci\u00f3n y Postgrado - Universidad Cat\u00f3lica del T\u00e1chira","isPartOf":{"@id":"https:\/\/www.ucat.edu.ve\/web\/#website"},"primaryImageOfPage":{"@id":"https:\/\/www.ucat.edu.ve\/web\/investigacion-y-postgrado\/#primaryimage"},"datePublished":"2015-07-17T19:51:04+00:00","dateModified":"2017-12-11T16:37:16+00:00","breadcrumb":{"@id":"https:\/\/www.ucat.edu.ve\/web\/investigacion-y-postgrado\/#breadcrumb"},"inLanguage":"es-ES","potentialAction":[{"@type":"ReadAction","target":["https:\/\/www.ucat.edu.ve\/web\/investigacion-y-postgrado\/"]}]},{"@type":"BreadcrumbList","@id":"https:\/\/www.ucat.edu.ve\/web\/investigacion-y-postgrado\/#breadcrumb","itemListElement":[{"@type":"ListItem","position":1,"name":"Home","item":"https:\/\/www.ucat.edu.ve\/web\/"},{"@type":"ListItem","position":2,"name":"Investigaci\u00f3n y Postgrado"}]}]}},"_links":{"self":[{"href":"https:\/\/www.ucat.edu.ve\/web\/wp-json\/wp\/v2\/pages\/195"}],"collection":[{"href":"https:\/\/www.ucat.edu.ve\/web\/wp-json\/wp\/v2\/pages"}],"about":[{"href":"https:\/\/www.ucat.edu.ve\/web\/wp-json\/wp\/v2\/types\/page"}],"author":[{"embeddable":true,"href":"https:\/\/www.ucat.edu.ve\/web\/wp-json\/wp\/v2\/users\/1"}],"replies":[{"embeddable":true,"href":"https:\/\/www.ucat.edu.ve\/web\/wp-json\/wp\/v2\/comments?post=195"}],"version-history":[{"count":0,"href":"https:\/\/www.ucat.edu.ve\/web\/wp-json\/wp\/v2\/pages\/195\/revisions"}],"wp:attachment":[{"href":"https:\/\/www.ucat.edu.ve\/web\/wp-json\/wp\/v2\/media?parent=195"}],"curies":[{"name":"wp","href":"https:\/\/api.w.org\/{rel}","templated":true}]}}