 {"id":2833,"date":"2017-11-29T17:08:27","date_gmt":"2017-11-29T17:08:27","guid":{"rendered":"http:\/\/www.ucat.edu.ve\/web\/?page_id=2833"},"modified":"2023-05-22T19:10:23","modified_gmt":"2023-05-22T19:10:23","slug":"base-de-datos","status":"publish","type":"page","link":"https:\/\/www.ucat.edu.ve\/web\/biblioteca\/recursos-electronicos\/base-de-datos\/","title":{"rendered":"Base de Datos"},"content":{"rendered":"<h2 align=\"center\"><strong>Base de Datos<\/strong><\/h2>\n<p align=\"justify\">Biblioteca UCAT, brinda a sus usuarios el acceso a importantes recursos electr\u00f3nicos tales como: bases de datos, libros electr\u00f3nicos, revistas electr\u00f3nicas y referencias en l\u00ednea; por suscripci\u00f3n y en acceso libre. Para la consulta de los recursos electr\u00f3nicos por suscripci\u00f3n, debe pertenecer a la comunidad ucatense, poseer usuario y contrase\u00f1a.<\/p>\n<h2 align=\"center\"><strong>Recurso en l\u00ednea EBSCO<\/strong><\/h2>\n<p style=\"text-align: center\"><img loading=\"lazy\" class=\"alignnone size-medium wp-image-3146\" src=\"https:\/\/www.ucat.edu.ve\/web\/wp-content\/uploads\/2018\/03\/Log_EBSCO-323x322.png\" alt=\"\" width=\"323\" height=\"322\" srcset=\"https:\/\/www.ucat.edu.ve\/web\/wp-content\/uploads\/2018\/03\/Log_EBSCO-323x322.png 323w, https:\/\/www.ucat.edu.ve\/web\/wp-content\/uploads\/2018\/03\/Log_EBSCO.png 403w\" sizes=\"(max-width: 323px) 100vw, 323px\" \/><\/p>\n<p align=\"justify\">El recurso en l\u00ednea <strong>EBSCO<\/strong>, permite el acceso a miles de revistas acad\u00e9micas a texto completo, as\u00ed como a los \u00edndices tem\u00e1ticos principales. Los recursos acad\u00e9micos cubren todas las \u00e1reas de estudio: las ciencias, ingenier\u00edas, tecnolog\u00eda, matem\u00e1ticas, artes y humanidades, ciencias sociales, derecho, administraci\u00f3n, filosof\u00eda y religi\u00f3n.<\/p>\n<p style=\"text-align: center\">Para ingresar al recurso EBSCO, vaya al link: <a href=\"http:\/\/search.ebscohost.com\/\" target=\"_blank\" rel=\"noopener\"><strong>http:\/\/search.ebscohost.com<\/strong><\/a>\u00a0 y all\u00ed deber\u00e1 colocar el usuario y contrase\u00f1a, que Biblioteca UCAT le indic\u00f3.<\/p>\n<div class=\"su-spacer\" style=\"height:20px\"><\/div>\n<h2 align=\"center\"><strong>Recurso en l\u00ednea E-LIBRO<\/strong><\/h2>\n<p style=\"text-align: center\" align=\"justify\"><img loading=\"lazy\" class=\"alignnone size-medium wp-image-4927\" src=\"https:\/\/www.ucat.edu.ve\/web\/wp-content\/uploads\/2019\/04\/Log_ELIBRO-323x322.png\" alt=\"\" width=\"323\" height=\"322\" srcset=\"https:\/\/www.ucat.edu.ve\/web\/wp-content\/uploads\/2019\/04\/Log_ELIBRO-323x322.png 323w, https:\/\/www.ucat.edu.ve\/web\/wp-content\/uploads\/2019\/04\/Log_ELIBRO.png 403w\" sizes=\"(max-width: 323px) 100vw, 323px\" \/><\/p>\n<p align=\"justify\">El recurso en Linea <strong>E- LIBRO<\/strong> ofrece textos completos, textos de c\u00e1tedra, libros, art\u00edculos, investigaciones cient\u00edficas y tesis doctorales de todas las disciplinas acad\u00e9micas. Art\u00edculos seleccionados de revistas cient\u00edficas gratuitamente como una segunda opci\u00f3n para el investigador.<\/p>\n<p style=\"text-align: center\">Para ingresar al recurso E-LIBRO, haga click <strong><a href=\"https:\/\/evirtual.ucat.edu.ve\/course\/view.php?id=3\" target=\"_blank\" rel=\"noopener\">AQU\u00cd<\/a> <\/strong>y all\u00ed deber\u00e1 colocar el usuario y contrase\u00f1a, que Biblioteca UCAT le indic\u00f3.<\/p>\n","protected":false},"excerpt":{"rendered":"<p>Base de Datos Biblioteca UCAT, brinda a sus usuarios el acceso a importantes recursos electr\u00f3nicos tales como: bases de datos, libros electr\u00f3nicos, revistas electr\u00f3nicas y referencias en l\u00ednea; por suscripci\u00f3n y en acceso libre. Para la consulta de los recursos electr\u00f3nicos por suscripci\u00f3n, debe pertenecer a la comunidad ucatense, poseer usuario y contrase\u00f1a. Recurso en<\/p>\n","protected":false},"author":1,"featured_media":0,"parent":1467,"menu_order":0,"comment_status":"closed","ping_status":"closed","template":"fullwidth.php","meta":[],"yoast_head":"<!-- This site is optimized with the Yoast SEO plugin v19.2 - https:\/\/yoast.com\/wordpress\/plugins\/seo\/ -->\n<title>Base de Datos - Universidad Cat\u00f3lica del T\u00e1chira<\/title>\n<meta name=\"robots\" content=\"index, follow, max-snippet:-1, max-image-preview:large, max-video-preview:-1\" \/>\n<link rel=\"canonical\" href=\"https:\/\/www.ucat.edu.ve\/web\/biblioteca\/recursos-electronicos\/base-de-datos\/\" \/>\n<meta property=\"og:locale\" content=\"es_ES\" \/>\n<meta property=\"og:type\" content=\"article\" \/>\n<meta property=\"og:title\" content=\"Base de Datos - Universidad Cat\u00f3lica del T\u00e1chira\" \/>\n<meta property=\"og:description\" content=\"Base de Datos Biblioteca UCAT, brinda a sus usuarios el acceso a importantes recursos electr\u00f3nicos tales como: bases de datos, libros electr\u00f3nicos, revistas electr\u00f3nicas y referencias en l\u00ednea; por suscripci\u00f3n y en acceso libre. Para la consulta de los recursos electr\u00f3nicos por suscripci\u00f3n, debe pertenecer a la comunidad ucatense, poseer usuario y contrase\u00f1a. Recurso en\" \/>\n<meta property=\"og:url\" content=\"https:\/\/www.ucat.edu.ve\/web\/biblioteca\/recursos-electronicos\/base-de-datos\/\" \/>\n<meta property=\"og:site_name\" content=\"Universidad Cat\u00f3lica del T\u00e1chira\" \/>\n<meta property=\"article:publisher\" content=\"https:\/\/www.facebook.com\/notiucat\/\" \/>\n<meta property=\"article:modified_time\" content=\"2023-05-22T19:10:23+00:00\" \/>\n<meta property=\"og:image\" content=\"https:\/\/www.ucat.edu.ve\/web\/wp-content\/uploads\/2018\/03\/Log_EBSCO-323x322.png\" \/>\n<meta name=\"author\" content=\"Superadministrador\" \/>\n<meta name=\"twitter:card\" content=\"summary_large_image\" \/>\n<meta name=\"twitter:site\" content=\"@notiucat\" \/>\n<meta name=\"twitter:label1\" content=\"Est. reading time\" \/>\n\t<meta name=\"twitter:data1\" content=\"2 minutos\" \/>\n<script type=\"application\/ld+json\" class=\"yoast-schema-graph\">{\"@context\":\"https:\/\/schema.org\",\"@graph\":[{\"@type\":\"Organization\",\"@id\":\"https:\/\/www.ucat.edu.ve\/web\/#organization\",\"name\":\"Universidad Cat\u00f3lica Del T\u00e1chira UCAT\",\"url\":\"https:\/\/www.ucat.edu.ve\/web\/\",\"sameAs\":[\"https:\/\/www.instagram.com\/notiucat\/\",\"https:\/\/www.youtube.com\/channel\/UCwEbYSB1R9fzlII-8dcxuYA?view_as=subscriber\",\"https:\/\/www.facebook.com\/notiucat\/\",\"https:\/\/twitter.com\/notiucat\"],\"logo\":{\"@type\":\"ImageObject\",\"inLanguage\":\"es-ES\",\"@id\":\"https:\/\/www.ucat.edu.ve\/web\/#\/schema\/logo\/image\/\",\"url\":\"https:\/\/www.ucat.edu.ve\/web\/wp-content\/uploads\/2015\/07\/logoucat.gif\",\"contentUrl\":\"https:\/\/www.ucat.edu.ve\/web\/wp-content\/uploads\/2015\/07\/logoucat.gif\",\"width\":219,\"height\":155,\"caption\":\"Universidad Cat\u00f3lica Del T\u00e1chira UCAT\"},\"image\":{\"@id\":\"https:\/\/www.ucat.edu.ve\/web\/#\/schema\/logo\/image\/\"}},{\"@type\":\"WebSite\",\"@id\":\"https:\/\/www.ucat.edu.ve\/web\/#website\",\"url\":\"https:\/\/www.ucat.edu.ve\/web\/\",\"name\":\"Universidad Cat\u00f3lica del T\u00e1chira\",\"description\":\"\",\"publisher\":{\"@id\":\"https:\/\/www.ucat.edu.ve\/web\/#organization\"},\"potentialAction\":[{\"@type\":\"SearchAction\",\"target\":{\"@type\":\"EntryPoint\",\"urlTemplate\":\"https:\/\/www.ucat.edu.ve\/web\/?s={search_term_string}\"},\"query-input\":\"required name=search_term_string\"}],\"inLanguage\":\"es-ES\"},{\"@type\":\"ImageObject\",\"inLanguage\":\"es-ES\",\"@id\":\"https:\/\/www.ucat.edu.ve\/web\/biblioteca\/recursos-electronicos\/base-de-datos\/#primaryimage\",\"url\":\"https:\/\/www.ucat.edu.ve\/web\/wp-content\/uploads\/2018\/03\/Log_EBSCO.png\",\"contentUrl\":\"https:\/\/www.ucat.edu.ve\/web\/wp-content\/uploads\/2018\/03\/Log_EBSCO.png\",\"width\":403,\"height\":402},{\"@type\":\"WebPage\",\"@id\":\"https:\/\/www.ucat.edu.ve\/web\/biblioteca\/recursos-electronicos\/base-de-datos\/#webpage\",\"url\":\"https:\/\/www.ucat.edu.ve\/web\/biblioteca\/recursos-electronicos\/base-de-datos\/\",\"name\":\"Base de Datos - Universidad Cat\u00f3lica del T\u00e1chira\",\"isPartOf\":{\"@id\":\"https:\/\/www.ucat.edu.ve\/web\/#website\"},\"primaryImageOfPage\":{\"@id\":\"https:\/\/www.ucat.edu.ve\/web\/biblioteca\/recursos-electronicos\/base-de-datos\/#primaryimage\"},\"datePublished\":\"2017-11-29T17:08:27+00:00\",\"dateModified\":\"2023-05-22T19:10:23+00:00\",\"breadcrumb\":{\"@id\":\"https:\/\/www.ucat.edu.ve\/web\/biblioteca\/recursos-electronicos\/base-de-datos\/#breadcrumb\"},\"inLanguage\":\"es-ES\",\"potentialAction\":[{\"@type\":\"ReadAction\",\"target\":[\"https:\/\/www.ucat.edu.ve\/web\/biblioteca\/recursos-electronicos\/base-de-datos\/\"]}]},{\"@type\":\"BreadcrumbList\",\"@id\":\"https:\/\/www.ucat.edu.ve\/web\/biblioteca\/recursos-electronicos\/base-de-datos\/#breadcrumb\",\"itemListElement\":[{\"@type\":\"ListItem\",\"position\":1,\"name\":\"Home\",\"item\":\"https:\/\/www.ucat.edu.ve\/web\/\"},{\"@type\":\"ListItem\",\"position\":2,\"name\":\"Biblioteca\",\"item\":\"https:\/\/www.ucat.edu.ve\/web\/biblioteca\/\"},{\"@type\":\"ListItem\",\"position\":3,\"name\":\"Recursos Electr\u00f3nicos\",\"item\":\"https:\/\/www.ucat.edu.ve\/web\/biblioteca\/recursos-electronicos\/\"},{\"@type\":\"ListItem\",\"position\":4,\"name\":\"Base de Datos\"}]}]}<\/script>\n<!-- \/ Yoast SEO plugin. -->","yoast_head_json":{"title":"Base de Datos - Universidad Cat\u00f3lica del T\u00e1chira","robots":{"index":"index","follow":"follow","max-snippet":"max-snippet:-1","max-image-preview":"max-image-preview:large","max-video-preview":"max-video-preview:-1"},"canonical":"https:\/\/www.ucat.edu.ve\/web\/biblioteca\/recursos-electronicos\/base-de-datos\/","og_locale":"es_ES","og_type":"article","og_title":"Base de Datos - Universidad Cat\u00f3lica del T\u00e1chira","og_description":"Base de Datos Biblioteca UCAT, brinda a sus usuarios el acceso a importantes recursos electr\u00f3nicos tales como: bases de datos, libros electr\u00f3nicos, revistas electr\u00f3nicas y referencias en l\u00ednea; por suscripci\u00f3n y en acceso libre. Para la consulta de los recursos electr\u00f3nicos por suscripci\u00f3n, debe pertenecer a la comunidad ucatense, poseer usuario y contrase\u00f1a. Recurso en","og_url":"https:\/\/www.ucat.edu.ve\/web\/biblioteca\/recursos-electronicos\/base-de-datos\/","og_site_name":"Universidad Cat\u00f3lica del T\u00e1chira","article_publisher":"https:\/\/www.facebook.com\/notiucat\/","article_modified_time":"2023-05-22T19:10:23+00:00","og_image":[{"url":"https:\/\/www.ucat.edu.ve\/web\/wp-content\/uploads\/2018\/03\/Log_EBSCO-323x322.png"}],"author":"Superadministrador","twitter_card":"summary_large_image","twitter_site":"@notiucat","twitter_misc":{"Est. reading time":"2 minutos"},"schema":{"@context":"https:\/\/schema.org","@graph":[{"@type":"Organization","@id":"https:\/\/www.ucat.edu.ve\/web\/#organization","name":"Universidad Cat\u00f3lica Del T\u00e1chira UCAT","url":"https:\/\/www.ucat.edu.ve\/web\/","sameAs":["https:\/\/www.instagram.com\/notiucat\/","https:\/\/www.youtube.com\/channel\/UCwEbYSB1R9fzlII-8dcxuYA?view_as=subscriber","https:\/\/www.facebook.com\/notiucat\/","https:\/\/twitter.com\/notiucat"],"logo":{"@type":"ImageObject","inLanguage":"es-ES","@id":"https:\/\/www.ucat.edu.ve\/web\/#\/schema\/logo\/image\/","url":"https:\/\/www.ucat.edu.ve\/web\/wp-content\/uploads\/2015\/07\/logoucat.gif","contentUrl":"https:\/\/www.ucat.edu.ve\/web\/wp-content\/uploads\/2015\/07\/logoucat.gif","width":219,"height":155,"caption":"Universidad Cat\u00f3lica Del T\u00e1chira UCAT"},"image":{"@id":"https:\/\/www.ucat.edu.ve\/web\/#\/schema\/logo\/image\/"}},{"@type":"WebSite","@id":"https:\/\/www.ucat.edu.ve\/web\/#website","url":"https:\/\/www.ucat.edu.ve\/web\/","name":"Universidad Cat\u00f3lica del T\u00e1chira","description":"","publisher":{"@id":"https:\/\/www.ucat.edu.ve\/web\/#organization"},"potentialAction":[{"@type":"SearchAction","target":{"@type":"EntryPoint","urlTemplate":"https:\/\/www.ucat.edu.ve\/web\/?s={search_term_string}"},"query-input":"required name=search_term_string"}],"inLanguage":"es-ES"},{"@type":"ImageObject","inLanguage":"es-ES","@id":"https:\/\/www.ucat.edu.ve\/web\/biblioteca\/recursos-electronicos\/base-de-datos\/#primaryimage","url":"https:\/\/www.ucat.edu.ve\/web\/wp-content\/uploads\/2018\/03\/Log_EBSCO.png","contentUrl":"https:\/\/www.ucat.edu.ve\/web\/wp-content\/uploads\/2018\/03\/Log_EBSCO.png","width":403,"height":402},{"@type":"WebPage","@id":"https:\/\/www.ucat.edu.ve\/web\/biblioteca\/recursos-electronicos\/base-de-datos\/#webpage","url":"https:\/\/www.ucat.edu.ve\/web\/biblioteca\/recursos-electronicos\/base-de-datos\/","name":"Base de Datos - Universidad Cat\u00f3lica del T\u00e1chira","isPartOf":{"@id":"https:\/\/www.ucat.edu.ve\/web\/#website"},"primaryImageOfPage":{"@id":"https:\/\/www.ucat.edu.ve\/web\/biblioteca\/recursos-electronicos\/base-de-datos\/#primaryimage"},"datePublished":"2017-11-29T17:08:27+00:00","dateModified":"2023-05-22T19:10:23+00:00","breadcrumb":{"@id":"https:\/\/www.ucat.edu.ve\/web\/biblioteca\/recursos-electronicos\/base-de-datos\/#breadcrumb"},"inLanguage":"es-ES","potentialAction":[{"@type":"ReadAction","target":["https:\/\/www.ucat.edu.ve\/web\/biblioteca\/recursos-electronicos\/base-de-datos\/"]}]},{"@type":"BreadcrumbList","@id":"https:\/\/www.ucat.edu.ve\/web\/biblioteca\/recursos-electronicos\/base-de-datos\/#breadcrumb","itemListElement":[{"@type":"ListItem","position":1,"name":"Home","item":"https:\/\/www.ucat.edu.ve\/web\/"},{"@type":"ListItem","position":2,"name":"Biblioteca","item":"https:\/\/www.ucat.edu.ve\/web\/biblioteca\/"},{"@type":"ListItem","position":3,"name":"Recursos Electr\u00f3nicos","item":"https:\/\/www.ucat.edu.ve\/web\/biblioteca\/recursos-electronicos\/"},{"@type":"ListItem","position":4,"name":"Base de Datos"}]}]}},"_links":{"self":[{"href":"https:\/\/www.ucat.edu.ve\/web\/wp-json\/wp\/v2\/pages\/2833"}],"collection":[{"href":"https:\/\/www.ucat.edu.ve\/web\/wp-json\/wp\/v2\/pages"}],"about":[{"href":"https:\/\/www.ucat.edu.ve\/web\/wp-json\/wp\/v2\/types\/page"}],"author":[{"embeddable":true,"href":"https:\/\/www.ucat.edu.ve\/web\/wp-json\/wp\/v2\/users\/1"}],"replies":[{"embeddable":true,"href":"https:\/\/www.ucat.edu.ve\/web\/wp-json\/wp\/v2\/comments?post=2833"}],"version-history":[{"count":2,"href":"https:\/\/www.ucat.edu.ve\/web\/wp-json\/wp\/v2\/pages\/2833\/revisions"}],"predecessor-version":[{"id":11149,"href":"https:\/\/www.ucat.edu.ve\/web\/wp-json\/wp\/v2\/pages\/2833\/revisions\/11149"}],"up":[{"embeddable":true,"href":"https:\/\/www.ucat.edu.ve\/web\/wp-json\/wp\/v2\/pages\/1467"}],"wp:attachment":[{"href":"https:\/\/www.ucat.edu.ve\/web\/wp-json\/wp\/v2\/media?parent=2833"}],"curies":[{"name":"wp","href":"https:\/\/api.w.org\/{rel}","templated":true}]}}