 {"id":2871,"date":"2017-12-12T15:17:45","date_gmt":"2017-12-12T15:17:45","guid":{"rendered":"http:\/\/www.ucat.edu.ve\/web\/?page_id=2871"},"modified":"2017-12-14T14:47:27","modified_gmt":"2017-12-14T14:47:27","slug":"referencias-en-linea","status":"publish","type":"page","link":"https:\/\/www.ucat.edu.ve\/web\/biblioteca\/recursos-electronicos\/referencias-en-linea\/","title":{"rendered":"Referencias en L\u00ednea"},"content":{"rendered":"<p>&nbsp;<br \/>\n&nbsp;<\/p>\n<p style=\"text-align: center;\">Encuentra el acceso directo a los principales repositorios Acad\u00e9micos y especializados.<\/p>\n<p>&nbsp;<br \/>\n&nbsp;<\/p>\n<table border=\"0\" width=\"100%\" cellspacing=\"0\" cellpadding=\"0\">\n<tbody>\n<tr>\n<td><img loading=\"lazy\" class=\"aligncenter size-full wp-image-1477\" src=\"http:\/\/www.ucat.edu.ve\/web\/wp-content\/uploads\/2017\/12\/Log_BD_MUNDIAL.png\" alt=\"ebsco\" width=\"303\" height=\"302\" \/><\/p>\n<p style=\"text-align: center;\">Estudios e informaciones multidisciplinarios disponibles para todo tipo de investigaciones<\/p>\n<p style=\"text-align: center;\"><a class=\"NavSmallver\" href=\"https:\/\/www.wdl.org\/es\/\" target=\"_blank\">Ir al Sitio<\/a><\/p>\n<\/td>\n<td><img loading=\"lazy\" class=\"aligncenter size-full wp-image-1477\" src=\"http:\/\/www.ucat.edu.ve\/web\/wp-content\/uploads\/2017\/12\/Log_MIGUELDECERVANTES.png\" alt=\"ebsco\" width=\"303\" height=\"302\" \/><\/p>\n<p style=\"text-align: center;\">Biblioteca virtual sobre estudios en el \u00e1rea de literatura, lenguaje e historia.<\/p>\n<p style=\"text-align: center;\"><a class=\"NavSmallver\" href=\"http:\/\/www.cervantesvirtual.com\/\" target=\"_blank\">Ir al Sitio<\/a><\/p>\n<\/td>\n<\/tr>\n<tr>\n<td><img loading=\"lazy\" class=\"aligncenter size-full wp-image-1477\" src=\"http:\/\/www.ucat.edu.ve\/web\/wp-content\/uploads\/2017\/12\/Log_DOAJ.png\" width=\"303\" height=\"302\" \/><\/p>\n<p style=\"text-align: center;\">Directorio de revistas especializadas multidisciplinarias y art\u00edculos de opci\u00f3n. <\/p>\n<p style=\"text-align: center;\"><a class=\"NavSmallver\" href=\"https:\/\/doaj.org\/\" target=\"_blank\">Ir al Sitio<\/a><\/p>\n<\/td>\n<td><img loading=\"lazy\" class=\"aligncenter size-full wp-image-1477\" src=\"http:\/\/www.ucat.edu.ve\/web\/wp-content\/uploads\/2017\/12\/Log_LATINDEX.png\" alt=\"ebsco\" width=\"303\" height=\"302\" \/><\/p>\n<p style=\"text-align: center;\">Informaci\u00f3n en l\u00ednea sobre revistas especializadas en Hispanoam\u00e9rica.<\/p>\n<p style=\"text-align: center;\"><a class=\"NavSmallver\" href=\"http:\/\/www.latindex.unam.mx\/latindex\/inicio\" target=\"_blank\">Ir al Sitio<\/a><\/p>\n<\/td>\n<\/tr>\n<tr>\n<td><img loading=\"lazy\" class=\"aligncenter size-full wp-image-1477\" src=\"http:\/\/www.ucat.edu.ve\/web\/wp-content\/uploads\/2017\/12\/Log_CEPAL.png\" alt=\"ebsco\" width=\"303\" height=\"302\" \/><\/p>\n<p style=\"text-align: center;\">El portal de CEPAL pone a disposici\u00f3n documentos electr\u00f3nicos con investigaciones y estad\u00edsticas oficiales de Latinoam\u00e9rica.<\/p>\n<p style=\"text-align: center;\"><a class=\"NavSmallver\" href=\"https:\/\/www.cepal.org\/biblioteca\/\" target=\"_blank\">Ir al Sitio<\/a><\/p>\n<\/td>\n<td><img loading=\"lazy\" class=\"aligncenter size-full wp-image-1477\" src=\"http:\/\/www.ucat.edu.ve\/web\/wp-content\/uploads\/2017\/12\/Log_BANCO_MUNDIAL.png\" alt=\"ebsco\" width=\"303\" height=\"302\" \/><\/p>\n<p style=\"text-align: center;\">P\u00e1gina oficial del BM con publicaciones sobre desarrollo y econom\u00eda.<\/p>\n<p style=\"text-align: center;\"><a class=\"NavSmallver\" href=\"http:\/\/www.bancomundial.org\/\" target=\"_blank\">Ir al Sitio<\/a><\/p>\n<\/td>\n<\/tr>\n<tr>\n<td><img loading=\"lazy\" class=\"aligncenter size-full wp-image-1477\" src=\"http:\/\/www.ucat.edu.ve\/web\/wp-content\/uploads\/2017\/12\/Log_GOOGLE.png\" width=\"303\" height=\"302\" \/><\/p>\n<p style=\"text-align: center;\">Recursos, documentos y datos estad\u00edsticos sobre la situaci\u00f3n mundial de los refugiados. <\/p>\n<p style=\"text-align: center;\"><a class=\"NavSmallver\" href=\" https:\/\/scholar.google.es\/\" target=\"_blank\">Ir al Sitio<\/a><\/p>\n<\/td>\n<td><img loading=\"lazy\" class=\"aligncenter size-full wp-image-1477\" src=\"http:\/\/www.ucat.edu.ve\/web\/wp-content\/uploads\/2017\/12\/Log_ACNUR.png\" alt=\"ebsco\" width=\"303\" height=\"302\" \/><\/p>\n<p style=\"text-align: center;\">Informaci\u00f3n en l\u00ednea sobre revistas especializadas en Hispanoam\u00e9rica.<\/p>\n<p style=\"text-align: center;\"><a class=\"NavSmallver\" href=\"http:\/\/www.acnur.org\/recursos\/\" target=\"_blank\">Ir al Sitio<\/a><\/p>\n<\/td>\n<\/tr>\n<\/tbody>\n<\/table>\n<p>&nbsp;<\/p>\n","protected":false},"excerpt":{"rendered":"<p>&nbsp; &nbsp; Encuentra el acceso directo a los principales repositorios Acad\u00e9micos y especializados. &nbsp; &nbsp; Estudios e informaciones multidisciplinarios disponibles para todo tipo de investigaciones Ir al Sitio Biblioteca virtual sobre estudios en el \u00e1rea de literatura, lenguaje e historia. Ir al Sitio Directorio de revistas especializadas multidisciplinarias y art\u00edculos de opci\u00f3n. Ir al Sitio<\/p>\n","protected":false},"author":27,"featured_media":0,"parent":1467,"menu_order":0,"comment_status":"closed","ping_status":"closed","template":"fullwidth.php","meta":[],"yoast_head":"<!-- This site is optimized with the Yoast SEO plugin v19.2 - https:\/\/yoast.com\/wordpress\/plugins\/seo\/ -->\n<title>Referencias en L\u00ednea - Universidad Cat\u00f3lica del T\u00e1chira<\/title>\n<meta name=\"robots\" content=\"index, follow, max-snippet:-1, max-image-preview:large, max-video-preview:-1\" \/>\n<link rel=\"canonical\" href=\"https:\/\/www.ucat.edu.ve\/web\/biblioteca\/recursos-electronicos\/referencias-en-linea\/\" \/>\n<meta property=\"og:locale\" content=\"es_ES\" \/>\n<meta property=\"og:type\" content=\"article\" \/>\n<meta property=\"og:title\" content=\"Referencias en L\u00ednea - Universidad Cat\u00f3lica del T\u00e1chira\" \/>\n<meta property=\"og:description\" content=\"&nbsp; &nbsp; Encuentra el acceso directo a los principales repositorios Acad\u00e9micos y especializados. &nbsp; &nbsp; Estudios e informaciones multidisciplinarios disponibles para todo tipo de investigaciones Ir al Sitio Biblioteca virtual sobre estudios en el \u00e1rea de literatura, lenguaje e historia. Ir al Sitio Directorio de revistas especializadas multidisciplinarias y art\u00edculos de opci\u00f3n. Ir al Sitio\" \/>\n<meta property=\"og:url\" content=\"https:\/\/www.ucat.edu.ve\/web\/biblioteca\/recursos-electronicos\/referencias-en-linea\/\" \/>\n<meta property=\"og:site_name\" content=\"Universidad Cat\u00f3lica del T\u00e1chira\" \/>\n<meta property=\"article:publisher\" content=\"https:\/\/www.facebook.com\/notiucat\/\" \/>\n<meta property=\"article:modified_time\" content=\"2017-12-14T14:47:27+00:00\" \/>\n<meta property=\"og:image\" content=\"http:\/\/www.ucat.edu.ve\/web\/wp-content\/uploads\/2017\/12\/Log_BD_MUNDIAL.png\" \/>\n<meta name=\"author\" content=\"William Ramirez\" \/>\n<meta name=\"twitter:card\" content=\"summary_large_image\" \/>\n<meta name=\"twitter:site\" content=\"@notiucat\" \/>\n<meta name=\"twitter:label1\" content=\"Est. reading time\" \/>\n\t<meta name=\"twitter:data1\" content=\"1 minuto\" \/>\n<script type=\"application\/ld+json\" class=\"yoast-schema-graph\">{\"@context\":\"https:\/\/schema.org\",\"@graph\":[{\"@type\":\"Organization\",\"@id\":\"https:\/\/www.ucat.edu.ve\/web\/#organization\",\"name\":\"Universidad Cat\u00f3lica Del T\u00e1chira UCAT\",\"url\":\"https:\/\/www.ucat.edu.ve\/web\/\",\"sameAs\":[\"https:\/\/www.instagram.com\/notiucat\/\",\"https:\/\/www.youtube.com\/channel\/UCwEbYSB1R9fzlII-8dcxuYA?view_as=subscriber\",\"https:\/\/www.facebook.com\/notiucat\/\",\"https:\/\/twitter.com\/notiucat\"],\"logo\":{\"@type\":\"ImageObject\",\"inLanguage\":\"es-ES\",\"@id\":\"https:\/\/www.ucat.edu.ve\/web\/#\/schema\/logo\/image\/\",\"url\":\"https:\/\/www.ucat.edu.ve\/web\/wp-content\/uploads\/2015\/07\/logoucat.gif\",\"contentUrl\":\"https:\/\/www.ucat.edu.ve\/web\/wp-content\/uploads\/2015\/07\/logoucat.gif\",\"width\":219,\"height\":155,\"caption\":\"Universidad Cat\u00f3lica Del T\u00e1chira UCAT\"},\"image\":{\"@id\":\"https:\/\/www.ucat.edu.ve\/web\/#\/schema\/logo\/image\/\"}},{\"@type\":\"WebSite\",\"@id\":\"https:\/\/www.ucat.edu.ve\/web\/#website\",\"url\":\"https:\/\/www.ucat.edu.ve\/web\/\",\"name\":\"Universidad Cat\u00f3lica del T\u00e1chira\",\"description\":\"\",\"publisher\":{\"@id\":\"https:\/\/www.ucat.edu.ve\/web\/#organization\"},\"potentialAction\":[{\"@type\":\"SearchAction\",\"target\":{\"@type\":\"EntryPoint\",\"urlTemplate\":\"https:\/\/www.ucat.edu.ve\/web\/?s={search_term_string}\"},\"query-input\":\"required name=search_term_string\"}],\"inLanguage\":\"es-ES\"},{\"@type\":\"ImageObject\",\"inLanguage\":\"es-ES\",\"@id\":\"https:\/\/www.ucat.edu.ve\/web\/biblioteca\/recursos-electronicos\/referencias-en-linea\/#primaryimage\",\"url\":\"http:\/\/www.ucat.edu.ve\/web\/wp-content\/uploads\/2017\/12\/Log_BD_MUNDIAL.png\",\"contentUrl\":\"http:\/\/www.ucat.edu.ve\/web\/wp-content\/uploads\/2017\/12\/Log_BD_MUNDIAL.png\"},{\"@type\":\"WebPage\",\"@id\":\"https:\/\/www.ucat.edu.ve\/web\/biblioteca\/recursos-electronicos\/referencias-en-linea\/#webpage\",\"url\":\"https:\/\/www.ucat.edu.ve\/web\/biblioteca\/recursos-electronicos\/referencias-en-linea\/\",\"name\":\"Referencias en L\u00ednea - Universidad Cat\u00f3lica del T\u00e1chira\",\"isPartOf\":{\"@id\":\"https:\/\/www.ucat.edu.ve\/web\/#website\"},\"primaryImageOfPage\":{\"@id\":\"https:\/\/www.ucat.edu.ve\/web\/biblioteca\/recursos-electronicos\/referencias-en-linea\/#primaryimage\"},\"datePublished\":\"2017-12-12T15:17:45+00:00\",\"dateModified\":\"2017-12-14T14:47:27+00:00\",\"breadcrumb\":{\"@id\":\"https:\/\/www.ucat.edu.ve\/web\/biblioteca\/recursos-electronicos\/referencias-en-linea\/#breadcrumb\"},\"inLanguage\":\"es-ES\",\"potentialAction\":[{\"@type\":\"ReadAction\",\"target\":[\"https:\/\/www.ucat.edu.ve\/web\/biblioteca\/recursos-electronicos\/referencias-en-linea\/\"]}]},{\"@type\":\"BreadcrumbList\",\"@id\":\"https:\/\/www.ucat.edu.ve\/web\/biblioteca\/recursos-electronicos\/referencias-en-linea\/#breadcrumb\",\"itemListElement\":[{\"@type\":\"ListItem\",\"position\":1,\"name\":\"Home\",\"item\":\"https:\/\/www.ucat.edu.ve\/web\/\"},{\"@type\":\"ListItem\",\"position\":2,\"name\":\"Biblioteca\",\"item\":\"https:\/\/www.ucat.edu.ve\/web\/biblioteca\/\"},{\"@type\":\"ListItem\",\"position\":3,\"name\":\"Recursos Electr\u00f3nicos\",\"item\":\"https:\/\/www.ucat.edu.ve\/web\/biblioteca\/recursos-electronicos\/\"},{\"@type\":\"ListItem\",\"position\":4,\"name\":\"Referencias en L\u00ednea\"}]}]}<\/script>\n<!-- \/ Yoast SEO plugin. -->","yoast_head_json":{"title":"Referencias en L\u00ednea - Universidad Cat\u00f3lica del T\u00e1chira","robots":{"index":"index","follow":"follow","max-snippet":"max-snippet:-1","max-image-preview":"max-image-preview:large","max-video-preview":"max-video-preview:-1"},"canonical":"https:\/\/www.ucat.edu.ve\/web\/biblioteca\/recursos-electronicos\/referencias-en-linea\/","og_locale":"es_ES","og_type":"article","og_title":"Referencias en L\u00ednea - Universidad Cat\u00f3lica del T\u00e1chira","og_description":"&nbsp; &nbsp; Encuentra el acceso directo a los principales repositorios Acad\u00e9micos y especializados. &nbsp; &nbsp; Estudios e informaciones multidisciplinarios disponibles para todo tipo de investigaciones Ir al Sitio Biblioteca virtual sobre estudios en el \u00e1rea de literatura, lenguaje e historia. Ir al Sitio Directorio de revistas especializadas multidisciplinarias y art\u00edculos de opci\u00f3n. Ir al Sitio","og_url":"https:\/\/www.ucat.edu.ve\/web\/biblioteca\/recursos-electronicos\/referencias-en-linea\/","og_site_name":"Universidad Cat\u00f3lica del T\u00e1chira","article_publisher":"https:\/\/www.facebook.com\/notiucat\/","article_modified_time":"2017-12-14T14:47:27+00:00","og_image":[{"url":"http:\/\/www.ucat.edu.ve\/web\/wp-content\/uploads\/2017\/12\/Log_BD_MUNDIAL.png"}],"author":"William Ramirez","twitter_card":"summary_large_image","twitter_site":"@notiucat","twitter_misc":{"Est. reading time":"1 minuto"},"schema":{"@context":"https:\/\/schema.org","@graph":[{"@type":"Organization","@id":"https:\/\/www.ucat.edu.ve\/web\/#organization","name":"Universidad Cat\u00f3lica Del T\u00e1chira UCAT","url":"https:\/\/www.ucat.edu.ve\/web\/","sameAs":["https:\/\/www.instagram.com\/notiucat\/","https:\/\/www.youtube.com\/channel\/UCwEbYSB1R9fzlII-8dcxuYA?view_as=subscriber","https:\/\/www.facebook.com\/notiucat\/","https:\/\/twitter.com\/notiucat"],"logo":{"@type":"ImageObject","inLanguage":"es-ES","@id":"https:\/\/www.ucat.edu.ve\/web\/#\/schema\/logo\/image\/","url":"https:\/\/www.ucat.edu.ve\/web\/wp-content\/uploads\/2015\/07\/logoucat.gif","contentUrl":"https:\/\/www.ucat.edu.ve\/web\/wp-content\/uploads\/2015\/07\/logoucat.gif","width":219,"height":155,"caption":"Universidad Cat\u00f3lica Del T\u00e1chira UCAT"},"image":{"@id":"https:\/\/www.ucat.edu.ve\/web\/#\/schema\/logo\/image\/"}},{"@type":"WebSite","@id":"https:\/\/www.ucat.edu.ve\/web\/#website","url":"https:\/\/www.ucat.edu.ve\/web\/","name":"Universidad Cat\u00f3lica del T\u00e1chira","description":"","publisher":{"@id":"https:\/\/www.ucat.edu.ve\/web\/#organization"},"potentialAction":[{"@type":"SearchAction","target":{"@type":"EntryPoint","urlTemplate":"https:\/\/www.ucat.edu.ve\/web\/?s={search_term_string}"},"query-input":"required name=search_term_string"}],"inLanguage":"es-ES"},{"@type":"ImageObject","inLanguage":"es-ES","@id":"https:\/\/www.ucat.edu.ve\/web\/biblioteca\/recursos-electronicos\/referencias-en-linea\/#primaryimage","url":"http:\/\/www.ucat.edu.ve\/web\/wp-content\/uploads\/2017\/12\/Log_BD_MUNDIAL.png","contentUrl":"http:\/\/www.ucat.edu.ve\/web\/wp-content\/uploads\/2017\/12\/Log_BD_MUNDIAL.png"},{"@type":"WebPage","@id":"https:\/\/www.ucat.edu.ve\/web\/biblioteca\/recursos-electronicos\/referencias-en-linea\/#webpage","url":"https:\/\/www.ucat.edu.ve\/web\/biblioteca\/recursos-electronicos\/referencias-en-linea\/","name":"Referencias en L\u00ednea - Universidad Cat\u00f3lica del T\u00e1chira","isPartOf":{"@id":"https:\/\/www.ucat.edu.ve\/web\/#website"},"primaryImageOfPage":{"@id":"https:\/\/www.ucat.edu.ve\/web\/biblioteca\/recursos-electronicos\/referencias-en-linea\/#primaryimage"},"datePublished":"2017-12-12T15:17:45+00:00","dateModified":"2017-12-14T14:47:27+00:00","breadcrumb":{"@id":"https:\/\/www.ucat.edu.ve\/web\/biblioteca\/recursos-electronicos\/referencias-en-linea\/#breadcrumb"},"inLanguage":"es-ES","potentialAction":[{"@type":"ReadAction","target":["https:\/\/www.ucat.edu.ve\/web\/biblioteca\/recursos-electronicos\/referencias-en-linea\/"]}]},{"@type":"BreadcrumbList","@id":"https:\/\/www.ucat.edu.ve\/web\/biblioteca\/recursos-electronicos\/referencias-en-linea\/#breadcrumb","itemListElement":[{"@type":"ListItem","position":1,"name":"Home","item":"https:\/\/www.ucat.edu.ve\/web\/"},{"@type":"ListItem","position":2,"name":"Biblioteca","item":"https:\/\/www.ucat.edu.ve\/web\/biblioteca\/"},{"@type":"ListItem","position":3,"name":"Recursos Electr\u00f3nicos","item":"https:\/\/www.ucat.edu.ve\/web\/biblioteca\/recursos-electronicos\/"},{"@type":"ListItem","position":4,"name":"Referencias en L\u00ednea"}]}]}},"_links":{"self":[{"href":"https:\/\/www.ucat.edu.ve\/web\/wp-json\/wp\/v2\/pages\/2871"}],"collection":[{"href":"https:\/\/www.ucat.edu.ve\/web\/wp-json\/wp\/v2\/pages"}],"about":[{"href":"https:\/\/www.ucat.edu.ve\/web\/wp-json\/wp\/v2\/types\/page"}],"author":[{"embeddable":true,"href":"https:\/\/www.ucat.edu.ve\/web\/wp-json\/wp\/v2\/users\/27"}],"replies":[{"embeddable":true,"href":"https:\/\/www.ucat.edu.ve\/web\/wp-json\/wp\/v2\/comments?post=2871"}],"version-history":[{"count":0,"href":"https:\/\/www.ucat.edu.ve\/web\/wp-json\/wp\/v2\/pages\/2871\/revisions"}],"up":[{"embeddable":true,"href":"https:\/\/www.ucat.edu.ve\/web\/wp-json\/wp\/v2\/pages\/1467"}],"wp:attachment":[{"href":"https:\/\/www.ucat.edu.ve\/web\/wp-json\/wp\/v2\/media?parent=2871"}],"curies":[{"name":"wp","href":"https:\/\/api.w.org\/{rel}","templated":true}]}}