 {"id":298,"date":"2015-07-21T15:42:16","date_gmt":"2015-07-21T15:42:16","guid":{"rendered":"http:\/\/190.202.129.93:7600\/ucat\/?page_id=298"},"modified":"2017-07-17T15:56:12","modified_gmt":"2017-07-17T15:56:12","slug":"quienes-somos","status":"publish","type":"page","link":"https:\/\/www.ucat.edu.ve\/web\/investigacion-y-postgrado\/observatorio-social\/quienes-somos\/","title":{"rendered":"Quienes Somos"},"content":{"rendered":"<p><center><img loading=\"lazy\" class=\"aligncenter size-full wp-image-2199\" src=\"http:\/\/www.ucat.edu.ve\/web\/wp-content\/uploads\/2015\/07\/logo_observatorio_ucat.png\" alt=\"logo_observatorio_ucat\" width=\"219\" height=\"155\" \/><\/center><\/p>\n<p style=\"text-align: justify;\"><div class=\"su-spacer\" style=\"height:10px\"><\/div>\n<p style=\"text-align: justify;\">El \u00a0Observatorio Social del Estado T\u00e1chira tiene como misi\u00f3n contribuir a la \u00a0reflexi\u00f3n, y al dise\u00f1o de soluciones conjuntas, a partir de estudios sociales y \u00a0econ\u00f3micos, mediante la recolecci\u00f3n de \u00a0datos, generaci\u00f3n de \u00a0estad\u00edsticas sobre \u00a0las realidades en el Estado T\u00e1chira y las zonas del Estado Apure en donde \u00a0funcionan los programas de la Compa\u00f1\u00eda de Jes\u00fas. Mediante investigaciones metodol\u00f3gicamente \u00a0rigurosas, estad\u00edsticas y contenidos pertinentes y oportunos muestra la \u00a0realidad social con la finalidad de contribuir a crear alternativas de \u00a0soluciones de intervenci\u00f3n a nivel preventivo y correctivo, en beneficio de la \u00a0sociedad de modo especial a los responsables &#8211; directos e indirectos -de contribuir con el dise\u00f1o y aplicaci\u00f3n de pol\u00edticas p\u00fablicas en favor del bien \u00a0com\u00fan, \u00a0todo ello de acuerdo a las \u00a0siguientes situaciones, agrupadas por cap\u00edtulos:<\/p>\n<p style=\"text-align: justify;\"><div class=\"su-list\" style=\"margin-left:0px\">\n<p style=\"text-align: justify; padding-left: 30px;\"><strong>\u00b7<\/strong> I. Violencia familiar en el Estado T\u00e1chira. (Parejas, ni\u00f1os, adultos mayores).<br \/>\n<strong>\u00b7<\/strong> II. La pobreza en el Estado T\u00e1chira. (Aspectos socio demogr\u00e1ficos, empleo, desempleo, educaci\u00f3n, salud).<br \/>\n<strong>\u00b7<\/strong> III. Ni\u00f1os y adolescentes y adultos mayores.<br \/>\n<strong>\u00b7<\/strong> IV. Violencia interpersonal.<br \/>\n<strong>\u00b7<\/strong> V. Cultura Juvenil (pr\u00e1cticas, creencias y aspiraciones de los j\u00f3venes).<br \/>\n<strong>\u00b7<\/strong> VI. Migraci\u00f3n, refugiados y desplazados.<br \/>\n<strong>\u00b7<\/strong> VII. Contrabando, narcotr\u00e1fico.<br \/>\n<strong>\u00b7<\/strong> VIII. Alcoholismo y consumo de drogas (legales &#8211; ilegales).<br \/>\n<strong>\u00b7\u00a0<\/strong>IX. Educaci\u00f3n y vida ciudadana. (Individual &#8211; proyecci\u00f3n de vida, comunitaria: resoluci\u00f3n y manejo de conflictos).<\/p>\n<p style=\"text-align: justify;\"><\/div>\n<p style=\"text-align: justify;\" align=\"justify\">De igual modo, el conocimiento de la realidad social facilitar\u00e1 que la Universidad \u00a0pueda dise\u00f1ar programas de servicio comunitario, entre otros, acordes y \u00a0pertinentes con su compromiso social y as\u00ed ayudar a superar la problem\u00e1tica \u00a0actual.<\/p>\n<p style=\"text-align: justify;\" align=\"justify\">La \u00a0visi\u00f3n del OSET-UCAT es ser reconocido a nivel regional por los datos \u00a0estad\u00edsticos confiables y de referencia, que reflejen la realidad social y \u00a0econ\u00f3mica del Estado T\u00e1chira, obtenida bajo metodolog\u00edas cuantitativas y \u00a0cualitativas rigurosas, bajo un enfoque integral.<\/p>\n<div align=\"center\"><span class=\"oset\">Detr\u00e1s de cada cifra, hay una historia de vida <\/span><\/div>\n<p><script type=\"text\/javascript\">\/\/ <![CDATA[\n( function(){ var menu1=new Scl.Menu(160); menu1.addItem(\"Objetivos\",\"http:\/\/www.ucat.edu.ve\/nuevo\/INVESTIGACION\/observatorio\/violencia_intrafamiliar\/OBJETIVOS.pdf\"); menu1.addItem(\"Problema\",\"http:\/\/www.ucat.edu.ve\/nuevo\/INVESTIGACION\/observatorio\/violencia_intrafamiliar\/PROBLEMA.pdf\"); menu1.addItem(\"Poblaci\u00f3n y Muestra\",\"http:\/\/www.ucat.edu.ve\/nuevo\/INVESTIGACION\/observatorio\/violencia_intrafamiliar\/POBLACION_MUESTRA.pdf\"); menu1.addItem(\"Metodolog\u00eda\",\"http:\/\/www.ucat.edu.ve\/nuevo\/INVESTIGACION\/observatorio\/violencia_intrafamiliar\/Metodologia_Violencia_intrafamiliar.pdf\"); menu1.addItem(\"Estad\u00edsticas Oficiales\",\"http:\/\/www.ucat.edu.ve\/nuevo\/INVESTIGACION\/observatorio\/violencia_intrafamiliar\/ESTADIST_OFICIALES.pdf\"); menu1.addItem(\"Estad\u00edsticas OSET-UCAT\",\"http:\/\/www.ucat.edu.ve\/nuevo\/INVESTIGACION\/observatorio\/violencia_intrafamiliar\/ESTADISTICAS-OSET-UCAT.pdf\"); menu1.addItem(\"Estad\u00edsticas OSET-UCAT (Documento 3)\",\"http:\/\/www.ucat.edu.ve\/nuevo\/INVESTIGACION\/observatorio\/violencia_intrafamiliar\/ESTADISTICAS-OSET-UCAT-doc3.pdf\"); menu1.dockTo(\"boton1\"); var menu2=new Scl.Menu(200); menu2.addItem(\"Objetivos\",\"http:\/\/www.ucat.edu.ve\/nuevo\/INVESTIGACION\/observatorio\/violencia_interpersonal\/OBJETIVOS.pdf\"); menu2.addItem(\"Convenio UCAT-LACSO\",\"http:\/\/www.ucat.edu.ve\/nuevo\/INVESTIGACION\/observatorio\/violencia_interpersonal\/Convenio_UCAT_LACSO.pdf\"); menu2.addItem(\"Instrumento\",\"http:\/\/www.ucat.edu.ve\/nuevo\/INVESTIGACION\/observatorio\/violencia_interpersonal\/INSTRUMENTO.pdf\"); menu2.addItem(\"Metodolog\u00eda\",\"http:\/\/www.ucat.edu.ve\/nuevo\/INVESTIGACION\/observatorio\/violencia_interpersonal\/Metodologia_Violencia_interpersonal.pdf\"); menu2.addItem(\"Estad\u00edsticas 2009\",\"http:\/\/www.ucat.edu.ve\/nuevo\/INVESTIGACION\/observatorio\/violencia_interpersonal\/estadisticas_2009.pdf\"); menu2.addItem(\"Estad\u00edsticas 2010\",\"http:\/\/www.ucat.edu.ve\/nuevo\/INVESTIGACION\/observatorio\/violencia_interpersonal\/estadisticas_2010.pdf\"); menu2.addItem(\"Estadisticas 2011\",\"http:\/\/www.ucat.edu.ve\/nuevo\/INVESTIGACION\/observatorio\/violencia_interpersonal\/estadisticas_2011.pdf\"); menu2.addItem(\"Estadisticas 2012\",\"http:\/\/www.ucat.edu.ve\/nuevo\/INVESTIGACION\/observatorio\/violencia_interpersonal\/estadisticas_2012.pdf\"); menu2.addItem(\"Estadisticas 2013\",\"http:\/\/www.ucat.edu.ve\/nuevo\/INVESTIGACION\/observatorio\/violencia_interpersonal\/estadisticas_2013.pdf\"); menu2.addItem(\"Estadisticas 2014\",\"http:\/\/www.ucat.edu.ve\/nuevo\/INVESTIGACION\/observatorio\/violencia_interpersonal\/estadisticas_2014.pdf\"); menu2.addItem(\"Estadisticas 2015\",\"http:\/\/www.ucat.edu.ve\/nuevo\/INVESTIGACION\/observatorio\/violencia_interpersonal\/estadisticas_2015.pdf\"); menu2.addItem(\"Informe 2009\",\"http:\/\/www.ucat.edu.ve\/nuevo\/INVESTIGACION\/observatorio\/violencia_interpersonal\/Informe2009_Violencia_Interpersonal.pdf\"); menu2.addItem(\"Informe 2010\",\"http:\/\/www.ucat.edu.ve\/nuevo\/INVESTIGACION\/observatorio\/violencia_interpersonal\/Informe2010_Violencia_Interpersonal.pdf\"); menu2.addItem(\"Informe 2011\",\"http:\/\/www.ucat.edu.ve\/nuevo\/INVESTIGACION\/observatorio\/violencia_interpersonal\/Informe2011.pdf\");menu2.addItem(\"Informe 2013\",\"http:\/\/www.ucat.edu.ve\/nuevo\/INVESTIGACION\/observatorio\/violencia_interpersonal\/Informe2013.pdf\");menu2.addItem(\"Informe 2014\",\"http:\/\/www.ucat.edu.ve\/nuevo\/INVESTIGACION\/observatorio\/violencia_interpersonal\/Informe2014.pdf\");menu2.dockTo(\"boton2\"); var menu3=new Scl.Menu(205); menu3.bottomToTop=false; menu3.addItem(\"Objetivos\",\"http:\/\/www.ucat.edu.ve\/nuevo\/INVESTIGACION\/observatorio\/pobreza\/OBJETIVOS.pdf\"); menu3.addItem(\"Problema\",\"http:\/\/www.ucat.edu.ve\/nuevo\/INVESTIGACION\/observatorio\/pobreza\/PROBLEMA.pdf\"); menu3.addItem(\"Poblaci\u00f3n y Muestra\",\"http:\/\/www.ucat.edu.ve\/nuevo\/INVESTIGACION\/observatorio\/pobreza\/POBLACION_MUESTRA.pdf\"); menu3.addItem(\"Metodolog\u00eda\",\"http:\/\/www.ucat.edu.ve\/nuevo\/INVESTIGACION\/observatorio\/pobreza\/metodologia_pobreza.pdf\"); menu3.addItem(\"Estad\u00edsticas Oficiales\",\"http:\/\/www.ucat.edu.ve\/nuevo\/INVESTIGACION\/observatorio\/pobreza\/ESTADISTICAS_OFICIALES.pdf\"); menu3.addItem(\"Estad\u00edsticas OSET-UCAT\",\"http:\/\/www.ucat.edu.ve\/nuevo\/INVESTIGACION\/observatorio\/pobreza\/ESTADISTICAS-OSET-UCAT.pdf\"); menu3.addItem(\"Estad\u00edsticas OSET-UCAT (Documento 2)\",\"http:\/\/www.ucat.edu.ve\/nuevo\/INVESTIGACION\/observatorio\/pobreza\/ESTADISTICAS-OSET-UCAT_doc2.pdf\"); menu3.dockTo(\"boton3\"); } )();\n\/\/ ]]><\/script><\/p>\n<div align=\"center\"><span id=\"boton1\"><img loading=\"lazy\" src=\"http:\/\/www.ucat.edu.ve\/nuevo\/INVESTIGACION\/violen_intrafam.png\" alt=\"\" width=\"199\" height=\"71\" align=\"absMiddle\" \/><\/span>\u00a0\u00a0\u00a0\u00a0\u00a0\u00a0\u00a0\u00a0\u00a0\u00a0\u00a0<span id=\"boton2\"><img loading=\"lazy\" src=\"http:\/\/www.ucat.edu.ve\/nuevo\/INVESTIGACION\/violen_interpersonal.png\" alt=\"\" width=\"199\" height=\"71\" align=\"absMiddle\" \/><\/span><\/div>\n<div align=\"center\">\u00a0<div class=\"su-spacer\" style=\"height:10px\"><\/div><\/div>\n<div align=\"center\"><span id=\"boton3\"><img loading=\"lazy\" src=\"http:\/\/www.ucat.edu.ve\/nuevo\/INVESTIGACION\/pobreza.png\" alt=\"\" width=\"199\" height=\"71\" \/><\/span>\u00a0\u00a0\u00a0\u00a0\u00a0\u00a0\u00a0\u00a0\u00a0\u00a0\u00a0<a href=\"http:\/\/www.ucat.edu.ve\/nuevo\/investigacion-main.php?ID_OPCION=412&amp;ruta=.\/INVESTIGACION\/Encuentro Binacional&amp;home=1\"><img loading=\"lazy\" title=\"Encuentro Binacional: Buenas pr\u00e1cticas\" src=\"http:\/\/www.ucat.edu.ve\/nuevo\/INVESTIGACION\/ENC-BINA.png\" alt=\"\" width=\"199\" height=\"71\" border=\"0\" \/><\/a><\/div>\n<div align=\"center\">\u00a0<div class=\"su-spacer\" style=\"height:10px\"><\/div><\/div>\n<div align=\"center\"><img src=\"http:\/\/www.ucat.edu.ve\/nuevo\/INVESTIGACION\/mapa_tachira.jpg\" alt=\"\" \/><\/div>\n<p>&nbsp;<\/p>\n<table style=\"height: 367px;\" width=\"299\">\n<tbody>\n<tr>\n<td>\n<table border=\"0\" width=\"452\" cellspacing=\"0\" cellpadding=\"2\">\n<tbody>\n<tr valign=\"middle\" bgcolor=\"#f3f3f3\">\n<td style=\"text-align: left;\" align=\"left\" width=\"413\"><a href=\"http:\/\/www.ucat.edu.ve\/nuevo\/INVESTIGACION\/Observatorio%20Social\/DecretoSocial.pdf\" target=\"_blank\">Resoluci\u00f3n de Creaci\u00f3n<\/a><\/td>\n<\/tr>\n<\/tbody>\n<\/table>\n<\/td>\n<\/tr>\n<tr>\n<td style=\"text-align: left;\" align=\"left\" width=\"413\"><a href=\"http:\/\/www.ucat.edu.ve\/nuevo\/INVESTIGACION\/Observatorio%20Social\/OBJETIVO.pdf\" target=\"_blank\">Objetivo<\/a><\/td>\n<\/tr>\n<tr>\n<td>\n<table border=\"0\" width=\"452\" cellspacing=\"0\" cellpadding=\"2\">\n<tbody>\n<tr valign=\"middle\" bgcolor=\"#f3f3f3\">\n<td style=\"text-align: left;\" align=\"left\" width=\"413\"><a href=\"http:\/\/www.ucat.edu.ve\/nuevo\/INVESTIGACION\/Observatorio%20Social\/JUSTIFICACION.pdf\" target=\"_blank\">Justificaci\u00f3n<\/a><\/td>\n<\/tr>\n<\/tbody>\n<\/table>\n<\/td>\n<\/tr>\n<tr>\n<td style=\"text-align: center;\"><strong>Presentaci\u00f3n a la Sociedad<\/strong><\/td>\n<\/tr>\n<tr>\n<td style=\"text-align: left;\"><a href=\"http:\/\/www.ucat.edu.ve\/nuevo\/INVESTIGACION\/Observatorio%20Social\/NOTA_PRENSA.pdf\" target=\"_blank\">Nota de Prensa<\/a><br \/>\n<a href=\"http:\/\/www.flickr.com\/photos\/50597225@N04\/show\/\" target=\"_blank\">Galer\u00eda de Fotos\u00a0<\/a><br \/>\n<a href=\"http:\/\/diariodelosandes.com\/content\/view\/130697\/105776\/\" target=\"_blank\">Noticia Diario Los Andes\u00a0<\/a>(11 Septiembre 2010)<br \/>\n<a href=\"http:\/\/www.lanacion.com.ve\/noticias.php?IdArticulo=155403&amp;XR=2\" target=\"_blank\">Noticia Diario La Naci\u00f3n<\/a>\u00a0(11 Septiembre 2010)<br \/>\n<a href=\"http:\/\/diariodelosandes.com\/content\/view\/131927\/105841\/\" target=\"_blank\">Noticia Diario Los Andes<\/a>\u00a0(24 Septiembre 2010)<br \/>\n<a href=\"http:\/\/diariodelosandes.com\/content\/view\/131928\/10584\" target=\"_blank\">Noticia Diario Los Andes<\/a>\u00a0(24 Septiembre 2010)<br \/>\n<a href=\"http:\/\/diariodelosandes.com\/content\/view\/158257\/105915\/\" target=\"_blank\">Noticia Diario Los Andes<\/a>\u00a0(19 Junio 2011)<br \/>\n<a href=\"http:\/\/www.lanacion.com.ve\/noticias.php?IdArticulo=179824&amp;tit=%22Hay%20pobreza%20extrema%20en%20el%20T%E1chira%22%20%20%20%20%20&amp;Is=9\" target=\"_blank\">Noticia Diario La Naci\u00f3n<\/a>\u00a0(17 Julio 2011)<br \/>\n<a href=\"http:\/\/www.ucat.edu.ve\/nuevo\/INVESTIGACION\/Observatorio%20Social\/NOTAPRENSA_16DE_JUNIO_2012.pdf\" target=\"_blank\">Nota de Prensa\u00a0<\/a>\u00a0(16 de Junio de 2012)<\/td>\n<\/tr>\n<\/tbody>\n<\/table>\n","protected":false},"excerpt":{"rendered":"<p>El \u00a0Observatorio Social del Estado T\u00e1chira tiene como misi\u00f3n contribuir a la \u00a0reflexi\u00f3n, y al dise\u00f1o de soluciones conjuntas, a partir de estudios sociales y \u00a0econ\u00f3micos, mediante la recolecci\u00f3n de \u00a0datos, generaci\u00f3n de \u00a0estad\u00edsticas sobre \u00a0las realidades en el Estado T\u00e1chira y las zonas del Estado Apure en donde \u00a0funcionan los programas de la Compa\u00f1\u00eda<\/p>\n","protected":false},"author":1,"featured_media":0,"parent":1057,"menu_order":0,"comment_status":"closed","ping_status":"closed","template":"fullwidth.php","meta":[],"yoast_head":"<!-- This site is optimized with the Yoast SEO plugin v19.2 - https:\/\/yoast.com\/wordpress\/plugins\/seo\/ -->\n<title>Quienes Somos - Universidad Cat\u00f3lica del T\u00e1chira<\/title>\n<meta name=\"robots\" content=\"index, follow, max-snippet:-1, max-image-preview:large, max-video-preview:-1\" \/>\n<link rel=\"canonical\" href=\"https:\/\/www.ucat.edu.ve\/web\/investigacion-y-postgrado\/observatorio-social\/quienes-somos\/\" \/>\n<meta property=\"og:locale\" content=\"es_ES\" \/>\n<meta property=\"og:type\" content=\"article\" \/>\n<meta property=\"og:title\" content=\"Quienes Somos - Universidad Cat\u00f3lica del T\u00e1chira\" \/>\n<meta property=\"og:description\" content=\"El \u00a0Observatorio Social del Estado T\u00e1chira tiene como misi\u00f3n contribuir a la \u00a0reflexi\u00f3n, y al dise\u00f1o de soluciones conjuntas, a partir de estudios sociales y \u00a0econ\u00f3micos, mediante la recolecci\u00f3n de \u00a0datos, generaci\u00f3n de \u00a0estad\u00edsticas sobre \u00a0las realidades en el Estado T\u00e1chira y las zonas del Estado Apure en donde \u00a0funcionan los programas de la Compa\u00f1\u00eda\" \/>\n<meta property=\"og:url\" content=\"https:\/\/www.ucat.edu.ve\/web\/investigacion-y-postgrado\/observatorio-social\/quienes-somos\/\" \/>\n<meta property=\"og:site_name\" content=\"Universidad Cat\u00f3lica del T\u00e1chira\" \/>\n<meta property=\"article:publisher\" content=\"https:\/\/www.facebook.com\/notiucat\/\" \/>\n<meta property=\"article:modified_time\" content=\"2017-07-17T15:56:12+00:00\" \/>\n<meta property=\"og:image\" content=\"http:\/\/www.ucat.edu.ve\/web\/wp-content\/uploads\/2015\/07\/logo_observatorio_ucat.png\" \/>\n<meta name=\"author\" content=\"Superadministrador\" \/>\n<meta name=\"twitter:card\" content=\"summary_large_image\" \/>\n<meta name=\"twitter:site\" content=\"@notiucat\" \/>\n<meta name=\"twitter:label1\" content=\"Est. reading time\" \/>\n\t<meta name=\"twitter:data1\" content=\"2 minutos\" \/>\n<script type=\"application\/ld+json\" class=\"yoast-schema-graph\">{\"@context\":\"https:\/\/schema.org\",\"@graph\":[{\"@type\":\"Organization\",\"@id\":\"https:\/\/www.ucat.edu.ve\/web\/#organization\",\"name\":\"Universidad Cat\u00f3lica Del T\u00e1chira UCAT\",\"url\":\"https:\/\/www.ucat.edu.ve\/web\/\",\"sameAs\":[\"https:\/\/www.instagram.com\/notiucat\/\",\"https:\/\/www.youtube.com\/channel\/UCwEbYSB1R9fzlII-8dcxuYA?view_as=subscriber\",\"https:\/\/www.facebook.com\/notiucat\/\",\"https:\/\/twitter.com\/notiucat\"],\"logo\":{\"@type\":\"ImageObject\",\"inLanguage\":\"es-ES\",\"@id\":\"https:\/\/www.ucat.edu.ve\/web\/#\/schema\/logo\/image\/\",\"url\":\"https:\/\/www.ucat.edu.ve\/web\/wp-content\/uploads\/2015\/07\/logoucat.gif\",\"contentUrl\":\"https:\/\/www.ucat.edu.ve\/web\/wp-content\/uploads\/2015\/07\/logoucat.gif\",\"width\":219,\"height\":155,\"caption\":\"Universidad Cat\u00f3lica Del T\u00e1chira UCAT\"},\"image\":{\"@id\":\"https:\/\/www.ucat.edu.ve\/web\/#\/schema\/logo\/image\/\"}},{\"@type\":\"WebSite\",\"@id\":\"https:\/\/www.ucat.edu.ve\/web\/#website\",\"url\":\"https:\/\/www.ucat.edu.ve\/web\/\",\"name\":\"Universidad Cat\u00f3lica del T\u00e1chira\",\"description\":\"\",\"publisher\":{\"@id\":\"https:\/\/www.ucat.edu.ve\/web\/#organization\"},\"potentialAction\":[{\"@type\":\"SearchAction\",\"target\":{\"@type\":\"EntryPoint\",\"urlTemplate\":\"https:\/\/www.ucat.edu.ve\/web\/?s={search_term_string}\"},\"query-input\":\"required name=search_term_string\"}],\"inLanguage\":\"es-ES\"},{\"@type\":\"ImageObject\",\"inLanguage\":\"es-ES\",\"@id\":\"https:\/\/www.ucat.edu.ve\/web\/investigacion-y-postgrado\/observatorio-social\/quienes-somos\/#primaryimage\",\"url\":\"http:\/\/www.ucat.edu.ve\/web\/wp-content\/uploads\/2015\/07\/logo_observatorio_ucat.png\",\"contentUrl\":\"http:\/\/www.ucat.edu.ve\/web\/wp-content\/uploads\/2015\/07\/logo_observatorio_ucat.png\"},{\"@type\":\"WebPage\",\"@id\":\"https:\/\/www.ucat.edu.ve\/web\/investigacion-y-postgrado\/observatorio-social\/quienes-somos\/#webpage\",\"url\":\"https:\/\/www.ucat.edu.ve\/web\/investigacion-y-postgrado\/observatorio-social\/quienes-somos\/\",\"name\":\"Quienes Somos - Universidad Cat\u00f3lica del T\u00e1chira\",\"isPartOf\":{\"@id\":\"https:\/\/www.ucat.edu.ve\/web\/#website\"},\"primaryImageOfPage\":{\"@id\":\"https:\/\/www.ucat.edu.ve\/web\/investigacion-y-postgrado\/observatorio-social\/quienes-somos\/#primaryimage\"},\"datePublished\":\"2015-07-21T15:42:16+00:00\",\"dateModified\":\"2017-07-17T15:56:12+00:00\",\"breadcrumb\":{\"@id\":\"https:\/\/www.ucat.edu.ve\/web\/investigacion-y-postgrado\/observatorio-social\/quienes-somos\/#breadcrumb\"},\"inLanguage\":\"es-ES\",\"potentialAction\":[{\"@type\":\"ReadAction\",\"target\":[\"https:\/\/www.ucat.edu.ve\/web\/investigacion-y-postgrado\/observatorio-social\/quienes-somos\/\"]}]},{\"@type\":\"BreadcrumbList\",\"@id\":\"https:\/\/www.ucat.edu.ve\/web\/investigacion-y-postgrado\/observatorio-social\/quienes-somos\/#breadcrumb\",\"itemListElement\":[{\"@type\":\"ListItem\",\"position\":1,\"name\":\"Home\",\"item\":\"https:\/\/www.ucat.edu.ve\/web\/\"},{\"@type\":\"ListItem\",\"position\":2,\"name\":\"Investigaci\u00f3n y Postgrado\",\"item\":\"https:\/\/www.ucat.edu.ve\/web\/investigacion-y-postgrado\/\"},{\"@type\":\"ListItem\",\"position\":3,\"name\":\"Observatorio Social\",\"item\":\"https:\/\/www.ucat.edu.ve\/web\/investigacion-y-postgrado\/observatorio-social\/\"},{\"@type\":\"ListItem\",\"position\":4,\"name\":\"Quienes Somos\"}]}]}<\/script>\n<!-- \/ Yoast SEO plugin. -->","yoast_head_json":{"title":"Quienes Somos - Universidad Cat\u00f3lica del T\u00e1chira","robots":{"index":"index","follow":"follow","max-snippet":"max-snippet:-1","max-image-preview":"max-image-preview:large","max-video-preview":"max-video-preview:-1"},"canonical":"https:\/\/www.ucat.edu.ve\/web\/investigacion-y-postgrado\/observatorio-social\/quienes-somos\/","og_locale":"es_ES","og_type":"article","og_title":"Quienes Somos - Universidad Cat\u00f3lica del T\u00e1chira","og_description":"El \u00a0Observatorio Social del Estado T\u00e1chira tiene como misi\u00f3n contribuir a la \u00a0reflexi\u00f3n, y al dise\u00f1o de soluciones conjuntas, a partir de estudios sociales y \u00a0econ\u00f3micos, mediante la recolecci\u00f3n de \u00a0datos, generaci\u00f3n de \u00a0estad\u00edsticas sobre \u00a0las realidades en el Estado T\u00e1chira y las zonas del Estado Apure en donde \u00a0funcionan los programas de la Compa\u00f1\u00eda","og_url":"https:\/\/www.ucat.edu.ve\/web\/investigacion-y-postgrado\/observatorio-social\/quienes-somos\/","og_site_name":"Universidad Cat\u00f3lica del T\u00e1chira","article_publisher":"https:\/\/www.facebook.com\/notiucat\/","article_modified_time":"2017-07-17T15:56:12+00:00","og_image":[{"url":"http:\/\/www.ucat.edu.ve\/web\/wp-content\/uploads\/2015\/07\/logo_observatorio_ucat.png"}],"author":"Superadministrador","twitter_card":"summary_large_image","twitter_site":"@notiucat","twitter_misc":{"Est. reading time":"2 minutos"},"schema":{"@context":"https:\/\/schema.org","@graph":[{"@type":"Organization","@id":"https:\/\/www.ucat.edu.ve\/web\/#organization","name":"Universidad Cat\u00f3lica Del T\u00e1chira UCAT","url":"https:\/\/www.ucat.edu.ve\/web\/","sameAs":["https:\/\/www.instagram.com\/notiucat\/","https:\/\/www.youtube.com\/channel\/UCwEbYSB1R9fzlII-8dcxuYA?view_as=subscriber","https:\/\/www.facebook.com\/notiucat\/","https:\/\/twitter.com\/notiucat"],"logo":{"@type":"ImageObject","inLanguage":"es-ES","@id":"https:\/\/www.ucat.edu.ve\/web\/#\/schema\/logo\/image\/","url":"https:\/\/www.ucat.edu.ve\/web\/wp-content\/uploads\/2015\/07\/logoucat.gif","contentUrl":"https:\/\/www.ucat.edu.ve\/web\/wp-content\/uploads\/2015\/07\/logoucat.gif","width":219,"height":155,"caption":"Universidad Cat\u00f3lica Del T\u00e1chira UCAT"},"image":{"@id":"https:\/\/www.ucat.edu.ve\/web\/#\/schema\/logo\/image\/"}},{"@type":"WebSite","@id":"https:\/\/www.ucat.edu.ve\/web\/#website","url":"https:\/\/www.ucat.edu.ve\/web\/","name":"Universidad Cat\u00f3lica del T\u00e1chira","description":"","publisher":{"@id":"https:\/\/www.ucat.edu.ve\/web\/#organization"},"potentialAction":[{"@type":"SearchAction","target":{"@type":"EntryPoint","urlTemplate":"https:\/\/www.ucat.edu.ve\/web\/?s={search_term_string}"},"query-input":"required name=search_term_string"}],"inLanguage":"es-ES"},{"@type":"ImageObject","inLanguage":"es-ES","@id":"https:\/\/www.ucat.edu.ve\/web\/investigacion-y-postgrado\/observatorio-social\/quienes-somos\/#primaryimage","url":"http:\/\/www.ucat.edu.ve\/web\/wp-content\/uploads\/2015\/07\/logo_observatorio_ucat.png","contentUrl":"http:\/\/www.ucat.edu.ve\/web\/wp-content\/uploads\/2015\/07\/logo_observatorio_ucat.png"},{"@type":"WebPage","@id":"https:\/\/www.ucat.edu.ve\/web\/investigacion-y-postgrado\/observatorio-social\/quienes-somos\/#webpage","url":"https:\/\/www.ucat.edu.ve\/web\/investigacion-y-postgrado\/observatorio-social\/quienes-somos\/","name":"Quienes Somos - Universidad Cat\u00f3lica del T\u00e1chira","isPartOf":{"@id":"https:\/\/www.ucat.edu.ve\/web\/#website"},"primaryImageOfPage":{"@id":"https:\/\/www.ucat.edu.ve\/web\/investigacion-y-postgrado\/observatorio-social\/quienes-somos\/#primaryimage"},"datePublished":"2015-07-21T15:42:16+00:00","dateModified":"2017-07-17T15:56:12+00:00","breadcrumb":{"@id":"https:\/\/www.ucat.edu.ve\/web\/investigacion-y-postgrado\/observatorio-social\/quienes-somos\/#breadcrumb"},"inLanguage":"es-ES","potentialAction":[{"@type":"ReadAction","target":["https:\/\/www.ucat.edu.ve\/web\/investigacion-y-postgrado\/observatorio-social\/quienes-somos\/"]}]},{"@type":"BreadcrumbList","@id":"https:\/\/www.ucat.edu.ve\/web\/investigacion-y-postgrado\/observatorio-social\/quienes-somos\/#breadcrumb","itemListElement":[{"@type":"ListItem","position":1,"name":"Home","item":"https:\/\/www.ucat.edu.ve\/web\/"},{"@type":"ListItem","position":2,"name":"Investigaci\u00f3n y Postgrado","item":"https:\/\/www.ucat.edu.ve\/web\/investigacion-y-postgrado\/"},{"@type":"ListItem","position":3,"name":"Observatorio Social","item":"https:\/\/www.ucat.edu.ve\/web\/investigacion-y-postgrado\/observatorio-social\/"},{"@type":"ListItem","position":4,"name":"Quienes Somos"}]}]}},"_links":{"self":[{"href":"https:\/\/www.ucat.edu.ve\/web\/wp-json\/wp\/v2\/pages\/298"}],"collection":[{"href":"https:\/\/www.ucat.edu.ve\/web\/wp-json\/wp\/v2\/pages"}],"about":[{"href":"https:\/\/www.ucat.edu.ve\/web\/wp-json\/wp\/v2\/types\/page"}],"author":[{"embeddable":true,"href":"https:\/\/www.ucat.edu.ve\/web\/wp-json\/wp\/v2\/users\/1"}],"replies":[{"embeddable":true,"href":"https:\/\/www.ucat.edu.ve\/web\/wp-json\/wp\/v2\/comments?post=298"}],"version-history":[{"count":0,"href":"https:\/\/www.ucat.edu.ve\/web\/wp-json\/wp\/v2\/pages\/298\/revisions"}],"up":[{"embeddable":true,"href":"https:\/\/www.ucat.edu.ve\/web\/wp-json\/wp\/v2\/pages\/1057"}],"wp:attachment":[{"href":"https:\/\/www.ucat.edu.ve\/web\/wp-json\/wp\/v2\/media?parent=298"}],"curies":[{"name":"wp","href":"https:\/\/api.w.org\/{rel}","templated":true}]}}