 {"id":307,"date":"2015-07-21T16:07:55","date_gmt":"2015-07-21T16:07:55","guid":{"rendered":"http:\/\/190.202.129.93:7600\/ucat\/?page_id=307"},"modified":"2016-03-04T20:05:23","modified_gmt":"2016-03-04T20:05:23","slug":"unidad-de-alianzas-estrategicas-regional","status":"publish","type":"page","link":"https:\/\/www.ucat.edu.ve\/web\/investigacion-y-postgrado\/unidad-de-alianzas-estrategicas-regional\/","title":{"rendered":"Unidad de alianzas estrat\u00e9gicas regional"},"content":{"rendered":"<h3 style=\"text-align: justify;\" align=\"center\"><strong>MISI\u00d3N<\/strong><\/h3>\n<p style=\"text-align: justify;\" align=\"center\">Generar un espacio id\u00f3neo para la interacci\u00f3n continuada de la Universidad con los potenciales socios y actores, que permitan ejecutar y desarrollar proyectos orientados a la consolidaci\u00f3n del desarrollo, la participaci\u00f3n democr\u00e1tica y la cohesi\u00f3n social en el Estado T\u00e1chira. A partir de la consolidaci\u00f3n de acuerdos de cooperaci\u00f3n, la Universidad contin\u00faa fomentando en la regi\u00f3n iniciativas que permitan el desarrollo pleno de las potencialidades de nuestro Estado, brindando un canal id\u00f3neo para el establecimiento de mecanismos efectivos de interrelaci\u00f3n con los diversos actores, p\u00fablicos y privados, procurando la generaci\u00f3n de sinergias y c\u00edrculos virtuosos necesarios para la consolidaci\u00f3n de objetivos comunes.<\/p>\n<h3 style=\"text-align: justify;\" align=\"justify\"><strong>VISI\u00d3N<\/strong><\/h3>\n<p style=\"text-align: justify;\" align=\"justify\">Ser una dependencia pionera en la articulaci\u00f3n de relaciones productivas entre la Universidad y los diversos actores que hacen vida en el Estado T\u00e1chira, entendiendo el compromiso que tiene la UCAT al erigirse como Universidad de frontera, fomentando la participaci\u00f3n democr\u00e1tica en la regi\u00f3n, en el marco de una cooperaci\u00f3n acad\u00e9mica generando de este modo las condiciones necesarias para la consolidaci\u00f3n de propuestas y proyectos orientados a la cohesi\u00f3n social en el T\u00e1chira.<\/p>\n<h3 style=\"text-align: justify;\" align=\"justify\"><strong>OBJETIVO GENERAL<\/strong><\/h3>\n<p style=\"text-align: justify;\" align=\"justify\">Propiciar desde y hacia la Universidad la cooperaci\u00f3n interinstitucional para el fortalecimiento de los nexos de nuestra casa de estudio con los actores de la sociedad tachirense, fomentando la creaci\u00f3n de un red de cooperaci\u00f3n regional que permita generar soluciones perdurables a las principales problem\u00e1ticas detectadas en el Estado T\u00e1chira, con base en los estudios e investigaciones que se generan desde el Observatorio Social OSET-UCAT.<\/p>\n<h3 style=\"text-align: justify;\" align=\"justify\"><strong>ESTRATEGIAS (COMPETENCIAS)<\/strong><\/h3>\n<p style=\"text-align: justify; padding-left: 30px;\" align=\"justify\"><strong>\u00b7<\/strong> Desarrollar alianzas estrat\u00e9gicas entre la Universidad y la comunidad, a partir de acuerdos de cooperaci\u00f3n que se sustenten en los recursos de los que dispone la Universidad.<br \/>\n<strong>\u00b7\u00a0<\/strong>Direccionar las relaciones de la Unidad de alianzas estrat\u00e9gicas regional (UNASER) con los distintos actores identificados para el establecimiento de acuerdos de cooperaci\u00f3n.<br \/>\n<strong>\u00b7<\/strong> Analizar y ejecutar la firma de acuerdos de cooperaci\u00f3n formal con los diversos actores identificados.<br \/>\n<strong>\u00b7<\/strong> Ejecutar y monitorear los proyectos de cooperaci\u00f3n generados entre la UCAT y los diversos actores identificados.<br \/>\n<strong>\u00b7<\/strong> Prestar servicios de formaci\u00f3n, investigaci\u00f3n-acci\u00f3n, asistencia t\u00e9cnica y consultor\u00eda para el fortalecimiento de las capacidades de planificaci\u00f3n de los actores externos.<\/p>\n<h3 style=\"text-align: justify;\"><strong>FUNCIONAMIENTO<\/strong><\/h3>\n<p style=\"text-align: justify;\">La UNASER desarroll\u00f3 sus competencias como dependencia del Observatorio Social del Estado T\u00e1chira, OSET-UCAT, siendo el canal por medio del cual se direccionan los resultados obtenidos a partir de las investigaciones que se realizan, para contribuir directamente en la resoluci\u00f3n de las problem\u00e1ticas del Estado T\u00e1chira. Su accionar se complementa con otras dependencias de la Universidad, lo que permite maximizar el impacto y la participaci\u00f3n de la UCAT en la construcci\u00f3n de un entorno regional democr\u00e1ticamente participativo y orientado a la consolidaci\u00f3n de la cohesi\u00f3n social.<\/p>\n<p style=\"text-align: justify;\" align=\"justify\"><img loading=\"lazy\" class=\" size-full wp-image-308 aligncenter\" src=\"http:\/\/190.202.129.93:7600\/ucat\/wp-content\/uploads\/2015\/07\/foto_1.jpg\" alt=\"foto_1\" width=\"421\" height=\"281\" srcset=\"https:\/\/www.ucat.edu.ve\/web\/wp-content\/uploads\/2015\/07\/foto_1.jpg 421w, https:\/\/www.ucat.edu.ve\/web\/wp-content\/uploads\/2015\/07\/foto_1-272x182.jpg 272w\" sizes=\"(max-width: 421px) 100vw, 421px\" \/><\/p>\n<h3 style=\"text-align: justify;\" align=\"justify\"><strong>Decanato de Investigaci\u00f3n y Postgrado y Direcci\u00f3n de Investigaci\u00f3n<\/strong><\/h3>\n<p style=\"text-align: justify;\" align=\"justify\">La investigaci\u00f3n en la UCAT se concibe como una actividad humana, intelectual y compleja que conlleva condiciones esenciales: a) un compromiso \u00e9tico y acad\u00e9mico para la generaci\u00f3n de conocimiento; b) una capacidad cr\u00edtica-acad\u00e9mica que permita jerarquizar problemas, establecer causas y principios, as\u00ed como el esclarecimiento de la verdad; c) la aplicaci\u00f3n del conocimiento a la superaci\u00f3n de los problemas del hombre. Los estudios de postgrado se proponen formar especialistas, magister e investigadores de alto nivel universitario, en las distintas ramas del conocimiento y est\u00e1n a cargo del Decanato de Investigaci\u00f3n y Postgrado y el Consejo General de Estudios de Postgrado.<br \/>\nProducto de la formaci\u00f3n continuada de profesionales, en el seno del Decanato y adscritas a la Direcci\u00f3n de Investigaci\u00f3n, se generan investigaciones sobre las diferentes problem\u00e1ticas que se identifican en el Estado T\u00e1chira, sirviendo de base para posteriores an\u00e1lisis sobre la situaci\u00f3n y la generaci\u00f3n de estrategias orientadas a la resoluci\u00f3n de las mismas. El grupo de investigadores que laboran, permite dar cumplimiento a la misi\u00f3n asumida por la Universidad, que inspirada en la fe cristiana y en busca de la justicia, asume como suyo el reto de formar integralmente individuos como un aporte espec\u00edfico a la sociedad venezolana.<\/p>\n<h3 style=\"text-align: justify;\" align=\"justify\"><strong>Observatorio Social del Estado T\u00e1chira (OSET-UCAT)<\/strong><\/h3>\n<p style=\"text-align: justify;\" align=\"justify\">El Observatorio Social del Estado T\u00e1chira tiene como misi\u00f3n contribuir a la reflexi\u00f3n, y al dise\u00f1o de soluciones conjuntas, a partir de estudios sociales y econ\u00f3micos, mediante la recolecci\u00f3n de datos, generaci\u00f3n de estad\u00edsticas sobre las realidades en el Estado T\u00e1chira y las zonas del Estado Apure en donde funcionan los programas de la Compa\u00f1\u00eda de Jes\u00fas. Mediante investigaciones metodol\u00f3gicamente rigurosas, estad\u00edsticas y contenidos pertinentes y oportunos muestra la realidad social con la finalidad de contribuir a crear alternativas de soluciones de intervenci\u00f3n a nivel preventivo y correctivo, en beneficio de la sociedad de modo especial a los responsables &#8211; directos e indirectos \u2013de contribuir con el dise\u00f1o y aplicaci\u00f3n de pol\u00edticas p\u00fablicas en favor del bien com\u00fan, todo ello de acuerdo a las siguientes situaciones, agrupadas por cap\u00edtulos: Violencia familiar en el Estado T\u00e1chira. (Parejas, ni\u00f1os, adultos mayores); La pobreza en el Estado T\u00e1chira. (Aspectos socio demogr\u00e1ficos, empleo, desempleo, educaci\u00f3n, salud); Ni\u00f1os y adolescentes y adultos mayores; Violencia interpersonal; Cultura Juvenil (pr\u00e1cticas, creencias y aspiraciones de los j\u00f3venes); Migraci\u00f3n, refugiados y desplazados; Contrabando, narcotr\u00e1fico; Alcoholismo y consumo de drogas (legales \u2013 ilegales); Educaci\u00f3n y vida ciudadana. (Individual &#8211; proyecci\u00f3n de vida, comunitaria: resoluci\u00f3n y manejo de conflictos).<\/p>\n<h3 style=\"text-align: justify;\" align=\"justify\"><strong>Unidad de alianzas estrat\u00e9gicas regional (UNASER)<\/strong><\/h3>\n<p style=\"text-align: justify;\" align=\"justify\">Canal establecido por la Universidad, a trav\u00e9s del Observatorio Social OSET-UCAT, para generar el acercamiento necesario entre la Universidad y los actores p\u00fablicos y privados que hacen vida en el Estado T\u00e1chira, procurando consolidar el acercamiento a partir de convenios de cooperaci\u00f3n en un determinado \u00e1mbito de acci\u00f3n, con especial atenci\u00f3n en las problem\u00e1ticas que se identifican en la regi\u00f3n, producto de los rigurosos estudios que se generan en el observatorio que sirven de base para la construcci\u00f3n de estrategias en el seno de la Universidad y dem\u00e1s \u00f3rganos de administraci\u00f3n regional y local.<\/p>\n<p style=\"text-align: justify;\" align=\"justify\"><img loading=\"lazy\" class=\" size-full wp-image-309 aligncenter\" src=\"http:\/\/190.202.129.93:7600\/ucat\/wp-content\/uploads\/2015\/07\/foto_2.jpg\" alt=\"foto_2\" width=\"347\" height=\"384\" srcset=\"https:\/\/www.ucat.edu.ve\/web\/wp-content\/uploads\/2015\/07\/foto_2.jpg 347w, https:\/\/www.ucat.edu.ve\/web\/wp-content\/uploads\/2015\/07\/foto_2-291x322.jpg 291w\" sizes=\"(max-width: 347px) 100vw, 347px\" \/><\/p>\n<h3 style=\"text-align: justify;\" align=\"justify\"><strong>Educaci\u00f3n Continua<\/strong><\/h3>\n<p style=\"text-align: justify;\" align=\"justify\">El compromiso de la UCAT de formar profesionales integrales no se limita a la formaci\u00f3n exclusiva de aquellos individuos que hacen vida dentro de la Universidad, a trav\u00e9s de la Unidad de Cooperaci\u00f3n Interinstitucional y en atenci\u00f3n a las problem\u00e1ticas identificadas en la regi\u00f3n, por medio de la Coordinaci\u00f3n de Educaci\u00f3n Continua se dise\u00f1an y desarrollan programas de formaci\u00f3n\u00a0(1) Mazuera, R. y Albornoz, N. (2012). Condiciones de vida de la poblaci\u00f3n tachirense. Documento 2 del Observatorio Social del Estado T\u00e1chira de la Universidad Cat\u00f3lica del T\u00e1chira OSET-UCAT. 1\u00b0 Edici\u00f3n, San Crist\u00f3bal Venezuela. Editorial Litho Arte C.A., pp. 21-23. Documento que puede consultarse por v\u00eda electr\u00f3nica:\u00a0\u00a0<a href=\"http:\/\/www.ucat.edu.ve\/nuevo\/investigacion-main.php?ID_OPCION=354&amp;ruta=.\/INVESTIGACION\/Observatorio%20Social&amp;home=1\">www.ucat.edu.ve\/oset\u00a0<\/a><\/p>\n<div><\/div>\n<div><\/div>\n<div><strong>Documentos:<\/strong><\/div>\n<div><div class=\"su-list\" style=\"margin-left:0px\">\n<ul>\n<li><i class=\"sui sui-file-pdf-o\" style=\"color:#88050c\"><\/i> Decreto de Creaci\u00f3n de la UNAER<\/li>\n<\/ul>\n<\/div>\n<\/div>\n<div><\/div>\n","protected":false},"excerpt":{"rendered":"<p>MISI\u00d3N Generar un espacio id\u00f3neo para la interacci\u00f3n continuada de la Universidad con los potenciales socios y actores, que permitan ejecutar y desarrollar proyectos orientados a la consolidaci\u00f3n del desarrollo, la participaci\u00f3n democr\u00e1tica y la cohesi\u00f3n social en el Estado T\u00e1chira. A partir de la consolidaci\u00f3n de acuerdos de cooperaci\u00f3n, la Universidad contin\u00faa fomentando en<\/p>\n","protected":false},"author":1,"featured_media":0,"parent":195,"menu_order":0,"comment_status":"closed","ping_status":"closed","template":"fullwidth.php","meta":[],"yoast_head":"<!-- This site is optimized with the Yoast SEO plugin v19.2 - https:\/\/yoast.com\/wordpress\/plugins\/seo\/ -->\n<title>Unidad de alianzas estrat\u00e9gicas regional - Universidad Cat\u00f3lica del T\u00e1chira<\/title>\n<meta name=\"robots\" content=\"index, follow, max-snippet:-1, max-image-preview:large, max-video-preview:-1\" \/>\n<link rel=\"canonical\" href=\"https:\/\/www.ucat.edu.ve\/web\/investigacion-y-postgrado\/unidad-de-alianzas-estrategicas-regional\/\" \/>\n<meta property=\"og:locale\" content=\"es_ES\" \/>\n<meta property=\"og:type\" content=\"article\" \/>\n<meta property=\"og:title\" content=\"Unidad de alianzas estrat\u00e9gicas regional - Universidad Cat\u00f3lica del T\u00e1chira\" \/>\n<meta property=\"og:description\" content=\"MISI\u00d3N Generar un espacio id\u00f3neo para la interacci\u00f3n continuada de la Universidad con los potenciales socios y actores, que permitan ejecutar y desarrollar proyectos orientados a la consolidaci\u00f3n del desarrollo, la participaci\u00f3n democr\u00e1tica y la cohesi\u00f3n social en el Estado T\u00e1chira. A partir de la consolidaci\u00f3n de acuerdos de cooperaci\u00f3n, la Universidad contin\u00faa fomentando en\" \/>\n<meta property=\"og:url\" content=\"https:\/\/www.ucat.edu.ve\/web\/investigacion-y-postgrado\/unidad-de-alianzas-estrategicas-regional\/\" \/>\n<meta property=\"og:site_name\" content=\"Universidad Cat\u00f3lica del T\u00e1chira\" \/>\n<meta property=\"article:publisher\" content=\"https:\/\/www.facebook.com\/notiucat\/\" \/>\n<meta property=\"article:modified_time\" content=\"2016-03-04T20:05:23+00:00\" \/>\n<meta property=\"og:image\" content=\"http:\/\/190.202.129.93:7600\/ucat\/wp-content\/uploads\/2015\/07\/foto_1.jpg\" \/>\n<meta name=\"author\" content=\"Superadministrador\" \/>\n<meta name=\"twitter:card\" content=\"summary_large_image\" \/>\n<meta name=\"twitter:site\" content=\"@notiucat\" \/>\n<meta name=\"twitter:label1\" content=\"Est. reading time\" \/>\n\t<meta name=\"twitter:data1\" content=\"6 minutos\" \/>\n<script type=\"application\/ld+json\" class=\"yoast-schema-graph\">{\"@context\":\"https:\/\/schema.org\",\"@graph\":[{\"@type\":\"Organization\",\"@id\":\"https:\/\/www.ucat.edu.ve\/web\/#organization\",\"name\":\"Universidad Cat\u00f3lica Del T\u00e1chira UCAT\",\"url\":\"https:\/\/www.ucat.edu.ve\/web\/\",\"sameAs\":[\"https:\/\/www.instagram.com\/notiucat\/\",\"https:\/\/www.youtube.com\/channel\/UCwEbYSB1R9fzlII-8dcxuYA?view_as=subscriber\",\"https:\/\/www.facebook.com\/notiucat\/\",\"https:\/\/twitter.com\/notiucat\"],\"logo\":{\"@type\":\"ImageObject\",\"inLanguage\":\"es-ES\",\"@id\":\"https:\/\/www.ucat.edu.ve\/web\/#\/schema\/logo\/image\/\",\"url\":\"https:\/\/www.ucat.edu.ve\/web\/wp-content\/uploads\/2015\/07\/logoucat.gif\",\"contentUrl\":\"https:\/\/www.ucat.edu.ve\/web\/wp-content\/uploads\/2015\/07\/logoucat.gif\",\"width\":219,\"height\":155,\"caption\":\"Universidad Cat\u00f3lica Del T\u00e1chira UCAT\"},\"image\":{\"@id\":\"https:\/\/www.ucat.edu.ve\/web\/#\/schema\/logo\/image\/\"}},{\"@type\":\"WebSite\",\"@id\":\"https:\/\/www.ucat.edu.ve\/web\/#website\",\"url\":\"https:\/\/www.ucat.edu.ve\/web\/\",\"name\":\"Universidad Cat\u00f3lica del T\u00e1chira\",\"description\":\"\",\"publisher\":{\"@id\":\"https:\/\/www.ucat.edu.ve\/web\/#organization\"},\"potentialAction\":[{\"@type\":\"SearchAction\",\"target\":{\"@type\":\"EntryPoint\",\"urlTemplate\":\"https:\/\/www.ucat.edu.ve\/web\/?s={search_term_string}\"},\"query-input\":\"required name=search_term_string\"}],\"inLanguage\":\"es-ES\"},{\"@type\":\"ImageObject\",\"inLanguage\":\"es-ES\",\"@id\":\"https:\/\/www.ucat.edu.ve\/web\/investigacion-y-postgrado\/unidad-de-alianzas-estrategicas-regional\/#primaryimage\",\"url\":\"http:\/\/190.202.129.93:7600\/ucat\/wp-content\/uploads\/2015\/07\/foto_1.jpg\",\"contentUrl\":\"http:\/\/190.202.129.93:7600\/ucat\/wp-content\/uploads\/2015\/07\/foto_1.jpg\"},{\"@type\":\"WebPage\",\"@id\":\"https:\/\/www.ucat.edu.ve\/web\/investigacion-y-postgrado\/unidad-de-alianzas-estrategicas-regional\/#webpage\",\"url\":\"https:\/\/www.ucat.edu.ve\/web\/investigacion-y-postgrado\/unidad-de-alianzas-estrategicas-regional\/\",\"name\":\"Unidad de alianzas estrat\u00e9gicas regional - Universidad Cat\u00f3lica del T\u00e1chira\",\"isPartOf\":{\"@id\":\"https:\/\/www.ucat.edu.ve\/web\/#website\"},\"primaryImageOfPage\":{\"@id\":\"https:\/\/www.ucat.edu.ve\/web\/investigacion-y-postgrado\/unidad-de-alianzas-estrategicas-regional\/#primaryimage\"},\"datePublished\":\"2015-07-21T16:07:55+00:00\",\"dateModified\":\"2016-03-04T20:05:23+00:00\",\"breadcrumb\":{\"@id\":\"https:\/\/www.ucat.edu.ve\/web\/investigacion-y-postgrado\/unidad-de-alianzas-estrategicas-regional\/#breadcrumb\"},\"inLanguage\":\"es-ES\",\"potentialAction\":[{\"@type\":\"ReadAction\",\"target\":[\"https:\/\/www.ucat.edu.ve\/web\/investigacion-y-postgrado\/unidad-de-alianzas-estrategicas-regional\/\"]}]},{\"@type\":\"BreadcrumbList\",\"@id\":\"https:\/\/www.ucat.edu.ve\/web\/investigacion-y-postgrado\/unidad-de-alianzas-estrategicas-regional\/#breadcrumb\",\"itemListElement\":[{\"@type\":\"ListItem\",\"position\":1,\"name\":\"Home\",\"item\":\"https:\/\/www.ucat.edu.ve\/web\/\"},{\"@type\":\"ListItem\",\"position\":2,\"name\":\"Investigaci\u00f3n y Postgrado\",\"item\":\"https:\/\/www.ucat.edu.ve\/web\/investigacion-y-postgrado\/\"},{\"@type\":\"ListItem\",\"position\":3,\"name\":\"Unidad de alianzas estrat\u00e9gicas regional\"}]}]}<\/script>\n<!-- \/ Yoast SEO plugin. -->","yoast_head_json":{"title":"Unidad de alianzas estrat\u00e9gicas regional - Universidad Cat\u00f3lica del T\u00e1chira","robots":{"index":"index","follow":"follow","max-snippet":"max-snippet:-1","max-image-preview":"max-image-preview:large","max-video-preview":"max-video-preview:-1"},"canonical":"https:\/\/www.ucat.edu.ve\/web\/investigacion-y-postgrado\/unidad-de-alianzas-estrategicas-regional\/","og_locale":"es_ES","og_type":"article","og_title":"Unidad de alianzas estrat\u00e9gicas regional - Universidad Cat\u00f3lica del T\u00e1chira","og_description":"MISI\u00d3N Generar un espacio id\u00f3neo para la interacci\u00f3n continuada de la Universidad con los potenciales socios y actores, que permitan ejecutar y desarrollar proyectos orientados a la consolidaci\u00f3n del desarrollo, la participaci\u00f3n democr\u00e1tica y la cohesi\u00f3n social en el Estado T\u00e1chira. A partir de la consolidaci\u00f3n de acuerdos de cooperaci\u00f3n, la Universidad contin\u00faa fomentando en","og_url":"https:\/\/www.ucat.edu.ve\/web\/investigacion-y-postgrado\/unidad-de-alianzas-estrategicas-regional\/","og_site_name":"Universidad Cat\u00f3lica del T\u00e1chira","article_publisher":"https:\/\/www.facebook.com\/notiucat\/","article_modified_time":"2016-03-04T20:05:23+00:00","og_image":[{"url":"http:\/\/190.202.129.93:7600\/ucat\/wp-content\/uploads\/2015\/07\/foto_1.jpg"}],"author":"Superadministrador","twitter_card":"summary_large_image","twitter_site":"@notiucat","twitter_misc":{"Est. reading time":"6 minutos"},"schema":{"@context":"https:\/\/schema.org","@graph":[{"@type":"Organization","@id":"https:\/\/www.ucat.edu.ve\/web\/#organization","name":"Universidad Cat\u00f3lica Del T\u00e1chira UCAT","url":"https:\/\/www.ucat.edu.ve\/web\/","sameAs":["https:\/\/www.instagram.com\/notiucat\/","https:\/\/www.youtube.com\/channel\/UCwEbYSB1R9fzlII-8dcxuYA?view_as=subscriber","https:\/\/www.facebook.com\/notiucat\/","https:\/\/twitter.com\/notiucat"],"logo":{"@type":"ImageObject","inLanguage":"es-ES","@id":"https:\/\/www.ucat.edu.ve\/web\/#\/schema\/logo\/image\/","url":"https:\/\/www.ucat.edu.ve\/web\/wp-content\/uploads\/2015\/07\/logoucat.gif","contentUrl":"https:\/\/www.ucat.edu.ve\/web\/wp-content\/uploads\/2015\/07\/logoucat.gif","width":219,"height":155,"caption":"Universidad Cat\u00f3lica Del T\u00e1chira UCAT"},"image":{"@id":"https:\/\/www.ucat.edu.ve\/web\/#\/schema\/logo\/image\/"}},{"@type":"WebSite","@id":"https:\/\/www.ucat.edu.ve\/web\/#website","url":"https:\/\/www.ucat.edu.ve\/web\/","name":"Universidad Cat\u00f3lica del T\u00e1chira","description":"","publisher":{"@id":"https:\/\/www.ucat.edu.ve\/web\/#organization"},"potentialAction":[{"@type":"SearchAction","target":{"@type":"EntryPoint","urlTemplate":"https:\/\/www.ucat.edu.ve\/web\/?s={search_term_string}"},"query-input":"required name=search_term_string"}],"inLanguage":"es-ES"},{"@type":"ImageObject","inLanguage":"es-ES","@id":"https:\/\/www.ucat.edu.ve\/web\/investigacion-y-postgrado\/unidad-de-alianzas-estrategicas-regional\/#primaryimage","url":"http:\/\/190.202.129.93:7600\/ucat\/wp-content\/uploads\/2015\/07\/foto_1.jpg","contentUrl":"http:\/\/190.202.129.93:7600\/ucat\/wp-content\/uploads\/2015\/07\/foto_1.jpg"},{"@type":"WebPage","@id":"https:\/\/www.ucat.edu.ve\/web\/investigacion-y-postgrado\/unidad-de-alianzas-estrategicas-regional\/#webpage","url":"https:\/\/www.ucat.edu.ve\/web\/investigacion-y-postgrado\/unidad-de-alianzas-estrategicas-regional\/","name":"Unidad de alianzas estrat\u00e9gicas regional - Universidad Cat\u00f3lica del T\u00e1chira","isPartOf":{"@id":"https:\/\/www.ucat.edu.ve\/web\/#website"},"primaryImageOfPage":{"@id":"https:\/\/www.ucat.edu.ve\/web\/investigacion-y-postgrado\/unidad-de-alianzas-estrategicas-regional\/#primaryimage"},"datePublished":"2015-07-21T16:07:55+00:00","dateModified":"2016-03-04T20:05:23+00:00","breadcrumb":{"@id":"https:\/\/www.ucat.edu.ve\/web\/investigacion-y-postgrado\/unidad-de-alianzas-estrategicas-regional\/#breadcrumb"},"inLanguage":"es-ES","potentialAction":[{"@type":"ReadAction","target":["https:\/\/www.ucat.edu.ve\/web\/investigacion-y-postgrado\/unidad-de-alianzas-estrategicas-regional\/"]}]},{"@type":"BreadcrumbList","@id":"https:\/\/www.ucat.edu.ve\/web\/investigacion-y-postgrado\/unidad-de-alianzas-estrategicas-regional\/#breadcrumb","itemListElement":[{"@type":"ListItem","position":1,"name":"Home","item":"https:\/\/www.ucat.edu.ve\/web\/"},{"@type":"ListItem","position":2,"name":"Investigaci\u00f3n y Postgrado","item":"https:\/\/www.ucat.edu.ve\/web\/investigacion-y-postgrado\/"},{"@type":"ListItem","position":3,"name":"Unidad de alianzas estrat\u00e9gicas regional"}]}]}},"_links":{"self":[{"href":"https:\/\/www.ucat.edu.ve\/web\/wp-json\/wp\/v2\/pages\/307"}],"collection":[{"href":"https:\/\/www.ucat.edu.ve\/web\/wp-json\/wp\/v2\/pages"}],"about":[{"href":"https:\/\/www.ucat.edu.ve\/web\/wp-json\/wp\/v2\/types\/page"}],"author":[{"embeddable":true,"href":"https:\/\/www.ucat.edu.ve\/web\/wp-json\/wp\/v2\/users\/1"}],"replies":[{"embeddable":true,"href":"https:\/\/www.ucat.edu.ve\/web\/wp-json\/wp\/v2\/comments?post=307"}],"version-history":[{"count":0,"href":"https:\/\/www.ucat.edu.ve\/web\/wp-json\/wp\/v2\/pages\/307\/revisions"}],"up":[{"embeddable":true,"href":"https:\/\/www.ucat.edu.ve\/web\/wp-json\/wp\/v2\/pages\/195"}],"wp:attachment":[{"href":"https:\/\/www.ucat.edu.ve\/web\/wp-json\/wp\/v2\/media?parent=307"}],"curies":[{"name":"wp","href":"https:\/\/api.w.org\/{rel}","templated":true}]}}