 {"id":36,"date":"2015-07-16T15:11:36","date_gmt":"2015-07-16T15:11:36","guid":{"rendered":"http:\/\/190.202.129.93:7600\/ucat\/?page_id=36"},"modified":"2017-02-15T15:48:12","modified_gmt":"2017-02-15T15:48:12","slug":"identidad","status":"publish","type":"page","link":"https:\/\/www.ucat.edu.ve\/web\/identidad\/","title":{"rendered":"Identidad"},"content":{"rendered":"<div id=\"pl-36\"  class=\"panel-layout\" ><div id=\"pg-36-0\"  class=\"panel-grid panel-no-style\" ><div id=\"pgc-36-0-0\"  class=\"panel-grid-cell\" ><div id=\"panel-36-0-0-0\" class=\"so-panel widget widget_sow-image panel-first-child panel-last-child\" data-index=\"0\" ><div\n\t\t\t\n\t\t\tclass=\"so-widget-sow-image so-widget-sow-image-default-72463164d13f-36\"\n\t\t\t\n\t\t>\n\n<div class=\"sow-image-container\">\n\t\t<img src=\"https:\/\/www.ucat.edu.ve\/web\/wp-content\/uploads\/2015\/07\/fachada.jpg\" width=\"213\" height=\"283\" sizes=\"(max-width: 213px) 100vw, 213px\" alt=\"\" loading=\"lazy\" \t\tclass=\"so-widget-image\"\/>\n\t<\/div>\n\n<\/div><\/div><\/div><div id=\"pgc-36-0-1\"  class=\"panel-grid-cell\" ><div id=\"panel-36-0-1-0\" class=\"so-panel widget widget_text panel-first-child panel-last-child\" data-index=\"1\" >\t\t\t<div class=\"textwidget\"><p align=\"justify\"> La Universidad Cat\u00f3lica del T\u00e1chira orienta el conocimiento de su historia, de su misi\u00f3n, visi\u00f3n, de sus s\u00edmbolos y de su Plan Institucional, hacia un compromiso de todos y cada uno de los integrantes de la comunidad universitaria con la raz\u00f3n de ser de la Universidad: ser una comunidad de intereses espirituales reunidos en la tarea permanente de buscar y hallar la verdad, empe\u00f1ada en afianzar el valor trascendente de la persona, con un decidido esp\u00edritu de dialogo, pluralismo, democracia, justicia social y solidaridad humana. Estar inspirada por la fe cristiana que busca la justicia, asume el reto de la formaci\u00f3n integral de sus miembros como un aporte espec\u00edfico a la sociedad venezolana. Estar enraizada en el coraz\u00f3n de esta regi\u00f3n andina, contribuye al desarrollo sustentable regional y nacional, trabaja por la integraci\u00f3n de los pueblos, especialmente de Am\u00e9rica Latina, y colabora en el fortalecimiento de la cultura de la paz y de afianzar el valor trascendente de la persona.<\/p><\/div>\n\t\t<\/div><\/div><\/div><\/div>","protected":false},"excerpt":{"rendered":"<p>La Universidad Cat\u00f3lica del T\u00e1chira orienta el conocimiento de su historia, de su misi\u00f3n, visi\u00f3n, de sus s\u00edmbolos y de su Plan Institucional, hacia un compromiso de todos y cada uno de los integrantes de la comunidad universitaria con la raz\u00f3n de ser de la Universidad: ser una comunidad de intereses espirituales reunidos en la<\/p>\n","protected":false},"author":1,"featured_media":0,"parent":0,"menu_order":0,"comment_status":"open","ping_status":"open","template":"fullwidth.php","meta":[],"yoast_head":"<!-- This site is optimized with the Yoast SEO plugin v19.2 - https:\/\/yoast.com\/wordpress\/plugins\/seo\/ -->\n<title>Identidad - Universidad Cat\u00f3lica del T\u00e1chira<\/title>\n<meta name=\"robots\" content=\"index, follow, max-snippet:-1, max-image-preview:large, max-video-preview:-1\" \/>\n<link rel=\"canonical\" href=\"https:\/\/www.ucat.edu.ve\/web\/identidad\/\" \/>\n<meta property=\"og:locale\" content=\"es_ES\" \/>\n<meta property=\"og:type\" content=\"article\" \/>\n<meta property=\"og:title\" content=\"Identidad - Universidad Cat\u00f3lica del T\u00e1chira\" \/>\n<meta property=\"og:description\" content=\"La Universidad Cat\u00f3lica del T\u00e1chira orienta el conocimiento de su historia, de su misi\u00f3n, visi\u00f3n, de sus s\u00edmbolos y de su Plan Institucional, hacia un compromiso de todos y cada uno de los integrantes de la comunidad universitaria con la raz\u00f3n de ser de la Universidad: ser una comunidad de intereses espirituales reunidos en la\" \/>\n<meta property=\"og:url\" content=\"https:\/\/www.ucat.edu.ve\/web\/identidad\/\" \/>\n<meta property=\"og:site_name\" content=\"Universidad Cat\u00f3lica del T\u00e1chira\" \/>\n<meta property=\"article:publisher\" content=\"https:\/\/www.facebook.com\/notiucat\/\" \/>\n<meta property=\"article:modified_time\" content=\"2017-02-15T15:48:12+00:00\" \/>\n<meta property=\"og:image\" content=\"http:\/\/190.202.129.93:7600\/ucat\/wp-content\/uploads\/2015\/07\/fachada.jpg\" \/>\n<meta name=\"author\" content=\"Superadministrador\" \/>\n<meta name=\"twitter:card\" content=\"summary_large_image\" \/>\n<meta name=\"twitter:site\" content=\"@notiucat\" \/>\n<meta name=\"twitter:label1\" content=\"Est. reading time\" \/>\n\t<meta name=\"twitter:data1\" content=\"1 minuto\" \/>\n<script type=\"application\/ld+json\" class=\"yoast-schema-graph\">{\"@context\":\"https:\/\/schema.org\",\"@graph\":[{\"@type\":\"Organization\",\"@id\":\"https:\/\/www.ucat.edu.ve\/web\/#organization\",\"name\":\"Universidad Cat\u00f3lica Del T\u00e1chira UCAT\",\"url\":\"https:\/\/www.ucat.edu.ve\/web\/\",\"sameAs\":[\"https:\/\/www.instagram.com\/notiucat\/\",\"https:\/\/www.youtube.com\/channel\/UCwEbYSB1R9fzlII-8dcxuYA?view_as=subscriber\",\"https:\/\/www.facebook.com\/notiucat\/\",\"https:\/\/twitter.com\/notiucat\"],\"logo\":{\"@type\":\"ImageObject\",\"inLanguage\":\"es-ES\",\"@id\":\"https:\/\/www.ucat.edu.ve\/web\/#\/schema\/logo\/image\/\",\"url\":\"https:\/\/www.ucat.edu.ve\/web\/wp-content\/uploads\/2015\/07\/logoucat.gif\",\"contentUrl\":\"https:\/\/www.ucat.edu.ve\/web\/wp-content\/uploads\/2015\/07\/logoucat.gif\",\"width\":219,\"height\":155,\"caption\":\"Universidad Cat\u00f3lica Del T\u00e1chira UCAT\"},\"image\":{\"@id\":\"https:\/\/www.ucat.edu.ve\/web\/#\/schema\/logo\/image\/\"}},{\"@type\":\"WebSite\",\"@id\":\"https:\/\/www.ucat.edu.ve\/web\/#website\",\"url\":\"https:\/\/www.ucat.edu.ve\/web\/\",\"name\":\"Universidad Cat\u00f3lica del T\u00e1chira\",\"description\":\"\",\"publisher\":{\"@id\":\"https:\/\/www.ucat.edu.ve\/web\/#organization\"},\"potentialAction\":[{\"@type\":\"SearchAction\",\"target\":{\"@type\":\"EntryPoint\",\"urlTemplate\":\"https:\/\/www.ucat.edu.ve\/web\/?s={search_term_string}\"},\"query-input\":\"required name=search_term_string\"}],\"inLanguage\":\"es-ES\"},{\"@type\":\"ImageObject\",\"inLanguage\":\"es-ES\",\"@id\":\"https:\/\/www.ucat.edu.ve\/web\/identidad\/#primaryimage\",\"url\":\"http:\/\/190.202.129.93:7600\/ucat\/wp-content\/uploads\/2015\/07\/fachada.jpg\",\"contentUrl\":\"http:\/\/190.202.129.93:7600\/ucat\/wp-content\/uploads\/2015\/07\/fachada.jpg\"},{\"@type\":\"WebPage\",\"@id\":\"https:\/\/www.ucat.edu.ve\/web\/identidad\/#webpage\",\"url\":\"https:\/\/www.ucat.edu.ve\/web\/identidad\/\",\"name\":\"Identidad - Universidad Cat\u00f3lica del T\u00e1chira\",\"isPartOf\":{\"@id\":\"https:\/\/www.ucat.edu.ve\/web\/#website\"},\"primaryImageOfPage\":{\"@id\":\"https:\/\/www.ucat.edu.ve\/web\/identidad\/#primaryimage\"},\"datePublished\":\"2015-07-16T15:11:36+00:00\",\"dateModified\":\"2017-02-15T15:48:12+00:00\",\"breadcrumb\":{\"@id\":\"https:\/\/www.ucat.edu.ve\/web\/identidad\/#breadcrumb\"},\"inLanguage\":\"es-ES\",\"potentialAction\":[{\"@type\":\"ReadAction\",\"target\":[\"https:\/\/www.ucat.edu.ve\/web\/identidad\/\"]}]},{\"@type\":\"BreadcrumbList\",\"@id\":\"https:\/\/www.ucat.edu.ve\/web\/identidad\/#breadcrumb\",\"itemListElement\":[{\"@type\":\"ListItem\",\"position\":1,\"name\":\"Home\",\"item\":\"https:\/\/www.ucat.edu.ve\/web\/\"},{\"@type\":\"ListItem\",\"position\":2,\"name\":\"Identidad\"}]}]}<\/script>\n<!-- \/ Yoast SEO plugin. -->","yoast_head_json":{"title":"Identidad - Universidad Cat\u00f3lica del T\u00e1chira","robots":{"index":"index","follow":"follow","max-snippet":"max-snippet:-1","max-image-preview":"max-image-preview:large","max-video-preview":"max-video-preview:-1"},"canonical":"https:\/\/www.ucat.edu.ve\/web\/identidad\/","og_locale":"es_ES","og_type":"article","og_title":"Identidad - Universidad Cat\u00f3lica del T\u00e1chira","og_description":"La Universidad Cat\u00f3lica del T\u00e1chira orienta el conocimiento de su historia, de su misi\u00f3n, visi\u00f3n, de sus s\u00edmbolos y de su Plan Institucional, hacia un compromiso de todos y cada uno de los integrantes de la comunidad universitaria con la raz\u00f3n de ser de la Universidad: ser una comunidad de intereses espirituales reunidos en la","og_url":"https:\/\/www.ucat.edu.ve\/web\/identidad\/","og_site_name":"Universidad Cat\u00f3lica del T\u00e1chira","article_publisher":"https:\/\/www.facebook.com\/notiucat\/","article_modified_time":"2017-02-15T15:48:12+00:00","og_image":[{"url":"http:\/\/190.202.129.93:7600\/ucat\/wp-content\/uploads\/2015\/07\/fachada.jpg"}],"author":"Superadministrador","twitter_card":"summary_large_image","twitter_site":"@notiucat","twitter_misc":{"Est. reading time":"1 minuto"},"schema":{"@context":"https:\/\/schema.org","@graph":[{"@type":"Organization","@id":"https:\/\/www.ucat.edu.ve\/web\/#organization","name":"Universidad Cat\u00f3lica Del T\u00e1chira UCAT","url":"https:\/\/www.ucat.edu.ve\/web\/","sameAs":["https:\/\/www.instagram.com\/notiucat\/","https:\/\/www.youtube.com\/channel\/UCwEbYSB1R9fzlII-8dcxuYA?view_as=subscriber","https:\/\/www.facebook.com\/notiucat\/","https:\/\/twitter.com\/notiucat"],"logo":{"@type":"ImageObject","inLanguage":"es-ES","@id":"https:\/\/www.ucat.edu.ve\/web\/#\/schema\/logo\/image\/","url":"https:\/\/www.ucat.edu.ve\/web\/wp-content\/uploads\/2015\/07\/logoucat.gif","contentUrl":"https:\/\/www.ucat.edu.ve\/web\/wp-content\/uploads\/2015\/07\/logoucat.gif","width":219,"height":155,"caption":"Universidad Cat\u00f3lica Del T\u00e1chira UCAT"},"image":{"@id":"https:\/\/www.ucat.edu.ve\/web\/#\/schema\/logo\/image\/"}},{"@type":"WebSite","@id":"https:\/\/www.ucat.edu.ve\/web\/#website","url":"https:\/\/www.ucat.edu.ve\/web\/","name":"Universidad Cat\u00f3lica del T\u00e1chira","description":"","publisher":{"@id":"https:\/\/www.ucat.edu.ve\/web\/#organization"},"potentialAction":[{"@type":"SearchAction","target":{"@type":"EntryPoint","urlTemplate":"https:\/\/www.ucat.edu.ve\/web\/?s={search_term_string}"},"query-input":"required name=search_term_string"}],"inLanguage":"es-ES"},{"@type":"ImageObject","inLanguage":"es-ES","@id":"https:\/\/www.ucat.edu.ve\/web\/identidad\/#primaryimage","url":"http:\/\/190.202.129.93:7600\/ucat\/wp-content\/uploads\/2015\/07\/fachada.jpg","contentUrl":"http:\/\/190.202.129.93:7600\/ucat\/wp-content\/uploads\/2015\/07\/fachada.jpg"},{"@type":"WebPage","@id":"https:\/\/www.ucat.edu.ve\/web\/identidad\/#webpage","url":"https:\/\/www.ucat.edu.ve\/web\/identidad\/","name":"Identidad - Universidad Cat\u00f3lica del T\u00e1chira","isPartOf":{"@id":"https:\/\/www.ucat.edu.ve\/web\/#website"},"primaryImageOfPage":{"@id":"https:\/\/www.ucat.edu.ve\/web\/identidad\/#primaryimage"},"datePublished":"2015-07-16T15:11:36+00:00","dateModified":"2017-02-15T15:48:12+00:00","breadcrumb":{"@id":"https:\/\/www.ucat.edu.ve\/web\/identidad\/#breadcrumb"},"inLanguage":"es-ES","potentialAction":[{"@type":"ReadAction","target":["https:\/\/www.ucat.edu.ve\/web\/identidad\/"]}]},{"@type":"BreadcrumbList","@id":"https:\/\/www.ucat.edu.ve\/web\/identidad\/#breadcrumb","itemListElement":[{"@type":"ListItem","position":1,"name":"Home","item":"https:\/\/www.ucat.edu.ve\/web\/"},{"@type":"ListItem","position":2,"name":"Identidad"}]}]}},"_links":{"self":[{"href":"https:\/\/www.ucat.edu.ve\/web\/wp-json\/wp\/v2\/pages\/36"}],"collection":[{"href":"https:\/\/www.ucat.edu.ve\/web\/wp-json\/wp\/v2\/pages"}],"about":[{"href":"https:\/\/www.ucat.edu.ve\/web\/wp-json\/wp\/v2\/types\/page"}],"author":[{"embeddable":true,"href":"https:\/\/www.ucat.edu.ve\/web\/wp-json\/wp\/v2\/users\/1"}],"replies":[{"embeddable":true,"href":"https:\/\/www.ucat.edu.ve\/web\/wp-json\/wp\/v2\/comments?post=36"}],"version-history":[{"count":13,"href":"https:\/\/www.ucat.edu.ve\/web\/wp-json\/wp\/v2\/pages\/36\/revisions"}],"predecessor-version":[{"id":11236,"href":"https:\/\/www.ucat.edu.ve\/web\/wp-json\/wp\/v2\/pages\/36\/revisions\/11236"}],"wp:attachment":[{"href":"https:\/\/www.ucat.edu.ve\/web\/wp-json\/wp\/v2\/media?parent=36"}],"curies":[{"name":"wp","href":"https:\/\/api.w.org\/{rel}","templated":true}]}}