 {"id":48,"date":"2015-07-16T15:46:01","date_gmt":"2015-07-16T15:46:01","guid":{"rendered":"http:\/\/190.202.129.93:7600\/ucat\/?page_id=48"},"modified":"2017-05-26T08:48:52","modified_gmt":"2017-05-26T08:48:52","slug":"mision","status":"publish","type":"page","link":"https:\/\/www.ucat.edu.ve\/web\/identidad\/mision\/","title":{"rendered":"Misi\u00f3n y Visi\u00f3n"},"content":{"rendered":"<div id=\"pl-48\"  class=\"panel-layout\" ><div id=\"pg-48-0\"  class=\"panel-grid panel-no-style\" ><div id=\"pgc-48-0-0\"  class=\"panel-grid-cell\" ><div id=\"panel-48-0-0-0\" class=\"so-panel widget widget_sow-image panel-first-child panel-last-child\" data-index=\"0\" ><div\n\t\t\t\n\t\t\tclass=\"so-widget-sow-image so-widget-sow-image-default-72463164d13f-48\"\n\t\t\t\n\t\t>\n\n<div class=\"sow-image-container\">\n\t\t<img src=\"https:\/\/www.ucat.edu.ve\/web\/wp-content\/uploads\/2015\/07\/mision.gif\" width=\"219\" height=\"155\" sizes=\"(max-width: 219px) 100vw, 219px\" alt=\"\" loading=\"lazy\" \t\tclass=\"so-widget-image\"\/>\n\t<\/div>\n\n<\/div><\/div><\/div><div id=\"pgc-48-0-1\"  class=\"panel-grid-cell\" ><div id=\"panel-48-0-1-0\" class=\"so-panel widget widget_text panel-first-child\" data-index=\"1\" ><div class=\"panel-widget-style panel-widget-style-for-48-0-1-0\" ><h3 class=\"widget-title\">Misi\u00f3n<\/h3>\t\t\t<div class=\"textwidget\">La Universidad Cat\u00f3lica del T\u00e1chira es una comunidad de intereses espirituales que re\u00fane a sus miembros: estudiantes, profesores, personal administrativo, obrero, autoridades y egresados, en la tarea permanente de buscar y hallar la verdad, empe\u00f1ada en afianzar el valor trascendente de la persona, con un decidido esp\u00edritu de dialogo, pluralismo, democracia, justicia social y solidaridad humana. Inspirada por la fe cristiana que busca la justicia, asume el reto de la formaci\u00f3n integral de sus miembros como un aporte espec\u00edfico a la sociedad venezolana. Enraizada en el coraz\u00f3n de esta regi\u00f3n andina, contribuye al desarrollo sustentable regional y nacional, trabaja por la integraci\u00f3n de los pueblos, especialmente de Am\u00e9rica Latina, y colabora en el fortalecimiento de la cultura de la paz., y de afianzar el valor trascendente de la persona.\n<\/div>\n\t\t<\/div><\/div><div id=\"panel-48-0-1-1\" class=\"so-panel widget widget_text panel-last-child\" data-index=\"2\" ><div class=\"panel-widget-style panel-widget-style-for-48-0-1-1\" ><h3 class=\"widget-title\">Visi\u00f3n<\/h3>\t\t\t<div class=\"textwidget\">La Universidad Cat\u00f3lica del T\u00e1chira es reconocida como una universidad de calidad que se distingue por la formaci\u00f3n integral de todos sus miembros en coherencia con su identidad cat\u00f3lica inspirada en la tradici\u00f3n espiritual de la Compa\u00f1\u00eda de Jes\u00fas.\n\nEs un centro de reflexi\u00f3n que colabora activamente en la comprensi\u00f3n y soluci\u00f3n de problemas regionales y nacionales, contribuyendo al desarrollo del pa\u00eds, especialmente entre y con los m\u00e1s pobres.\n\nEs una universidad a la altura de los tiempos que desarrolla sus actividades con una filosof\u00eda de gesti\u00f3n integrada \u00e1gil y eficiente.\n\nDesarrolla parte de sus actividades en el nuevo parque universitario, brindando servicios de calidad a toda la comunidad universitaria y su entorno.<\/div>\n\t\t<\/div><\/div><\/div><\/div><\/div>","protected":false},"excerpt":{"rendered":"<p>La Universidad Cat\u00f3lica del T\u00e1chira es una comunidad de intereses espirituales que re\u00fane a sus miembros: estudiantes, profesores, personal administrativo, obrero, autoridades y egresados, en la tarea permanente de buscar y hallar la verdad, empe\u00f1ada en afianzar el valor trascendente de la persona, con un decidido esp\u00edritu de dialogo, pluralismo, democracia, justicia social y solidaridad<\/p>\n","protected":false},"author":1,"featured_media":0,"parent":36,"menu_order":0,"comment_status":"closed","ping_status":"closed","template":"fullwidth.php","meta":[],"yoast_head":"<!-- This site is optimized with the Yoast SEO plugin v19.2 - https:\/\/yoast.com\/wordpress\/plugins\/seo\/ -->\n<title>Misi\u00f3n y Visi\u00f3n - Universidad Cat\u00f3lica del T\u00e1chira<\/title>\n<meta name=\"robots\" content=\"index, follow, max-snippet:-1, max-image-preview:large, max-video-preview:-1\" \/>\n<link rel=\"canonical\" href=\"https:\/\/www.ucat.edu.ve\/web\/identidad\/mision\/\" \/>\n<meta property=\"og:locale\" content=\"es_ES\" \/>\n<meta property=\"og:type\" content=\"article\" \/>\n<meta property=\"og:title\" content=\"Misi\u00f3n y Visi\u00f3n - Universidad Cat\u00f3lica del T\u00e1chira\" \/>\n<meta property=\"og:description\" content=\"La Universidad Cat\u00f3lica del T\u00e1chira es una comunidad de intereses espirituales que re\u00fane a sus miembros: estudiantes, profesores, personal administrativo, obrero, autoridades y egresados, en la tarea permanente de buscar y hallar la verdad, empe\u00f1ada en afianzar el valor trascendente de la persona, con un decidido esp\u00edritu de dialogo, pluralismo, democracia, justicia social y solidaridad\" \/>\n<meta property=\"og:url\" content=\"https:\/\/www.ucat.edu.ve\/web\/identidad\/mision\/\" \/>\n<meta property=\"og:site_name\" content=\"Universidad Cat\u00f3lica del T\u00e1chira\" \/>\n<meta property=\"article:publisher\" content=\"https:\/\/www.facebook.com\/notiucat\/\" \/>\n<meta property=\"article:modified_time\" content=\"2017-05-26T08:48:52+00:00\" \/>\n<meta property=\"og:image\" content=\"http:\/\/190.202.129.93:7600\/ucat\/wp-content\/uploads\/2015\/07\/mision.gif\" \/>\n<meta name=\"author\" content=\"Superadministrador\" \/>\n<meta name=\"twitter:card\" content=\"summary_large_image\" \/>\n<meta name=\"twitter:site\" content=\"@notiucat\" \/>\n<meta name=\"twitter:label1\" content=\"Est. reading time\" \/>\n\t<meta name=\"twitter:data1\" content=\"1 minuto\" \/>\n<script type=\"application\/ld+json\" class=\"yoast-schema-graph\">{\"@context\":\"https:\/\/schema.org\",\"@graph\":[{\"@type\":\"Organization\",\"@id\":\"https:\/\/www.ucat.edu.ve\/web\/#organization\",\"name\":\"Universidad Cat\u00f3lica Del T\u00e1chira UCAT\",\"url\":\"https:\/\/www.ucat.edu.ve\/web\/\",\"sameAs\":[\"https:\/\/www.instagram.com\/notiucat\/\",\"https:\/\/www.youtube.com\/channel\/UCwEbYSB1R9fzlII-8dcxuYA?view_as=subscriber\",\"https:\/\/www.facebook.com\/notiucat\/\",\"https:\/\/twitter.com\/notiucat\"],\"logo\":{\"@type\":\"ImageObject\",\"inLanguage\":\"es-ES\",\"@id\":\"https:\/\/www.ucat.edu.ve\/web\/#\/schema\/logo\/image\/\",\"url\":\"https:\/\/www.ucat.edu.ve\/web\/wp-content\/uploads\/2015\/07\/logoucat.gif\",\"contentUrl\":\"https:\/\/www.ucat.edu.ve\/web\/wp-content\/uploads\/2015\/07\/logoucat.gif\",\"width\":219,\"height\":155,\"caption\":\"Universidad Cat\u00f3lica Del T\u00e1chira UCAT\"},\"image\":{\"@id\":\"https:\/\/www.ucat.edu.ve\/web\/#\/schema\/logo\/image\/\"}},{\"@type\":\"WebSite\",\"@id\":\"https:\/\/www.ucat.edu.ve\/web\/#website\",\"url\":\"https:\/\/www.ucat.edu.ve\/web\/\",\"name\":\"Universidad Cat\u00f3lica del T\u00e1chira\",\"description\":\"\",\"publisher\":{\"@id\":\"https:\/\/www.ucat.edu.ve\/web\/#organization\"},\"potentialAction\":[{\"@type\":\"SearchAction\",\"target\":{\"@type\":\"EntryPoint\",\"urlTemplate\":\"https:\/\/www.ucat.edu.ve\/web\/?s={search_term_string}\"},\"query-input\":\"required name=search_term_string\"}],\"inLanguage\":\"es-ES\"},{\"@type\":\"ImageObject\",\"inLanguage\":\"es-ES\",\"@id\":\"https:\/\/www.ucat.edu.ve\/web\/identidad\/mision\/#primaryimage\",\"url\":\"http:\/\/190.202.129.93:7600\/ucat\/wp-content\/uploads\/2015\/07\/mision.gif\",\"contentUrl\":\"http:\/\/190.202.129.93:7600\/ucat\/wp-content\/uploads\/2015\/07\/mision.gif\"},{\"@type\":\"WebPage\",\"@id\":\"https:\/\/www.ucat.edu.ve\/web\/identidad\/mision\/#webpage\",\"url\":\"https:\/\/www.ucat.edu.ve\/web\/identidad\/mision\/\",\"name\":\"Misi\u00f3n y Visi\u00f3n - Universidad Cat\u00f3lica del T\u00e1chira\",\"isPartOf\":{\"@id\":\"https:\/\/www.ucat.edu.ve\/web\/#website\"},\"primaryImageOfPage\":{\"@id\":\"https:\/\/www.ucat.edu.ve\/web\/identidad\/mision\/#primaryimage\"},\"datePublished\":\"2015-07-16T15:46:01+00:00\",\"dateModified\":\"2017-05-26T08:48:52+00:00\",\"breadcrumb\":{\"@id\":\"https:\/\/www.ucat.edu.ve\/web\/identidad\/mision\/#breadcrumb\"},\"inLanguage\":\"es-ES\",\"potentialAction\":[{\"@type\":\"ReadAction\",\"target\":[\"https:\/\/www.ucat.edu.ve\/web\/identidad\/mision\/\"]}]},{\"@type\":\"BreadcrumbList\",\"@id\":\"https:\/\/www.ucat.edu.ve\/web\/identidad\/mision\/#breadcrumb\",\"itemListElement\":[{\"@type\":\"ListItem\",\"position\":1,\"name\":\"Home\",\"item\":\"https:\/\/www.ucat.edu.ve\/web\/\"},{\"@type\":\"ListItem\",\"position\":2,\"name\":\"Identidad\",\"item\":\"https:\/\/www.ucat.edu.ve\/web\/identidad\/\"},{\"@type\":\"ListItem\",\"position\":3,\"name\":\"Misi\u00f3n y Visi\u00f3n\"}]}]}<\/script>\n<!-- \/ Yoast SEO plugin. -->","yoast_head_json":{"title":"Misi\u00f3n y Visi\u00f3n - Universidad Cat\u00f3lica del T\u00e1chira","robots":{"index":"index","follow":"follow","max-snippet":"max-snippet:-1","max-image-preview":"max-image-preview:large","max-video-preview":"max-video-preview:-1"},"canonical":"https:\/\/www.ucat.edu.ve\/web\/identidad\/mision\/","og_locale":"es_ES","og_type":"article","og_title":"Misi\u00f3n y Visi\u00f3n - Universidad Cat\u00f3lica del T\u00e1chira","og_description":"La Universidad Cat\u00f3lica del T\u00e1chira es una comunidad de intereses espirituales que re\u00fane a sus miembros: estudiantes, profesores, personal administrativo, obrero, autoridades y egresados, en la tarea permanente de buscar y hallar la verdad, empe\u00f1ada en afianzar el valor trascendente de la persona, con un decidido esp\u00edritu de dialogo, pluralismo, democracia, justicia social y solidaridad","og_url":"https:\/\/www.ucat.edu.ve\/web\/identidad\/mision\/","og_site_name":"Universidad Cat\u00f3lica del T\u00e1chira","article_publisher":"https:\/\/www.facebook.com\/notiucat\/","article_modified_time":"2017-05-26T08:48:52+00:00","og_image":[{"url":"http:\/\/190.202.129.93:7600\/ucat\/wp-content\/uploads\/2015\/07\/mision.gif"}],"author":"Superadministrador","twitter_card":"summary_large_image","twitter_site":"@notiucat","twitter_misc":{"Est. reading time":"1 minuto"},"schema":{"@context":"https:\/\/schema.org","@graph":[{"@type":"Organization","@id":"https:\/\/www.ucat.edu.ve\/web\/#organization","name":"Universidad Cat\u00f3lica Del T\u00e1chira UCAT","url":"https:\/\/www.ucat.edu.ve\/web\/","sameAs":["https:\/\/www.instagram.com\/notiucat\/","https:\/\/www.youtube.com\/channel\/UCwEbYSB1R9fzlII-8dcxuYA?view_as=subscriber","https:\/\/www.facebook.com\/notiucat\/","https:\/\/twitter.com\/notiucat"],"logo":{"@type":"ImageObject","inLanguage":"es-ES","@id":"https:\/\/www.ucat.edu.ve\/web\/#\/schema\/logo\/image\/","url":"https:\/\/www.ucat.edu.ve\/web\/wp-content\/uploads\/2015\/07\/logoucat.gif","contentUrl":"https:\/\/www.ucat.edu.ve\/web\/wp-content\/uploads\/2015\/07\/logoucat.gif","width":219,"height":155,"caption":"Universidad Cat\u00f3lica Del T\u00e1chira UCAT"},"image":{"@id":"https:\/\/www.ucat.edu.ve\/web\/#\/schema\/logo\/image\/"}},{"@type":"WebSite","@id":"https:\/\/www.ucat.edu.ve\/web\/#website","url":"https:\/\/www.ucat.edu.ve\/web\/","name":"Universidad Cat\u00f3lica del T\u00e1chira","description":"","publisher":{"@id":"https:\/\/www.ucat.edu.ve\/web\/#organization"},"potentialAction":[{"@type":"SearchAction","target":{"@type":"EntryPoint","urlTemplate":"https:\/\/www.ucat.edu.ve\/web\/?s={search_term_string}"},"query-input":"required name=search_term_string"}],"inLanguage":"es-ES"},{"@type":"ImageObject","inLanguage":"es-ES","@id":"https:\/\/www.ucat.edu.ve\/web\/identidad\/mision\/#primaryimage","url":"http:\/\/190.202.129.93:7600\/ucat\/wp-content\/uploads\/2015\/07\/mision.gif","contentUrl":"http:\/\/190.202.129.93:7600\/ucat\/wp-content\/uploads\/2015\/07\/mision.gif"},{"@type":"WebPage","@id":"https:\/\/www.ucat.edu.ve\/web\/identidad\/mision\/#webpage","url":"https:\/\/www.ucat.edu.ve\/web\/identidad\/mision\/","name":"Misi\u00f3n y Visi\u00f3n - Universidad Cat\u00f3lica del T\u00e1chira","isPartOf":{"@id":"https:\/\/www.ucat.edu.ve\/web\/#website"},"primaryImageOfPage":{"@id":"https:\/\/www.ucat.edu.ve\/web\/identidad\/mision\/#primaryimage"},"datePublished":"2015-07-16T15:46:01+00:00","dateModified":"2017-05-26T08:48:52+00:00","breadcrumb":{"@id":"https:\/\/www.ucat.edu.ve\/web\/identidad\/mision\/#breadcrumb"},"inLanguage":"es-ES","potentialAction":[{"@type":"ReadAction","target":["https:\/\/www.ucat.edu.ve\/web\/identidad\/mision\/"]}]},{"@type":"BreadcrumbList","@id":"https:\/\/www.ucat.edu.ve\/web\/identidad\/mision\/#breadcrumb","itemListElement":[{"@type":"ListItem","position":1,"name":"Home","item":"https:\/\/www.ucat.edu.ve\/web\/"},{"@type":"ListItem","position":2,"name":"Identidad","item":"https:\/\/www.ucat.edu.ve\/web\/identidad\/"},{"@type":"ListItem","position":3,"name":"Misi\u00f3n y Visi\u00f3n"}]}]}},"_links":{"self":[{"href":"https:\/\/www.ucat.edu.ve\/web\/wp-json\/wp\/v2\/pages\/48"}],"collection":[{"href":"https:\/\/www.ucat.edu.ve\/web\/wp-json\/wp\/v2\/pages"}],"about":[{"href":"https:\/\/www.ucat.edu.ve\/web\/wp-json\/wp\/v2\/types\/page"}],"author":[{"embeddable":true,"href":"https:\/\/www.ucat.edu.ve\/web\/wp-json\/wp\/v2\/users\/1"}],"replies":[{"embeddable":true,"href":"https:\/\/www.ucat.edu.ve\/web\/wp-json\/wp\/v2\/comments?post=48"}],"version-history":[{"count":0,"href":"https:\/\/www.ucat.edu.ve\/web\/wp-json\/wp\/v2\/pages\/48\/revisions"}],"up":[{"embeddable":true,"href":"https:\/\/www.ucat.edu.ve\/web\/wp-json\/wp\/v2\/pages\/36"}],"wp:attachment":[{"href":"https:\/\/www.ucat.edu.ve\/web\/wp-json\/wp\/v2\/media?parent=48"}],"curies":[{"name":"wp","href":"https:\/\/api.w.org\/{rel}","templated":true}]}}