 {"id":6946,"date":"2021-05-15T19:12:14","date_gmt":"2021-05-15T19:12:14","guid":{"rendered":"http:\/\/www.ucat.edu.ve\/web\/?page_id=6946"},"modified":"2021-05-15T20:33:24","modified_gmt":"2021-05-15T20:33:24","slug":"i-1-transferencia-bancaria-desde-el-mismo-banco-sofitasa-o-desde-cualquier-banco-nacional","status":"publish","type":"page","link":"https:\/\/www.ucat.edu.ve\/web\/medios-de-pago\/si-tienes-convenio\/i-1-transferencia-bancaria-desde-el-mismo-banco-sofitasa-o-desde-cualquier-banco-nacional\/","title":{"rendered":"I.1.\u00a0 Transferencia bancaria desde el mismo Banco Sofitasa o desde cualquier banco nacional."},"content":{"rendered":"<p style=\"padding-left: 160px;\">1. Consulta tu n\u00famero de cuenta bancaria y\/o deuda: <a href=\"http:\/\/www.ucat.edu.ve\/solvencias\/form_entry.htm\">Solvencia en l\u00ednea<\/a><\/p>\n<p style=\"padding-left: 160px;\">2. Verifica la transferencia, el d\u00eda h\u00e1bil bancario siguiente a la realizaci\u00f3n de la misma Tambi\u00e9n puedes hacerlo ingresando de nuevo al link de consulta de solvencia en l\u00ednea.<\/p>\n<p style=\"padding-left: 160px;\">3. \u00bfQu\u00e9 pasa si no se ha hecho efectiva? Debes revisar los datos ingresados, recuerda que si eres menor de edad, los datos deben ser los del representante (firmante del convenio de pago con el Banco Sofitasa).<\/p>\n","protected":false},"excerpt":{"rendered":"<p>1. Consulta tu n\u00famero de cuenta bancaria y\/o deuda: Solvencia en l\u00ednea 2. Verifica la transferencia, el d\u00eda h\u00e1bil bancario siguiente a la realizaci\u00f3n de la misma Tambi\u00e9n puedes hacerlo ingresando de nuevo al link de consulta de solvencia en l\u00ednea. 3. \u00bfQu\u00e9 pasa si no se ha hecho efectiva? Debes revisar los datos ingresados,<\/p>\n","protected":false},"author":27,"featured_media":0,"parent":6940,"menu_order":0,"comment_status":"closed","ping_status":"closed","template":"","meta":[],"yoast_head":"<!-- This site is optimized with the Yoast SEO plugin v19.2 - https:\/\/yoast.com\/wordpress\/plugins\/seo\/ -->\n<title>I.1.\u00a0 Transferencia bancaria desde el mismo Banco Sofitasa o desde cualquier banco nacional. - Universidad Cat\u00f3lica del T\u00e1chira<\/title>\n<meta name=\"robots\" content=\"index, follow, max-snippet:-1, max-image-preview:large, max-video-preview:-1\" \/>\n<link rel=\"canonical\" href=\"https:\/\/www.ucat.edu.ve\/web\/medios-de-pago\/si-tienes-convenio\/i-1-transferencia-bancaria-desde-el-mismo-banco-sofitasa-o-desde-cualquier-banco-nacional\/\" \/>\n<meta property=\"og:locale\" content=\"es_ES\" \/>\n<meta property=\"og:type\" content=\"article\" \/>\n<meta property=\"og:title\" content=\"I.1.\u00a0 Transferencia bancaria desde el mismo Banco Sofitasa o desde cualquier banco nacional. - Universidad Cat\u00f3lica del T\u00e1chira\" \/>\n<meta property=\"og:description\" content=\"1. Consulta tu n\u00famero de cuenta bancaria y\/o deuda: Solvencia en l\u00ednea 2. Verifica la transferencia, el d\u00eda h\u00e1bil bancario siguiente a la realizaci\u00f3n de la misma Tambi\u00e9n puedes hacerlo ingresando de nuevo al link de consulta de solvencia en l\u00ednea. 3. \u00bfQu\u00e9 pasa si no se ha hecho efectiva? Debes revisar los datos ingresados,\" \/>\n<meta property=\"og:url\" content=\"https:\/\/www.ucat.edu.ve\/web\/medios-de-pago\/si-tienes-convenio\/i-1-transferencia-bancaria-desde-el-mismo-banco-sofitasa-o-desde-cualquier-banco-nacional\/\" \/>\n<meta property=\"og:site_name\" content=\"Universidad Cat\u00f3lica del T\u00e1chira\" \/>\n<meta property=\"article:publisher\" content=\"https:\/\/www.facebook.com\/notiucat\/\" \/>\n<meta property=\"article:modified_time\" content=\"2021-05-15T20:33:24+00:00\" \/>\n<meta name=\"author\" content=\"William Ramirez\" \/>\n<meta name=\"twitter:card\" content=\"summary_large_image\" \/>\n<meta name=\"twitter:site\" content=\"@notiucat\" \/>\n<meta name=\"twitter:label1\" content=\"Est. reading time\" \/>\n\t<meta name=\"twitter:data1\" content=\"1 minuto\" \/>\n<script type=\"application\/ld+json\" class=\"yoast-schema-graph\">{\"@context\":\"https:\/\/schema.org\",\"@graph\":[{\"@type\":\"Organization\",\"@id\":\"https:\/\/www.ucat.edu.ve\/web\/#organization\",\"name\":\"Universidad Cat\u00f3lica Del T\u00e1chira UCAT\",\"url\":\"https:\/\/www.ucat.edu.ve\/web\/\",\"sameAs\":[\"https:\/\/www.instagram.com\/notiucat\/\",\"https:\/\/www.youtube.com\/channel\/UCwEbYSB1R9fzlII-8dcxuYA?view_as=subscriber\",\"https:\/\/www.facebook.com\/notiucat\/\",\"https:\/\/twitter.com\/notiucat\"],\"logo\":{\"@type\":\"ImageObject\",\"inLanguage\":\"es-ES\",\"@id\":\"https:\/\/www.ucat.edu.ve\/web\/#\/schema\/logo\/image\/\",\"url\":\"https:\/\/www.ucat.edu.ve\/web\/wp-content\/uploads\/2015\/07\/logoucat.gif\",\"contentUrl\":\"https:\/\/www.ucat.edu.ve\/web\/wp-content\/uploads\/2015\/07\/logoucat.gif\",\"width\":219,\"height\":155,\"caption\":\"Universidad Cat\u00f3lica Del T\u00e1chira UCAT\"},\"image\":{\"@id\":\"https:\/\/www.ucat.edu.ve\/web\/#\/schema\/logo\/image\/\"}},{\"@type\":\"WebSite\",\"@id\":\"https:\/\/www.ucat.edu.ve\/web\/#website\",\"url\":\"https:\/\/www.ucat.edu.ve\/web\/\",\"name\":\"Universidad Cat\u00f3lica del T\u00e1chira\",\"description\":\"\",\"publisher\":{\"@id\":\"https:\/\/www.ucat.edu.ve\/web\/#organization\"},\"potentialAction\":[{\"@type\":\"SearchAction\",\"target\":{\"@type\":\"EntryPoint\",\"urlTemplate\":\"https:\/\/www.ucat.edu.ve\/web\/?s={search_term_string}\"},\"query-input\":\"required name=search_term_string\"}],\"inLanguage\":\"es-ES\"},{\"@type\":\"WebPage\",\"@id\":\"https:\/\/www.ucat.edu.ve\/web\/medios-de-pago\/si-tienes-convenio\/i-1-transferencia-bancaria-desde-el-mismo-banco-sofitasa-o-desde-cualquier-banco-nacional\/#webpage\",\"url\":\"https:\/\/www.ucat.edu.ve\/web\/medios-de-pago\/si-tienes-convenio\/i-1-transferencia-bancaria-desde-el-mismo-banco-sofitasa-o-desde-cualquier-banco-nacional\/\",\"name\":\"I.1.\u00a0 Transferencia bancaria desde el mismo Banco Sofitasa o desde cualquier banco nacional. - Universidad Cat\u00f3lica del T\u00e1chira\",\"isPartOf\":{\"@id\":\"https:\/\/www.ucat.edu.ve\/web\/#website\"},\"datePublished\":\"2021-05-15T19:12:14+00:00\",\"dateModified\":\"2021-05-15T20:33:24+00:00\",\"breadcrumb\":{\"@id\":\"https:\/\/www.ucat.edu.ve\/web\/medios-de-pago\/si-tienes-convenio\/i-1-transferencia-bancaria-desde-el-mismo-banco-sofitasa-o-desde-cualquier-banco-nacional\/#breadcrumb\"},\"inLanguage\":\"es-ES\",\"potentialAction\":[{\"@type\":\"ReadAction\",\"target\":[\"https:\/\/www.ucat.edu.ve\/web\/medios-de-pago\/si-tienes-convenio\/i-1-transferencia-bancaria-desde-el-mismo-banco-sofitasa-o-desde-cualquier-banco-nacional\/\"]}]},{\"@type\":\"BreadcrumbList\",\"@id\":\"https:\/\/www.ucat.edu.ve\/web\/medios-de-pago\/si-tienes-convenio\/i-1-transferencia-bancaria-desde-el-mismo-banco-sofitasa-o-desde-cualquier-banco-nacional\/#breadcrumb\",\"itemListElement\":[{\"@type\":\"ListItem\",\"position\":1,\"name\":\"Home\",\"item\":\"https:\/\/www.ucat.edu.ve\/web\/\"},{\"@type\":\"ListItem\",\"position\":2,\"name\":\"Medios de pago\",\"item\":\"https:\/\/www.ucat.edu.ve\/web\/medios-de-pago\/\"},{\"@type\":\"ListItem\",\"position\":3,\"name\":\"Si tienes convenio\",\"item\":\"https:\/\/www.ucat.edu.ve\/web\/medios-de-pago\/si-tienes-convenio\/\"},{\"@type\":\"ListItem\",\"position\":4,\"name\":\"I.1.\u00a0 Transferencia bancaria desde el mismo Banco Sofitasa o desde cualquier banco nacional.\"}]}]}<\/script>\n<!-- \/ Yoast SEO plugin. -->","yoast_head_json":{"title":"I.1.\u00a0 Transferencia bancaria desde el mismo Banco Sofitasa o desde cualquier banco nacional. - Universidad Cat\u00f3lica del T\u00e1chira","robots":{"index":"index","follow":"follow","max-snippet":"max-snippet:-1","max-image-preview":"max-image-preview:large","max-video-preview":"max-video-preview:-1"},"canonical":"https:\/\/www.ucat.edu.ve\/web\/medios-de-pago\/si-tienes-convenio\/i-1-transferencia-bancaria-desde-el-mismo-banco-sofitasa-o-desde-cualquier-banco-nacional\/","og_locale":"es_ES","og_type":"article","og_title":"I.1.\u00a0 Transferencia bancaria desde el mismo Banco Sofitasa o desde cualquier banco nacional. - Universidad Cat\u00f3lica del T\u00e1chira","og_description":"1. Consulta tu n\u00famero de cuenta bancaria y\/o deuda: Solvencia en l\u00ednea 2. Verifica la transferencia, el d\u00eda h\u00e1bil bancario siguiente a la realizaci\u00f3n de la misma Tambi\u00e9n puedes hacerlo ingresando de nuevo al link de consulta de solvencia en l\u00ednea. 3. \u00bfQu\u00e9 pasa si no se ha hecho efectiva? Debes revisar los datos ingresados,","og_url":"https:\/\/www.ucat.edu.ve\/web\/medios-de-pago\/si-tienes-convenio\/i-1-transferencia-bancaria-desde-el-mismo-banco-sofitasa-o-desde-cualquier-banco-nacional\/","og_site_name":"Universidad Cat\u00f3lica del T\u00e1chira","article_publisher":"https:\/\/www.facebook.com\/notiucat\/","article_modified_time":"2021-05-15T20:33:24+00:00","author":"William Ramirez","twitter_card":"summary_large_image","twitter_site":"@notiucat","twitter_misc":{"Est. reading time":"1 minuto"},"schema":{"@context":"https:\/\/schema.org","@graph":[{"@type":"Organization","@id":"https:\/\/www.ucat.edu.ve\/web\/#organization","name":"Universidad Cat\u00f3lica Del T\u00e1chira UCAT","url":"https:\/\/www.ucat.edu.ve\/web\/","sameAs":["https:\/\/www.instagram.com\/notiucat\/","https:\/\/www.youtube.com\/channel\/UCwEbYSB1R9fzlII-8dcxuYA?view_as=subscriber","https:\/\/www.facebook.com\/notiucat\/","https:\/\/twitter.com\/notiucat"],"logo":{"@type":"ImageObject","inLanguage":"es-ES","@id":"https:\/\/www.ucat.edu.ve\/web\/#\/schema\/logo\/image\/","url":"https:\/\/www.ucat.edu.ve\/web\/wp-content\/uploads\/2015\/07\/logoucat.gif","contentUrl":"https:\/\/www.ucat.edu.ve\/web\/wp-content\/uploads\/2015\/07\/logoucat.gif","width":219,"height":155,"caption":"Universidad Cat\u00f3lica Del T\u00e1chira UCAT"},"image":{"@id":"https:\/\/www.ucat.edu.ve\/web\/#\/schema\/logo\/image\/"}},{"@type":"WebSite","@id":"https:\/\/www.ucat.edu.ve\/web\/#website","url":"https:\/\/www.ucat.edu.ve\/web\/","name":"Universidad Cat\u00f3lica del T\u00e1chira","description":"","publisher":{"@id":"https:\/\/www.ucat.edu.ve\/web\/#organization"},"potentialAction":[{"@type":"SearchAction","target":{"@type":"EntryPoint","urlTemplate":"https:\/\/www.ucat.edu.ve\/web\/?s={search_term_string}"},"query-input":"required name=search_term_string"}],"inLanguage":"es-ES"},{"@type":"WebPage","@id":"https:\/\/www.ucat.edu.ve\/web\/medios-de-pago\/si-tienes-convenio\/i-1-transferencia-bancaria-desde-el-mismo-banco-sofitasa-o-desde-cualquier-banco-nacional\/#webpage","url":"https:\/\/www.ucat.edu.ve\/web\/medios-de-pago\/si-tienes-convenio\/i-1-transferencia-bancaria-desde-el-mismo-banco-sofitasa-o-desde-cualquier-banco-nacional\/","name":"I.1.\u00a0 Transferencia bancaria desde el mismo Banco Sofitasa o desde cualquier banco nacional. - Universidad Cat\u00f3lica del T\u00e1chira","isPartOf":{"@id":"https:\/\/www.ucat.edu.ve\/web\/#website"},"datePublished":"2021-05-15T19:12:14+00:00","dateModified":"2021-05-15T20:33:24+00:00","breadcrumb":{"@id":"https:\/\/www.ucat.edu.ve\/web\/medios-de-pago\/si-tienes-convenio\/i-1-transferencia-bancaria-desde-el-mismo-banco-sofitasa-o-desde-cualquier-banco-nacional\/#breadcrumb"},"inLanguage":"es-ES","potentialAction":[{"@type":"ReadAction","target":["https:\/\/www.ucat.edu.ve\/web\/medios-de-pago\/si-tienes-convenio\/i-1-transferencia-bancaria-desde-el-mismo-banco-sofitasa-o-desde-cualquier-banco-nacional\/"]}]},{"@type":"BreadcrumbList","@id":"https:\/\/www.ucat.edu.ve\/web\/medios-de-pago\/si-tienes-convenio\/i-1-transferencia-bancaria-desde-el-mismo-banco-sofitasa-o-desde-cualquier-banco-nacional\/#breadcrumb","itemListElement":[{"@type":"ListItem","position":1,"name":"Home","item":"https:\/\/www.ucat.edu.ve\/web\/"},{"@type":"ListItem","position":2,"name":"Medios de pago","item":"https:\/\/www.ucat.edu.ve\/web\/medios-de-pago\/"},{"@type":"ListItem","position":3,"name":"Si tienes convenio","item":"https:\/\/www.ucat.edu.ve\/web\/medios-de-pago\/si-tienes-convenio\/"},{"@type":"ListItem","position":4,"name":"I.1.\u00a0 Transferencia bancaria desde el mismo Banco Sofitasa o desde cualquier banco nacional."}]}]}},"_links":{"self":[{"href":"https:\/\/www.ucat.edu.ve\/web\/wp-json\/wp\/v2\/pages\/6946"}],"collection":[{"href":"https:\/\/www.ucat.edu.ve\/web\/wp-json\/wp\/v2\/pages"}],"about":[{"href":"https:\/\/www.ucat.edu.ve\/web\/wp-json\/wp\/v2\/types\/page"}],"author":[{"embeddable":true,"href":"https:\/\/www.ucat.edu.ve\/web\/wp-json\/wp\/v2\/users\/27"}],"replies":[{"embeddable":true,"href":"https:\/\/www.ucat.edu.ve\/web\/wp-json\/wp\/v2\/comments?post=6946"}],"version-history":[{"count":14,"href":"https:\/\/www.ucat.edu.ve\/web\/wp-json\/wp\/v2\/pages\/6946\/revisions"}],"predecessor-version":[{"id":7020,"href":"https:\/\/www.ucat.edu.ve\/web\/wp-json\/wp\/v2\/pages\/6946\/revisions\/7020"}],"up":[{"embeddable":true,"href":"https:\/\/www.ucat.edu.ve\/web\/wp-json\/wp\/v2\/pages\/6940"}],"wp:attachment":[{"href":"https:\/\/www.ucat.edu.ve\/web\/wp-json\/wp\/v2\/media?parent=6946"}],"curies":[{"name":"wp","href":"https:\/\/api.w.org\/{rel}","templated":true}]}}