 {"id":7015,"date":"2021-05-15T20:31:04","date_gmt":"2021-05-15T20:31:04","guid":{"rendered":"http:\/\/www.ucat.edu.ve\/web\/?page_id=7015"},"modified":"2021-05-15T22:22:56","modified_gmt":"2021-05-15T22:22:56","slug":"ii-si-no-tienes-convenio","status":"publish","type":"page","link":"https:\/\/www.ucat.edu.ve\/web\/medios-de-pago\/ii-si-no-tienes-convenio\/","title":{"rendered":"II. Si NO tienes convenio"},"content":{"rendered":"<p style=\"padding-left: 40px;\"><a href=\"http:\/\/www.ucat.edu.ve\/web\/ii-1-efectivo-en-divisas\/\">II.1 Efectivo en divisas.<\/a><\/p>\n<p style=\"padding-left: 40px;\"><a href=\"http:\/\/www.ucat.edu.ve\/web\/medios-de-pago\/ii-si-no-tienes-convenio\/ii-2-pago-movil\/\">II.2 Pago m\u00f3vil.<\/a><\/p>\n<p style=\"padding-left: 40px;\"><a href=\"http:\/\/www.ucat.edu.ve\/web\/medios-de-pago\/ii-si-no-tienes-convenio\/ii-3-transferencia-bancaria\/\">II.3 Transferencia bancaria.<\/a><\/p>\n<p style=\"padding-left: 40px;\"><a href=\"http:\/\/www.ucat.edu.ve\/web\/medios-de-pago\/ii-si-no-tienes-convenio\/ii-4-tarjeta-de-debito-o-credito-visa-o-master-card\/\">II.4 Tarjeta de d\u00e9bito o cr\u00e9dito Visa o Master Card.<\/a><\/p>\n<p style=\"padding-left: 40px;\"><a href=\"http:\/\/www.ucat.edu.ve\/web\/medios-de-pago\/ii-si-no-tienes-convenio\/ii-5-portal-de-pagos-mercantil\/\">II.5 Portal de Pagos Mercantil.<\/a><\/p>\n<p style=\"padding-left: 40px;\"><a href=\"http:\/\/www.ucat.edu.ve\/web\/medios-de-pago\/ii-si-no-tienes-convenio\/ii-6-cajero-virtual-punto-de-venta\/\">II.6 Cajero virtual \u2013 punto de venta.<\/a><\/p>\n","protected":false},"excerpt":{"rendered":"<p>II.1 Efectivo en divisas. II.2 Pago m\u00f3vil. II.3 Transferencia bancaria. II.4 Tarjeta de d\u00e9bito o cr\u00e9dito Visa o Master Card. II.5 Portal de Pagos Mercantil. II.6 Cajero virtual \u2013 punto de venta.<\/p>\n","protected":false},"author":27,"featured_media":0,"parent":6934,"menu_order":0,"comment_status":"closed","ping_status":"closed","template":"","meta":[],"yoast_head":"<!-- This site is optimized with the Yoast SEO plugin v19.2 - https:\/\/yoast.com\/wordpress\/plugins\/seo\/ -->\n<title>II. Si NO tienes convenio - Universidad Cat\u00f3lica del T\u00e1chira<\/title>\n<meta name=\"robots\" content=\"index, follow, max-snippet:-1, max-image-preview:large, max-video-preview:-1\" \/>\n<link rel=\"canonical\" href=\"https:\/\/www.ucat.edu.ve\/web\/medios-de-pago\/ii-si-no-tienes-convenio\/\" \/>\n<meta property=\"og:locale\" content=\"es_ES\" \/>\n<meta property=\"og:type\" content=\"article\" \/>\n<meta property=\"og:title\" content=\"II. Si NO tienes convenio - Universidad Cat\u00f3lica del T\u00e1chira\" \/>\n<meta property=\"og:description\" content=\"II.1 Efectivo en divisas. II.2 Pago m\u00f3vil. II.3 Transferencia bancaria. II.4 Tarjeta de d\u00e9bito o cr\u00e9dito Visa o Master Card. II.5 Portal de Pagos Mercantil. II.6 Cajero virtual \u2013 punto de venta.\" \/>\n<meta property=\"og:url\" content=\"https:\/\/www.ucat.edu.ve\/web\/medios-de-pago\/ii-si-no-tienes-convenio\/\" \/>\n<meta property=\"og:site_name\" content=\"Universidad Cat\u00f3lica del T\u00e1chira\" \/>\n<meta property=\"article:publisher\" content=\"https:\/\/www.facebook.com\/notiucat\/\" \/>\n<meta property=\"article:modified_time\" content=\"2021-05-15T22:22:56+00:00\" \/>\n<meta name=\"author\" content=\"William Ramirez\" \/>\n<meta name=\"twitter:card\" content=\"summary_large_image\" \/>\n<meta name=\"twitter:site\" content=\"@notiucat\" \/>\n<meta name=\"twitter:label1\" content=\"Est. reading time\" \/>\n\t<meta name=\"twitter:data1\" content=\"1 minuto\" \/>\n<script type=\"application\/ld+json\" class=\"yoast-schema-graph\">{\"@context\":\"https:\/\/schema.org\",\"@graph\":[{\"@type\":\"Organization\",\"@id\":\"https:\/\/www.ucat.edu.ve\/web\/#organization\",\"name\":\"Universidad Cat\u00f3lica Del T\u00e1chira UCAT\",\"url\":\"https:\/\/www.ucat.edu.ve\/web\/\",\"sameAs\":[\"https:\/\/www.instagram.com\/notiucat\/\",\"https:\/\/www.youtube.com\/channel\/UCwEbYSB1R9fzlII-8dcxuYA?view_as=subscriber\",\"https:\/\/www.facebook.com\/notiucat\/\",\"https:\/\/twitter.com\/notiucat\"],\"logo\":{\"@type\":\"ImageObject\",\"inLanguage\":\"es-ES\",\"@id\":\"https:\/\/www.ucat.edu.ve\/web\/#\/schema\/logo\/image\/\",\"url\":\"https:\/\/www.ucat.edu.ve\/web\/wp-content\/uploads\/2015\/07\/logoucat.gif\",\"contentUrl\":\"https:\/\/www.ucat.edu.ve\/web\/wp-content\/uploads\/2015\/07\/logoucat.gif\",\"width\":219,\"height\":155,\"caption\":\"Universidad Cat\u00f3lica Del T\u00e1chira UCAT\"},\"image\":{\"@id\":\"https:\/\/www.ucat.edu.ve\/web\/#\/schema\/logo\/image\/\"}},{\"@type\":\"WebSite\",\"@id\":\"https:\/\/www.ucat.edu.ve\/web\/#website\",\"url\":\"https:\/\/www.ucat.edu.ve\/web\/\",\"name\":\"Universidad Cat\u00f3lica del T\u00e1chira\",\"description\":\"\",\"publisher\":{\"@id\":\"https:\/\/www.ucat.edu.ve\/web\/#organization\"},\"potentialAction\":[{\"@type\":\"SearchAction\",\"target\":{\"@type\":\"EntryPoint\",\"urlTemplate\":\"https:\/\/www.ucat.edu.ve\/web\/?s={search_term_string}\"},\"query-input\":\"required name=search_term_string\"}],\"inLanguage\":\"es-ES\"},{\"@type\":\"WebPage\",\"@id\":\"https:\/\/www.ucat.edu.ve\/web\/medios-de-pago\/ii-si-no-tienes-convenio\/#webpage\",\"url\":\"https:\/\/www.ucat.edu.ve\/web\/medios-de-pago\/ii-si-no-tienes-convenio\/\",\"name\":\"II. Si NO tienes convenio - Universidad Cat\u00f3lica del T\u00e1chira\",\"isPartOf\":{\"@id\":\"https:\/\/www.ucat.edu.ve\/web\/#website\"},\"datePublished\":\"2021-05-15T20:31:04+00:00\",\"dateModified\":\"2021-05-15T22:22:56+00:00\",\"breadcrumb\":{\"@id\":\"https:\/\/www.ucat.edu.ve\/web\/medios-de-pago\/ii-si-no-tienes-convenio\/#breadcrumb\"},\"inLanguage\":\"es-ES\",\"potentialAction\":[{\"@type\":\"ReadAction\",\"target\":[\"https:\/\/www.ucat.edu.ve\/web\/medios-de-pago\/ii-si-no-tienes-convenio\/\"]}]},{\"@type\":\"BreadcrumbList\",\"@id\":\"https:\/\/www.ucat.edu.ve\/web\/medios-de-pago\/ii-si-no-tienes-convenio\/#breadcrumb\",\"itemListElement\":[{\"@type\":\"ListItem\",\"position\":1,\"name\":\"Home\",\"item\":\"https:\/\/www.ucat.edu.ve\/web\/\"},{\"@type\":\"ListItem\",\"position\":2,\"name\":\"Medios de pago\",\"item\":\"https:\/\/www.ucat.edu.ve\/web\/medios-de-pago\/\"},{\"@type\":\"ListItem\",\"position\":3,\"name\":\"II. Si NO tienes convenio\"}]}]}<\/script>\n<!-- \/ Yoast SEO plugin. -->","yoast_head_json":{"title":"II. Si NO tienes convenio - Universidad Cat\u00f3lica del T\u00e1chira","robots":{"index":"index","follow":"follow","max-snippet":"max-snippet:-1","max-image-preview":"max-image-preview:large","max-video-preview":"max-video-preview:-1"},"canonical":"https:\/\/www.ucat.edu.ve\/web\/medios-de-pago\/ii-si-no-tienes-convenio\/","og_locale":"es_ES","og_type":"article","og_title":"II. Si NO tienes convenio - Universidad Cat\u00f3lica del T\u00e1chira","og_description":"II.1 Efectivo en divisas. II.2 Pago m\u00f3vil. II.3 Transferencia bancaria. II.4 Tarjeta de d\u00e9bito o cr\u00e9dito Visa o Master Card. II.5 Portal de Pagos Mercantil. II.6 Cajero virtual \u2013 punto de venta.","og_url":"https:\/\/www.ucat.edu.ve\/web\/medios-de-pago\/ii-si-no-tienes-convenio\/","og_site_name":"Universidad Cat\u00f3lica del T\u00e1chira","article_publisher":"https:\/\/www.facebook.com\/notiucat\/","article_modified_time":"2021-05-15T22:22:56+00:00","author":"William Ramirez","twitter_card":"summary_large_image","twitter_site":"@notiucat","twitter_misc":{"Est. reading time":"1 minuto"},"schema":{"@context":"https:\/\/schema.org","@graph":[{"@type":"Organization","@id":"https:\/\/www.ucat.edu.ve\/web\/#organization","name":"Universidad Cat\u00f3lica Del T\u00e1chira UCAT","url":"https:\/\/www.ucat.edu.ve\/web\/","sameAs":["https:\/\/www.instagram.com\/notiucat\/","https:\/\/www.youtube.com\/channel\/UCwEbYSB1R9fzlII-8dcxuYA?view_as=subscriber","https:\/\/www.facebook.com\/notiucat\/","https:\/\/twitter.com\/notiucat"],"logo":{"@type":"ImageObject","inLanguage":"es-ES","@id":"https:\/\/www.ucat.edu.ve\/web\/#\/schema\/logo\/image\/","url":"https:\/\/www.ucat.edu.ve\/web\/wp-content\/uploads\/2015\/07\/logoucat.gif","contentUrl":"https:\/\/www.ucat.edu.ve\/web\/wp-content\/uploads\/2015\/07\/logoucat.gif","width":219,"height":155,"caption":"Universidad Cat\u00f3lica Del T\u00e1chira UCAT"},"image":{"@id":"https:\/\/www.ucat.edu.ve\/web\/#\/schema\/logo\/image\/"}},{"@type":"WebSite","@id":"https:\/\/www.ucat.edu.ve\/web\/#website","url":"https:\/\/www.ucat.edu.ve\/web\/","name":"Universidad Cat\u00f3lica del T\u00e1chira","description":"","publisher":{"@id":"https:\/\/www.ucat.edu.ve\/web\/#organization"},"potentialAction":[{"@type":"SearchAction","target":{"@type":"EntryPoint","urlTemplate":"https:\/\/www.ucat.edu.ve\/web\/?s={search_term_string}"},"query-input":"required name=search_term_string"}],"inLanguage":"es-ES"},{"@type":"WebPage","@id":"https:\/\/www.ucat.edu.ve\/web\/medios-de-pago\/ii-si-no-tienes-convenio\/#webpage","url":"https:\/\/www.ucat.edu.ve\/web\/medios-de-pago\/ii-si-no-tienes-convenio\/","name":"II. Si NO tienes convenio - Universidad Cat\u00f3lica del T\u00e1chira","isPartOf":{"@id":"https:\/\/www.ucat.edu.ve\/web\/#website"},"datePublished":"2021-05-15T20:31:04+00:00","dateModified":"2021-05-15T22:22:56+00:00","breadcrumb":{"@id":"https:\/\/www.ucat.edu.ve\/web\/medios-de-pago\/ii-si-no-tienes-convenio\/#breadcrumb"},"inLanguage":"es-ES","potentialAction":[{"@type":"ReadAction","target":["https:\/\/www.ucat.edu.ve\/web\/medios-de-pago\/ii-si-no-tienes-convenio\/"]}]},{"@type":"BreadcrumbList","@id":"https:\/\/www.ucat.edu.ve\/web\/medios-de-pago\/ii-si-no-tienes-convenio\/#breadcrumb","itemListElement":[{"@type":"ListItem","position":1,"name":"Home","item":"https:\/\/www.ucat.edu.ve\/web\/"},{"@type":"ListItem","position":2,"name":"Medios de pago","item":"https:\/\/www.ucat.edu.ve\/web\/medios-de-pago\/"},{"@type":"ListItem","position":3,"name":"II. Si NO tienes convenio"}]}]}},"_links":{"self":[{"href":"https:\/\/www.ucat.edu.ve\/web\/wp-json\/wp\/v2\/pages\/7015"}],"collection":[{"href":"https:\/\/www.ucat.edu.ve\/web\/wp-json\/wp\/v2\/pages"}],"about":[{"href":"https:\/\/www.ucat.edu.ve\/web\/wp-json\/wp\/v2\/types\/page"}],"author":[{"embeddable":true,"href":"https:\/\/www.ucat.edu.ve\/web\/wp-json\/wp\/v2\/users\/27"}],"replies":[{"embeddable":true,"href":"https:\/\/www.ucat.edu.ve\/web\/wp-json\/wp\/v2\/comments?post=7015"}],"version-history":[{"count":9,"href":"https:\/\/www.ucat.edu.ve\/web\/wp-json\/wp\/v2\/pages\/7015\/revisions"}],"predecessor-version":[{"id":7111,"href":"https:\/\/www.ucat.edu.ve\/web\/wp-json\/wp\/v2\/pages\/7015\/revisions\/7111"}],"up":[{"embeddable":true,"href":"https:\/\/www.ucat.edu.ve\/web\/wp-json\/wp\/v2\/pages\/6934"}],"wp:attachment":[{"href":"https:\/\/www.ucat.edu.ve\/web\/wp-json\/wp\/v2\/media?parent=7015"}],"curies":[{"name":"wp","href":"https:\/\/api.w.org\/{rel}","templated":true}]}}