 {"id":7039,"date":"2021-05-15T21:05:43","date_gmt":"2021-05-15T21:05:43","guid":{"rendered":"http:\/\/www.ucat.edu.ve\/web\/?page_id=7039"},"modified":"2021-05-15T21:07:06","modified_gmt":"2021-05-15T21:07:06","slug":"ii-2-pago-movil","status":"publish","type":"page","link":"https:\/\/www.ucat.edu.ve\/web\/medios-de-pago\/ii-si-no-tienes-convenio\/ii-2-pago-movil\/","title":{"rendered":"II.2 Pago m\u00f3vil."},"content":{"rendered":"<p style=\"padding-left: 80px;\">Informaci\u00f3n para realizar el pago:<\/p>\n<p style=\"padding-left: 80px;\">N\u00famero de RIF J 090112537 UCAT<\/p>\n<p style=\"padding-left: 80px;\">N\u00famero telef\u00f3nico: 0412 279 86 44<\/p>\n<p style=\"padding-left: 80px;\">En el campo \u201cConcepto\u201d deber\u00e1 indicar el n\u00famero de c\u00e9dula del estudiante.<\/p>\n<p style=\"padding-left: 80px;\">Haz capture de pantalla y notifica tu pago en el bot\u00f3n <span style=\"color: #ff6600;\">\u201cReporta tu pago\u201d \u2013 Modalidad de Pago: Pago M\u00f3vil, que conseguir\u00e1s en la pagina web de la UCAT.<\/span><\/p>\n<p style=\"padding-left: 80px;\">El Departamento de Asuntos Socio Econ\u00f3micos validar\u00e1 la informaci\u00f3n reflejada en los reportes bancarios en los d\u00edas h\u00e1biles para la UCAT.<\/p>\n","protected":false},"excerpt":{"rendered":"<p>Informaci\u00f3n para realizar el pago: N\u00famero de RIF J 090112537 UCAT N\u00famero telef\u00f3nico: 0412 279 86 44 En el campo \u201cConcepto\u201d deber\u00e1 indicar el n\u00famero de c\u00e9dula del estudiante. Haz capture de pantalla y notifica tu pago en el bot\u00f3n \u201cReporta tu pago\u201d \u2013 Modalidad de Pago: Pago M\u00f3vil, que conseguir\u00e1s en la pagina web<\/p>\n","protected":false},"author":27,"featured_media":0,"parent":7015,"menu_order":0,"comment_status":"closed","ping_status":"closed","template":"","meta":[],"yoast_head":"<!-- This site is optimized with the Yoast SEO plugin v19.2 - https:\/\/yoast.com\/wordpress\/plugins\/seo\/ -->\n<title>II.2 Pago m\u00f3vil. - Universidad Cat\u00f3lica del T\u00e1chira<\/title>\n<meta name=\"robots\" content=\"index, follow, max-snippet:-1, max-image-preview:large, max-video-preview:-1\" \/>\n<link rel=\"canonical\" href=\"https:\/\/www.ucat.edu.ve\/web\/medios-de-pago\/ii-si-no-tienes-convenio\/ii-2-pago-movil\/\" \/>\n<meta property=\"og:locale\" content=\"es_ES\" \/>\n<meta property=\"og:type\" content=\"article\" \/>\n<meta property=\"og:title\" content=\"II.2 Pago m\u00f3vil. - Universidad Cat\u00f3lica del T\u00e1chira\" \/>\n<meta property=\"og:description\" content=\"Informaci\u00f3n para realizar el pago: N\u00famero de RIF J 090112537 UCAT N\u00famero telef\u00f3nico: 0412 279 86 44 En el campo \u201cConcepto\u201d deber\u00e1 indicar el n\u00famero de c\u00e9dula del estudiante. Haz capture de pantalla y notifica tu pago en el bot\u00f3n \u201cReporta tu pago\u201d \u2013 Modalidad de Pago: Pago M\u00f3vil, que conseguir\u00e1s en la pagina web\" \/>\n<meta property=\"og:url\" content=\"https:\/\/www.ucat.edu.ve\/web\/medios-de-pago\/ii-si-no-tienes-convenio\/ii-2-pago-movil\/\" \/>\n<meta property=\"og:site_name\" content=\"Universidad Cat\u00f3lica del T\u00e1chira\" \/>\n<meta property=\"article:publisher\" content=\"https:\/\/www.facebook.com\/notiucat\/\" \/>\n<meta property=\"article:modified_time\" content=\"2021-05-15T21:07:06+00:00\" \/>\n<meta name=\"author\" content=\"William Ramirez\" \/>\n<meta name=\"twitter:card\" content=\"summary_large_image\" \/>\n<meta name=\"twitter:site\" content=\"@notiucat\" \/>\n<meta name=\"twitter:label1\" content=\"Est. reading time\" \/>\n\t<meta name=\"twitter:data1\" content=\"1 minuto\" \/>\n<script type=\"application\/ld+json\" class=\"yoast-schema-graph\">{\"@context\":\"https:\/\/schema.org\",\"@graph\":[{\"@type\":\"Organization\",\"@id\":\"https:\/\/www.ucat.edu.ve\/web\/#organization\",\"name\":\"Universidad Cat\u00f3lica Del T\u00e1chira UCAT\",\"url\":\"https:\/\/www.ucat.edu.ve\/web\/\",\"sameAs\":[\"https:\/\/www.instagram.com\/notiucat\/\",\"https:\/\/www.youtube.com\/channel\/UCwEbYSB1R9fzlII-8dcxuYA?view_as=subscriber\",\"https:\/\/www.facebook.com\/notiucat\/\",\"https:\/\/twitter.com\/notiucat\"],\"logo\":{\"@type\":\"ImageObject\",\"inLanguage\":\"es-ES\",\"@id\":\"https:\/\/www.ucat.edu.ve\/web\/#\/schema\/logo\/image\/\",\"url\":\"https:\/\/www.ucat.edu.ve\/web\/wp-content\/uploads\/2015\/07\/logoucat.gif\",\"contentUrl\":\"https:\/\/www.ucat.edu.ve\/web\/wp-content\/uploads\/2015\/07\/logoucat.gif\",\"width\":219,\"height\":155,\"caption\":\"Universidad Cat\u00f3lica Del T\u00e1chira UCAT\"},\"image\":{\"@id\":\"https:\/\/www.ucat.edu.ve\/web\/#\/schema\/logo\/image\/\"}},{\"@type\":\"WebSite\",\"@id\":\"https:\/\/www.ucat.edu.ve\/web\/#website\",\"url\":\"https:\/\/www.ucat.edu.ve\/web\/\",\"name\":\"Universidad Cat\u00f3lica del T\u00e1chira\",\"description\":\"\",\"publisher\":{\"@id\":\"https:\/\/www.ucat.edu.ve\/web\/#organization\"},\"potentialAction\":[{\"@type\":\"SearchAction\",\"target\":{\"@type\":\"EntryPoint\",\"urlTemplate\":\"https:\/\/www.ucat.edu.ve\/web\/?s={search_term_string}\"},\"query-input\":\"required name=search_term_string\"}],\"inLanguage\":\"es-ES\"},{\"@type\":\"WebPage\",\"@id\":\"https:\/\/www.ucat.edu.ve\/web\/medios-de-pago\/ii-si-no-tienes-convenio\/ii-2-pago-movil\/#webpage\",\"url\":\"https:\/\/www.ucat.edu.ve\/web\/medios-de-pago\/ii-si-no-tienes-convenio\/ii-2-pago-movil\/\",\"name\":\"II.2 Pago m\u00f3vil. - Universidad Cat\u00f3lica del T\u00e1chira\",\"isPartOf\":{\"@id\":\"https:\/\/www.ucat.edu.ve\/web\/#website\"},\"datePublished\":\"2021-05-15T21:05:43+00:00\",\"dateModified\":\"2021-05-15T21:07:06+00:00\",\"breadcrumb\":{\"@id\":\"https:\/\/www.ucat.edu.ve\/web\/medios-de-pago\/ii-si-no-tienes-convenio\/ii-2-pago-movil\/#breadcrumb\"},\"inLanguage\":\"es-ES\",\"potentialAction\":[{\"@type\":\"ReadAction\",\"target\":[\"https:\/\/www.ucat.edu.ve\/web\/medios-de-pago\/ii-si-no-tienes-convenio\/ii-2-pago-movil\/\"]}]},{\"@type\":\"BreadcrumbList\",\"@id\":\"https:\/\/www.ucat.edu.ve\/web\/medios-de-pago\/ii-si-no-tienes-convenio\/ii-2-pago-movil\/#breadcrumb\",\"itemListElement\":[{\"@type\":\"ListItem\",\"position\":1,\"name\":\"Home\",\"item\":\"https:\/\/www.ucat.edu.ve\/web\/\"},{\"@type\":\"ListItem\",\"position\":2,\"name\":\"Medios de pago\",\"item\":\"https:\/\/www.ucat.edu.ve\/web\/medios-de-pago\/\"},{\"@type\":\"ListItem\",\"position\":3,\"name\":\"II. Si NO tienes convenio\",\"item\":\"https:\/\/www.ucat.edu.ve\/web\/medios-de-pago\/ii-si-no-tienes-convenio\/\"},{\"@type\":\"ListItem\",\"position\":4,\"name\":\"II.2 Pago m\u00f3vil.\"}]}]}<\/script>\n<!-- \/ Yoast SEO plugin. -->","yoast_head_json":{"title":"II.2 Pago m\u00f3vil. - Universidad Cat\u00f3lica del T\u00e1chira","robots":{"index":"index","follow":"follow","max-snippet":"max-snippet:-1","max-image-preview":"max-image-preview:large","max-video-preview":"max-video-preview:-1"},"canonical":"https:\/\/www.ucat.edu.ve\/web\/medios-de-pago\/ii-si-no-tienes-convenio\/ii-2-pago-movil\/","og_locale":"es_ES","og_type":"article","og_title":"II.2 Pago m\u00f3vil. - Universidad Cat\u00f3lica del T\u00e1chira","og_description":"Informaci\u00f3n para realizar el pago: N\u00famero de RIF J 090112537 UCAT N\u00famero telef\u00f3nico: 0412 279 86 44 En el campo \u201cConcepto\u201d deber\u00e1 indicar el n\u00famero de c\u00e9dula del estudiante. Haz capture de pantalla y notifica tu pago en el bot\u00f3n \u201cReporta tu pago\u201d \u2013 Modalidad de Pago: Pago M\u00f3vil, que conseguir\u00e1s en la pagina web","og_url":"https:\/\/www.ucat.edu.ve\/web\/medios-de-pago\/ii-si-no-tienes-convenio\/ii-2-pago-movil\/","og_site_name":"Universidad Cat\u00f3lica del T\u00e1chira","article_publisher":"https:\/\/www.facebook.com\/notiucat\/","article_modified_time":"2021-05-15T21:07:06+00:00","author":"William Ramirez","twitter_card":"summary_large_image","twitter_site":"@notiucat","twitter_misc":{"Est. reading time":"1 minuto"},"schema":{"@context":"https:\/\/schema.org","@graph":[{"@type":"Organization","@id":"https:\/\/www.ucat.edu.ve\/web\/#organization","name":"Universidad Cat\u00f3lica Del T\u00e1chira UCAT","url":"https:\/\/www.ucat.edu.ve\/web\/","sameAs":["https:\/\/www.instagram.com\/notiucat\/","https:\/\/www.youtube.com\/channel\/UCwEbYSB1R9fzlII-8dcxuYA?view_as=subscriber","https:\/\/www.facebook.com\/notiucat\/","https:\/\/twitter.com\/notiucat"],"logo":{"@type":"ImageObject","inLanguage":"es-ES","@id":"https:\/\/www.ucat.edu.ve\/web\/#\/schema\/logo\/image\/","url":"https:\/\/www.ucat.edu.ve\/web\/wp-content\/uploads\/2015\/07\/logoucat.gif","contentUrl":"https:\/\/www.ucat.edu.ve\/web\/wp-content\/uploads\/2015\/07\/logoucat.gif","width":219,"height":155,"caption":"Universidad Cat\u00f3lica Del T\u00e1chira UCAT"},"image":{"@id":"https:\/\/www.ucat.edu.ve\/web\/#\/schema\/logo\/image\/"}},{"@type":"WebSite","@id":"https:\/\/www.ucat.edu.ve\/web\/#website","url":"https:\/\/www.ucat.edu.ve\/web\/","name":"Universidad Cat\u00f3lica del T\u00e1chira","description":"","publisher":{"@id":"https:\/\/www.ucat.edu.ve\/web\/#organization"},"potentialAction":[{"@type":"SearchAction","target":{"@type":"EntryPoint","urlTemplate":"https:\/\/www.ucat.edu.ve\/web\/?s={search_term_string}"},"query-input":"required name=search_term_string"}],"inLanguage":"es-ES"},{"@type":"WebPage","@id":"https:\/\/www.ucat.edu.ve\/web\/medios-de-pago\/ii-si-no-tienes-convenio\/ii-2-pago-movil\/#webpage","url":"https:\/\/www.ucat.edu.ve\/web\/medios-de-pago\/ii-si-no-tienes-convenio\/ii-2-pago-movil\/","name":"II.2 Pago m\u00f3vil. - Universidad Cat\u00f3lica del T\u00e1chira","isPartOf":{"@id":"https:\/\/www.ucat.edu.ve\/web\/#website"},"datePublished":"2021-05-15T21:05:43+00:00","dateModified":"2021-05-15T21:07:06+00:00","breadcrumb":{"@id":"https:\/\/www.ucat.edu.ve\/web\/medios-de-pago\/ii-si-no-tienes-convenio\/ii-2-pago-movil\/#breadcrumb"},"inLanguage":"es-ES","potentialAction":[{"@type":"ReadAction","target":["https:\/\/www.ucat.edu.ve\/web\/medios-de-pago\/ii-si-no-tienes-convenio\/ii-2-pago-movil\/"]}]},{"@type":"BreadcrumbList","@id":"https:\/\/www.ucat.edu.ve\/web\/medios-de-pago\/ii-si-no-tienes-convenio\/ii-2-pago-movil\/#breadcrumb","itemListElement":[{"@type":"ListItem","position":1,"name":"Home","item":"https:\/\/www.ucat.edu.ve\/web\/"},{"@type":"ListItem","position":2,"name":"Medios de pago","item":"https:\/\/www.ucat.edu.ve\/web\/medios-de-pago\/"},{"@type":"ListItem","position":3,"name":"II. Si NO tienes convenio","item":"https:\/\/www.ucat.edu.ve\/web\/medios-de-pago\/ii-si-no-tienes-convenio\/"},{"@type":"ListItem","position":4,"name":"II.2 Pago m\u00f3vil."}]}]}},"_links":{"self":[{"href":"https:\/\/www.ucat.edu.ve\/web\/wp-json\/wp\/v2\/pages\/7039"}],"collection":[{"href":"https:\/\/www.ucat.edu.ve\/web\/wp-json\/wp\/v2\/pages"}],"about":[{"href":"https:\/\/www.ucat.edu.ve\/web\/wp-json\/wp\/v2\/types\/page"}],"author":[{"embeddable":true,"href":"https:\/\/www.ucat.edu.ve\/web\/wp-json\/wp\/v2\/users\/27"}],"replies":[{"embeddable":true,"href":"https:\/\/www.ucat.edu.ve\/web\/wp-json\/wp\/v2\/comments?post=7039"}],"version-history":[{"count":3,"href":"https:\/\/www.ucat.edu.ve\/web\/wp-json\/wp\/v2\/pages\/7039\/revisions"}],"predecessor-version":[{"id":7044,"href":"https:\/\/www.ucat.edu.ve\/web\/wp-json\/wp\/v2\/pages\/7039\/revisions\/7044"}],"up":[{"embeddable":true,"href":"https:\/\/www.ucat.edu.ve\/web\/wp-json\/wp\/v2\/pages\/7015"}],"wp:attachment":[{"href":"https:\/\/www.ucat.edu.ve\/web\/wp-json\/wp\/v2\/media?parent=7039"}],"curies":[{"name":"wp","href":"https:\/\/api.w.org\/{rel}","templated":true}]}}