 {"id":7059,"date":"2021-05-15T21:27:13","date_gmt":"2021-05-15T21:27:13","guid":{"rendered":"http:\/\/www.ucat.edu.ve\/web\/?page_id=7059"},"modified":"2021-05-15T21:29:31","modified_gmt":"2021-05-15T21:29:31","slug":"si-la-cuenta-bancaria-a-debitar-cuenta-de-origen-es-del-banco-provincial","status":"publish","type":"page","link":"https:\/\/www.ucat.edu.ve\/web\/medios-de-pago\/ii-si-no-tienes-convenio\/ii-3-transferencia-bancaria\/si-la-cuenta-bancaria-a-debitar-cuenta-de-origen-es-del-banco-provincial\/","title":{"rendered":"Si la cuenta bancaria a debitar (cuenta de origen) es del Banco Provincial."},"content":{"rendered":"<p style=\"padding-left: 200px;\">Datos para la transferencia:<\/p>\n<p style=\"padding-left: 200px;\">Universidad Cat\u00f3lica del T\u00e1chira<\/p>\n<p style=\"padding-left: 200px;\">RIF J 09011253 7<\/p>\n<p style=\"padding-left: 200px;\">Nro de Cuenta: 0137 0005 2500 0013 9171<\/p>\n<p style=\"padding-left: 200px;\">Imprime el comprobante en formato PDF y notifica tu pago en el bot\u00f3n <span style=\"color: #ff6600;\">\u201cReporta tu pago\u201d \u2013 Modalidad de pago: Transferencia bancaria, que conseguir\u00e1s en la pagina web de la UCAT.<\/span><\/p>\n","protected":false},"excerpt":{"rendered":"<p>Datos para la transferencia: Universidad Cat\u00f3lica del T\u00e1chira RIF J 09011253 7 Nro de Cuenta: 0137 0005 2500 0013 9171 Imprime el comprobante en formato PDF y notifica tu pago en el bot\u00f3n \u201cReporta tu pago\u201d \u2013 Modalidad de pago: Transferencia bancaria, que conseguir\u00e1s en la pagina web de la UCAT.<\/p>\n","protected":false},"author":27,"featured_media":0,"parent":7047,"menu_order":0,"comment_status":"closed","ping_status":"closed","template":"","meta":[],"yoast_head":"<!-- This site is optimized with the Yoast SEO plugin v19.2 - https:\/\/yoast.com\/wordpress\/plugins\/seo\/ -->\n<title>Si la cuenta bancaria a debitar (cuenta de origen) es del Banco Provincial. - Universidad Cat\u00f3lica del T\u00e1chira<\/title>\n<meta name=\"robots\" content=\"index, follow, max-snippet:-1, max-image-preview:large, max-video-preview:-1\" \/>\n<link rel=\"canonical\" href=\"https:\/\/www.ucat.edu.ve\/web\/medios-de-pago\/ii-si-no-tienes-convenio\/ii-3-transferencia-bancaria\/si-la-cuenta-bancaria-a-debitar-cuenta-de-origen-es-del-banco-provincial\/\" \/>\n<meta property=\"og:locale\" content=\"es_ES\" \/>\n<meta property=\"og:type\" content=\"article\" \/>\n<meta property=\"og:title\" content=\"Si la cuenta bancaria a debitar (cuenta de origen) es del Banco Provincial. - Universidad Cat\u00f3lica del T\u00e1chira\" \/>\n<meta property=\"og:description\" content=\"Datos para la transferencia: Universidad Cat\u00f3lica del T\u00e1chira RIF J 09011253 7 Nro de Cuenta: 0137 0005 2500 0013 9171 Imprime el comprobante en formato PDF y notifica tu pago en el bot\u00f3n \u201cReporta tu pago\u201d \u2013 Modalidad de pago: Transferencia bancaria, que conseguir\u00e1s en la pagina web de la UCAT.\" \/>\n<meta property=\"og:url\" content=\"https:\/\/www.ucat.edu.ve\/web\/medios-de-pago\/ii-si-no-tienes-convenio\/ii-3-transferencia-bancaria\/si-la-cuenta-bancaria-a-debitar-cuenta-de-origen-es-del-banco-provincial\/\" \/>\n<meta property=\"og:site_name\" content=\"Universidad Cat\u00f3lica del T\u00e1chira\" \/>\n<meta property=\"article:publisher\" content=\"https:\/\/www.facebook.com\/notiucat\/\" \/>\n<meta property=\"article:modified_time\" content=\"2021-05-15T21:29:31+00:00\" \/>\n<meta name=\"author\" content=\"William Ramirez\" \/>\n<meta name=\"twitter:card\" content=\"summary_large_image\" \/>\n<meta name=\"twitter:site\" content=\"@notiucat\" \/>\n<meta name=\"twitter:label1\" content=\"Est. reading time\" \/>\n\t<meta name=\"twitter:data1\" content=\"1 minuto\" \/>\n<script type=\"application\/ld+json\" class=\"yoast-schema-graph\">{\"@context\":\"https:\/\/schema.org\",\"@graph\":[{\"@type\":\"Organization\",\"@id\":\"https:\/\/www.ucat.edu.ve\/web\/#organization\",\"name\":\"Universidad Cat\u00f3lica Del T\u00e1chira UCAT\",\"url\":\"https:\/\/www.ucat.edu.ve\/web\/\",\"sameAs\":[\"https:\/\/www.instagram.com\/notiucat\/\",\"https:\/\/www.youtube.com\/channel\/UCwEbYSB1R9fzlII-8dcxuYA?view_as=subscriber\",\"https:\/\/www.facebook.com\/notiucat\/\",\"https:\/\/twitter.com\/notiucat\"],\"logo\":{\"@type\":\"ImageObject\",\"inLanguage\":\"es-ES\",\"@id\":\"https:\/\/www.ucat.edu.ve\/web\/#\/schema\/logo\/image\/\",\"url\":\"https:\/\/www.ucat.edu.ve\/web\/wp-content\/uploads\/2015\/07\/logoucat.gif\",\"contentUrl\":\"https:\/\/www.ucat.edu.ve\/web\/wp-content\/uploads\/2015\/07\/logoucat.gif\",\"width\":219,\"height\":155,\"caption\":\"Universidad Cat\u00f3lica Del T\u00e1chira UCAT\"},\"image\":{\"@id\":\"https:\/\/www.ucat.edu.ve\/web\/#\/schema\/logo\/image\/\"}},{\"@type\":\"WebSite\",\"@id\":\"https:\/\/www.ucat.edu.ve\/web\/#website\",\"url\":\"https:\/\/www.ucat.edu.ve\/web\/\",\"name\":\"Universidad Cat\u00f3lica del T\u00e1chira\",\"description\":\"\",\"publisher\":{\"@id\":\"https:\/\/www.ucat.edu.ve\/web\/#organization\"},\"potentialAction\":[{\"@type\":\"SearchAction\",\"target\":{\"@type\":\"EntryPoint\",\"urlTemplate\":\"https:\/\/www.ucat.edu.ve\/web\/?s={search_term_string}\"},\"query-input\":\"required name=search_term_string\"}],\"inLanguage\":\"es-ES\"},{\"@type\":\"WebPage\",\"@id\":\"https:\/\/www.ucat.edu.ve\/web\/medios-de-pago\/ii-si-no-tienes-convenio\/ii-3-transferencia-bancaria\/si-la-cuenta-bancaria-a-debitar-cuenta-de-origen-es-del-banco-provincial\/#webpage\",\"url\":\"https:\/\/www.ucat.edu.ve\/web\/medios-de-pago\/ii-si-no-tienes-convenio\/ii-3-transferencia-bancaria\/si-la-cuenta-bancaria-a-debitar-cuenta-de-origen-es-del-banco-provincial\/\",\"name\":\"Si la cuenta bancaria a debitar (cuenta de origen) es del Banco Provincial. - Universidad Cat\u00f3lica del T\u00e1chira\",\"isPartOf\":{\"@id\":\"https:\/\/www.ucat.edu.ve\/web\/#website\"},\"datePublished\":\"2021-05-15T21:27:13+00:00\",\"dateModified\":\"2021-05-15T21:29:31+00:00\",\"breadcrumb\":{\"@id\":\"https:\/\/www.ucat.edu.ve\/web\/medios-de-pago\/ii-si-no-tienes-convenio\/ii-3-transferencia-bancaria\/si-la-cuenta-bancaria-a-debitar-cuenta-de-origen-es-del-banco-provincial\/#breadcrumb\"},\"inLanguage\":\"es-ES\",\"potentialAction\":[{\"@type\":\"ReadAction\",\"target\":[\"https:\/\/www.ucat.edu.ve\/web\/medios-de-pago\/ii-si-no-tienes-convenio\/ii-3-transferencia-bancaria\/si-la-cuenta-bancaria-a-debitar-cuenta-de-origen-es-del-banco-provincial\/\"]}]},{\"@type\":\"BreadcrumbList\",\"@id\":\"https:\/\/www.ucat.edu.ve\/web\/medios-de-pago\/ii-si-no-tienes-convenio\/ii-3-transferencia-bancaria\/si-la-cuenta-bancaria-a-debitar-cuenta-de-origen-es-del-banco-provincial\/#breadcrumb\",\"itemListElement\":[{\"@type\":\"ListItem\",\"position\":1,\"name\":\"Home\",\"item\":\"https:\/\/www.ucat.edu.ve\/web\/\"},{\"@type\":\"ListItem\",\"position\":2,\"name\":\"Medios de pago\",\"item\":\"https:\/\/www.ucat.edu.ve\/web\/medios-de-pago\/\"},{\"@type\":\"ListItem\",\"position\":3,\"name\":\"II. Si NO tienes convenio\",\"item\":\"https:\/\/www.ucat.edu.ve\/web\/medios-de-pago\/ii-si-no-tienes-convenio\/\"},{\"@type\":\"ListItem\",\"position\":4,\"name\":\"II.3 Transferencia bancaria.\",\"item\":\"https:\/\/www.ucat.edu.ve\/web\/medios-de-pago\/ii-si-no-tienes-convenio\/ii-3-transferencia-bancaria\/\"},{\"@type\":\"ListItem\",\"position\":5,\"name\":\"Si la cuenta bancaria a debitar (cuenta de origen) es del Banco Provincial.\"}]}]}<\/script>\n<!-- \/ Yoast SEO plugin. -->","yoast_head_json":{"title":"Si la cuenta bancaria a debitar (cuenta de origen) es del Banco Provincial. - Universidad Cat\u00f3lica del T\u00e1chira","robots":{"index":"index","follow":"follow","max-snippet":"max-snippet:-1","max-image-preview":"max-image-preview:large","max-video-preview":"max-video-preview:-1"},"canonical":"https:\/\/www.ucat.edu.ve\/web\/medios-de-pago\/ii-si-no-tienes-convenio\/ii-3-transferencia-bancaria\/si-la-cuenta-bancaria-a-debitar-cuenta-de-origen-es-del-banco-provincial\/","og_locale":"es_ES","og_type":"article","og_title":"Si la cuenta bancaria a debitar (cuenta de origen) es del Banco Provincial. - Universidad Cat\u00f3lica del T\u00e1chira","og_description":"Datos para la transferencia: Universidad Cat\u00f3lica del T\u00e1chira RIF J 09011253 7 Nro de Cuenta: 0137 0005 2500 0013 9171 Imprime el comprobante en formato PDF y notifica tu pago en el bot\u00f3n \u201cReporta tu pago\u201d \u2013 Modalidad de pago: Transferencia bancaria, que conseguir\u00e1s en la pagina web de la UCAT.","og_url":"https:\/\/www.ucat.edu.ve\/web\/medios-de-pago\/ii-si-no-tienes-convenio\/ii-3-transferencia-bancaria\/si-la-cuenta-bancaria-a-debitar-cuenta-de-origen-es-del-banco-provincial\/","og_site_name":"Universidad Cat\u00f3lica del T\u00e1chira","article_publisher":"https:\/\/www.facebook.com\/notiucat\/","article_modified_time":"2021-05-15T21:29:31+00:00","author":"William Ramirez","twitter_card":"summary_large_image","twitter_site":"@notiucat","twitter_misc":{"Est. reading time":"1 minuto"},"schema":{"@context":"https:\/\/schema.org","@graph":[{"@type":"Organization","@id":"https:\/\/www.ucat.edu.ve\/web\/#organization","name":"Universidad Cat\u00f3lica Del T\u00e1chira UCAT","url":"https:\/\/www.ucat.edu.ve\/web\/","sameAs":["https:\/\/www.instagram.com\/notiucat\/","https:\/\/www.youtube.com\/channel\/UCwEbYSB1R9fzlII-8dcxuYA?view_as=subscriber","https:\/\/www.facebook.com\/notiucat\/","https:\/\/twitter.com\/notiucat"],"logo":{"@type":"ImageObject","inLanguage":"es-ES","@id":"https:\/\/www.ucat.edu.ve\/web\/#\/schema\/logo\/image\/","url":"https:\/\/www.ucat.edu.ve\/web\/wp-content\/uploads\/2015\/07\/logoucat.gif","contentUrl":"https:\/\/www.ucat.edu.ve\/web\/wp-content\/uploads\/2015\/07\/logoucat.gif","width":219,"height":155,"caption":"Universidad Cat\u00f3lica Del T\u00e1chira UCAT"},"image":{"@id":"https:\/\/www.ucat.edu.ve\/web\/#\/schema\/logo\/image\/"}},{"@type":"WebSite","@id":"https:\/\/www.ucat.edu.ve\/web\/#website","url":"https:\/\/www.ucat.edu.ve\/web\/","name":"Universidad Cat\u00f3lica del T\u00e1chira","description":"","publisher":{"@id":"https:\/\/www.ucat.edu.ve\/web\/#organization"},"potentialAction":[{"@type":"SearchAction","target":{"@type":"EntryPoint","urlTemplate":"https:\/\/www.ucat.edu.ve\/web\/?s={search_term_string}"},"query-input":"required name=search_term_string"}],"inLanguage":"es-ES"},{"@type":"WebPage","@id":"https:\/\/www.ucat.edu.ve\/web\/medios-de-pago\/ii-si-no-tienes-convenio\/ii-3-transferencia-bancaria\/si-la-cuenta-bancaria-a-debitar-cuenta-de-origen-es-del-banco-provincial\/#webpage","url":"https:\/\/www.ucat.edu.ve\/web\/medios-de-pago\/ii-si-no-tienes-convenio\/ii-3-transferencia-bancaria\/si-la-cuenta-bancaria-a-debitar-cuenta-de-origen-es-del-banco-provincial\/","name":"Si la cuenta bancaria a debitar (cuenta de origen) es del Banco Provincial. - Universidad Cat\u00f3lica del T\u00e1chira","isPartOf":{"@id":"https:\/\/www.ucat.edu.ve\/web\/#website"},"datePublished":"2021-05-15T21:27:13+00:00","dateModified":"2021-05-15T21:29:31+00:00","breadcrumb":{"@id":"https:\/\/www.ucat.edu.ve\/web\/medios-de-pago\/ii-si-no-tienes-convenio\/ii-3-transferencia-bancaria\/si-la-cuenta-bancaria-a-debitar-cuenta-de-origen-es-del-banco-provincial\/#breadcrumb"},"inLanguage":"es-ES","potentialAction":[{"@type":"ReadAction","target":["https:\/\/www.ucat.edu.ve\/web\/medios-de-pago\/ii-si-no-tienes-convenio\/ii-3-transferencia-bancaria\/si-la-cuenta-bancaria-a-debitar-cuenta-de-origen-es-del-banco-provincial\/"]}]},{"@type":"BreadcrumbList","@id":"https:\/\/www.ucat.edu.ve\/web\/medios-de-pago\/ii-si-no-tienes-convenio\/ii-3-transferencia-bancaria\/si-la-cuenta-bancaria-a-debitar-cuenta-de-origen-es-del-banco-provincial\/#breadcrumb","itemListElement":[{"@type":"ListItem","position":1,"name":"Home","item":"https:\/\/www.ucat.edu.ve\/web\/"},{"@type":"ListItem","position":2,"name":"Medios de pago","item":"https:\/\/www.ucat.edu.ve\/web\/medios-de-pago\/"},{"@type":"ListItem","position":3,"name":"II. Si NO tienes convenio","item":"https:\/\/www.ucat.edu.ve\/web\/medios-de-pago\/ii-si-no-tienes-convenio\/"},{"@type":"ListItem","position":4,"name":"II.3 Transferencia bancaria.","item":"https:\/\/www.ucat.edu.ve\/web\/medios-de-pago\/ii-si-no-tienes-convenio\/ii-3-transferencia-bancaria\/"},{"@type":"ListItem","position":5,"name":"Si la cuenta bancaria a debitar (cuenta de origen) es del Banco Provincial."}]}]}},"_links":{"self":[{"href":"https:\/\/www.ucat.edu.ve\/web\/wp-json\/wp\/v2\/pages\/7059"}],"collection":[{"href":"https:\/\/www.ucat.edu.ve\/web\/wp-json\/wp\/v2\/pages"}],"about":[{"href":"https:\/\/www.ucat.edu.ve\/web\/wp-json\/wp\/v2\/types\/page"}],"author":[{"embeddable":true,"href":"https:\/\/www.ucat.edu.ve\/web\/wp-json\/wp\/v2\/users\/27"}],"replies":[{"embeddable":true,"href":"https:\/\/www.ucat.edu.ve\/web\/wp-json\/wp\/v2\/comments?post=7059"}],"version-history":[{"count":3,"href":"https:\/\/www.ucat.edu.ve\/web\/wp-json\/wp\/v2\/pages\/7059\/revisions"}],"predecessor-version":[{"id":7065,"href":"https:\/\/www.ucat.edu.ve\/web\/wp-json\/wp\/v2\/pages\/7059\/revisions\/7065"}],"up":[{"embeddable":true,"href":"https:\/\/www.ucat.edu.ve\/web\/wp-json\/wp\/v2\/pages\/7047"}],"wp:attachment":[{"href":"https:\/\/www.ucat.edu.ve\/web\/wp-json\/wp\/v2\/media?parent=7059"}],"curies":[{"name":"wp","href":"https:\/\/api.w.org\/{rel}","templated":true}]}}