 {"id":7076,"date":"2021-05-15T21:53:58","date_gmt":"2021-05-15T21:53:58","guid":{"rendered":"http:\/\/www.ucat.edu.ve\/web\/?page_id=7076"},"modified":"2021-05-15T22:06:23","modified_gmt":"2021-05-15T22:06:23","slug":"ii-4-tarjeta-de-debito-o-credito-visa-o-master-card","status":"publish","type":"page","link":"https:\/\/www.ucat.edu.ve\/web\/medios-de-pago\/ii-si-no-tienes-convenio\/ii-4-tarjeta-de-debito-o-credito-visa-o-master-card\/","title":{"rendered":"II.4 Tarjeta de d\u00e9bito o cr\u00e9dito Visa o Master Card."},"content":{"rendered":"<ul>\n<li>Debes dirigirte directamente a la Administraci\u00f3n de la UCAT (sede Barrio Obrero).<\/li>\n<\/ul>\n<p style=\"padding-left: 120px;\"><span style=\"color: #ff6600;\">\u00a0 Consulta los d\u00edas h\u00e1biles para la UCAT antes de trasladarte a nuestra sede.<\/span><\/p>\n<ul>\n<li><b>Medios de pago aceptados: <\/b>Tarjeta de <b>cr\u00e9dito<\/b> de<b> cualquier banco nacional o internacional (Visa o Master <\/b><b>Card<\/b><b>)<\/b> o tarjeta de <b>d\u00e9bito<\/b> Llave <b>Mercantil<\/b>. <img loading=\"lazy\" class=\"alignnone size-full wp-image-7082\" style=\"font-size: inherit;\" src=\"http:\/\/www.ucat.edu.ve\/web\/wp-content\/uploads\/2021\/05\/pagos_ucat_aceptados.png\" alt=\"\" width=\"198\" height=\"47\" \/><\/li>\n<\/ul>\n<ul>\n<li><b>Informaci\u00f3n general:<\/b>\n<ul>\n<li style=\"list-style-type: none;\">\n<ul>\n<li>Si no est\u00e1 registrado en el portal de pagos mercantil, debes realizar el proceso de afiliaci\u00f3n. Para conocer los detalles del registro ingrese a la direcci\u00f3n <u><a href=\"http:\/\/www.portaldepagosmercantil.com\/\" target=\"_blank\" rel=\"noopener\">www.portaldepagosmercantil.com<\/a><\/u> y haga click en la ventana de \u201cPreguntas Frecuentes\u201d.<\/li>\n<li>El registro en el portal de pagos mercantil lo debe realizar el titular de la tarjeta de cr\u00e9dito o de d\u00e9bito, y este <b>no necesariamente<\/b> debe ser el <b>estudiante<\/b>. Los datos del estudiante le ser\u00e1n solicitados antes de procesar el pago.<\/li>\n<li>Verifique que el correo electr\u00f3nico que proporciona para realizar el proceso de afiliaci\u00f3n en el portal est\u00e9 activo.<\/li>\n<li>Durante el proceso de afiliaci\u00f3n al portal de pagos Mercantil, si su direcci\u00f3n de habitaci\u00f3n no aparece en forma exacta, seleccione el sector m\u00e1s cercano a su zona de residencia.<\/li>\n<li>Aseg\u00farese que la tarjeta de cr\u00e9dito est\u00e9 activa para realizar transacciones electr\u00f3nicas.<\/li>\n<\/ul>\n<\/li>\n<\/ul>\n<\/li>\n<\/ul>\n","protected":false},"excerpt":{"rendered":"<p>Debes dirigirte directamente a la Administraci\u00f3n de la UCAT (sede Barrio Obrero). \u00a0 Consulta los d\u00edas h\u00e1biles para la UCAT antes de trasladarte a nuestra sede. Medios de pago aceptados: Tarjeta de cr\u00e9dito de cualquier banco nacional o internacional (Visa o Master Card) o tarjeta de d\u00e9bito Llave Mercantil. Informaci\u00f3n general: Si no est\u00e1 registrado<\/p>\n","protected":false},"author":27,"featured_media":0,"parent":7015,"menu_order":0,"comment_status":"closed","ping_status":"closed","template":"","meta":[],"yoast_head":"<!-- This site is optimized with the Yoast SEO plugin v19.2 - https:\/\/yoast.com\/wordpress\/plugins\/seo\/ -->\n<title>II.4 Tarjeta de d\u00e9bito o cr\u00e9dito Visa o Master Card. - Universidad Cat\u00f3lica del T\u00e1chira<\/title>\n<meta name=\"robots\" content=\"index, follow, max-snippet:-1, max-image-preview:large, max-video-preview:-1\" \/>\n<link rel=\"canonical\" href=\"https:\/\/www.ucat.edu.ve\/web\/medios-de-pago\/ii-si-no-tienes-convenio\/ii-4-tarjeta-de-debito-o-credito-visa-o-master-card\/\" \/>\n<meta property=\"og:locale\" content=\"es_ES\" \/>\n<meta property=\"og:type\" content=\"article\" \/>\n<meta property=\"og:title\" content=\"II.4 Tarjeta de d\u00e9bito o cr\u00e9dito Visa o Master Card. - Universidad Cat\u00f3lica del T\u00e1chira\" \/>\n<meta property=\"og:description\" content=\"Debes dirigirte directamente a la Administraci\u00f3n de la UCAT (sede Barrio Obrero). \u00a0 Consulta los d\u00edas h\u00e1biles para la UCAT antes de trasladarte a nuestra sede. Medios de pago aceptados: Tarjeta de cr\u00e9dito de cualquier banco nacional o internacional (Visa o Master Card) o tarjeta de d\u00e9bito Llave Mercantil. Informaci\u00f3n general: Si no est\u00e1 registrado\" \/>\n<meta property=\"og:url\" content=\"https:\/\/www.ucat.edu.ve\/web\/medios-de-pago\/ii-si-no-tienes-convenio\/ii-4-tarjeta-de-debito-o-credito-visa-o-master-card\/\" \/>\n<meta property=\"og:site_name\" content=\"Universidad Cat\u00f3lica del T\u00e1chira\" \/>\n<meta property=\"article:publisher\" content=\"https:\/\/www.facebook.com\/notiucat\/\" \/>\n<meta property=\"article:modified_time\" content=\"2021-05-15T22:06:23+00:00\" \/>\n<meta property=\"og:image\" content=\"http:\/\/www.ucat.edu.ve\/web\/wp-content\/uploads\/2021\/05\/pagos_ucat_aceptados.png\" \/>\n<meta name=\"author\" content=\"William Ramirez\" \/>\n<meta name=\"twitter:card\" content=\"summary_large_image\" \/>\n<meta name=\"twitter:site\" content=\"@notiucat\" \/>\n<meta name=\"twitter:label1\" content=\"Est. reading time\" \/>\n\t<meta name=\"twitter:data1\" content=\"2 minutos\" \/>\n<script type=\"application\/ld+json\" class=\"yoast-schema-graph\">{\"@context\":\"https:\/\/schema.org\",\"@graph\":[{\"@type\":\"Organization\",\"@id\":\"https:\/\/www.ucat.edu.ve\/web\/#organization\",\"name\":\"Universidad Cat\u00f3lica Del T\u00e1chira UCAT\",\"url\":\"https:\/\/www.ucat.edu.ve\/web\/\",\"sameAs\":[\"https:\/\/www.instagram.com\/notiucat\/\",\"https:\/\/www.youtube.com\/channel\/UCwEbYSB1R9fzlII-8dcxuYA?view_as=subscriber\",\"https:\/\/www.facebook.com\/notiucat\/\",\"https:\/\/twitter.com\/notiucat\"],\"logo\":{\"@type\":\"ImageObject\",\"inLanguage\":\"es-ES\",\"@id\":\"https:\/\/www.ucat.edu.ve\/web\/#\/schema\/logo\/image\/\",\"url\":\"https:\/\/www.ucat.edu.ve\/web\/wp-content\/uploads\/2015\/07\/logoucat.gif\",\"contentUrl\":\"https:\/\/www.ucat.edu.ve\/web\/wp-content\/uploads\/2015\/07\/logoucat.gif\",\"width\":219,\"height\":155,\"caption\":\"Universidad Cat\u00f3lica Del T\u00e1chira UCAT\"},\"image\":{\"@id\":\"https:\/\/www.ucat.edu.ve\/web\/#\/schema\/logo\/image\/\"}},{\"@type\":\"WebSite\",\"@id\":\"https:\/\/www.ucat.edu.ve\/web\/#website\",\"url\":\"https:\/\/www.ucat.edu.ve\/web\/\",\"name\":\"Universidad Cat\u00f3lica del T\u00e1chira\",\"description\":\"\",\"publisher\":{\"@id\":\"https:\/\/www.ucat.edu.ve\/web\/#organization\"},\"potentialAction\":[{\"@type\":\"SearchAction\",\"target\":{\"@type\":\"EntryPoint\",\"urlTemplate\":\"https:\/\/www.ucat.edu.ve\/web\/?s={search_term_string}\"},\"query-input\":\"required name=search_term_string\"}],\"inLanguage\":\"es-ES\"},{\"@type\":\"ImageObject\",\"inLanguage\":\"es-ES\",\"@id\":\"https:\/\/www.ucat.edu.ve\/web\/medios-de-pago\/ii-si-no-tienes-convenio\/ii-4-tarjeta-de-debito-o-credito-visa-o-master-card\/#primaryimage\",\"url\":\"http:\/\/www.ucat.edu.ve\/web\/wp-content\/uploads\/2021\/05\/pagos_ucat_aceptados.png\",\"contentUrl\":\"http:\/\/www.ucat.edu.ve\/web\/wp-content\/uploads\/2021\/05\/pagos_ucat_aceptados.png\"},{\"@type\":\"WebPage\",\"@id\":\"https:\/\/www.ucat.edu.ve\/web\/medios-de-pago\/ii-si-no-tienes-convenio\/ii-4-tarjeta-de-debito-o-credito-visa-o-master-card\/#webpage\",\"url\":\"https:\/\/www.ucat.edu.ve\/web\/medios-de-pago\/ii-si-no-tienes-convenio\/ii-4-tarjeta-de-debito-o-credito-visa-o-master-card\/\",\"name\":\"II.4 Tarjeta de d\u00e9bito o cr\u00e9dito Visa o Master Card. - Universidad Cat\u00f3lica del T\u00e1chira\",\"isPartOf\":{\"@id\":\"https:\/\/www.ucat.edu.ve\/web\/#website\"},\"primaryImageOfPage\":{\"@id\":\"https:\/\/www.ucat.edu.ve\/web\/medios-de-pago\/ii-si-no-tienes-convenio\/ii-4-tarjeta-de-debito-o-credito-visa-o-master-card\/#primaryimage\"},\"datePublished\":\"2021-05-15T21:53:58+00:00\",\"dateModified\":\"2021-05-15T22:06:23+00:00\",\"breadcrumb\":{\"@id\":\"https:\/\/www.ucat.edu.ve\/web\/medios-de-pago\/ii-si-no-tienes-convenio\/ii-4-tarjeta-de-debito-o-credito-visa-o-master-card\/#breadcrumb\"},\"inLanguage\":\"es-ES\",\"potentialAction\":[{\"@type\":\"ReadAction\",\"target\":[\"https:\/\/www.ucat.edu.ve\/web\/medios-de-pago\/ii-si-no-tienes-convenio\/ii-4-tarjeta-de-debito-o-credito-visa-o-master-card\/\"]}]},{\"@type\":\"BreadcrumbList\",\"@id\":\"https:\/\/www.ucat.edu.ve\/web\/medios-de-pago\/ii-si-no-tienes-convenio\/ii-4-tarjeta-de-debito-o-credito-visa-o-master-card\/#breadcrumb\",\"itemListElement\":[{\"@type\":\"ListItem\",\"position\":1,\"name\":\"Home\",\"item\":\"https:\/\/www.ucat.edu.ve\/web\/\"},{\"@type\":\"ListItem\",\"position\":2,\"name\":\"Medios de pago\",\"item\":\"https:\/\/www.ucat.edu.ve\/web\/medios-de-pago\/\"},{\"@type\":\"ListItem\",\"position\":3,\"name\":\"II. Si NO tienes convenio\",\"item\":\"https:\/\/www.ucat.edu.ve\/web\/medios-de-pago\/ii-si-no-tienes-convenio\/\"},{\"@type\":\"ListItem\",\"position\":4,\"name\":\"II.4 Tarjeta de d\u00e9bito o cr\u00e9dito Visa o Master Card.\"}]}]}<\/script>\n<!-- \/ Yoast SEO plugin. -->","yoast_head_json":{"title":"II.4 Tarjeta de d\u00e9bito o cr\u00e9dito Visa o Master Card. - Universidad Cat\u00f3lica del T\u00e1chira","robots":{"index":"index","follow":"follow","max-snippet":"max-snippet:-1","max-image-preview":"max-image-preview:large","max-video-preview":"max-video-preview:-1"},"canonical":"https:\/\/www.ucat.edu.ve\/web\/medios-de-pago\/ii-si-no-tienes-convenio\/ii-4-tarjeta-de-debito-o-credito-visa-o-master-card\/","og_locale":"es_ES","og_type":"article","og_title":"II.4 Tarjeta de d\u00e9bito o cr\u00e9dito Visa o Master Card. - Universidad Cat\u00f3lica del T\u00e1chira","og_description":"Debes dirigirte directamente a la Administraci\u00f3n de la UCAT (sede Barrio Obrero). \u00a0 Consulta los d\u00edas h\u00e1biles para la UCAT antes de trasladarte a nuestra sede. Medios de pago aceptados: Tarjeta de cr\u00e9dito de cualquier banco nacional o internacional (Visa o Master Card) o tarjeta de d\u00e9bito Llave Mercantil. Informaci\u00f3n general: Si no est\u00e1 registrado","og_url":"https:\/\/www.ucat.edu.ve\/web\/medios-de-pago\/ii-si-no-tienes-convenio\/ii-4-tarjeta-de-debito-o-credito-visa-o-master-card\/","og_site_name":"Universidad Cat\u00f3lica del T\u00e1chira","article_publisher":"https:\/\/www.facebook.com\/notiucat\/","article_modified_time":"2021-05-15T22:06:23+00:00","og_image":[{"url":"http:\/\/www.ucat.edu.ve\/web\/wp-content\/uploads\/2021\/05\/pagos_ucat_aceptados.png"}],"author":"William Ramirez","twitter_card":"summary_large_image","twitter_site":"@notiucat","twitter_misc":{"Est. reading time":"2 minutos"},"schema":{"@context":"https:\/\/schema.org","@graph":[{"@type":"Organization","@id":"https:\/\/www.ucat.edu.ve\/web\/#organization","name":"Universidad Cat\u00f3lica Del T\u00e1chira UCAT","url":"https:\/\/www.ucat.edu.ve\/web\/","sameAs":["https:\/\/www.instagram.com\/notiucat\/","https:\/\/www.youtube.com\/channel\/UCwEbYSB1R9fzlII-8dcxuYA?view_as=subscriber","https:\/\/www.facebook.com\/notiucat\/","https:\/\/twitter.com\/notiucat"],"logo":{"@type":"ImageObject","inLanguage":"es-ES","@id":"https:\/\/www.ucat.edu.ve\/web\/#\/schema\/logo\/image\/","url":"https:\/\/www.ucat.edu.ve\/web\/wp-content\/uploads\/2015\/07\/logoucat.gif","contentUrl":"https:\/\/www.ucat.edu.ve\/web\/wp-content\/uploads\/2015\/07\/logoucat.gif","width":219,"height":155,"caption":"Universidad Cat\u00f3lica Del T\u00e1chira UCAT"},"image":{"@id":"https:\/\/www.ucat.edu.ve\/web\/#\/schema\/logo\/image\/"}},{"@type":"WebSite","@id":"https:\/\/www.ucat.edu.ve\/web\/#website","url":"https:\/\/www.ucat.edu.ve\/web\/","name":"Universidad Cat\u00f3lica del T\u00e1chira","description":"","publisher":{"@id":"https:\/\/www.ucat.edu.ve\/web\/#organization"},"potentialAction":[{"@type":"SearchAction","target":{"@type":"EntryPoint","urlTemplate":"https:\/\/www.ucat.edu.ve\/web\/?s={search_term_string}"},"query-input":"required name=search_term_string"}],"inLanguage":"es-ES"},{"@type":"ImageObject","inLanguage":"es-ES","@id":"https:\/\/www.ucat.edu.ve\/web\/medios-de-pago\/ii-si-no-tienes-convenio\/ii-4-tarjeta-de-debito-o-credito-visa-o-master-card\/#primaryimage","url":"http:\/\/www.ucat.edu.ve\/web\/wp-content\/uploads\/2021\/05\/pagos_ucat_aceptados.png","contentUrl":"http:\/\/www.ucat.edu.ve\/web\/wp-content\/uploads\/2021\/05\/pagos_ucat_aceptados.png"},{"@type":"WebPage","@id":"https:\/\/www.ucat.edu.ve\/web\/medios-de-pago\/ii-si-no-tienes-convenio\/ii-4-tarjeta-de-debito-o-credito-visa-o-master-card\/#webpage","url":"https:\/\/www.ucat.edu.ve\/web\/medios-de-pago\/ii-si-no-tienes-convenio\/ii-4-tarjeta-de-debito-o-credito-visa-o-master-card\/","name":"II.4 Tarjeta de d\u00e9bito o cr\u00e9dito Visa o Master Card. - Universidad Cat\u00f3lica del T\u00e1chira","isPartOf":{"@id":"https:\/\/www.ucat.edu.ve\/web\/#website"},"primaryImageOfPage":{"@id":"https:\/\/www.ucat.edu.ve\/web\/medios-de-pago\/ii-si-no-tienes-convenio\/ii-4-tarjeta-de-debito-o-credito-visa-o-master-card\/#primaryimage"},"datePublished":"2021-05-15T21:53:58+00:00","dateModified":"2021-05-15T22:06:23+00:00","breadcrumb":{"@id":"https:\/\/www.ucat.edu.ve\/web\/medios-de-pago\/ii-si-no-tienes-convenio\/ii-4-tarjeta-de-debito-o-credito-visa-o-master-card\/#breadcrumb"},"inLanguage":"es-ES","potentialAction":[{"@type":"ReadAction","target":["https:\/\/www.ucat.edu.ve\/web\/medios-de-pago\/ii-si-no-tienes-convenio\/ii-4-tarjeta-de-debito-o-credito-visa-o-master-card\/"]}]},{"@type":"BreadcrumbList","@id":"https:\/\/www.ucat.edu.ve\/web\/medios-de-pago\/ii-si-no-tienes-convenio\/ii-4-tarjeta-de-debito-o-credito-visa-o-master-card\/#breadcrumb","itemListElement":[{"@type":"ListItem","position":1,"name":"Home","item":"https:\/\/www.ucat.edu.ve\/web\/"},{"@type":"ListItem","position":2,"name":"Medios de pago","item":"https:\/\/www.ucat.edu.ve\/web\/medios-de-pago\/"},{"@type":"ListItem","position":3,"name":"II. Si NO tienes convenio","item":"https:\/\/www.ucat.edu.ve\/web\/medios-de-pago\/ii-si-no-tienes-convenio\/"},{"@type":"ListItem","position":4,"name":"II.4 Tarjeta de d\u00e9bito o cr\u00e9dito Visa o Master Card."}]}]}},"_links":{"self":[{"href":"https:\/\/www.ucat.edu.ve\/web\/wp-json\/wp\/v2\/pages\/7076"}],"collection":[{"href":"https:\/\/www.ucat.edu.ve\/web\/wp-json\/wp\/v2\/pages"}],"about":[{"href":"https:\/\/www.ucat.edu.ve\/web\/wp-json\/wp\/v2\/types\/page"}],"author":[{"embeddable":true,"href":"https:\/\/www.ucat.edu.ve\/web\/wp-json\/wp\/v2\/users\/27"}],"replies":[{"embeddable":true,"href":"https:\/\/www.ucat.edu.ve\/web\/wp-json\/wp\/v2\/comments?post=7076"}],"version-history":[{"count":7,"href":"https:\/\/www.ucat.edu.ve\/web\/wp-json\/wp\/v2\/pages\/7076\/revisions"}],"predecessor-version":[{"id":7089,"href":"https:\/\/www.ucat.edu.ve\/web\/wp-json\/wp\/v2\/pages\/7076\/revisions\/7089"}],"up":[{"embeddable":true,"href":"https:\/\/www.ucat.edu.ve\/web\/wp-json\/wp\/v2\/pages\/7015"}],"wp:attachment":[{"href":"https:\/\/www.ucat.edu.ve\/web\/wp-json\/wp\/v2\/media?parent=7076"}],"curies":[{"name":"wp","href":"https:\/\/api.w.org\/{rel}","templated":true}]}}