 {"id":7108,"date":"2021-05-15T22:22:02","date_gmt":"2021-05-15T22:22:02","guid":{"rendered":"http:\/\/www.ucat.edu.ve\/web\/?page_id=7108"},"modified":"2021-05-15T22:22:29","modified_gmt":"2021-05-15T22:22:29","slug":"ii-6-cajero-virtual-punto-de-venta","status":"publish","type":"page","link":"https:\/\/www.ucat.edu.ve\/web\/medios-de-pago\/ii-si-no-tienes-convenio\/ii-6-cajero-virtual-punto-de-venta\/","title":{"rendered":"II.6 Cajero virtual \u2013 punto de venta."},"content":{"rendered":"<ul>\n<li style=\"list-style-type: none;\">\n<ul>\n<li style=\"list-style-type: none;\">\n<ul>\n<li style=\"list-style-type: none;\">\n<ul>\n<li>Ingresa a la p\u00e1gina web de la UCAT (<a href=\"http:\/\/www.ucat.edu.ve\/\">www.ucat.edu.ve<\/a>).<\/li>\n<li>Ubica el bot\u00f3n \u201cCajero Virtual \u2013 Punto de Venta).<\/li>\n<li>Sigue los pasos all\u00ed indicados.<\/li>\n<li>Notifica el pago realizado en el bot\u00f3n <span style=\"color: #ff6600;\">\u201cReporta tu pago\u201d \u2013 Modalidad de pago: Cajero Virtual<\/span>, que conseguir\u00e1s en la pagina web de la UCAT.<\/li>\n<\/ul>\n<\/li>\n<\/ul>\n<\/li>\n<\/ul>\n<\/li>\n<\/ul>\n","protected":false},"excerpt":{"rendered":"<p>Ingresa a la p\u00e1gina web de la UCAT (www.ucat.edu.ve). Ubica el bot\u00f3n \u201cCajero Virtual \u2013 Punto de Venta). Sigue los pasos all\u00ed indicados. Notifica el pago realizado en el bot\u00f3n \u201cReporta tu pago\u201d \u2013 Modalidad de pago: Cajero Virtual, que conseguir\u00e1s en la pagina web de la UCAT.<\/p>\n","protected":false},"author":27,"featured_media":0,"parent":7015,"menu_order":0,"comment_status":"closed","ping_status":"closed","template":"","meta":[],"yoast_head":"<!-- This site is optimized with the Yoast SEO plugin v19.2 - https:\/\/yoast.com\/wordpress\/plugins\/seo\/ -->\n<title>II.6 Cajero virtual \u2013 punto de venta. - Universidad Cat\u00f3lica del T\u00e1chira<\/title>\n<meta name=\"robots\" content=\"index, follow, max-snippet:-1, max-image-preview:large, max-video-preview:-1\" \/>\n<link rel=\"canonical\" href=\"https:\/\/www.ucat.edu.ve\/web\/medios-de-pago\/ii-si-no-tienes-convenio\/ii-6-cajero-virtual-punto-de-venta\/\" \/>\n<meta property=\"og:locale\" content=\"es_ES\" \/>\n<meta property=\"og:type\" content=\"article\" \/>\n<meta property=\"og:title\" content=\"II.6 Cajero virtual \u2013 punto de venta. - Universidad Cat\u00f3lica del T\u00e1chira\" \/>\n<meta property=\"og:description\" content=\"Ingresa a la p\u00e1gina web de la UCAT (www.ucat.edu.ve). Ubica el bot\u00f3n \u201cCajero Virtual \u2013 Punto de Venta). Sigue los pasos all\u00ed indicados. Notifica el pago realizado en el bot\u00f3n \u201cReporta tu pago\u201d \u2013 Modalidad de pago: Cajero Virtual, que conseguir\u00e1s en la pagina web de la UCAT.\" \/>\n<meta property=\"og:url\" content=\"https:\/\/www.ucat.edu.ve\/web\/medios-de-pago\/ii-si-no-tienes-convenio\/ii-6-cajero-virtual-punto-de-venta\/\" \/>\n<meta property=\"og:site_name\" content=\"Universidad Cat\u00f3lica del T\u00e1chira\" \/>\n<meta property=\"article:publisher\" content=\"https:\/\/www.facebook.com\/notiucat\/\" \/>\n<meta property=\"article:modified_time\" content=\"2021-05-15T22:22:29+00:00\" \/>\n<meta name=\"author\" content=\"William Ramirez\" \/>\n<meta name=\"twitter:card\" content=\"summary_large_image\" \/>\n<meta name=\"twitter:site\" content=\"@notiucat\" \/>\n<meta name=\"twitter:label1\" content=\"Est. reading time\" \/>\n\t<meta name=\"twitter:data1\" content=\"1 minuto\" \/>\n<script type=\"application\/ld+json\" class=\"yoast-schema-graph\">{\"@context\":\"https:\/\/schema.org\",\"@graph\":[{\"@type\":\"Organization\",\"@id\":\"https:\/\/www.ucat.edu.ve\/web\/#organization\",\"name\":\"Universidad Cat\u00f3lica Del T\u00e1chira UCAT\",\"url\":\"https:\/\/www.ucat.edu.ve\/web\/\",\"sameAs\":[\"https:\/\/www.instagram.com\/notiucat\/\",\"https:\/\/www.youtube.com\/channel\/UCwEbYSB1R9fzlII-8dcxuYA?view_as=subscriber\",\"https:\/\/www.facebook.com\/notiucat\/\",\"https:\/\/twitter.com\/notiucat\"],\"logo\":{\"@type\":\"ImageObject\",\"inLanguage\":\"es-ES\",\"@id\":\"https:\/\/www.ucat.edu.ve\/web\/#\/schema\/logo\/image\/\",\"url\":\"https:\/\/www.ucat.edu.ve\/web\/wp-content\/uploads\/2015\/07\/logoucat.gif\",\"contentUrl\":\"https:\/\/www.ucat.edu.ve\/web\/wp-content\/uploads\/2015\/07\/logoucat.gif\",\"width\":219,\"height\":155,\"caption\":\"Universidad Cat\u00f3lica Del T\u00e1chira UCAT\"},\"image\":{\"@id\":\"https:\/\/www.ucat.edu.ve\/web\/#\/schema\/logo\/image\/\"}},{\"@type\":\"WebSite\",\"@id\":\"https:\/\/www.ucat.edu.ve\/web\/#website\",\"url\":\"https:\/\/www.ucat.edu.ve\/web\/\",\"name\":\"Universidad Cat\u00f3lica del T\u00e1chira\",\"description\":\"\",\"publisher\":{\"@id\":\"https:\/\/www.ucat.edu.ve\/web\/#organization\"},\"potentialAction\":[{\"@type\":\"SearchAction\",\"target\":{\"@type\":\"EntryPoint\",\"urlTemplate\":\"https:\/\/www.ucat.edu.ve\/web\/?s={search_term_string}\"},\"query-input\":\"required name=search_term_string\"}],\"inLanguage\":\"es-ES\"},{\"@type\":\"WebPage\",\"@id\":\"https:\/\/www.ucat.edu.ve\/web\/medios-de-pago\/ii-si-no-tienes-convenio\/ii-6-cajero-virtual-punto-de-venta\/#webpage\",\"url\":\"https:\/\/www.ucat.edu.ve\/web\/medios-de-pago\/ii-si-no-tienes-convenio\/ii-6-cajero-virtual-punto-de-venta\/\",\"name\":\"II.6 Cajero virtual \u2013 punto de venta. - Universidad Cat\u00f3lica del T\u00e1chira\",\"isPartOf\":{\"@id\":\"https:\/\/www.ucat.edu.ve\/web\/#website\"},\"datePublished\":\"2021-05-15T22:22:02+00:00\",\"dateModified\":\"2021-05-15T22:22:29+00:00\",\"breadcrumb\":{\"@id\":\"https:\/\/www.ucat.edu.ve\/web\/medios-de-pago\/ii-si-no-tienes-convenio\/ii-6-cajero-virtual-punto-de-venta\/#breadcrumb\"},\"inLanguage\":\"es-ES\",\"potentialAction\":[{\"@type\":\"ReadAction\",\"target\":[\"https:\/\/www.ucat.edu.ve\/web\/medios-de-pago\/ii-si-no-tienes-convenio\/ii-6-cajero-virtual-punto-de-venta\/\"]}]},{\"@type\":\"BreadcrumbList\",\"@id\":\"https:\/\/www.ucat.edu.ve\/web\/medios-de-pago\/ii-si-no-tienes-convenio\/ii-6-cajero-virtual-punto-de-venta\/#breadcrumb\",\"itemListElement\":[{\"@type\":\"ListItem\",\"position\":1,\"name\":\"Home\",\"item\":\"https:\/\/www.ucat.edu.ve\/web\/\"},{\"@type\":\"ListItem\",\"position\":2,\"name\":\"Medios de pago\",\"item\":\"https:\/\/www.ucat.edu.ve\/web\/medios-de-pago\/\"},{\"@type\":\"ListItem\",\"position\":3,\"name\":\"II. Si NO tienes convenio\",\"item\":\"https:\/\/www.ucat.edu.ve\/web\/medios-de-pago\/ii-si-no-tienes-convenio\/\"},{\"@type\":\"ListItem\",\"position\":4,\"name\":\"II.6 Cajero virtual \u2013 punto de venta.\"}]}]}<\/script>\n<!-- \/ Yoast SEO plugin. -->","yoast_head_json":{"title":"II.6 Cajero virtual \u2013 punto de venta. - Universidad Cat\u00f3lica del T\u00e1chira","robots":{"index":"index","follow":"follow","max-snippet":"max-snippet:-1","max-image-preview":"max-image-preview:large","max-video-preview":"max-video-preview:-1"},"canonical":"https:\/\/www.ucat.edu.ve\/web\/medios-de-pago\/ii-si-no-tienes-convenio\/ii-6-cajero-virtual-punto-de-venta\/","og_locale":"es_ES","og_type":"article","og_title":"II.6 Cajero virtual \u2013 punto de venta. - Universidad Cat\u00f3lica del T\u00e1chira","og_description":"Ingresa a la p\u00e1gina web de la UCAT (www.ucat.edu.ve). Ubica el bot\u00f3n \u201cCajero Virtual \u2013 Punto de Venta). Sigue los pasos all\u00ed indicados. Notifica el pago realizado en el bot\u00f3n \u201cReporta tu pago\u201d \u2013 Modalidad de pago: Cajero Virtual, que conseguir\u00e1s en la pagina web de la UCAT.","og_url":"https:\/\/www.ucat.edu.ve\/web\/medios-de-pago\/ii-si-no-tienes-convenio\/ii-6-cajero-virtual-punto-de-venta\/","og_site_name":"Universidad Cat\u00f3lica del T\u00e1chira","article_publisher":"https:\/\/www.facebook.com\/notiucat\/","article_modified_time":"2021-05-15T22:22:29+00:00","author":"William Ramirez","twitter_card":"summary_large_image","twitter_site":"@notiucat","twitter_misc":{"Est. reading time":"1 minuto"},"schema":{"@context":"https:\/\/schema.org","@graph":[{"@type":"Organization","@id":"https:\/\/www.ucat.edu.ve\/web\/#organization","name":"Universidad Cat\u00f3lica Del T\u00e1chira UCAT","url":"https:\/\/www.ucat.edu.ve\/web\/","sameAs":["https:\/\/www.instagram.com\/notiucat\/","https:\/\/www.youtube.com\/channel\/UCwEbYSB1R9fzlII-8dcxuYA?view_as=subscriber","https:\/\/www.facebook.com\/notiucat\/","https:\/\/twitter.com\/notiucat"],"logo":{"@type":"ImageObject","inLanguage":"es-ES","@id":"https:\/\/www.ucat.edu.ve\/web\/#\/schema\/logo\/image\/","url":"https:\/\/www.ucat.edu.ve\/web\/wp-content\/uploads\/2015\/07\/logoucat.gif","contentUrl":"https:\/\/www.ucat.edu.ve\/web\/wp-content\/uploads\/2015\/07\/logoucat.gif","width":219,"height":155,"caption":"Universidad Cat\u00f3lica Del T\u00e1chira UCAT"},"image":{"@id":"https:\/\/www.ucat.edu.ve\/web\/#\/schema\/logo\/image\/"}},{"@type":"WebSite","@id":"https:\/\/www.ucat.edu.ve\/web\/#website","url":"https:\/\/www.ucat.edu.ve\/web\/","name":"Universidad Cat\u00f3lica del T\u00e1chira","description":"","publisher":{"@id":"https:\/\/www.ucat.edu.ve\/web\/#organization"},"potentialAction":[{"@type":"SearchAction","target":{"@type":"EntryPoint","urlTemplate":"https:\/\/www.ucat.edu.ve\/web\/?s={search_term_string}"},"query-input":"required name=search_term_string"}],"inLanguage":"es-ES"},{"@type":"WebPage","@id":"https:\/\/www.ucat.edu.ve\/web\/medios-de-pago\/ii-si-no-tienes-convenio\/ii-6-cajero-virtual-punto-de-venta\/#webpage","url":"https:\/\/www.ucat.edu.ve\/web\/medios-de-pago\/ii-si-no-tienes-convenio\/ii-6-cajero-virtual-punto-de-venta\/","name":"II.6 Cajero virtual \u2013 punto de venta. - Universidad Cat\u00f3lica del T\u00e1chira","isPartOf":{"@id":"https:\/\/www.ucat.edu.ve\/web\/#website"},"datePublished":"2021-05-15T22:22:02+00:00","dateModified":"2021-05-15T22:22:29+00:00","breadcrumb":{"@id":"https:\/\/www.ucat.edu.ve\/web\/medios-de-pago\/ii-si-no-tienes-convenio\/ii-6-cajero-virtual-punto-de-venta\/#breadcrumb"},"inLanguage":"es-ES","potentialAction":[{"@type":"ReadAction","target":["https:\/\/www.ucat.edu.ve\/web\/medios-de-pago\/ii-si-no-tienes-convenio\/ii-6-cajero-virtual-punto-de-venta\/"]}]},{"@type":"BreadcrumbList","@id":"https:\/\/www.ucat.edu.ve\/web\/medios-de-pago\/ii-si-no-tienes-convenio\/ii-6-cajero-virtual-punto-de-venta\/#breadcrumb","itemListElement":[{"@type":"ListItem","position":1,"name":"Home","item":"https:\/\/www.ucat.edu.ve\/web\/"},{"@type":"ListItem","position":2,"name":"Medios de pago","item":"https:\/\/www.ucat.edu.ve\/web\/medios-de-pago\/"},{"@type":"ListItem","position":3,"name":"II. Si NO tienes convenio","item":"https:\/\/www.ucat.edu.ve\/web\/medios-de-pago\/ii-si-no-tienes-convenio\/"},{"@type":"ListItem","position":4,"name":"II.6 Cajero virtual \u2013 punto de venta."}]}]}},"_links":{"self":[{"href":"https:\/\/www.ucat.edu.ve\/web\/wp-json\/wp\/v2\/pages\/7108"}],"collection":[{"href":"https:\/\/www.ucat.edu.ve\/web\/wp-json\/wp\/v2\/pages"}],"about":[{"href":"https:\/\/www.ucat.edu.ve\/web\/wp-json\/wp\/v2\/types\/page"}],"author":[{"embeddable":true,"href":"https:\/\/www.ucat.edu.ve\/web\/wp-json\/wp\/v2\/users\/27"}],"replies":[{"embeddable":true,"href":"https:\/\/www.ucat.edu.ve\/web\/wp-json\/wp\/v2\/comments?post=7108"}],"version-history":[{"count":1,"href":"https:\/\/www.ucat.edu.ve\/web\/wp-json\/wp\/v2\/pages\/7108\/revisions"}],"predecessor-version":[{"id":7109,"href":"https:\/\/www.ucat.edu.ve\/web\/wp-json\/wp\/v2\/pages\/7108\/revisions\/7109"}],"up":[{"embeddable":true,"href":"https:\/\/www.ucat.edu.ve\/web\/wp-json\/wp\/v2\/pages\/7015"}],"wp:attachment":[{"href":"https:\/\/www.ucat.edu.ve\/web\/wp-json\/wp\/v2\/media?parent=7108"}],"curies":[{"name":"wp","href":"https:\/\/api.w.org\/{rel}","templated":true}]}}