 {"id":7112,"date":"2021-05-17T19:04:32","date_gmt":"2021-05-17T19:04:32","guid":{"rendered":"http:\/\/www.ucat.edu.ve\/web\/?page_id=7112"},"modified":"2021-06-15T14:50:53","modified_gmt":"2021-06-15T14:50:53","slug":"ano-ignaciano-2021-2022","status":"publish","type":"page","link":"https:\/\/www.ucat.edu.ve\/web\/ano-ignaciano-2021-2022\/","title":{"rendered":"A\u00f1o Ignaciano 2021 &#8211; 2022"},"content":{"rendered":"\n<div class=\"wp-block-image\"><figure class=\"aligncenter is-resized\"><img loading=\"lazy\" src=\"http:\/\/www.ucat.edu.ve\/web\/wp-content\/uploads\/2021\/05\/logo_ano_Ignaciano2021-521x147.png\" alt=\"\" class=\"wp-image-7128\" width=\"450\" height=\"127\" srcset=\"https:\/\/www.ucat.edu.ve\/web\/wp-content\/uploads\/2021\/05\/logo_ano_Ignaciano2021-521x147.png 521w, https:\/\/www.ucat.edu.ve\/web\/wp-content\/uploads\/2021\/05\/logo_ano_Ignaciano2021.png 530w\" sizes=\"(max-width: 450px) 100vw, 450px\" \/><\/figure><\/div>\n\n\n\n<p>El A\u00f1o Ignaciano,&nbsp;iniciado este 20 de mayo, tendr\u00e1 una duraci\u00f3n de 14 meses. Su fecha de inicio no es arbitraria, pues el 20 de mayo de 1521 (hace exactamente 500 a\u00f1os) Ignacio de Loyola era herido en Pamplona por una bala de ca\u00f1\u00f3n, lo que marc\u00f3 su vida y motiv\u00f3 su conversi\u00f3n y, posteriormente, la fundaci\u00f3n de la Compa\u00f1\u00eda de Jes\u00fas.<\/p>\n\n\n\n<p>La fecha de t\u00e9rmino de estos meses de celebraci\u00f3n coincidir\u00e1 con la fiesta, en el calendario lit\u00fargico, de San Ignacio de Loyola, 31 de julio. Este A\u00f1o Ignaciano tambi\u00e9n incluir\u00e1, el 12 de marzo del 2022, la celebraci\u00f3n de los 400 a\u00f1os de su canonizaci\u00f3n junto a San Francisco Javier.<\/p>\n\n\n\n<p>Por este motivo,&nbsp;los jesuitas de todo el mundo han preparado diversas actividades a nivel mundial.<\/p>\n\n\n\n<p class=\"has-text-align-center\"><div class=\"su-heading su-heading-style-default su-heading-align-center\" id=\"\" style=\"font-size:18px;margin-bottom:20px\"><div class=\"su-heading-inner\">Revive las actividades principales del A\u00f1o Ignaciano preparadas por la Curia General de la Compa\u00f1\u00eda de Jes\u00fas en Roma<\/div><\/div>\n\n\n\n<p class=\"has-text-align-center\">18 DE MAYO &#8211; Entrevista al P. General Arturo Sosa SJ: transmitida en vivo y realizada por la directora de la Revista Ecclesia, Silvia Rozas FI. 18:00 hora de Espa\u00f1a (11:00 hora de Lima). <strong><a href=\"https:\/\/www.youtube.com\/watch?v=g1G6Qs7AYIg\" target=\"_blank\" rel=\"noreferrer noopener\">VER V\u00cdDEO<\/a><\/strong><\/p>\n\n\n\n<p class=\"has-text-align-center\">20 de MAYO &#8211; Misa de apertura del A\u00f1o Ignaciano: transmitida en vivo desde Pamplona, presidida por Mons. Francisco P\u00e9rez Gonz\u00e1lez (arzobispo de Pamplona) y concelebrada con el P. General Arturo Sosa SJ. 18:00 hora de Espa\u00f1a (11:00 hora de Lima) <strong><a href=\"https:\/\/www.youtube.com\/watch?v=YqE1hFOGC9Q\" target=\"_blank\" rel=\"noreferrer noopener\">VER V\u00cdDEO<\/a><\/strong><\/p>\n\n\n<div class=\"su-heading su-heading-style-default su-heading-align-center\" id=\"\" style=\"font-size:18px;margin-bottom:20px\"><div class=\"su-heading-inner\"><strong>\u00bfQu\u00e9 se celebra?<\/strong><\/div><\/div>\n<p style=\"text-align: center\"><img loading=\"lazy\" class=\"alignnone size-medium wp-image-7159\" src=\"http:\/\/www.ucat.edu.ve\/web\/wp-content\/uploads\/2021\/05\/Ano_Ignaciano_CPAL-521x293.jpg\" alt=\"\" width=\"521\" height=\"293\" srcset=\"https:\/\/www.ucat.edu.ve\/web\/wp-content\/uploads\/2021\/05\/Ano_Ignaciano_CPAL-521x293.jpg 521w, https:\/\/www.ucat.edu.ve\/web\/wp-content\/uploads\/2021\/05\/Ano_Ignaciano_CPAL-1536x864.jpg 1536w, https:\/\/www.ucat.edu.ve\/web\/wp-content\/uploads\/2021\/05\/Ano_Ignaciano_CPAL.jpg 1920w\" sizes=\"(max-width: 521px) 100vw, 521px\" \/><\/p>\n<p style=\"text-align: center\"><strong>Imagen:\u00a0St Ignatius by the River Cardoner de Meg Roxas<\/strong><\/p>\n<p>Los jesuitas celebran el 500 aniversario de la conversi\u00f3n de San Ignacio de Loyola. Fue un tipo diferente de conversi\u00f3n. Pas\u00f3 de ser un noble vanidoso centrado en el \u00e9xito mundano y la fama a ser el fundador de la mayor orden religiosa cat\u00f3lica. Dios dio al mundo y a la Iglesia un precioso regalo a trav\u00e9s de Ignacio: una espiritualidad que ayuda a seguir al Esp\u00edritu en todas las circunstancias de la vida.<\/p>\n<div class=\"su-heading su-heading-style-default su-heading-align-center\" id=\"\" style=\"font-size:18px;margin-bottom:20px\"><div class=\"su-heading-inner\"><strong>\u00bfPor qu\u00e9 esta celebraci\u00f3n?<\/strong><\/div><\/div>\n<p>La celebraci\u00f3n de los 500 a\u00f1os de la conversi\u00f3n de San Ignacio no se refiere principalmente al pasado. Se trata del presente y del futuro. Es una oportunidad para renovar y redescubrir las ra\u00edces ignacianas. Es una oportunidad para detenerse, hacer balance y volver a poner a Cristo en el centro. Se trata de una conversi\u00f3n continua y diaria.<\/p>\n<p>El\u00a0<strong>P. General Arturo Sosa<\/strong>\u00a0dice:<\/p>\n<p><em>Es bueno recordar que la herida que sufri\u00f3 Ignacio en Pamplona no fue tanto un final feliz, como un comienzo feliz. La conversi\u00f3n consiste a veces en grandes momentos de cambio, pero tambi\u00e9n es un proceso interminable. Hay que poner a Cristo en el centro cada vez, una y otra vez. Este proceso es una peregrinaci\u00f3n por caminos sinuosos, con subidas y bajadas, a veces teniendo que volver sobre nuestros pasos, a veces sinti\u00e9ndonos perdidos. Pero encontrando en el camino personas que nos indican el camino y nos tienden la mano.<br \/><\/em>&#8211; P. General Arturo Sosa<\/p>\n<p>Este A\u00f1o Ignaciano es una peregrinaci\u00f3n de conversi\u00f3n. El\u00a0<strong>Papa Francisco<\/strong>, en su reciente libro\u00a0So\u00f1emos juntos, dice que un peregrino es alguien \u201cque se descentra y as\u00ed puede trascender. Sale de s\u00ed mismo, se abre a un nuevo horizonte, y cuando vuelve a casa ya no es el mismo, y por eso su casa no ser\u00e1 la misma. Este es un tiempo de peregrinaci\u00f3n\u201d.<\/p>\n<p>Queremos ponernos en camino, dej\u00e1ndonos guiar suavemente por el Esp\u00edritu Santo, centrando nuestra vida cada vez m\u00e1s en Cristo y posibilit\u00e1ndonos\u00a0ver nuevas todas las cosas en Cristo.<\/p>\n<p>Sobre la conversi\u00f3n de Ignacio, el\u00a0<strong>Papa Francisco<\/strong>\u00a0dijo a la Compa\u00f1\u00eda de Jes\u00fas:<\/p>\n<p><em>A lo largo de su vida se convirti\u00f3 [&#8230;] puso a Cristo en el centro. Y lo hizo a trav\u00e9s del discernimiento. El discernimiento no consiste en acertar siempre desde el principio, sino en navegar, en tener una br\u00fajula para poder emprender el camino que tiene muchas curvas y vueltas, pero dejarse guiar siempre por el Esp\u00edritu Santo que nos va conduciendo al encuentro con el Se\u00f1or.<br \/><\/em>&#8211; Papa Francisco<\/p>\n<p>La iniciativa de este A\u00f1o Ignaciano es del P. General Arturo Sosa, de la Compa\u00f1\u00eda de Jes\u00fas. Pero extiende la invitaci\u00f3n a todos, y en particular a todos los que se inspiran en la espiritualidad ignaciana: la gran familia ignaciana.<\/p>\n<p>\u201cHay mucha colaboraci\u00f3n con las congregaciones ignacianas femeninas y las organizaciones ignacianas laicas, como la Comunidad de Vida Cristiana (CVX)&#8221;, dice el P. Sosa. &#8220;De hecho, la mayor\u00eda de las iniciativas y eventos tienen lugar a nivel local, en todo el mundo, y son una colaboraci\u00f3n entre jesuitas y otros. Esto es algo que valoramos enormemente\u201d.<\/p>\n<p><strong>Im\u00e1genes e informaci\u00f3n de\u00a0<a href=\"https:\/\/www.jesuits.global\/es\/2021\/05\/19\/ano-ignaciano-un-ano-de-renovacion\/\" target=\"_blank\" rel=\"noopener\">jesuits.global<\/a><\/strong><\/p>\n<div class=\"su-heading su-heading-style-default su-heading-align-center\" id=\"\" style=\"font-size:18px;margin-bottom:20px\"><div class=\"su-heading-inner\"><strong>Conoce todas las noticias vinculadas al A\u00f1o Ignaciano:<\/strong><\/div><\/div>\n<ul>\n<li><a href=\"https:\/\/jesuitas.lat\/noticias\/14-nivel-1\/6340-ignatius500-global-la-nueva-web-del-ano-ignaciano\" target=\"_blank\" rel=\"noopener\">IGNATIUS500.GLOBAL: la nueva web del A\u00f1o Ignaciano<\/a><\/li>\n<li><a href=\"https:\/\/jesuitas.lat\/noticias\/16-nivel-3\/6338-el-grupo-de-comunicacion-loyola-y-su-trabajo-en-el-ano-ignaciano\" target=\"_blank\" rel=\"noopener\">El Grupo de Comunicaci\u00f3n Loyola y su trabajo en el A\u00f1o Ignaciano<\/a><\/li>\n<li><a href=\"https:\/\/jesuitas.lat\/noticias\/14-nivel-1\/6333-fones-olaizola-y-la-cancion-para-el-ano-ignaciano\" target=\"_blank\" rel=\"noopener\">Fones, Olaizola y la canci\u00f3n para el A\u00f1o Ignaciano<\/a><\/li>\n<li><a href=\"https:\/\/jesuitas.lat\/noticias\/14-nivel-1\/6330-redescubrir-la-actualidad-de-san-ignacio\" target=\"_blank\" rel=\"noopener\">Redescubrir la actualidad de San Ignacio<\/a><\/li>\n<li><a href=\"https:\/\/jesuitas.lat\/noticias\/14-nivel-1\/6320-ano-ignaciano-poner-a-cristo-en-el-centro\" target=\"_blank\" rel=\"noopener\">A\u00f1o Ignaciano: &#8220;Poner a Cristo en el Centro&#8221;<\/a><\/li>\n<li><a href=\"https:\/\/jesuitas.lat\/noticias\/16-nivel-3\/6309-escultor-belga-ofrece-obra-de-arte-por-el-ano-ignaciano\" target=\"_blank\" rel=\"noopener\">Escultor belga ofrece obra de arte por el A\u00f1o Ignaciano<\/a><\/li>\n<li><a href=\"https:\/\/jesuitas.lat\/noticias\/14-nivel-1\/6288-presentacion-del-libro-del-padre-general-en-camino-con-ignacio\" target=\"_blank\" rel=\"noopener\">Presentaci\u00f3n del libro del Padre General &#8220;En Camino con Ignacio&#8221;<\/a><\/li>\n<li><a href=\"https:\/\/jesuitas.lat\/noticias\/14-nivel-1\/6287-cpal-guias-de-oracion-para-el-ano-ignaciano\" target=\"_blank\" rel=\"noopener\">CPAL: Gu\u00edas de Oraci\u00f3n para el A\u00f1o Ignaciano<\/a><\/li>\n<li><a href=\"https:\/\/jesuitas.lat\/noticias\/14-nivel-1\/6269-11-de-mayo-lanzamiento-oficial-del-libro-en-camino-con-ignacio-del-padre-general\" target=\"_blank\" rel=\"noopener\">11 de mayo, lanzamiento oficial del libro &#8220;En camino con Ignacio&#8221;, del Padre General<\/a><\/li>\n<li><a href=\"https:\/\/jesuitas.lat\/noticias\/14-nivel-1\/6235-peregrinos-con-ignacio-la-oracion-de-inicio-del-ano-ignaciano\" target=\"_blank\" rel=\"noopener\">&#8220;Peregrinos con Ignacio&#8221;, la oraci\u00f3n de inicio del A\u00f1o Ignaciano<\/a><\/li>\n<li><a href=\"https:\/\/jesuitas.lat\/noticias\/14-nivel-1\/6096-visualizar-las-conferencias-ignacianas-del-clacies\" target=\"_blank\" rel=\"noopener\">CLACIES: visualizar las conferencias ignacianas<\/a><\/li>\n<li><a href=\"https:\/\/jesuitas.lat\/noticias\/14-nivel-1\/5929-llamados-a-celebrar-juntos-el-ano-ignaciano\" target=\"_blank\" rel=\"noopener\">Llamados a celebrar juntos el A\u00f1o Ignaciano 2021-2022<\/a><\/li>\n<li><a href=\"https:\/\/jesuitas.lat\/noticias\/16-nivel-3\/5762-p-general-arturo-sosa-cristo-es-el-centro-del-ano-ignaciano\" target=\"_blank\" rel=\"noopener\">P. General Arturo Sosa: &#8220;Cristo es el centro del A\u00f1o Ignaciano<\/a><\/li>\n<li><a href=\"https:\/\/jesuitas.lat\/noticias\/15-nivel-2\/5254-uniendo-el-ano-ignaciano-y-las-preferencias-apostolicas-una-respuesta-a-los-desafios-actuales\" target=\"_blank\" rel=\"noopener\">Uniendo el A\u00f1o Ignaciano y las Preferencias Apost\u00f3licas: Una respuesta a los desaf\u00edos actuales<\/a><\/li>\n<li><a href=\"https:\/\/jesuitas.lat\/noticias\/15-nivel-2\/5252-la-oportunidad-del-ano-ignaciano-2021-2022\" target=\"_blank\" rel=\"noopener\">La oportunidad del A\u00f1o Ignaciano 2021-2022<\/a><\/li>\n<\/ul>\n<p><strong>Oficina de Comunicaciones CPAL<\/strong><\/p>\n<div class=\"su-heading su-heading-style-default su-heading-align-center\" id=\"\" style=\"font-size:18px;margin-bottom:20px\"><div class=\"su-heading-inner\"><b>Pr\u00f3ximos Eventos Internacionales<\/b><\/div><\/div>\n<p><strong>12 DE MARZO DE 2022<\/strong><br \/>Misa solemne en el Ges\u00f9 de Roma con motivo del 400 aniversario de la canonizaci\u00f3n de San Ignacio, San Francisco Javier, Santa Teresa de Jes\u00fas, San Isidro Labrador y San Felipe Neri.<\/p>\n<p><strong>31 DE JULIO DE 2022<\/strong><br \/>Clausura oficial del A\u00f1o Ignaciano en la fiesta de San Ignacio.<\/p>","protected":false},"excerpt":{"rendered":"<p>El A\u00f1o Ignaciano,&nbsp;iniciado este 20 de mayo, tendr\u00e1 una duraci\u00f3n de 14 meses. Su fecha de inicio no es arbitraria, pues el 20 de mayo de 1521 (hace exactamente 500 a\u00f1os) Ignacio de Loyola era herido en Pamplona por una bala de ca\u00f1\u00f3n, lo que marc\u00f3 su vida y motiv\u00f3 su conversi\u00f3n y, posteriormente, la<\/p>\n","protected":false},"author":27,"featured_media":0,"parent":0,"menu_order":0,"comment_status":"closed","ping_status":"closed","template":"fullwidth.php","meta":[],"yoast_head":"<!-- This site is optimized with the Yoast SEO plugin v19.2 - https:\/\/yoast.com\/wordpress\/plugins\/seo\/ -->\n<title>A\u00f1o Ignaciano 2021 - 2022 - Universidad Cat\u00f3lica del T\u00e1chira<\/title>\n<meta name=\"robots\" content=\"index, follow, max-snippet:-1, max-image-preview:large, max-video-preview:-1\" \/>\n<link rel=\"canonical\" href=\"https:\/\/www.ucat.edu.ve\/web\/ano-ignaciano-2021-2022\/\" \/>\n<meta property=\"og:locale\" content=\"es_ES\" \/>\n<meta property=\"og:type\" content=\"article\" \/>\n<meta property=\"og:title\" content=\"A\u00f1o Ignaciano 2021 - 2022 - Universidad Cat\u00f3lica del T\u00e1chira\" \/>\n<meta property=\"og:description\" content=\"El A\u00f1o Ignaciano,&nbsp;iniciado este 20 de mayo, tendr\u00e1 una duraci\u00f3n de 14 meses. Su fecha de inicio no es arbitraria, pues el 20 de mayo de 1521 (hace exactamente 500 a\u00f1os) Ignacio de Loyola era herido en Pamplona por una bala de ca\u00f1\u00f3n, lo que marc\u00f3 su vida y motiv\u00f3 su conversi\u00f3n y, posteriormente, la\" \/>\n<meta property=\"og:url\" content=\"https:\/\/www.ucat.edu.ve\/web\/ano-ignaciano-2021-2022\/\" \/>\n<meta property=\"og:site_name\" content=\"Universidad Cat\u00f3lica del T\u00e1chira\" \/>\n<meta property=\"article:publisher\" content=\"https:\/\/www.facebook.com\/notiucat\/\" \/>\n<meta property=\"article:modified_time\" content=\"2021-06-15T14:50:53+00:00\" \/>\n<meta property=\"og:image\" content=\"http:\/\/www.ucat.edu.ve\/web\/wp-content\/uploads\/2021\/05\/logo_ano_Ignaciano2021-521x147.png\" \/>\n<meta name=\"author\" content=\"William Ramirez\" \/>\n<meta name=\"twitter:card\" content=\"summary_large_image\" \/>\n<meta name=\"twitter:site\" content=\"@notiucat\" \/>\n<meta name=\"twitter:label1\" content=\"Est. reading time\" \/>\n\t<meta name=\"twitter:data1\" content=\"5 minutos\" \/>\n<script type=\"application\/ld+json\" class=\"yoast-schema-graph\">{\"@context\":\"https:\/\/schema.org\",\"@graph\":[{\"@type\":\"Organization\",\"@id\":\"https:\/\/www.ucat.edu.ve\/web\/#organization\",\"name\":\"Universidad Cat\u00f3lica Del T\u00e1chira UCAT\",\"url\":\"https:\/\/www.ucat.edu.ve\/web\/\",\"sameAs\":[\"https:\/\/www.instagram.com\/notiucat\/\",\"https:\/\/www.youtube.com\/channel\/UCwEbYSB1R9fzlII-8dcxuYA?view_as=subscriber\",\"https:\/\/www.facebook.com\/notiucat\/\",\"https:\/\/twitter.com\/notiucat\"],\"logo\":{\"@type\":\"ImageObject\",\"inLanguage\":\"es-ES\",\"@id\":\"https:\/\/www.ucat.edu.ve\/web\/#\/schema\/logo\/image\/\",\"url\":\"https:\/\/www.ucat.edu.ve\/web\/wp-content\/uploads\/2015\/07\/logoucat.gif\",\"contentUrl\":\"https:\/\/www.ucat.edu.ve\/web\/wp-content\/uploads\/2015\/07\/logoucat.gif\",\"width\":219,\"height\":155,\"caption\":\"Universidad Cat\u00f3lica Del T\u00e1chira UCAT\"},\"image\":{\"@id\":\"https:\/\/www.ucat.edu.ve\/web\/#\/schema\/logo\/image\/\"}},{\"@type\":\"WebSite\",\"@id\":\"https:\/\/www.ucat.edu.ve\/web\/#website\",\"url\":\"https:\/\/www.ucat.edu.ve\/web\/\",\"name\":\"Universidad Cat\u00f3lica del T\u00e1chira\",\"description\":\"\",\"publisher\":{\"@id\":\"https:\/\/www.ucat.edu.ve\/web\/#organization\"},\"potentialAction\":[{\"@type\":\"SearchAction\",\"target\":{\"@type\":\"EntryPoint\",\"urlTemplate\":\"https:\/\/www.ucat.edu.ve\/web\/?s={search_term_string}\"},\"query-input\":\"required name=search_term_string\"}],\"inLanguage\":\"es-ES\"},{\"@type\":\"ImageObject\",\"inLanguage\":\"es-ES\",\"@id\":\"https:\/\/www.ucat.edu.ve\/web\/ano-ignaciano-2021-2022\/#primaryimage\",\"url\":\"http:\/\/www.ucat.edu.ve\/web\/wp-content\/uploads\/2021\/05\/logo_ano_Ignaciano2021-521x147.png\",\"contentUrl\":\"http:\/\/www.ucat.edu.ve\/web\/wp-content\/uploads\/2021\/05\/logo_ano_Ignaciano2021-521x147.png\"},{\"@type\":\"WebPage\",\"@id\":\"https:\/\/www.ucat.edu.ve\/web\/ano-ignaciano-2021-2022\/#webpage\",\"url\":\"https:\/\/www.ucat.edu.ve\/web\/ano-ignaciano-2021-2022\/\",\"name\":\"A\u00f1o Ignaciano 2021 - 2022 - Universidad Cat\u00f3lica del T\u00e1chira\",\"isPartOf\":{\"@id\":\"https:\/\/www.ucat.edu.ve\/web\/#website\"},\"primaryImageOfPage\":{\"@id\":\"https:\/\/www.ucat.edu.ve\/web\/ano-ignaciano-2021-2022\/#primaryimage\"},\"datePublished\":\"2021-05-17T19:04:32+00:00\",\"dateModified\":\"2021-06-15T14:50:53+00:00\",\"breadcrumb\":{\"@id\":\"https:\/\/www.ucat.edu.ve\/web\/ano-ignaciano-2021-2022\/#breadcrumb\"},\"inLanguage\":\"es-ES\",\"potentialAction\":[{\"@type\":\"ReadAction\",\"target\":[\"https:\/\/www.ucat.edu.ve\/web\/ano-ignaciano-2021-2022\/\"]}]},{\"@type\":\"BreadcrumbList\",\"@id\":\"https:\/\/www.ucat.edu.ve\/web\/ano-ignaciano-2021-2022\/#breadcrumb\",\"itemListElement\":[{\"@type\":\"ListItem\",\"position\":1,\"name\":\"Home\",\"item\":\"https:\/\/www.ucat.edu.ve\/web\/\"},{\"@type\":\"ListItem\",\"position\":2,\"name\":\"A\u00f1o Ignaciano 2021 &#8211; 2022\"}]}]}<\/script>\n<!-- \/ Yoast SEO plugin. -->","yoast_head_json":{"title":"A\u00f1o Ignaciano 2021 - 2022 - Universidad Cat\u00f3lica del T\u00e1chira","robots":{"index":"index","follow":"follow","max-snippet":"max-snippet:-1","max-image-preview":"max-image-preview:large","max-video-preview":"max-video-preview:-1"},"canonical":"https:\/\/www.ucat.edu.ve\/web\/ano-ignaciano-2021-2022\/","og_locale":"es_ES","og_type":"article","og_title":"A\u00f1o Ignaciano 2021 - 2022 - Universidad Cat\u00f3lica del T\u00e1chira","og_description":"El A\u00f1o Ignaciano,&nbsp;iniciado este 20 de mayo, tendr\u00e1 una duraci\u00f3n de 14 meses. Su fecha de inicio no es arbitraria, pues el 20 de mayo de 1521 (hace exactamente 500 a\u00f1os) Ignacio de Loyola era herido en Pamplona por una bala de ca\u00f1\u00f3n, lo que marc\u00f3 su vida y motiv\u00f3 su conversi\u00f3n y, posteriormente, la","og_url":"https:\/\/www.ucat.edu.ve\/web\/ano-ignaciano-2021-2022\/","og_site_name":"Universidad Cat\u00f3lica del T\u00e1chira","article_publisher":"https:\/\/www.facebook.com\/notiucat\/","article_modified_time":"2021-06-15T14:50:53+00:00","og_image":[{"url":"http:\/\/www.ucat.edu.ve\/web\/wp-content\/uploads\/2021\/05\/logo_ano_Ignaciano2021-521x147.png"}],"author":"William Ramirez","twitter_card":"summary_large_image","twitter_site":"@notiucat","twitter_misc":{"Est. reading time":"5 minutos"},"schema":{"@context":"https:\/\/schema.org","@graph":[{"@type":"Organization","@id":"https:\/\/www.ucat.edu.ve\/web\/#organization","name":"Universidad Cat\u00f3lica Del T\u00e1chira UCAT","url":"https:\/\/www.ucat.edu.ve\/web\/","sameAs":["https:\/\/www.instagram.com\/notiucat\/","https:\/\/www.youtube.com\/channel\/UCwEbYSB1R9fzlII-8dcxuYA?view_as=subscriber","https:\/\/www.facebook.com\/notiucat\/","https:\/\/twitter.com\/notiucat"],"logo":{"@type":"ImageObject","inLanguage":"es-ES","@id":"https:\/\/www.ucat.edu.ve\/web\/#\/schema\/logo\/image\/","url":"https:\/\/www.ucat.edu.ve\/web\/wp-content\/uploads\/2015\/07\/logoucat.gif","contentUrl":"https:\/\/www.ucat.edu.ve\/web\/wp-content\/uploads\/2015\/07\/logoucat.gif","width":219,"height":155,"caption":"Universidad Cat\u00f3lica Del T\u00e1chira UCAT"},"image":{"@id":"https:\/\/www.ucat.edu.ve\/web\/#\/schema\/logo\/image\/"}},{"@type":"WebSite","@id":"https:\/\/www.ucat.edu.ve\/web\/#website","url":"https:\/\/www.ucat.edu.ve\/web\/","name":"Universidad Cat\u00f3lica del T\u00e1chira","description":"","publisher":{"@id":"https:\/\/www.ucat.edu.ve\/web\/#organization"},"potentialAction":[{"@type":"SearchAction","target":{"@type":"EntryPoint","urlTemplate":"https:\/\/www.ucat.edu.ve\/web\/?s={search_term_string}"},"query-input":"required name=search_term_string"}],"inLanguage":"es-ES"},{"@type":"ImageObject","inLanguage":"es-ES","@id":"https:\/\/www.ucat.edu.ve\/web\/ano-ignaciano-2021-2022\/#primaryimage","url":"http:\/\/www.ucat.edu.ve\/web\/wp-content\/uploads\/2021\/05\/logo_ano_Ignaciano2021-521x147.png","contentUrl":"http:\/\/www.ucat.edu.ve\/web\/wp-content\/uploads\/2021\/05\/logo_ano_Ignaciano2021-521x147.png"},{"@type":"WebPage","@id":"https:\/\/www.ucat.edu.ve\/web\/ano-ignaciano-2021-2022\/#webpage","url":"https:\/\/www.ucat.edu.ve\/web\/ano-ignaciano-2021-2022\/","name":"A\u00f1o Ignaciano 2021 - 2022 - Universidad Cat\u00f3lica del T\u00e1chira","isPartOf":{"@id":"https:\/\/www.ucat.edu.ve\/web\/#website"},"primaryImageOfPage":{"@id":"https:\/\/www.ucat.edu.ve\/web\/ano-ignaciano-2021-2022\/#primaryimage"},"datePublished":"2021-05-17T19:04:32+00:00","dateModified":"2021-06-15T14:50:53+00:00","breadcrumb":{"@id":"https:\/\/www.ucat.edu.ve\/web\/ano-ignaciano-2021-2022\/#breadcrumb"},"inLanguage":"es-ES","potentialAction":[{"@type":"ReadAction","target":["https:\/\/www.ucat.edu.ve\/web\/ano-ignaciano-2021-2022\/"]}]},{"@type":"BreadcrumbList","@id":"https:\/\/www.ucat.edu.ve\/web\/ano-ignaciano-2021-2022\/#breadcrumb","itemListElement":[{"@type":"ListItem","position":1,"name":"Home","item":"https:\/\/www.ucat.edu.ve\/web\/"},{"@type":"ListItem","position":2,"name":"A\u00f1o Ignaciano 2021 &#8211; 2022"}]}]}},"_links":{"self":[{"href":"https:\/\/www.ucat.edu.ve\/web\/wp-json\/wp\/v2\/pages\/7112"}],"collection":[{"href":"https:\/\/www.ucat.edu.ve\/web\/wp-json\/wp\/v2\/pages"}],"about":[{"href":"https:\/\/www.ucat.edu.ve\/web\/wp-json\/wp\/v2\/types\/page"}],"author":[{"embeddable":true,"href":"https:\/\/www.ucat.edu.ve\/web\/wp-json\/wp\/v2\/users\/27"}],"replies":[{"embeddable":true,"href":"https:\/\/www.ucat.edu.ve\/web\/wp-json\/wp\/v2\/comments?post=7112"}],"version-history":[{"count":13,"href":"https:\/\/www.ucat.edu.ve\/web\/wp-json\/wp\/v2\/pages\/7112\/revisions"}],"predecessor-version":[{"id":7225,"href":"https:\/\/www.ucat.edu.ve\/web\/wp-json\/wp\/v2\/pages\/7112\/revisions\/7225"}],"wp:attachment":[{"href":"https:\/\/www.ucat.edu.ve\/web\/wp-json\/wp\/v2\/media?parent=7112"}],"curies":[{"name":"wp","href":"https:\/\/api.w.org\/{rel}","templated":true}]}}