 {"id":8543,"date":"2022-01-04T18:38:02","date_gmt":"2022-01-04T18:38:02","guid":{"rendered":"https:\/\/www.ucat.edu.ve\/web\/?page_id=8543"},"modified":"2024-07-01T16:28:16","modified_gmt":"2024-07-01T16:28:16","slug":"medios-de-pago-2","status":"publish","type":"page","link":"https:\/\/www.ucat.edu.ve\/web\/medios-de-pago-2\/","title":{"rendered":"Medios de Pago"},"content":{"rendered":"<h1 style=\"text-align: center\"><img loading=\"lazy\" class=\"alignnone size-full wp-image-7470\" src=\"https:\/\/www.ucat.edu.ve\/web\/wp-content\/uploads\/2021\/06\/forma-de-pago.png\" alt=\"\" width=\"300\" height=\"90\" \/><\/h1>\n<p style=\"text-align: justify\"><strong><span style=\"color: #ff0000\">Debes consultar tu saldo, pagar y reportar tu pago el mismo d\u00eda. Lee cuidadosamente las instrucciones.<\/span><\/strong><\/p>\n<p style=\"text-align: left\"><strong>Puedes consultar tu saldo haciendo clic en el siguiente bot\u00f3n <a class=\"font-weight-bold text-danger\" href=\"https:\/\/www.ucat.edu.ve\/pagos\/consulta\/\">Consulta Tu Saldo<\/a><\/strong><\/p>\n<h1 style=\"text-align: center\"><div class=\"su-spacer\" style=\"height:20px\"><\/div><\/h1>\n<div class=\"su-tabs su-tabs-style-default su-tabs-mobile-stack su-tabs-vertical\" data-active=\"1\" data-scroll-offset=\"0\" data-anchor-in-url=\"no\"><div class=\"su-tabs-nav\"><span class=\"\" data-url=\"\" data-target=\"blank\" tabindex=\"0\" role=\"button\"><strong>En Bol\u00edvares<\/strong><\/span><span class=\"\" data-url=\"\" data-target=\"blank\" tabindex=\"0\" role=\"button\"><strong>En divisas (efectivo) d\u00f3lares americanos o pesos colombianos \u2013 Caja UCAT.<\/strong><\/span><span class=\"\" data-url=\"\" data-target=\"blank\" tabindex=\"0\" role=\"button\"><strong>Banco Mercantil <\/strong><strong>Dep\u00f3sito por taquilla Banco Mercantil \u2013 efectivo en USD<\/strong><\/span><span class=\"\" data-url=\"\" data-target=\"blank\" tabindex=\"0\" role=\"button\"><strong>Transferencia en divisas a una cuenta en el exterior<\/strong><\/span><\/div><div class=\"su-tabs-panes\"><div class=\"su-tabs-pane su-u-clearfix su-u-trim\" data-title=\"&lt;strong&gt;En Bol\u00edvares&lt;\/strong&gt;\">\n<p style=\"text-align: justify\">\u2022 Ingresa a la p\u00e1gina Web de la UCAT &#8211; www.ucat.edu.ve &#8211; ubica el bot\u00f3n \u201c<strong><a href=\"https:\/\/www.ucat.edu.ve\/pagos\/registro\/public\/consulta-tu-saldo\">Consulta tu saldo<\/a><\/strong>\u201d o en <strong><a href=\"https:\/\/t.me\/ucat_info_bot\" target=\"_blank\" rel=\"noopener\">Telegram: @ucat_info_bot<\/a><\/strong>, ah\u00ed obtendr\u00e1s informaci\u00f3n del monto exacto a pagar por concepto de cuotas mensuales. Recuerda que debes consultar, pagar y transferir el mismo d\u00eda.<br \/>\n\u2022 Paga el monto exacto reflejado en bol\u00edvares el mismo d\u00eda que realizas la consulta. Es importante pagar el monto exacto, solo as\u00ed el sistema podr\u00e1 validar tu pago de forma autom\u00e1tica.<br \/>\n\u2022 Notifica el pago en el bot\u00f3n \u201c<strong><a href=\"https:\/\/www.ucat.edu.ve\/pagos\/registro\/public\/\">Reporta tu pago<\/a><\/strong>\u201d el mismo d\u00eda que lo realices.<br \/>\n\u2022 Los pagos en bol\u00edvares puedes realizarlos cualquier d\u00eda.<br \/>\n\u2022 Si optas por pagar en bol\u00edvares dispone de los siguientes medios de pago:<\/p>\n<p><strong>Tarjeta de d\u00e9bito o cr\u00e9dito (Visa o Master Card)<\/strong><\/p>\n<p>\u2022 Verifica el l\u00edmite diario permitido por tu entidad bancaria.<br \/>\n\u2022 Acude a la Caja de la UCAT ubicada en la sede Loma del Tejar (Barrio Obrero)<\/p>\n<hr \/>\n<p><strong>Transferencia bancaria entre cuentas del mismo banco (Mercantil y BNC)<\/strong><\/p>\n<p>\u2022 Solo estar\u00e1n permitidas las transferencias entre cuentas de un mismo banco.<br \/>\n\u2022 No transfieras a cuentas distintas a las indicadas en este instructivo.<br \/>\n\u2022 La UCAT no se hace responsable por los pagos realizados a trav\u00e9s de canales no indicados en este instructivo.<\/p>\n<p>Titular: Universidad Cat\u00f3lica del T\u00e1chira<br \/>\nRIF J 090112537<br \/>\nCuenta Corriente<br \/>\nBanco Mercantil: 0105 0063 0810 6330 3036<br \/>\nBanco Nacional de Cr\u00e9dito (BNC): 0191 0040 5121 4005 0081<\/p>\n<p>Realizar la transferencia e imprimir el comprobante en formato PDF y notificar el pago en el bot\u00f3n \u201c<strong><a href=\"https:\/\/www.ucat.edu.ve\/pagos\/registro\/public\/\">Reporta tu pago<\/a><\/strong>\u201d ubicado en la p\u00e1gina web de la UCAT &#8211; www.ucat.edu.ve \u2013 Modalidad de pago: <strong>Transferencia Bancaria<\/strong>. \u00a0Aseg\u00farate de introducir los datos de forma correcta, de ello depender\u00e1 la aplicaci\u00f3n autom\u00e1tica de tu pago. Debes transferir el monto exacto, incluyendo los dos d\u00edgitos decimales (en el caso que aplique) de lo contrario el pago ser\u00e1 rechazado por el sistema.<\/p>\n<hr \/>\n<p><strong>Pago M\u00f3vil<\/strong><\/p>\n<p>\u2022 Solo estar\u00e1n permitidas las transferencias entre cuentas de un mismo banco.<br \/>\n\u2022 No transfiera a cuentas distintas a las indicadas en este instructivo.<br \/>\n\u2022 La UCAT no se hace responsable por los pagos realizados a trav\u00e9s de canales no indicados en este instructivo.<\/p>\n<p>Titular: Universidad Cat\u00f3lica del T\u00e1chira<br \/>\nRIF J 090112537<br \/>\nCuenta 0105 0063 0810 6330 3036<\/p>\n<p>Realizar la transferencia e imprimir el comprobante en formato PDF y notificar el pago en el bot\u00f3n \u201c<strong><a href=\"https:\/\/www.ucat.edu.ve\/pagos\/registro\/public\/\">Reporta tu pago<\/a><\/strong>\u201d ubicado en la p\u00e1gina web de la UCAT &#8211; www.ucat.edu.ve \u2013 Modalidad de pago: <strong>Transferencia Bancaria<\/strong>. \u00a0Aseg\u00farate de introducir los datos de forma correcta, de ello depender\u00e1 la aplicaci\u00f3n autom\u00e1tica de tu pago. Debes transferir el monto exacto, incluyendo los dos d\u00edgitos decimales (en el caso que aplique) de lo contrario el pago ser\u00e1 rechazado por el sistem<\/p>\n<p>Entidad Financiera: Banco Mercantil<\/p>\n<p>N\u00famero de RIF: J090112537<\/p>\n<p>N\u00famero telef\u00f3nico: 04122798644<\/p>\n<p>\u2022 En el campo \u201cConcepto\u201d deber\u00e1 indicar el n\u00famero de c\u00e9dula del estudiante.<br \/>\n\u2022 Haz capture de pantalla y notifica el pago en el bot\u00f3n \u201c<strong><a href=\"https:\/\/www.ucat.edu.ve\/pagos\/registro\/public\/\">Reporta tu pago<\/a><\/strong>\u201d ubicado en la p\u00e1gina web de la UCAT &#8211; www.ucat.edu.ve \u2013 Modalidad de pago: <strong>Pago M\u00f3vil.<\/strong> \u00a0Aseg\u00farate de introducir los datos de forma correcta, de ello depender\u00e1 la aplicaci\u00f3n autom\u00e1tica de tu pago.<\/p>\n<hr \/>\n<p><strong>Portal de pagos mercantil (tarjeta de cr\u00e9dito de cualquier banco nacional o internacional Visa o Master Card)<\/strong><\/p>\n<p>Ingresar a la siguiente direcci\u00f3n web: <a href=\"http:\/\/www.portaldepagosmercantil.com\">www.portaldepagosmercantil.com<\/a><br \/>\n-Colocar el correo electr\u00f3nico y la contrase\u00f1a, que previamente configur\u00f3 en el proceso de afiliaci\u00f3n del portal, y haga click en entrar.<br \/>\n-Desplegar el men\u00fa del portal de pagos, ubicar el bot\u00f3n \u201cCOLEGIOS, UNIVERSIDADES Y OTROS INST. EDUCATIVOS DE ENSE\u00d1ANZA\u201d. Haga click en \u201cAMPLIAR\u201d para desplegar las opciones.<br \/>\n-Seleccionar el logo de la UCAT. Presione el bot\u00f3n \u201cPAGAR\u201d<br \/>\n-Desplegar el men\u00fa y seleccionar la opci\u00f3n de acuerdo con su forma de pago.<br \/>\n-Completar cuidadosamente la informaci\u00f3n solicitada del estudiante.<br \/>\n-Realizar el pago siguiendo las instrucciones.<br \/>\n-Imprimir en formato PDF el comprobante generado por el portal de pagos.<br \/>\n-Informar de tu pago en el bot\u00f3n \u201c<strong><a href=\"https:\/\/www.ucat.edu.ve\/pagos\/registro\/public\/\">Reporta tu pago<\/a><\/strong>\u201d ubicado en la p\u00e1gina web de la UCAT &#8211; www.ucat.edu.ve &#8211; Modalidad de pago: <strong>Portal de Pagos Mercantil. <\/strong>\u00a0Aseg\u00farate de introducir los datos de forma correcta, de ello depender\u00e1 la aplicaci\u00f3n autom\u00e1tica de tu pago.<\/p>\n<\/div>\n<div class=\"su-tabs-pane su-u-clearfix su-u-trim\" data-title=\"&lt;strong&gt;En divisas (efectivo) d\u00f3lares americanos o pesos colombianos \u2013 Caja UCAT.&lt;\/strong&gt;\">\n<p style=\"text-align: justify\">A partir del lunes 28 de marzo de 2022, si optas por pagar tu cuota mensual directamente en la Caja de la UCAT, en divisas en efectivo, deber\u00e1s pagar adicionalmente al valor de la cuota, un impuesto (IGTF) equivalente al 3% del monto del pago (Providencia SNAT\/2022\/000013 publicada en Gaceta Oficial 42.339). A efectos de facilitar el pago del impuesto (IGTF) este ser\u00e1 cobrado en bol\u00edvares mediante tarjeta de d\u00e9bito, tarjeta de cr\u00e9dito o Pago M\u00f3vil.<\/p>\n<p style=\"text-align: justify\">Pago por taquilla: Para realizar el pago de tus cuotas mensuales en d\u00f3lares americanos (USD) o pesos colombianos (COP) debes prestar atenci\u00f3n a la siguiente informaci\u00f3n:<\/p>\n<p style=\"text-align: justify\">\u2022 Ingresa a la p\u00e1gina Web de la UCAT &#8211; www.ucat.edu.ve &#8211; ubica el bot\u00f3n \u201c<strong><a href=\"https:\/\/www.ucat.edu.ve\/pagos\/registro\/public\/consulta-tu-saldo\">Consulta tu saldo<\/a><\/strong>\u201d, ah\u00ed obtendr\u00e1s informaci\u00f3n del monto exacto a pagar por concepto de cuotas mensuales. Tambi\u00e9n puedes consultar tu saldo en tu celular, ingresando a <strong><a href=\"https:\/\/t.me\/ucat_info_bot\" target=\"_blank\" rel=\"noopener\">Telegram: @ucat_info_bot<\/a><\/strong><\/p>\n<p style=\"text-align: justify\">\u2022 Acude a la Caja de la UCAT ubicada en la sede Loma del Tejar (Barrio Obrero)<\/p>\n<p>\u2022 Puedes realizar tu pago en distintas unidades monetarias (bol\u00edvares, d\u00f3lares americanos y pesos colombianos).<\/p>\n<p>\u2022 Procura traer el monto exacto, no siempre se dispone de efectivo para dar vueltos.<\/p>\n<p>\u2022 Los pagos efectuados directamente en la Caja de la Universidad <strong>no deben<\/strong> ser notificados en el bot\u00f3n \u201c<strong>Reporta Tu Pago<\/strong>\u201d, son procesados de manera autom\u00e1tica. Sin embargo, debes revisar en la p\u00e1gina web de la UCAT &#8211; \u201c<strong><a href=\"https:\/\/www.ucat.edu.ve\/pagos\/registro\/public\/consulta-tu-saldo\">Consulta tu saldo<\/a><\/strong>\u201d o en <strong><a href=\"https:\/\/t.me\/ucat_info_bot\" target=\"_blank\" rel=\"noopener\">Telegram: @ucat_info_bot<\/a><\/strong>, que tu pago sea aplicado correctamente.<\/p>\n<p>\u2022 No se aceptan billetes deteriorados, rotos, rayados, ni sellados.<\/p>\n<\/div>\n<div class=\"su-tabs-pane su-u-clearfix su-u-trim\" data-title=\"&lt;strong&gt;Banco Mercantil &lt;\/strong&gt;&lt;strong&gt;Dep\u00f3sito por taquilla Banco Mercantil \u2013 efectivo en USD&lt;\/strong&gt;\">\n<p>Titular: Universidad Cat\u00f3lica del T\u00e1chira<br \/>\nRIF J 090112537<br \/>\nCuenta 0105 0063 0250 6301 9153<\/p>\n<p>\u2022 Dir\u00edgete a cualquier oficina del Banco Mercantil.<\/p>\n<p>\u2022 Llena todos los campos solicitados en la planilla tomando en cuenta las siguientes instrucciones:<br \/>\nEn el campo \u201cDepositante (Nombres y Apellidos y (o) Raz\u00f3n Social)\u201d: COLOQUE EL NOMBRE Y APELLIDO DEL ESTUDIANTE.<br \/>\nEn el campo \u201cNro. De C.I. o R.I.F. del Depositante\u201d: COLOQUE EL N\u00daMERO DE C\u00c9DULA DEL ESTUDIANTE.<br \/>\nEn el campo \u201cCausa o motivo del dep\u00f3sito\u201d coloque: Mensualidad.<br \/>\nEn el campo \u201cOrigen de los fondos\u201d: Debe indicar la procedencia de los fondos. Ejemplo: Sueldos, honorarios, Actividades comerciales.<br \/>\nEn el campo \u201cN\u00famero de Contrato y\/o Serial\u201d: Coloque el n\u00famero de c\u00e9dula del estudiante.<br \/>\nNota: La planilla consta de dos (2) partes. Una quedar\u00e1 en el Banco Mercantil (Original Banco) y la otra le ser\u00e1 devuelta con la respectiva validaci\u00f3n de la entidad bancaria (Copia Cliente).<\/p>\n<p>\u2022 Dir\u00edgete a la Caja de la UCAT y consigna la planilla de dep\u00f3sito bancario. Adicionalmente deber\u00e1 cancelar el impuesto (IGTF) equivalente al 3% del monto del pago en divisas (Providencia SNAT\/2022\/000013 publicada en Gaceta Oficial 42.339).<\/p>\n<\/div>\n<div class=\"su-tabs-pane su-u-clearfix su-u-trim\" data-title=\"&lt;strong&gt;Transferencia en divisas a una cuenta en el exterior&lt;\/strong&gt;\">\n<p>Solicita informaci\u00f3n directamente en la Administraci\u00f3n de la Universidad (sede Barrio Obrero al lado de Caja).<\/p>\n<\/div><\/div><\/div>\n","protected":false},"excerpt":{"rendered":"<p>Debes consultar tu saldo, pagar y reportar tu pago el mismo d\u00eda. Lee cuidadosamente las instrucciones. Puedes consultar tu saldo haciendo clic en el siguiente bot\u00f3n Consulta Tu Saldo<\/p>\n","protected":false},"author":1,"featured_media":0,"parent":0,"menu_order":0,"comment_status":"closed","ping_status":"closed","template":"fullwidth.php","meta":[],"yoast_head":"<!-- This site is optimized with the Yoast SEO plugin v19.2 - https:\/\/yoast.com\/wordpress\/plugins\/seo\/ -->\n<title>Medios de Pago - Universidad Cat\u00f3lica del T\u00e1chira<\/title>\n<meta name=\"robots\" content=\"index, follow, max-snippet:-1, max-image-preview:large, max-video-preview:-1\" \/>\n<link rel=\"canonical\" href=\"https:\/\/www.ucat.edu.ve\/web\/medios-de-pago-2\/\" \/>\n<meta property=\"og:locale\" content=\"es_ES\" \/>\n<meta property=\"og:type\" content=\"article\" \/>\n<meta property=\"og:title\" content=\"Medios de Pago - Universidad Cat\u00f3lica del T\u00e1chira\" \/>\n<meta property=\"og:description\" content=\"Debes consultar tu saldo, pagar y reportar tu pago el mismo d\u00eda. Lee cuidadosamente las instrucciones. Puedes consultar tu saldo haciendo clic en el siguiente bot\u00f3n Consulta Tu Saldo\" \/>\n<meta property=\"og:url\" content=\"https:\/\/www.ucat.edu.ve\/web\/medios-de-pago-2\/\" \/>\n<meta property=\"og:site_name\" content=\"Universidad Cat\u00f3lica del T\u00e1chira\" \/>\n<meta property=\"article:publisher\" content=\"https:\/\/www.facebook.com\/notiucat\/\" \/>\n<meta property=\"article:modified_time\" content=\"2024-07-01T16:28:16+00:00\" \/>\n<meta property=\"og:image\" content=\"https:\/\/www.ucat.edu.ve\/web\/wp-content\/uploads\/2021\/06\/forma-de-pago.png\" \/>\n<meta name=\"author\" content=\"Superadministrador\" \/>\n<meta name=\"twitter:card\" content=\"summary_large_image\" \/>\n<meta name=\"twitter:site\" content=\"@notiucat\" \/>\n<meta name=\"twitter:label1\" content=\"Est. reading time\" \/>\n\t<meta name=\"twitter:data1\" content=\"6 minutos\" \/>\n<script type=\"application\/ld+json\" class=\"yoast-schema-graph\">{\"@context\":\"https:\/\/schema.org\",\"@graph\":[{\"@type\":\"Organization\",\"@id\":\"https:\/\/www.ucat.edu.ve\/web\/#organization\",\"name\":\"Universidad Cat\u00f3lica Del T\u00e1chira UCAT\",\"url\":\"https:\/\/www.ucat.edu.ve\/web\/\",\"sameAs\":[\"https:\/\/www.instagram.com\/notiucat\/\",\"https:\/\/www.youtube.com\/channel\/UCwEbYSB1R9fzlII-8dcxuYA?view_as=subscriber\",\"https:\/\/www.facebook.com\/notiucat\/\",\"https:\/\/twitter.com\/notiucat\"],\"logo\":{\"@type\":\"ImageObject\",\"inLanguage\":\"es-ES\",\"@id\":\"https:\/\/www.ucat.edu.ve\/web\/#\/schema\/logo\/image\/\",\"url\":\"https:\/\/www.ucat.edu.ve\/web\/wp-content\/uploads\/2015\/07\/logoucat.gif\",\"contentUrl\":\"https:\/\/www.ucat.edu.ve\/web\/wp-content\/uploads\/2015\/07\/logoucat.gif\",\"width\":219,\"height\":155,\"caption\":\"Universidad Cat\u00f3lica Del T\u00e1chira UCAT\"},\"image\":{\"@id\":\"https:\/\/www.ucat.edu.ve\/web\/#\/schema\/logo\/image\/\"}},{\"@type\":\"WebSite\",\"@id\":\"https:\/\/www.ucat.edu.ve\/web\/#website\",\"url\":\"https:\/\/www.ucat.edu.ve\/web\/\",\"name\":\"Universidad Cat\u00f3lica del T\u00e1chira\",\"description\":\"\",\"publisher\":{\"@id\":\"https:\/\/www.ucat.edu.ve\/web\/#organization\"},\"potentialAction\":[{\"@type\":\"SearchAction\",\"target\":{\"@type\":\"EntryPoint\",\"urlTemplate\":\"https:\/\/www.ucat.edu.ve\/web\/?s={search_term_string}\"},\"query-input\":\"required name=search_term_string\"}],\"inLanguage\":\"es-ES\"},{\"@type\":\"ImageObject\",\"inLanguage\":\"es-ES\",\"@id\":\"https:\/\/www.ucat.edu.ve\/web\/medios-de-pago-2\/#primaryimage\",\"url\":\"https:\/\/www.ucat.edu.ve\/web\/wp-content\/uploads\/2021\/06\/forma-de-pago.png\",\"contentUrl\":\"https:\/\/www.ucat.edu.ve\/web\/wp-content\/uploads\/2021\/06\/forma-de-pago.png\",\"width\":300,\"height\":90},{\"@type\":\"WebPage\",\"@id\":\"https:\/\/www.ucat.edu.ve\/web\/medios-de-pago-2\/#webpage\",\"url\":\"https:\/\/www.ucat.edu.ve\/web\/medios-de-pago-2\/\",\"name\":\"Medios de Pago - Universidad Cat\u00f3lica del T\u00e1chira\",\"isPartOf\":{\"@id\":\"https:\/\/www.ucat.edu.ve\/web\/#website\"},\"primaryImageOfPage\":{\"@id\":\"https:\/\/www.ucat.edu.ve\/web\/medios-de-pago-2\/#primaryimage\"},\"datePublished\":\"2022-01-04T18:38:02+00:00\",\"dateModified\":\"2024-07-01T16:28:16+00:00\",\"breadcrumb\":{\"@id\":\"https:\/\/www.ucat.edu.ve\/web\/medios-de-pago-2\/#breadcrumb\"},\"inLanguage\":\"es-ES\",\"potentialAction\":[{\"@type\":\"ReadAction\",\"target\":[\"https:\/\/www.ucat.edu.ve\/web\/medios-de-pago-2\/\"]}]},{\"@type\":\"BreadcrumbList\",\"@id\":\"https:\/\/www.ucat.edu.ve\/web\/medios-de-pago-2\/#breadcrumb\",\"itemListElement\":[{\"@type\":\"ListItem\",\"position\":1,\"name\":\"Home\",\"item\":\"https:\/\/www.ucat.edu.ve\/web\/\"},{\"@type\":\"ListItem\",\"position\":2,\"name\":\"Medios de Pago\"}]}]}<\/script>\n<!-- \/ Yoast SEO plugin. -->","yoast_head_json":{"title":"Medios de Pago - Universidad Cat\u00f3lica del T\u00e1chira","robots":{"index":"index","follow":"follow","max-snippet":"max-snippet:-1","max-image-preview":"max-image-preview:large","max-video-preview":"max-video-preview:-1"},"canonical":"https:\/\/www.ucat.edu.ve\/web\/medios-de-pago-2\/","og_locale":"es_ES","og_type":"article","og_title":"Medios de Pago - Universidad Cat\u00f3lica del T\u00e1chira","og_description":"Debes consultar tu saldo, pagar y reportar tu pago el mismo d\u00eda. Lee cuidadosamente las instrucciones. Puedes consultar tu saldo haciendo clic en el siguiente bot\u00f3n Consulta Tu Saldo","og_url":"https:\/\/www.ucat.edu.ve\/web\/medios-de-pago-2\/","og_site_name":"Universidad Cat\u00f3lica del T\u00e1chira","article_publisher":"https:\/\/www.facebook.com\/notiucat\/","article_modified_time":"2024-07-01T16:28:16+00:00","og_image":[{"url":"https:\/\/www.ucat.edu.ve\/web\/wp-content\/uploads\/2021\/06\/forma-de-pago.png"}],"author":"Superadministrador","twitter_card":"summary_large_image","twitter_site":"@notiucat","twitter_misc":{"Est. reading time":"6 minutos"},"schema":{"@context":"https:\/\/schema.org","@graph":[{"@type":"Organization","@id":"https:\/\/www.ucat.edu.ve\/web\/#organization","name":"Universidad Cat\u00f3lica Del T\u00e1chira UCAT","url":"https:\/\/www.ucat.edu.ve\/web\/","sameAs":["https:\/\/www.instagram.com\/notiucat\/","https:\/\/www.youtube.com\/channel\/UCwEbYSB1R9fzlII-8dcxuYA?view_as=subscriber","https:\/\/www.facebook.com\/notiucat\/","https:\/\/twitter.com\/notiucat"],"logo":{"@type":"ImageObject","inLanguage":"es-ES","@id":"https:\/\/www.ucat.edu.ve\/web\/#\/schema\/logo\/image\/","url":"https:\/\/www.ucat.edu.ve\/web\/wp-content\/uploads\/2015\/07\/logoucat.gif","contentUrl":"https:\/\/www.ucat.edu.ve\/web\/wp-content\/uploads\/2015\/07\/logoucat.gif","width":219,"height":155,"caption":"Universidad Cat\u00f3lica Del T\u00e1chira UCAT"},"image":{"@id":"https:\/\/www.ucat.edu.ve\/web\/#\/schema\/logo\/image\/"}},{"@type":"WebSite","@id":"https:\/\/www.ucat.edu.ve\/web\/#website","url":"https:\/\/www.ucat.edu.ve\/web\/","name":"Universidad Cat\u00f3lica del T\u00e1chira","description":"","publisher":{"@id":"https:\/\/www.ucat.edu.ve\/web\/#organization"},"potentialAction":[{"@type":"SearchAction","target":{"@type":"EntryPoint","urlTemplate":"https:\/\/www.ucat.edu.ve\/web\/?s={search_term_string}"},"query-input":"required name=search_term_string"}],"inLanguage":"es-ES"},{"@type":"ImageObject","inLanguage":"es-ES","@id":"https:\/\/www.ucat.edu.ve\/web\/medios-de-pago-2\/#primaryimage","url":"https:\/\/www.ucat.edu.ve\/web\/wp-content\/uploads\/2021\/06\/forma-de-pago.png","contentUrl":"https:\/\/www.ucat.edu.ve\/web\/wp-content\/uploads\/2021\/06\/forma-de-pago.png","width":300,"height":90},{"@type":"WebPage","@id":"https:\/\/www.ucat.edu.ve\/web\/medios-de-pago-2\/#webpage","url":"https:\/\/www.ucat.edu.ve\/web\/medios-de-pago-2\/","name":"Medios de Pago - Universidad Cat\u00f3lica del T\u00e1chira","isPartOf":{"@id":"https:\/\/www.ucat.edu.ve\/web\/#website"},"primaryImageOfPage":{"@id":"https:\/\/www.ucat.edu.ve\/web\/medios-de-pago-2\/#primaryimage"},"datePublished":"2022-01-04T18:38:02+00:00","dateModified":"2024-07-01T16:28:16+00:00","breadcrumb":{"@id":"https:\/\/www.ucat.edu.ve\/web\/medios-de-pago-2\/#breadcrumb"},"inLanguage":"es-ES","potentialAction":[{"@type":"ReadAction","target":["https:\/\/www.ucat.edu.ve\/web\/medios-de-pago-2\/"]}]},{"@type":"BreadcrumbList","@id":"https:\/\/www.ucat.edu.ve\/web\/medios-de-pago-2\/#breadcrumb","itemListElement":[{"@type":"ListItem","position":1,"name":"Home","item":"https:\/\/www.ucat.edu.ve\/web\/"},{"@type":"ListItem","position":2,"name":"Medios de Pago"}]}]}},"_links":{"self":[{"href":"https:\/\/www.ucat.edu.ve\/web\/wp-json\/wp\/v2\/pages\/8543"}],"collection":[{"href":"https:\/\/www.ucat.edu.ve\/web\/wp-json\/wp\/v2\/pages"}],"about":[{"href":"https:\/\/www.ucat.edu.ve\/web\/wp-json\/wp\/v2\/types\/page"}],"author":[{"embeddable":true,"href":"https:\/\/www.ucat.edu.ve\/web\/wp-json\/wp\/v2\/users\/1"}],"replies":[{"embeddable":true,"href":"https:\/\/www.ucat.edu.ve\/web\/wp-json\/wp\/v2\/comments?post=8543"}],"version-history":[{"count":36,"href":"https:\/\/www.ucat.edu.ve\/web\/wp-json\/wp\/v2\/pages\/8543\/revisions"}],"predecessor-version":[{"id":12992,"href":"https:\/\/www.ucat.edu.ve\/web\/wp-json\/wp\/v2\/pages\/8543\/revisions\/12992"}],"wp:attachment":[{"href":"https:\/\/www.ucat.edu.ve\/web\/wp-json\/wp\/v2\/media?parent=8543"}],"curies":[{"name":"wp","href":"https:\/\/api.w.org\/{rel}","templated":true}]}}