 {"id":95,"date":"2015-07-16T16:27:24","date_gmt":"2015-07-16T16:27:24","guid":{"rendered":"http:\/\/190.202.129.93:7600\/ucat\/?page_id=95"},"modified":"2022-10-17T16:02:27","modified_gmt":"2022-10-17T16:02:27","slug":"secretaria-general","status":"publish","type":"page","link":"https:\/\/www.ucat.edu.ve\/web\/autoridades\/secretaria-general\/","title":{"rendered":"Secretar\u00eda General"},"content":{"rendered":"<p style=\"text-align: justify\">La Secretar\u00eda General de la Universidad Cat\u00f3lica del T\u00e1chira es la encargada de dirigir los proyectos de admisi\u00f3n, ingreso, control de estudios y egreso de los estudiantes, preservar el Archivo General, expedir y certificar los documentos emanados de la Universidad y ejercer la Secretar\u00eda del Consejo Universitario.<\/p>\n<div class=\"su-spacer\" style=\"height:30px\"><\/div>\n<p style=\"text-align: justify\"><img loading=\"lazy\" class=\"wp-image-9950 size-full alignleft\" src=\"https:\/\/www.ucat.edu.ve\/web\/wp-content\/uploads\/2022\/10\/Foto_Gerardo-Diaz.png\" alt=\"\" width=\"153\" height=\"153\" \/><\/p>\n<p>Abogado Especialista Jes\u00fas Gerardo D\u00edaz, Abogado por la Universidad Cat\u00f3lica del T\u00e1chira y Especialista en Derecho Administrativo por la misma universidad. Doctorando en Ciencias, menci\u00f3n Derecho, por la Universidad Central de Venezuela y en Ciencias de la Educaci\u00f3n por la Universidad Pedag\u00f3gica Experimental Libertador (Venezuela). Profesor Agregado en la Facultad de Ciencias Jur\u00eddicas y Pol\u00edticas.<\/p>\n<p><strong><div class=\"su-spacer\" style=\"height:10px\"><\/div><\/strong><\/p>\n<p><strong>Jes\u00fas Gerardo D\u00edaz<\/strong><br \/>\n<strong> Secretario General<\/strong><br \/>\n<strong> 2022-2026<\/strong><\/p>\n<div class=\"su-heading su-heading-style-default su-heading-align-center\" id=\"\" style=\"font-size:18px;margin-bottom:20px\"><div class=\"su-heading-inner\"><strong>Unidades Operativas Adscritas<\/strong><\/div><\/div>\n\n\n<div class=\"su-tabs su-tabs-style-default su-tabs-mobile-stack\" data-active=\"1\" data-scroll-offset=\"0\" data-anchor-in-url=\"no\"><div class=\"su-tabs-nav\"><span class=\"\" data-url=\"\" data-target=\"blank\" tabindex=\"0\" role=\"button\">Coordinaci\u00f3n de Admisi\u00f3n<\/span><span class=\"\" data-url=\"\" data-target=\"blank\" tabindex=\"0\" role=\"button\">Coordinaci\u00f3n de Control de Estudios<\/span><span class=\"\" data-url=\"\" data-target=\"blank\" tabindex=\"0\" role=\"button\">Coordinacion de Archivo y Grados<\/span><\/div><div class=\"su-tabs-panes\"><div class=\"su-tabs-pane su-u-clearfix su-u-trim\" data-title=\"Coordinaci\u00f3n de Admisi\u00f3n\">\n<p style=\"text-align: justify\">La Coordinaci\u00f3n de Admisi\u00f3n es la unidad operativa de la Secretar\u00eda General encargada de los procesos de promoci\u00f3n de los estudios que se imparten en la UCAT; del proceso de ingreso a la Universidad; de planificar, coordinar y ejecutar la log\u00edstica para la aplicaci\u00f3n de la prueba de selecci\u00f3n de la UCAT y de los procesos de preinscripciones e inscripciones de los estudiantes.<\/p>\n<\/div>\n<div class=\"su-tabs-pane su-u-clearfix su-u-trim\" data-title=\"Coordinaci\u00f3n de Control de Estudios\">\n<p style=\"text-align: justify\">La Coordinaci\u00f3n de Control de Estudios es la unidad operativa de la Secretar\u00eda General encargada de recibir, tramitar, ingresar, informar, verificar y emitir notas, certificaciones y constancias de cursantes y de egresados tanto de estudios de pregrado como de postgrado a trav\u00e9s de los siguientes documentos acad\u00e9micos:<\/p>\n<p>&#8211; Certificaci\u00f3n de notas.<br \/>\n&#8211; Certificaci\u00f3n de actas de grado.<br \/>\n&#8211; Certificaci\u00f3n de programas.<br \/>\n&#8211; Constancia de estudios.<br \/>\n&#8211; Constancia de buena conducta.<br \/>\n&#8211; Constancia de no sanciones disciplinarias.<br \/>\n&#8211; Constancia de promedio individual.<br \/>\n&#8211; Constancia de promedio individual (defecto t\u00e9cnico).<br \/>\n&#8211; Constancia de lugar de promoci\u00f3n.<br \/>\n&#8211; Constancia de culminaci\u00f3n de estudios.<br \/>\n&#8211; Constancia de horarios.<br \/>\n&#8211; Constancia de Inscripci\u00f3n.<br \/>\n&#8211; Constancias especiales.<br \/>\n&#8211; Reporte de notas (para informe o diploma de honor).<\/p>\n<\/div>\n<div class=\"su-tabs-pane su-u-clearfix su-u-trim\" data-title=\"Coordinacion de Archivo y Grados\">\n<p style=\"text-align: justify\">La Coordinaci\u00f3n de Archivo y Grados es la unidad operativa de la Secretar\u00eda General responsable del Archivo General de la Universidad Cat\u00f3lica del T\u00e1chira, el cual consta de:<\/p>\n<p style=\"text-align: justify\">Archivo Activo: conserva todos los expedientes, actas de notas, equivalencias, reconocimientos de estudio y documentos referentes a los ciudadanos que efectuaron tr\u00e1mites acad\u00e9micos de pregrado y postgrado en la UCABET (Universidad Cat\u00f3lica Andr\u00e9s Bello Extensi\u00f3n T\u00e1chira) y en la UCAT, desde 1962 hasta el presente.<\/p>\n<p style=\"text-align: justify\">Archivo Hist\u00f3rico: conserva los documentos fundacionales, actas del Consejo Universitario, libros de actas de Grado y de Postgrado, pensa y programas desde 1962 y cualquier otro documento institucional que determinen las autoridades universitarias. Se organiza cronol\u00f3gicamente y se clasifica por \u00e1reas tem\u00e1ticas.<\/p>\n<p style=\"text-align: justify\">Asimismo, la Coordinaci\u00f3n se encarga de asegurar el resguardo y acceso de toda documentaci\u00f3n que refleje la trayectoria de la Universidad, recuperando, seleccionando, procesando y almacenando informaci\u00f3n (en f\u00edsico y digital) sobre or\u00edgenes, crecimiento, transformaciones y consolidaci\u00f3n de la instituci\u00f3n; supervisar los procesos (digitalizaci\u00f3n, encuadernaci\u00f3n y restauraci\u00f3n) pertinentes a los documentos guardados en el Archivo General, con la finalidad de mantenerlos en buen estado f\u00edsico d\u00e1ndole una presentaci\u00f3n est\u00e9tica y funcional; recibir y remitir al Secretario las solicitudes que por escrito, puedan hacer los miembros ordinarios y especiales del personal docente y de investigaci\u00f3n, personal administrativo, empleado y obrero, estudiantes universitarios y\/o p\u00fablico en general, en la cual soliciten informaci\u00f3n del Archivo General de la Universidad.<\/p>\n<p style=\"text-align: justify\">En el \u00e1rea de Grados, se encarga de planificar, coordinar y ejecutar todo el proceso de grados profesionales y de postgrado de la UCAT.<\/p>\n<\/div><\/div><\/div>\n<p style=\"text-align: center\">\n","protected":false},"excerpt":{"rendered":"<p>La Secretar\u00eda General de la Universidad Cat\u00f3lica del T\u00e1chira es la encargada de dirigir los proyectos de admisi\u00f3n, ingreso, control de estudios y egreso de los estudiantes, preservar el Archivo General, expedir y certificar los documentos emanados de la Universidad y ejercer la Secretar\u00eda del Consejo Universitario. Abogado Especialista Jes\u00fas Gerardo D\u00edaz, Abogado por la<\/p>\n","protected":false},"author":1,"featured_media":0,"parent":86,"menu_order":0,"comment_status":"closed","ping_status":"closed","template":"fullwidth.php","meta":[],"yoast_head":"<!-- This site is optimized with the Yoast SEO plugin v19.2 - https:\/\/yoast.com\/wordpress\/plugins\/seo\/ -->\n<title>Secretar\u00eda General - Universidad Cat\u00f3lica del T\u00e1chira<\/title>\n<meta name=\"robots\" content=\"index, follow, max-snippet:-1, max-image-preview:large, max-video-preview:-1\" \/>\n<link rel=\"canonical\" href=\"https:\/\/www.ucat.edu.ve\/web\/autoridades\/secretaria-general\/\" \/>\n<meta property=\"og:locale\" content=\"es_ES\" \/>\n<meta property=\"og:type\" content=\"article\" \/>\n<meta property=\"og:title\" content=\"Secretar\u00eda General - Universidad Cat\u00f3lica del T\u00e1chira\" \/>\n<meta property=\"og:description\" content=\"La Secretar\u00eda General de la Universidad Cat\u00f3lica del T\u00e1chira es la encargada de dirigir los proyectos de admisi\u00f3n, ingreso, control de estudios y egreso de los estudiantes, preservar el Archivo General, expedir y certificar los documentos emanados de la Universidad y ejercer la Secretar\u00eda del Consejo Universitario. Abogado Especialista Jes\u00fas Gerardo D\u00edaz, Abogado por la\" \/>\n<meta property=\"og:url\" content=\"https:\/\/www.ucat.edu.ve\/web\/autoridades\/secretaria-general\/\" \/>\n<meta property=\"og:site_name\" content=\"Universidad Cat\u00f3lica del T\u00e1chira\" \/>\n<meta property=\"article:publisher\" content=\"https:\/\/www.facebook.com\/notiucat\/\" \/>\n<meta property=\"article:modified_time\" content=\"2022-10-17T16:02:27+00:00\" \/>\n<meta property=\"og:image\" content=\"https:\/\/www.ucat.edu.ve\/web\/wp-content\/uploads\/2022\/10\/Foto_Gerardo-Diaz.png\" \/>\n<meta name=\"author\" content=\"Superadministrador\" \/>\n<meta name=\"twitter:card\" content=\"summary_large_image\" \/>\n<meta name=\"twitter:site\" content=\"@notiucat\" \/>\n<meta name=\"twitter:label1\" content=\"Est. reading time\" \/>\n\t<meta name=\"twitter:data1\" content=\"3 minutos\" \/>\n<script type=\"application\/ld+json\" class=\"yoast-schema-graph\">{\"@context\":\"https:\/\/schema.org\",\"@graph\":[{\"@type\":\"Organization\",\"@id\":\"https:\/\/www.ucat.edu.ve\/web\/#organization\",\"name\":\"Universidad Cat\u00f3lica Del T\u00e1chira UCAT\",\"url\":\"https:\/\/www.ucat.edu.ve\/web\/\",\"sameAs\":[\"https:\/\/www.instagram.com\/notiucat\/\",\"https:\/\/www.youtube.com\/channel\/UCwEbYSB1R9fzlII-8dcxuYA?view_as=subscriber\",\"https:\/\/www.facebook.com\/notiucat\/\",\"https:\/\/twitter.com\/notiucat\"],\"logo\":{\"@type\":\"ImageObject\",\"inLanguage\":\"es-ES\",\"@id\":\"https:\/\/www.ucat.edu.ve\/web\/#\/schema\/logo\/image\/\",\"url\":\"https:\/\/www.ucat.edu.ve\/web\/wp-content\/uploads\/2015\/07\/logoucat.gif\",\"contentUrl\":\"https:\/\/www.ucat.edu.ve\/web\/wp-content\/uploads\/2015\/07\/logoucat.gif\",\"width\":219,\"height\":155,\"caption\":\"Universidad Cat\u00f3lica Del T\u00e1chira UCAT\"},\"image\":{\"@id\":\"https:\/\/www.ucat.edu.ve\/web\/#\/schema\/logo\/image\/\"}},{\"@type\":\"WebSite\",\"@id\":\"https:\/\/www.ucat.edu.ve\/web\/#website\",\"url\":\"https:\/\/www.ucat.edu.ve\/web\/\",\"name\":\"Universidad Cat\u00f3lica del T\u00e1chira\",\"description\":\"\",\"publisher\":{\"@id\":\"https:\/\/www.ucat.edu.ve\/web\/#organization\"},\"potentialAction\":[{\"@type\":\"SearchAction\",\"target\":{\"@type\":\"EntryPoint\",\"urlTemplate\":\"https:\/\/www.ucat.edu.ve\/web\/?s={search_term_string}\"},\"query-input\":\"required name=search_term_string\"}],\"inLanguage\":\"es-ES\"},{\"@type\":\"ImageObject\",\"inLanguage\":\"es-ES\",\"@id\":\"https:\/\/www.ucat.edu.ve\/web\/autoridades\/secretaria-general\/#primaryimage\",\"url\":\"https:\/\/www.ucat.edu.ve\/web\/wp-content\/uploads\/2022\/10\/Foto_Gerardo-Diaz.png\",\"contentUrl\":\"https:\/\/www.ucat.edu.ve\/web\/wp-content\/uploads\/2022\/10\/Foto_Gerardo-Diaz.png\",\"width\":153,\"height\":153},{\"@type\":\"WebPage\",\"@id\":\"https:\/\/www.ucat.edu.ve\/web\/autoridades\/secretaria-general\/#webpage\",\"url\":\"https:\/\/www.ucat.edu.ve\/web\/autoridades\/secretaria-general\/\",\"name\":\"Secretar\u00eda General - Universidad Cat\u00f3lica del T\u00e1chira\",\"isPartOf\":{\"@id\":\"https:\/\/www.ucat.edu.ve\/web\/#website\"},\"primaryImageOfPage\":{\"@id\":\"https:\/\/www.ucat.edu.ve\/web\/autoridades\/secretaria-general\/#primaryimage\"},\"datePublished\":\"2015-07-16T16:27:24+00:00\",\"dateModified\":\"2022-10-17T16:02:27+00:00\",\"breadcrumb\":{\"@id\":\"https:\/\/www.ucat.edu.ve\/web\/autoridades\/secretaria-general\/#breadcrumb\"},\"inLanguage\":\"es-ES\",\"potentialAction\":[{\"@type\":\"ReadAction\",\"target\":[\"https:\/\/www.ucat.edu.ve\/web\/autoridades\/secretaria-general\/\"]}]},{\"@type\":\"BreadcrumbList\",\"@id\":\"https:\/\/www.ucat.edu.ve\/web\/autoridades\/secretaria-general\/#breadcrumb\",\"itemListElement\":[{\"@type\":\"ListItem\",\"position\":1,\"name\":\"Home\",\"item\":\"https:\/\/www.ucat.edu.ve\/web\/\"},{\"@type\":\"ListItem\",\"position\":2,\"name\":\"Autoridades\",\"item\":\"https:\/\/www.ucat.edu.ve\/web\/autoridades\/\"},{\"@type\":\"ListItem\",\"position\":3,\"name\":\"Secretar\u00eda General\"}]}]}<\/script>\n<!-- \/ Yoast SEO plugin. -->","yoast_head_json":{"title":"Secretar\u00eda General - Universidad Cat\u00f3lica del T\u00e1chira","robots":{"index":"index","follow":"follow","max-snippet":"max-snippet:-1","max-image-preview":"max-image-preview:large","max-video-preview":"max-video-preview:-1"},"canonical":"https:\/\/www.ucat.edu.ve\/web\/autoridades\/secretaria-general\/","og_locale":"es_ES","og_type":"article","og_title":"Secretar\u00eda General - Universidad Cat\u00f3lica del T\u00e1chira","og_description":"La Secretar\u00eda General de la Universidad Cat\u00f3lica del T\u00e1chira es la encargada de dirigir los proyectos de admisi\u00f3n, ingreso, control de estudios y egreso de los estudiantes, preservar el Archivo General, expedir y certificar los documentos emanados de la Universidad y ejercer la Secretar\u00eda del Consejo Universitario. Abogado Especialista Jes\u00fas Gerardo D\u00edaz, Abogado por la","og_url":"https:\/\/www.ucat.edu.ve\/web\/autoridades\/secretaria-general\/","og_site_name":"Universidad Cat\u00f3lica del T\u00e1chira","article_publisher":"https:\/\/www.facebook.com\/notiucat\/","article_modified_time":"2022-10-17T16:02:27+00:00","og_image":[{"url":"https:\/\/www.ucat.edu.ve\/web\/wp-content\/uploads\/2022\/10\/Foto_Gerardo-Diaz.png"}],"author":"Superadministrador","twitter_card":"summary_large_image","twitter_site":"@notiucat","twitter_misc":{"Est. reading time":"3 minutos"},"schema":{"@context":"https:\/\/schema.org","@graph":[{"@type":"Organization","@id":"https:\/\/www.ucat.edu.ve\/web\/#organization","name":"Universidad Cat\u00f3lica Del T\u00e1chira UCAT","url":"https:\/\/www.ucat.edu.ve\/web\/","sameAs":["https:\/\/www.instagram.com\/notiucat\/","https:\/\/www.youtube.com\/channel\/UCwEbYSB1R9fzlII-8dcxuYA?view_as=subscriber","https:\/\/www.facebook.com\/notiucat\/","https:\/\/twitter.com\/notiucat"],"logo":{"@type":"ImageObject","inLanguage":"es-ES","@id":"https:\/\/www.ucat.edu.ve\/web\/#\/schema\/logo\/image\/","url":"https:\/\/www.ucat.edu.ve\/web\/wp-content\/uploads\/2015\/07\/logoucat.gif","contentUrl":"https:\/\/www.ucat.edu.ve\/web\/wp-content\/uploads\/2015\/07\/logoucat.gif","width":219,"height":155,"caption":"Universidad Cat\u00f3lica Del T\u00e1chira UCAT"},"image":{"@id":"https:\/\/www.ucat.edu.ve\/web\/#\/schema\/logo\/image\/"}},{"@type":"WebSite","@id":"https:\/\/www.ucat.edu.ve\/web\/#website","url":"https:\/\/www.ucat.edu.ve\/web\/","name":"Universidad Cat\u00f3lica del T\u00e1chira","description":"","publisher":{"@id":"https:\/\/www.ucat.edu.ve\/web\/#organization"},"potentialAction":[{"@type":"SearchAction","target":{"@type":"EntryPoint","urlTemplate":"https:\/\/www.ucat.edu.ve\/web\/?s={search_term_string}"},"query-input":"required name=search_term_string"}],"inLanguage":"es-ES"},{"@type":"ImageObject","inLanguage":"es-ES","@id":"https:\/\/www.ucat.edu.ve\/web\/autoridades\/secretaria-general\/#primaryimage","url":"https:\/\/www.ucat.edu.ve\/web\/wp-content\/uploads\/2022\/10\/Foto_Gerardo-Diaz.png","contentUrl":"https:\/\/www.ucat.edu.ve\/web\/wp-content\/uploads\/2022\/10\/Foto_Gerardo-Diaz.png","width":153,"height":153},{"@type":"WebPage","@id":"https:\/\/www.ucat.edu.ve\/web\/autoridades\/secretaria-general\/#webpage","url":"https:\/\/www.ucat.edu.ve\/web\/autoridades\/secretaria-general\/","name":"Secretar\u00eda General - Universidad Cat\u00f3lica del T\u00e1chira","isPartOf":{"@id":"https:\/\/www.ucat.edu.ve\/web\/#website"},"primaryImageOfPage":{"@id":"https:\/\/www.ucat.edu.ve\/web\/autoridades\/secretaria-general\/#primaryimage"},"datePublished":"2015-07-16T16:27:24+00:00","dateModified":"2022-10-17T16:02:27+00:00","breadcrumb":{"@id":"https:\/\/www.ucat.edu.ve\/web\/autoridades\/secretaria-general\/#breadcrumb"},"inLanguage":"es-ES","potentialAction":[{"@type":"ReadAction","target":["https:\/\/www.ucat.edu.ve\/web\/autoridades\/secretaria-general\/"]}]},{"@type":"BreadcrumbList","@id":"https:\/\/www.ucat.edu.ve\/web\/autoridades\/secretaria-general\/#breadcrumb","itemListElement":[{"@type":"ListItem","position":1,"name":"Home","item":"https:\/\/www.ucat.edu.ve\/web\/"},{"@type":"ListItem","position":2,"name":"Autoridades","item":"https:\/\/www.ucat.edu.ve\/web\/autoridades\/"},{"@type":"ListItem","position":3,"name":"Secretar\u00eda General"}]}]}},"_links":{"self":[{"href":"https:\/\/www.ucat.edu.ve\/web\/wp-json\/wp\/v2\/pages\/95"}],"collection":[{"href":"https:\/\/www.ucat.edu.ve\/web\/wp-json\/wp\/v2\/pages"}],"about":[{"href":"https:\/\/www.ucat.edu.ve\/web\/wp-json\/wp\/v2\/types\/page"}],"author":[{"embeddable":true,"href":"https:\/\/www.ucat.edu.ve\/web\/wp-json\/wp\/v2\/users\/1"}],"replies":[{"embeddable":true,"href":"https:\/\/www.ucat.edu.ve\/web\/wp-json\/wp\/v2\/comments?post=95"}],"version-history":[{"count":22,"href":"https:\/\/www.ucat.edu.ve\/web\/wp-json\/wp\/v2\/pages\/95\/revisions"}],"predecessor-version":[{"id":11644,"href":"https:\/\/www.ucat.edu.ve\/web\/wp-json\/wp\/v2\/pages\/95\/revisions\/11644"}],"up":[{"embeddable":true,"href":"https:\/\/www.ucat.edu.ve\/web\/wp-json\/wp\/v2\/pages\/86"}],"wp:attachment":[{"href":"https:\/\/www.ucat.edu.ve\/web\/wp-json\/wp\/v2\/media?parent=95"}],"curies":[{"name":"wp","href":"https:\/\/api.w.org\/{rel}","templated":true}]}}